{"id":1812,"date":"2020-07-01T14:20:15","date_gmt":"2020-07-01T14:20:15","guid":{"rendered":"https:\/\/matrix-works.eu\/?page_id=1812"},"modified":"2020-08-03T12:11:05","modified_gmt":"2020-08-03T12:11:05","slug":"projektoruberblendung","status":"publish","type":"page","link":"https:\/\/matrix-works.eu\/de\/projector-blending\/","title":{"rendered":"Projektor\u00fcberblendung"},"content":{"rendered":"<div data-elementor-type=\"wp-page\" data-elementor-id=\"1812\" class=\"elementor elementor-1812\" data-elementor-post-type=\"page\">\n\t\t\t\t\t\t<section class=\"elementor-section elementor-top-section elementor-element elementor-element-19ff1a9 elementor-section-boxed elementor-section-height-default elementor-section-height-default\" data-id=\"19ff1a9\" data-element_type=\"section\" data-e-type=\"section\">\n\t\t\t\t\t\t<div class=\"elementor-container elementor-column-gap-default\">\n\t\t\t\t\t<div class=\"elementor-column elementor-col-100 elementor-top-column elementor-element elementor-element-42450b4\" data-id=\"42450b4\" data-element_type=\"column\" data-e-type=\"column\">\n\t\t\t<div class=\"elementor-widget-wrap elementor-element-populated\">\n\t\t\t\t\t\t<div class=\"elementor-element elementor-element-59ba58c elementor-widget elementor-widget-heading\" data-id=\"59ba58c\" data-element_type=\"widget\" data-e-type=\"widget\" data-widget_type=\"heading.default\">\n\t\t\t\t<div class=\"elementor-widget-container\">\n\t\t\t\t\t<h1 class=\"elementor-heading-title elementor-size-default\">Projektor-Blending, Edge-Blending-Projektoren<\/h1>\t\t\t\t<\/div>\n\t\t\t\t<\/div>\n\t\t\t\t\t<\/div>\n\t\t<\/div>\n\t\t\t\t\t<\/div>\n\t\t<\/section>\n\t\t\t\t<section class=\"elementor-section elementor-top-section elementor-element elementor-element-c06c773 elementor-section-boxed elementor-section-height-default elementor-section-height-default\" data-id=\"c06c773\" data-element_type=\"section\" data-e-type=\"section\">\n\t\t\t\t\t\t<div class=\"elementor-container elementor-column-gap-default\">\n\t\t\t\t\t<div class=\"elementor-column elementor-col-100 elementor-top-column elementor-element elementor-element-0606dbb\" data-id=\"0606dbb\" data-element_type=\"column\" data-e-type=\"column\">\n\t\t\t<div class=\"elementor-widget-wrap elementor-element-populated\">\n\t\t\t\t\t\t<div class=\"elementor-element elementor-element-1eb97e3 elementor-widget elementor-widget-text-editor\" data-id=\"1eb97e3\" data-element_type=\"widget\" data-e-type=\"widget\" data-widget_type=\"text-editor.default\">\n\t\t\t\t<div class=\"elementor-widget-container\">\n\t\t\t\t\t\t\t\t\t<p>Das Erzeugen eines gr\u00f6\u00dferen Bildes durch Edge-Blending mit mehreren Projektoren wird auch als Projector-Blending bezeichnet. Die Kombination mehrerer Projektoren und deren Aneinanderreihung ergibt ein gr\u00f6\u00dferes Bild oder eines mit h\u00f6herer Aufl\u00f6sung. Dieses Verfahren wird h\u00e4ufig in gro\u00dfen R\u00e4umen wie Museen und Galerien eingesetzt und eignet sich am besten, wenn die Besucher nicht bemerken, dass mehrere Projektoren verwendet wurden. Mit der \u00dcberblendung von Projektoren k\u00f6nnen Sie wundersch\u00f6ne, pr\u00e4chtige Darstellungen schaffen, die Ihren Raum v\u00f6llig aufwerten werden.<\/p>\t\t\t\t\t\t\t\t<\/div>\n\t\t\t\t<\/div>\n\t\t\t\t<div class=\"elementor-element elementor-element-af04d9b elementor-widget elementor-widget-heading\" data-id=\"af04d9b\" data-element_type=\"widget\" data-e-type=\"widget\" data-widget_type=\"heading.default\">\n\t\t\t\t<div class=\"elementor-widget-container\">\n\t\t\t\t\t<h2 class=\"elementor-heading-title elementor-size-default\">Was ist das und wozu dient es?<\/h2>\t\t\t\t<\/div>\n\t\t\t\t<\/div>\n\t\t\t\t<div class=\"elementor-element elementor-element-6c53d1b elementor-widget elementor-widget-text-editor\" data-id=\"6c53d1b\" data-element_type=\"widget\" data-e-type=\"widget\" data-widget_type=\"text-editor.default\">\n\t\t\t\t<div class=\"elementor-widget-container\">\n\t\t\t\t\t\t\t\t\t<p>Es wird auch als Edge Blending bezeichnet. Dabei werden die Kanten eines Bildes \u00fcberlagert, um ein helleres, h\u00f6her aufgel\u00f6stes und gr\u00f6\u00dferes Bild zu erzeugen, das von mehreren Projektoren projiziert wird. Wenn ein Bild mit mehreren Projektoren angezeigt wird, \u00fcberlappt ein Teil des Bildes. Sie k\u00f6nnen diese \u00dcberlappung gr\u00f6\u00dfer oder kleiner machen, je nachdem, was Ihnen am besten passt.\u00a0\u00a0<\/p><ul><li>Wenn es keine \u00dcberlappung gibt, wird eine d\u00fcnne Linie zwischen den Anzeigen angezeigt. Diese kann je nach Ihren Einstellungen entweder wei\u00df oder schwarz sein. Die Linie kann sehr d\u00fcnn sein, ist aber h\u00f6chstwahrscheinlich f\u00fcr das menschliche Auge immer noch sehr deutlich zu erkennen.\u00a0\u00a0<\/li><li>Wenn sich Ihre Projektoren \u00fcberlagern, stimmen die Helligkeitsstufen nicht sofort \u00fcberein. Mit der Edge-Blending-Funktion k\u00f6nnen Sie die Helligkeit an bestimmten Stellen der Anzeige \u00e4ndern. Sie k\u00f6nnen die Helligkeit in den sich \u00fcberlappenden Bereichen verringern, so dass die kombinierte Helligkeit der beiden Projektoren das Bild nahtlos erscheinen l\u00e4sst. Die Verwendung mehrerer Projektoren auf diese Weise kann schwierig sein, und es besteht die M\u00f6glichkeit, dass Sie die \u00dcberlappung immer sehen, aber dank der heutigen fortschrittlichen Technologie ist es einfacher denn je, eine nahtlose Anzeige mit mehreren Projektoren zu erzielen.<\/li><\/ul><p>Ziel ist es, Ihr Publikum glauben zu lassen, dass alles mit einem einzigen Beamer projiziert wird. Edge-Blending-Projektoren sind sehr einfach zu bedienen und bieten eine gro\u00dfe vertikale oder horizontale Anzeige, aber Sie brauchen keine\u00a0<a href=\"https:\/\/matrix-works.eu\/edge-blending-2\/\"><strong>Edge-Blending-Beamer<\/strong>\u00a0<\/a>f\u00fcr diesen Zweck; das Ausrichten von Beamern und die Verwendung von Add-ons f\u00fcr die Kanten\u00fcberblendung funktionieren hervorragend.<\/p><p>Dies ist ideal f\u00fcr Pr\u00e4sentationen und Kunstausstellungen, und Sie k\u00f6nnen einige sch\u00f6ne Bilder von Ausstellungen auf unserer\u00a0<a href=\"https:\/\/twitter.com\/MatrixWorksEU\"><strong>twitter<\/strong><\/a> f\u00fcttern. Wenn Sie weitere Fragen haben, k\u00f6nnen Sie uns jederzeit eine Nachricht \u00fcber unsere Website schicken oder unseren Online-Assistenten nutzen, der Ihnen hilft, die perfekten Produkte f\u00fcr Ihr Projekt zu finden. Projektor-Blending erzeugt gro\u00dfe, sch\u00f6ne Bilder und gibt Ihnen viel Freiheit bei der Gr\u00f6\u00dfe und Form Ihres Displays.\u00a0<\/p>\t\t\t\t\t\t\t\t<\/div>\n\t\t\t\t<\/div>\n\t\t\t\t<div class=\"elementor-element elementor-element-a9f9fc7 elementor-widget elementor-widget-heading\" data-id=\"a9f9fc7\" data-element_type=\"widget\" data-e-type=\"widget\" data-widget_type=\"heading.default\">\n\t\t\t\t<div class=\"elementor-widget-container\">\n\t\t\t\t\t<h2 class=\"elementor-heading-title elementor-size-default\">Unsere Produkte<\/h2>\t\t\t\t<\/div>\n\t\t\t\t<\/div>\n\t\t\t\t<div class=\"elementor-element elementor-element-78e1061 elementor-widget elementor-widget-text-editor\" data-id=\"78e1061\" data-element_type=\"widget\" data-e-type=\"widget\" data-widget_type=\"text-editor.default\">\n\t\t\t\t<div class=\"elementor-widget-container\">\n\t\t\t\t\t\t\t\t\t<p><span data-contrast=\"auto\">Wir verkaufen GeoBox Edge-Blending-Prozessoren, die als eigenst\u00e4ndige All-in-One-Boxen jede Art von Projektor zum Edge-Blending-Projektor machen.<\/span><span data-contrast=\"auto\">.\u00a0 \u00a0<\/span><span data-contrast=\"auto\">Wenn Sie sich fragen, welche Modelle\u00a0<\/span><span data-contrast=\"auto\">Sie ben\u00f6tigen, k\u00f6nnen Sie uns jederzeit kontaktieren<\/span><span data-contrast=\"auto\">und<\/span><span data-contrast=\"auto\">\u00a0uns<\/span><span data-contrast=\"auto\">Ihr<\/span><span data-contrast=\"auto\">\u00a0Projekt erkl\u00e4ren, damit wir Ihnen einen Rat geben k\u00f6nnen<\/span><span data-contrast=\"auto\">.<\/span><span data-contrast=\"auto\">\u00a0<\/span><span data-contrast=\"auto\">Falls Sie etwas kaufen m\u00f6chten, schauen Sie sich dann unsere\u00a0<a href=\"https:\/\/matrix-works.eu\/edge-blending-2\/\">Produktseite<\/a>\u00a0mit Edge-Blending-Controllern an<\/span><span data-contrast=\"auto\">.\u00a0<\/span><span data-contrast=\"auto\">Wenn Sie einige Beispiele sehen m\u00f6chten, was unsere Controller leisten k\u00f6nnen, und sich \u00fcber unsere<\/span><span data-contrast=\"auto\">r<\/span><span data-contrast=\"auto\">\u00a0Website folgen Sie uns auf\u00a0<\/span><a href=\"https:\/\/twitter.com\/MatrixWorksEU\">twitter\u00a0<\/a><span data-contrast=\"auto\">und\u00a0<a href=\"https:\/\/www.linkedin.com\/company\/matrixworks-b-v\/\">LinkedIn<\/a>.<\/span><span data-ccp-props=\"{\">\u00a0<\/span><\/p><p><span data-contrast=\"auto\">Wenn Sie weitere Fragen haben, k\u00f6nnen Sie uns jederzeit eine E-Mail schicken<\/span><span data-contrast=\"auto\">\u00a0\u00fcber\u00a0<\/span><a href=\"mailto:info@matrix-works.eu\">info@matrix-works.eu<\/a>\u00a0 .<span data-contrast=\"auto\">Wir helfen Ihnen gerne!\u00a0<\/span><\/p>\t\t\t\t\t\t\t\t<\/div>\n\t\t\t\t<\/div>\n\t\t\t\t\t<\/div>\n\t\t<\/div>\n\t\t\t\t\t<\/div>\n\t\t<\/section>\n\t\t\t\t<section class=\"elementor-section elementor-top-section elementor-element elementor-element-71e0edb elementor-section-boxed elementor-section-height-default elementor-section-height-default\" data-id=\"71e0edb\" data-element_type=\"section\" data-e-type=\"section\">\n\t\t\t\t\t\t<div class=\"elementor-container elementor-column-gap-default\">\n\t\t\t\t\t<div class=\"elementor-column elementor-col-100 elementor-top-column elementor-element elementor-element-ce6b1da\" data-id=\"ce6b1da\" data-element_type=\"column\" data-e-type=\"column\">\n\t\t\t<div class=\"elementor-widget-wrap elementor-element-populated\">\n\t\t\t\t\t\t<div class=\"elementor-element elementor-element-a2c2c24 elementor-widget elementor-widget-image\" data-id=\"a2c2c24\" data-element_type=\"widget\" data-e-type=\"widget\" data-widget_type=\"image.default\">\n\t\t\t\t<div class=\"elementor-widget-container\">\n\t\t\t\t\t\t\t\t\t\t\t\t\t\t\t<img decoding=\"async\" src=\"https:\/\/matrix-works.eu\/wp-content\/uploads\/2018\/10\/Voorbeeld3.jpg\" title=\"\" alt=\"\" loading=\"lazy\" \/>\t\t\t\t\t\t\t\t\t\t\t\t\t\t\t<\/div>\n\t\t\t\t<\/div>\n\t\t\t\t\t<\/div>\n\t\t<\/div>\n\t\t\t\t\t<\/div>\n\t\t<\/section>\n\t\t\t\t<\/div>","protected":false},"excerpt":{"rendered":"<p>Projector blending, edge blending projectors Creating a bigger image using edge blending with multiple projectors can also be\u00a0called\u00a0projector blending. Combining multiple projectors and lining them up will result in a bigger image or one with a higher resolution. This is often used in big spaces such as museums and gallery halls and is best executed [&hellip;]<\/p>\n","protected":false},"author":2,"featured_media":0,"parent":0,"menu_order":0,"comment_status":"closed","ping_status":"closed","template":"","meta":{"ocean_post_layout":"full-width","ocean_both_sidebars_style":"","ocean_both_sidebars_content_width":0,"ocean_both_sidebars_sidebars_width":0,"ocean_sidebar":"0","ocean_second_sidebar":"0","ocean_disable_margins":"enable","ocean_add_body_class":"","ocean_shortcode_before_top_bar":"","ocean_shortcode_after_top_bar":"","ocean_shortcode_before_header":"","ocean_shortcode_after_header":"","ocean_has_shortcode":"","ocean_shortcode_after_title":"","ocean_shortcode_before_footer_widgets":"","ocean_shortcode_after_footer_widgets":"","ocean_shortcode_before_footer_bottom":"","ocean_shortcode_after_footer_bottom":"","ocean_display_top_bar":"default","ocean_display_header":"default","ocean_header_style":"","ocean_center_header_left_menu":"0","ocean_custom_header_template":"0","ocean_custom_logo":0,"ocean_custom_retina_logo":0,"ocean_custom_logo_max_width":0,"ocean_custom_logo_tablet_max_width":0,"ocean_custom_logo_mobile_max_width":0,"ocean_custom_logo_max_height":0,"ocean_custom_logo_tablet_max_height":0,"ocean_custom_logo_mobile_max_height":0,"ocean_header_custom_menu":"0","ocean_menu_typo_font_family":"0","ocean_menu_typo_font_subset":"","ocean_menu_typo_font_size":0,"ocean_menu_typo_font_size_tablet":0,"ocean_menu_typo_font_size_mobile":0,"ocean_menu_typo_font_size_unit":"px","ocean_menu_typo_font_weight":"","ocean_menu_typo_font_weight_tablet":"","ocean_menu_typo_font_weight_mobile":"","ocean_menu_typo_transform":"","ocean_menu_typo_transform_tablet":"","ocean_menu_typo_transform_mobile":"","ocean_menu_typo_line_height":0,"ocean_menu_typo_line_height_tablet":0,"ocean_menu_typo_line_height_mobile":0,"ocean_menu_typo_line_height_unit":"","ocean_menu_typo_spacing":0,"ocean_menu_typo_spacing_tablet":0,"ocean_menu_typo_spacing_mobile":0,"ocean_menu_typo_spacing_unit":"","ocean_menu_link_color":"","ocean_menu_link_color_hover":"","ocean_menu_link_color_active":"","ocean_menu_link_background":"","ocean_menu_link_hover_background":"","ocean_menu_link_active_background":"","ocean_menu_social_links_bg":"","ocean_menu_social_hover_links_bg":"","ocean_menu_social_links_color":"","ocean_menu_social_hover_links_color":"","ocean_disable_title":"default","ocean_disable_heading":"default","ocean_post_title":"","ocean_post_subheading":"","ocean_post_title_style":"","ocean_post_title_background_color":"","ocean_post_title_background":0,"ocean_post_title_bg_image_position":"","ocean_post_title_bg_image_attachment":"","ocean_post_title_bg_image_repeat":"","ocean_post_title_bg_image_size":"","ocean_post_title_height":0,"ocean_post_title_bg_overlay":0.5,"ocean_post_title_bg_overlay_color":"","ocean_disable_breadcrumbs":"default","ocean_breadcrumbs_color":"","ocean_breadcrumbs_separator_color":"","ocean_breadcrumbs_links_color":"","ocean_breadcrumbs_links_hover_color":"","ocean_display_footer_widgets":"default","ocean_display_footer_bottom":"default","ocean_custom_footer_template":"0","footnotes":""},"class_list":["post-1812","page","type-page","status-publish","hentry","entry"],"yoast_head":"<!-- This site is optimized with the Yoast SEO Premium plugin v27.5 (Yoast SEO v27.5) - https:\/\/yoast.com\/product\/yoast-seo-premium-wordpress\/ -->\n<title>Projector blending - MatrixWorks Europe<\/title>\n<meta name=\"description\" content=\"Projector blending with multiple projectors is the process of overlapping the edges of an image to make a brighter and higher resolution.\" \/>\n<meta name=\"robots\" content=\"index, follow, max-snippet:-1, max-image-preview:large, max-video-preview:-1\" \/>\n<link rel=\"canonical\" href=\"https:\/\/matrix-works.eu\/de\/projektoruberblendung\/\" \/>\n<meta property=\"og:locale\" content=\"de_DE\" \/>\n<meta property=\"og:type\" content=\"article\" \/>\n<meta property=\"og:title\" content=\"Projector blending\" \/>\n<meta property=\"og:description\" content=\"Projector blending with multiple projectors is the process of overlapping the edges of an image to make a brighter and higher resolution.\" \/>\n<meta property=\"og:url\" content=\"https:\/\/matrix-works.eu\/de\/projektoruberblendung\/\" \/>\n<meta property=\"og:site_name\" content=\"MatrixWorks Europe\" \/>\n<meta property=\"article:modified_time\" content=\"2020-08-03T12:11:05+00:00\" \/>\n<meta property=\"og:image\" content=\"https:\/\/matrix-works.eu\/wp-content\/uploads\/2018\/10\/Voorbeeld3-1024x724.jpg\" \/>\n<meta name=\"twitter:card\" content=\"summary_large_image\" \/>\n<meta name=\"twitter:site\" content=\"@MatrixWorksEU\" \/>\n<meta name=\"twitter:label1\" content=\"Gesch\u00e4tzte Lesezeit\" \/>\n\t<meta name=\"twitter:data1\" content=\"3\u00a0Minuten\" \/>\n<script type=\"application\/ld+json\" class=\"yoast-schema-graph\">{\"@context\":\"https:\\\/\\\/schema.org\",\"@graph\":[{\"@type\":\"WebPage\",\"@id\":\"https:\\\/\\\/matrix-works.eu\\\/fr\\\/melange-de-projecteurs\\\/\",\"url\":\"https:\\\/\\\/matrix-works.eu\\\/fr\\\/melange-de-projecteurs\\\/\",\"name\":\"Projector blending - MatrixWorks Europe\",\"isPartOf\":{\"@id\":\"https:\\\/\\\/matrix-works.eu\\\/#website\"},\"primaryImageOfPage\":{\"@id\":\"https:\\\/\\\/matrix-works.eu\\\/fr\\\/melange-de-projecteurs\\\/#primaryimage\"},\"image\":{\"@id\":\"https:\\\/\\\/matrix-works.eu\\\/fr\\\/melange-de-projecteurs\\\/#primaryimage\"},\"thumbnailUrl\":\"https:\\\/\\\/matrix-works.eu\\\/wp-content\\\/uploads\\\/2018\\\/10\\\/Voorbeeld3-1024x724.jpg\",\"datePublished\":\"2020-07-01T14:20:15+00:00\",\"dateModified\":\"2020-08-03T12:11:05+00:00\",\"description\":\"Projector blending with multiple projectors is the process of overlapping the edges of an image to make a brighter and higher resolution.\",\"breadcrumb\":{\"@id\":\"https:\\\/\\\/matrix-works.eu\\\/fr\\\/melange-de-projecteurs\\\/#breadcrumb\"},\"inLanguage\":\"de\",\"potentialAction\":[{\"@type\":\"ReadAction\",\"target\":[\"https:\\\/\\\/matrix-works.eu\\\/fr\\\/melange-de-projecteurs\\\/\"]}]},{\"@type\":\"ImageObject\",\"inLanguage\":\"de\",\"@id\":\"https:\\\/\\\/matrix-works.eu\\\/fr\\\/melange-de-projecteurs\\\/#primaryimage\",\"url\":\"https:\\\/\\\/matrix-works.eu\\\/wp-content\\\/uploads\\\/2018\\\/10\\\/Voorbeeld3-1024x724.jpg\",\"contentUrl\":\"https:\\\/\\\/matrix-works.eu\\\/wp-content\\\/uploads\\\/2018\\\/10\\\/Voorbeeld3-1024x724.jpg\"},{\"@type\":\"BreadcrumbList\",\"@id\":\"https:\\\/\\\/matrix-works.eu\\\/fr\\\/melange-de-projecteurs\\\/#breadcrumb\",\"itemListElement\":[{\"@type\":\"ListItem\",\"position\":1,\"name\":\"Home\",\"item\":\"https:\\\/\\\/matrix-works.eu\\\/\"},{\"@type\":\"ListItem\",\"position\":2,\"name\":\"Projector blending\"}]},{\"@type\":\"WebSite\",\"@id\":\"https:\\\/\\\/matrix-works.eu\\\/#website\",\"url\":\"https:\\\/\\\/matrix-works.eu\\\/\",\"name\":\"MatrixWorks Europe\",\"description\":\"\",\"publisher\":{\"@id\":\"https:\\\/\\\/matrix-works.eu\\\/#organization\"},\"alternateName\":\"GeoBox in Europe\",\"potentialAction\":[{\"@type\":\"SearchAction\",\"target\":{\"@type\":\"EntryPoint\",\"urlTemplate\":\"https:\\\/\\\/matrix-works.eu\\\/?s={search_term_string}\"},\"query-input\":{\"@type\":\"PropertyValueSpecification\",\"valueRequired\":true,\"valueName\":\"search_term_string\"}}],\"inLanguage\":\"de\"},{\"@type\":\"Organization\",\"@id\":\"https:\\\/\\\/matrix-works.eu\\\/#organization\",\"name\":\"MatrixWorks Europe B.V.\",\"alternateName\":\"MatrixWorks\",\"url\":\"https:\\\/\\\/matrix-works.eu\\\/\",\"logo\":{\"@type\":\"ImageObject\",\"inLanguage\":\"de\",\"@id\":\"https:\\\/\\\/matrix-works.eu\\\/#\\\/schema\\\/logo\\\/image\\\/\",\"url\":\"https:\\\/\\\/matrix-works.eu\\\/wp-content\\\/uploads\\\/2018\\\/09\\\/MTXWorks_Logo-2.jpg\",\"contentUrl\":\"https:\\\/\\\/matrix-works.eu\\\/wp-content\\\/uploads\\\/2018\\\/09\\\/MTXWorks_Logo-2.jpg\",\"width\":681,\"height\":649,\"caption\":\"MatrixWorks Europe B.V.\"},\"image\":{\"@id\":\"https:\\\/\\\/matrix-works.eu\\\/#\\\/schema\\\/logo\\\/image\\\/\"},\"sameAs\":[\"https:\\\/\\\/x.com\\\/MatrixWorksEU\",\"https:\\\/\\\/www.linkedin.com\\\/company\\\/matrixworks-b-v\\\/\",\"https:\\\/\\\/www.youtube.com\\\/channel\\\/UCxunCnAsepOa59_myEXfCyA?view_as=subscriber\"],\"foundingDate\":\"2018-11-01\",\"vatID\":\"859250829B01\"}]}<\/script>\n<!-- \/ Yoast SEO Premium plugin. -->","yoast_head_json":{"title":"Projektor\u00fcberblendung - MatrixWorks Europe","description":"Beim Projektor-Blending mit mehreren Projektoren werden die Kanten eines Bildes \u00fcberlagert, um ein helleres und h\u00f6her aufgel\u00f6stes Bild zu erhalten.","robots":{"index":"index","follow":"follow","max-snippet":"max-snippet:-1","max-image-preview":"max-image-preview:large","max-video-preview":"max-video-preview:-1"},"canonical":"https:\/\/matrix-works.eu\/de\/projektoruberblendung\/","og_locale":"de_DE","og_type":"article","og_title":"Projector blending","og_description":"Projector blending with multiple projectors is the process of overlapping the edges of an image to make a brighter and higher resolution.","og_url":"https:\/\/matrix-works.eu\/de\/projektoruberblendung\/","og_site_name":"MatrixWorks Europe","article_modified_time":"2020-08-03T12:11:05+00:00","og_image":[{"url":"https:\/\/matrix-works.eu\/wp-content\/uploads\/2018\/10\/Voorbeeld3-1024x724.jpg","type":"","width":"","height":""}],"twitter_card":"summary_large_image","twitter_site":"@MatrixWorksEU","twitter_misc":{"Gesch\u00e4tzte Lesezeit":"3\u00a0Minuten"},"schema":{"@context":"https:\/\/schema.org","@graph":[{"@type":"WebPage","@id":"https:\/\/matrix-works.eu\/fr\/melange-de-projecteurs\/","url":"https:\/\/matrix-works.eu\/fr\/melange-de-projecteurs\/","name":"Projektor\u00fcberblendung - MatrixWorks Europe","isPartOf":{"@id":"https:\/\/matrix-works.eu\/#website"},"primaryImageOfPage":{"@id":"https:\/\/matrix-works.eu\/fr\/melange-de-projecteurs\/#primaryimage"},"image":{"@id":"https:\/\/matrix-works.eu\/fr\/melange-de-projecteurs\/#primaryimage"},"thumbnailUrl":"https:\/\/matrix-works.eu\/wp-content\/uploads\/2018\/10\/Voorbeeld3-1024x724.jpg","datePublished":"2020-07-01T14:20:15+00:00","dateModified":"2020-08-03T12:11:05+00:00","description":"Beim Projektor-Blending mit mehreren Projektoren werden die Kanten eines Bildes \u00fcberlagert, um ein helleres und h\u00f6her aufgel\u00f6stes Bild zu erhalten.","breadcrumb":{"@id":"https:\/\/matrix-works.eu\/fr\/melange-de-projecteurs\/#breadcrumb"},"inLanguage":"de","potentialAction":[{"@type":"ReadAction","target":["https:\/\/matrix-works.eu\/fr\/melange-de-projecteurs\/"]}]},{"@type":"ImageObject","inLanguage":"de","@id":"https:\/\/matrix-works.eu\/fr\/melange-de-projecteurs\/#primaryimage","url":"https:\/\/matrix-works.eu\/wp-content\/uploads\/2018\/10\/Voorbeeld3-1024x724.jpg","contentUrl":"https:\/\/matrix-works.eu\/wp-content\/uploads\/2018\/10\/Voorbeeld3-1024x724.jpg"},{"@type":"BreadcrumbList","@id":"https:\/\/matrix-works.eu\/fr\/melange-de-projecteurs\/#breadcrumb","itemListElement":[{"@type":"ListItem","position":1,"name":"Home","item":"https:\/\/matrix-works.eu\/"},{"@type":"ListItem","position":2,"name":"Projector blending"}]},{"@type":"WebSite","@id":"https:\/\/matrix-works.eu\/#website","url":"https:\/\/matrix-works.eu\/","name":"MatrixWorks Europa","description":"","publisher":{"@id":"https:\/\/matrix-works.eu\/#organization"},"alternateName":"GeoBox in Europe","potentialAction":[{"@type":"SearchAction","target":{"@type":"EntryPoint","urlTemplate":"https:\/\/matrix-works.eu\/?s={search_term_string}"},"query-input":{"@type":"PropertyValueSpecification","valueRequired":true,"valueName":"search_term_string"}}],"inLanguage":"de"},{"@type":"Organization","@id":"https:\/\/matrix-works.eu\/#organization","name":"MatrixWorks Europa B.V.","alternateName":"MatrixWorks","url":"https:\/\/matrix-works.eu\/","logo":{"@type":"ImageObject","inLanguage":"de","@id":"https:\/\/matrix-works.eu\/#\/schema\/logo\/image\/","url":"https:\/\/matrix-works.eu\/wp-content\/uploads\/2018\/09\/MTXWorks_Logo-2.jpg","contentUrl":"https:\/\/matrix-works.eu\/wp-content\/uploads\/2018\/09\/MTXWorks_Logo-2.jpg","width":681,"height":649,"caption":"MatrixWorks Europe B.V."},"image":{"@id":"https:\/\/matrix-works.eu\/#\/schema\/logo\/image\/"},"sameAs":["https:\/\/x.com\/MatrixWorksEU","https:\/\/www.linkedin.com\/company\/matrixworks-b-v\/","https:\/\/www.youtube.com\/channel\/UCxunCnAsepOa59_myEXfCyA?view_as=subscriber"],"foundingDate":"2018-11-01","vatID":"859250829B01"}]}},"_links":{"self":[{"href":"https:\/\/matrix-works.eu\/de\/wp-json\/wp\/v2\/pages\/1812","targetHints":{"allow":["GET"]}}],"collection":[{"href":"https:\/\/matrix-works.eu\/de\/wp-json\/wp\/v2\/pages"}],"about":[{"href":"https:\/\/matrix-works.eu\/de\/wp-json\/wp\/v2\/types\/page"}],"author":[{"embeddable":true,"href":"https:\/\/matrix-works.eu\/de\/wp-json\/wp\/v2\/users\/2"}],"replies":[{"embeddable":true,"href":"https:\/\/matrix-works.eu\/de\/wp-json\/wp\/v2\/comments?post=1812"}],"version-history":[{"count":11,"href":"https:\/\/matrix-works.eu\/de\/wp-json\/wp\/v2\/pages\/1812\/revisions"}],"predecessor-version":[{"id":2123,"href":"https:\/\/matrix-works.eu\/de\/wp-json\/wp\/v2\/pages\/1812\/revisions\/2123"}],"wp:attachment":[{"href":"https:\/\/matrix-works.eu\/de\/wp-json\/wp\/v2\/media?parent=1812"}],"curies":[{"name":"wp","href":"https:\/\/api.w.org\/{rel}","templated":true}]}}