{"id":1814,"date":"2020-07-01T14:20:49","date_gmt":"2020-07-01T14:20:49","guid":{"rendered":"https:\/\/matrix-works.eu\/?page_id=1814"},"modified":"2024-06-06T13:59:58","modified_gmt":"2024-06-06T13:59:58","slug":"edge-blending-zweier-projektoren","status":"publish","type":"page","link":"https:\/\/matrix-works.eu\/de\/edge-blending-two-projectors\/","title":{"rendered":"Kanten\u00fcberblendung (Edge Blending) zweier Beamer"},"content":{"rendered":"<div data-elementor-type=\"wp-page\" data-elementor-id=\"1814\" class=\"elementor elementor-1814\" data-elementor-post-type=\"page\">\n\t\t\t\t\t\t<section class=\"elementor-section elementor-top-section elementor-element elementor-element-084d7aa elementor-section-boxed elementor-section-height-default elementor-section-height-default\" data-id=\"084d7aa\" data-element_type=\"section\" data-e-type=\"section\">\n\t\t\t\t\t\t<div class=\"elementor-container elementor-column-gap-default\">\n\t\t\t\t\t<div class=\"elementor-column elementor-col-100 elementor-top-column elementor-element elementor-element-2d44150\" data-id=\"2d44150\" data-element_type=\"column\" data-e-type=\"column\">\n\t\t\t<div class=\"elementor-widget-wrap elementor-element-populated\">\n\t\t\t\t\t\t<div class=\"elementor-element elementor-element-4c68266 elementor-widget elementor-widget-heading\" data-id=\"4c68266\" data-element_type=\"widget\" data-e-type=\"widget\" data-widget_type=\"heading.default\">\n\t\t\t\t<div class=\"elementor-widget-container\">\n\t\t\t\t\t<h1 class=\"elementor-heading-title elementor-size-default\">Kombinieren von Bildern von zwei oder mehreren Projektoren <\/h1>\t\t\t\t<\/div>\n\t\t\t\t<\/div>\n\t\t\t\t\t<\/div>\n\t\t<\/div>\n\t\t\t\t\t<\/div>\n\t\t<\/section>\n\t\t\t\t<section class=\"elementor-section elementor-top-section elementor-element elementor-element-b9c976c elementor-section-boxed elementor-section-height-default elementor-section-height-default\" data-id=\"b9c976c\" data-element_type=\"section\" data-e-type=\"section\">\n\t\t\t\t\t\t<div class=\"elementor-container elementor-column-gap-default\">\n\t\t\t\t\t<div class=\"elementor-column elementor-col-100 elementor-top-column elementor-element elementor-element-99d8161\" data-id=\"99d8161\" data-element_type=\"column\" data-e-type=\"column\">\n\t\t\t<div class=\"elementor-widget-wrap elementor-element-populated\">\n\t\t\t\t\t\t<div class=\"elementor-element elementor-element-522ea1e elementor-widget elementor-widget-text-editor\" data-id=\"522ea1e\" data-element_type=\"widget\" data-e-type=\"widget\" data-widget_type=\"text-editor.default\">\n\t\t\t\t<div class=\"elementor-widget-container\">\n\t\t\t\t\t\t\t\t\t<p>Edge-Blending mit zwei Beamern bedeutet, dass die Bilder zweier Projektoren zu einem gro\u00dfen, nahtlosen Bild kombiniert werden. Wenn Sie zwei Beamer aneinanderreihen und dann die Helligkeit der \u00dcberlappung einstellen, k\u00f6nnen Sie ein gr\u00f6\u00dferes Bild erzeugen.\u00a0<\/p>\t\t\t\t\t\t\t\t<\/div>\n\t\t\t\t<\/div>\n\t\t\t\t<div class=\"elementor-element elementor-element-cc2f784 elementor-widget elementor-widget-heading\" data-id=\"cc2f784\" data-element_type=\"widget\" data-e-type=\"widget\" data-widget_type=\"heading.default\">\n\t\t\t\t<div class=\"elementor-widget-container\">\n\t\t\t\t\t<h2 class=\"elementor-heading-title elementor-size-default\">Funktionsweise und Anwendung<\/h2>\t\t\t\t<\/div>\n\t\t\t\t<\/div>\n\t\t\t\t<div class=\"elementor-element elementor-element-68e25d3 elementor-widget elementor-widget-text-editor\" data-id=\"68e25d3\" data-element_type=\"widget\" data-e-type=\"widget\" data-widget_type=\"text-editor.default\">\n\t\t\t\t<div class=\"elementor-widget-container\">\n\t\t\t\t\t\t\t\t\t<p>Bei der Kanten\u00fcberblendung (Edge-Blending) werden die Kanten eines Bildes \u00fcberlappt, um ein helleres, h\u00f6her aufgel\u00f6stes und gr\u00f6\u00dferes Bild zu erzeugen, das von zwei oder mehreren Projektoren projiziert wird. Wenn ein Bild mit mehreren Beamern angezeigt wird, \u00fcberlappt ein Teil des Bildes. Sie k\u00f6nnen diese \u00dcberlappung gr\u00f6\u00dfer oder kleiner machen, je nachdem, was Ihnen am besten passt.\u00a0\u00a0<\/p><ul><li>Wenn es keine \u00dcberlappung gibt, wird eine d\u00fcnne Linie zwischen den Anzeigen angezeigt. Diese kann je nach Ihren Einstellungen entweder wei\u00df oder schwarz sein. Die Linie kann sehr d\u00fcnn sein, ist aber h\u00f6chstwahrscheinlich f\u00fcr das menschliche Auge immer noch sehr deutlich zu erkennen.\u00a0\u00a0<\/li><li>Wenn sich Ihre Beamer \u00fcberlagern, stimmen die Helligkeitsstufen nicht sofort \u00fcberein. Mit der Edge-Blending-Funktion k\u00f6nnen Sie die Helligkeit an bestimmten Stellen der Anzeige \u00e4ndern. Sie k\u00f6nnen die Helligkeit in den sich \u00fcberlappenden Bereichen verringern, so dass die kombinierte Helligkeit der beiden Projektoren das Bild nahtlos erscheinen l\u00e4sst. Die Verwendung mehrerer Projektoren auf diese Weise kann schwierig sein, und es besteht die M\u00f6glichkeit, dass Sie die \u00dcberlappung immer sehen, aber dank der heutigen fortschrittlichen L\u00f6sung ist die Erstellung einer nahtlosen Anzeige mithilfe von Projector Blending einfacher denn je.<\/li><\/ul><p>Ziel ist es, das Publikum glauben zu lassen, dass alles mit einem einzigen Projektor projiziert wird. Edge-Blending-Projektoren sind sehr einfach zu verwenden und erm\u00f6glichen eine gro\u00dfe vertikale oder horizontale Anzeige, aber Sie brauchen daf\u00fcr keine Edge-Blending-Projektoren; die Aufstellung von Projektoren und die Verwendung externer <strong><a href=\"https:\/\/matrix-works.eu\/edge-blending-2\/\">Edge-Blending-Controller<\/a><\/strong> wird zuverl\u00e4ssiger und flexibler sein.<\/p><p>Klicken Sie zum Lesen: <strong><a href=\"https:\/\/matrix-works.eu\/knowledge-base\/how-to-plan-multiple-projectors\/\">Wie kann man ein gro\u00dfes Bild mit mehreren Beamern anzeigen?<\/a><\/strong><\/p><p>Dies ist ideal f\u00fcr Pr\u00e4sentationen und Kunstausstellungen, und Sie k\u00f6nnen einige sch\u00f6ne Bilder von Ausstellungen auf unserer\u00a0<a href=\"https:\/\/twitter.com\/MatrixWorksEU\"><strong>twitter<\/strong><\/a> f\u00fcttern. Wenn Sie weitere Fragen haben, k\u00f6nnen Sie uns jederzeit eine Nachricht \u00fcber unsere Website schicken oder unseren Online-Assistenten nutzen, der Ihnen hilft, die perfekten Produkte f\u00fcr Ihr Projekt zu finden. Projektor-Blending erzeugt gro\u00dfe, sch\u00f6ne Bilder und gibt Ihnen viel Freiheit bei der Gr\u00f6\u00dfe und Form Ihres Displays.\u00a0<\/p>\t\t\t\t\t\t\t\t<\/div>\n\t\t\t\t<\/div>\n\t\t\t\t<div class=\"elementor-element elementor-element-d582307 elementor-widget elementor-widget-shortcode\" data-id=\"d582307\" data-element_type=\"widget\" data-e-type=\"widget\" data-widget_type=\"shortcode.default\">\n\t\t\t\t<div class=\"elementor-widget-container\">\n\t\t\t\t\t\t\t<div class=\"elementor-shortcode\"><script type=\"text\/javascript\" async src=\"https:\/\/bot.leadoo.com\/bot\/inpage.js?code=YmMK6cRQ#seamless\"><\/script><\/div>\n\t\t\t\t\t\t<\/div>\n\t\t\t\t<\/div>\n\t\t\t\t<div class=\"elementor-element elementor-element-8944b27 elementor-widget elementor-widget-heading\" data-id=\"8944b27\" data-element_type=\"widget\" data-e-type=\"widget\" data-widget_type=\"heading.default\">\n\t\t\t\t<div class=\"elementor-widget-container\">\n\t\t\t\t\t<h2 class=\"elementor-heading-title elementor-size-default\">Unser Produkt<\/h2>\t\t\t\t<\/div>\n\t\t\t\t<\/div>\n\t\t\t\t<div class=\"elementor-element elementor-element-1769f3e elementor-widget elementor-widget-text-editor\" data-id=\"1769f3e\" data-element_type=\"widget\" data-e-type=\"widget\" data-widget_type=\"text-editor.default\">\n\t\t\t\t<div class=\"elementor-widget-container\">\n\t\t\t\t\t\t\t\t\t<p><span data-contrast=\"auto\">Wir verkaufen GeoBox Edge-Blending-Controller, die als eigenst\u00e4ndige All-in-One-Box jede Art von Beamer zum Edge-Blending-Beamer machen<\/span><span data-contrast=\"auto\">.<a href=\"https:\/\/matrix-works.eu\/edge-blending-2\/\"><strong> Klicken Sie hier, um die Serie der Edge-Blending-Controller zu sehen.<\/strong><\/a>\u00a0 <\/span><span data-contrast=\"auto\">Wenn Sie sich fragen, welche Modelle\u00a0<\/span><span data-contrast=\"auto\">Sie ben\u00f6tigen, k\u00f6nnen Sie uns jederzeit kontaktieren<\/span><span data-contrast=\"auto\">und<\/span><span data-contrast=\"auto\">\u00a0uns<\/span><span data-contrast=\"auto\">Ihr<\/span><span data-contrast=\"auto\">\u00a0Projekt erkl\u00e4ren, damit wir Ihnen einen Rat geben k\u00f6nnen<\/span><span data-contrast=\"auto\">.<\/span> <span data-contrast=\"auto\">\u00a0<\/span><span data-contrast=\"auto\">Wenn Sie einige Beispiele sehen m\u00f6chten, was unsere Controller leisten k\u00f6nnen, und sich \u00fcber unsere<\/span><span data-contrast=\"auto\">r<\/span><span data-contrast=\"auto\"> Website folgen Sie uns auf <a href=\"https:\/\/www.youtube.com\/channel\/UCxunCnAsepOa59_myEXfCyA?view_as=subscriber\">YouTube <\/a><\/span><span data-contrast=\"auto\">und\u00a0<a href=\"https:\/\/www.linkedin.com\/company\/matrixworks-b-v\/\">LinkedIn<\/a>.<\/span><span data-ccp-props=\"{\">\u00a0<\/span><\/p><p><span data-contrast=\"auto\">Wenn Sie weitere Fragen haben, k\u00f6nnen Sie uns jederzeit eine E-Mail schicken<\/span><span data-contrast=\"auto\">\u00a0\u00fcber\u00a0<\/span><a href=\"mailto:info@matrix-works.eu\">info@matrix-works.eu<\/a>\u00a0 .<span data-contrast=\"auto\">Wir helfen Ihnen gerne!\u00a0<\/span><\/p>\t\t\t\t\t\t\t\t<\/div>\n\t\t\t\t<\/div>\n\t\t\t\t\t<\/div>\n\t\t<\/div>\n\t\t\t\t\t<\/div>\n\t\t<\/section>\n\t\t\t\t<section class=\"elementor-section elementor-top-section elementor-element elementor-element-a37be61 elementor-section-boxed elementor-section-height-default elementor-section-height-default\" data-id=\"a37be61\" data-element_type=\"section\" data-e-type=\"section\">\n\t\t\t\t\t\t<div class=\"elementor-container elementor-column-gap-default\">\n\t\t\t\t\t<div class=\"elementor-column elementor-col-100 elementor-top-column elementor-element elementor-element-83db593\" data-id=\"83db593\" data-element_type=\"column\" data-e-type=\"column\">\n\t\t\t<div class=\"elementor-widget-wrap elementor-element-populated\">\n\t\t\t\t\t\t<div class=\"elementor-element elementor-element-d92256d elementor-widget elementor-widget-image\" data-id=\"d92256d\" data-element_type=\"widget\" data-e-type=\"widget\" data-widget_type=\"image.default\">\n\t\t\t\t<div class=\"elementor-widget-container\">\n\t\t\t\t\t\t\t\t\t\t\t\t\t\t\t<img decoding=\"async\" src=\"https:\/\/matrix-works.eu\/wp-content\/uploads\/2020\/02\/G802-G901.jpeg\" title=\"\" alt=\"\" loading=\"lazy\" \/>\t\t\t\t\t\t\t\t\t\t\t\t\t\t\t<\/div>\n\t\t\t\t<\/div>\n\t\t\t\t\t<\/div>\n\t\t<\/div>\n\t\t\t\t\t<\/div>\n\t\t<\/section>\n\t\t\t\t<\/div>","protected":false},"excerpt":{"rendered":"<p>Combining images of two or multiple projectors Edge blending two projectors means to make one big seamless display by combining images of two projectors. When lining up two projectors and then adjusting the brightness of the overlap you can create a bigger image.\u00a0 How it works and the application Edge blending is the process of [&hellip;]<\/p>\n","protected":false},"author":2,"featured_media":0,"parent":0,"menu_order":0,"comment_status":"closed","ping_status":"closed","template":"","meta":{"ocean_post_layout":"full-width","ocean_both_sidebars_style":"","ocean_both_sidebars_content_width":0,"ocean_both_sidebars_sidebars_width":0,"ocean_sidebar":"0","ocean_second_sidebar":"0","ocean_disable_margins":"enable","ocean_add_body_class":"","ocean_shortcode_before_top_bar":"","ocean_shortcode_after_top_bar":"","ocean_shortcode_before_header":"","ocean_shortcode_after_header":"","ocean_has_shortcode":"","ocean_shortcode_after_title":"","ocean_shortcode_before_footer_widgets":"","ocean_shortcode_after_footer_widgets":"","ocean_shortcode_before_footer_bottom":"","ocean_shortcode_after_footer_bottom":"","ocean_display_top_bar":"default","ocean_display_header":"default","ocean_header_style":"","ocean_center_header_left_menu":"0","ocean_custom_header_template":"0","ocean_custom_logo":0,"ocean_custom_retina_logo":0,"ocean_custom_logo_max_width":0,"ocean_custom_logo_tablet_max_width":0,"ocean_custom_logo_mobile_max_width":0,"ocean_custom_logo_max_height":0,"ocean_custom_logo_tablet_max_height":0,"ocean_custom_logo_mobile_max_height":0,"ocean_header_custom_menu":"0","ocean_menu_typo_font_family":"0","ocean_menu_typo_font_subset":"","ocean_menu_typo_font_size":0,"ocean_menu_typo_font_size_tablet":0,"ocean_menu_typo_font_size_mobile":0,"ocean_menu_typo_font_size_unit":"px","ocean_menu_typo_font_weight":"","ocean_menu_typo_font_weight_tablet":"","ocean_menu_typo_font_weight_mobile":"","ocean_menu_typo_transform":"","ocean_menu_typo_transform_tablet":"","ocean_menu_typo_transform_mobile":"","ocean_menu_typo_line_height":0,"ocean_menu_typo_line_height_tablet":0,"ocean_menu_typo_line_height_mobile":0,"ocean_menu_typo_line_height_unit":"","ocean_menu_typo_spacing":0,"ocean_menu_typo_spacing_tablet":0,"ocean_menu_typo_spacing_mobile":0,"ocean_menu_typo_spacing_unit":"","ocean_menu_link_color":"","ocean_menu_link_color_hover":"","ocean_menu_link_color_active":"","ocean_menu_link_background":"","ocean_menu_link_hover_background":"","ocean_menu_link_active_background":"","ocean_menu_social_links_bg":"","ocean_menu_social_hover_links_bg":"","ocean_menu_social_links_color":"","ocean_menu_social_hover_links_color":"","ocean_disable_title":"default","ocean_disable_heading":"default","ocean_post_title":"","ocean_post_subheading":"","ocean_post_title_style":"","ocean_post_title_background_color":"","ocean_post_title_background":0,"ocean_post_title_bg_image_position":"","ocean_post_title_bg_image_attachment":"","ocean_post_title_bg_image_repeat":"","ocean_post_title_bg_image_size":"","ocean_post_title_height":0,"ocean_post_title_bg_overlay":0.5,"ocean_post_title_bg_overlay_color":"","ocean_disable_breadcrumbs":"default","ocean_breadcrumbs_color":"","ocean_breadcrumbs_separator_color":"","ocean_breadcrumbs_links_color":"","ocean_breadcrumbs_links_hover_color":"","ocean_display_footer_widgets":"default","ocean_display_footer_bottom":"default","ocean_custom_footer_template":"0","footnotes":""},"class_list":["post-1814","page","type-page","status-publish","hentry","entry"],"yoast_head":"<!-- This site is optimized with the Yoast SEO Premium plugin v27.3 (Yoast SEO v27.3) - https:\/\/yoast.com\/product\/yoast-seo-premium-wordpress\/ -->\n<title>Edge blending two projectors - MatrixWorks Europe<\/title>\n<meta name=\"description\" content=\"Edge blending two projectors is an easy process by using edge blending controller.. Any projectors can be seamlessly edge blended.\" \/>\n<meta name=\"robots\" content=\"index, follow, max-snippet:-1, max-image-preview:large, max-video-preview:-1\" \/>\n<link rel=\"canonical\" href=\"https:\/\/matrix-works.eu\/de\/edge-blending-zweier-projektoren\/\" \/>\n<meta property=\"og:locale\" content=\"de_DE\" \/>\n<meta property=\"og:type\" content=\"article\" \/>\n<meta property=\"og:title\" content=\"Edge blending two projectors\" \/>\n<meta property=\"og:description\" content=\"Edge blending two projectors is an easy process by using edge blending controller.. Any projectors can be seamlessly edge blended.\" \/>\n<meta property=\"og:url\" content=\"https:\/\/matrix-works.eu\/de\/edge-blending-zweier-projektoren\/\" \/>\n<meta property=\"og:site_name\" content=\"MatrixWorks Europe\" \/>\n<meta property=\"article:modified_time\" content=\"2024-06-06T13:59:58+00:00\" \/>\n<meta property=\"og:image\" content=\"https:\/\/matrix-works.eu\/wp-content\/uploads\/2020\/02\/G802-G901-1024x577.jpeg\" \/>\n<meta name=\"twitter:card\" content=\"summary_large_image\" \/>\n<meta name=\"twitter:site\" content=\"@MatrixWorksEU\" \/>\n<meta name=\"twitter:label1\" content=\"Gesch\u00e4tzte Lesezeit\" \/>\n\t<meta name=\"twitter:data1\" content=\"3\u00a0Minuten\" \/>\n<script type=\"application\/ld+json\" class=\"yoast-schema-graph\">{\"@context\":\"https:\\\/\\\/schema.org\",\"@graph\":[{\"@type\":\"WebPage\",\"@id\":\"https:\\\/\\\/matrix-works.eu\\\/edge-blending-two-projectors\\\/\",\"url\":\"https:\\\/\\\/matrix-works.eu\\\/edge-blending-two-projectors\\\/\",\"name\":\"Edge blending two projectors - MatrixWorks Europe\",\"isPartOf\":{\"@id\":\"https:\\\/\\\/matrix-works.eu\\\/#website\"},\"primaryImageOfPage\":{\"@id\":\"https:\\\/\\\/matrix-works.eu\\\/edge-blending-two-projectors\\\/#primaryimage\"},\"image\":{\"@id\":\"https:\\\/\\\/matrix-works.eu\\\/edge-blending-two-projectors\\\/#primaryimage\"},\"thumbnailUrl\":\"https:\\\/\\\/matrix-works.eu\\\/wp-content\\\/uploads\\\/2020\\\/02\\\/G802-G901-1024x577.jpeg\",\"datePublished\":\"2020-07-01T14:20:49+00:00\",\"dateModified\":\"2024-06-06T13:59:58+00:00\",\"description\":\"Edge blending two projectors is an easy process by using edge blending controller.. Any projectors can be seamlessly edge blended.\",\"breadcrumb\":{\"@id\":\"https:\\\/\\\/matrix-works.eu\\\/edge-blending-two-projectors\\\/#breadcrumb\"},\"inLanguage\":\"de\",\"potentialAction\":[{\"@type\":\"ReadAction\",\"target\":[\"https:\\\/\\\/matrix-works.eu\\\/edge-blending-two-projectors\\\/\"]}]},{\"@type\":\"ImageObject\",\"inLanguage\":\"de\",\"@id\":\"https:\\\/\\\/matrix-works.eu\\\/edge-blending-two-projectors\\\/#primaryimage\",\"url\":\"https:\\\/\\\/matrix-works.eu\\\/wp-content\\\/uploads\\\/2020\\\/02\\\/G802-G901-1024x577.jpeg\",\"contentUrl\":\"https:\\\/\\\/matrix-works.eu\\\/wp-content\\\/uploads\\\/2020\\\/02\\\/G802-G901-1024x577.jpeg\"},{\"@type\":\"BreadcrumbList\",\"@id\":\"https:\\\/\\\/matrix-works.eu\\\/edge-blending-two-projectors\\\/#breadcrumb\",\"itemListElement\":[{\"@type\":\"ListItem\",\"position\":1,\"name\":\"Home\",\"item\":\"https:\\\/\\\/matrix-works.eu\\\/\"},{\"@type\":\"ListItem\",\"position\":2,\"name\":\"Edge blending two projectors\"}]},{\"@type\":\"WebSite\",\"@id\":\"https:\\\/\\\/matrix-works.eu\\\/#website\",\"url\":\"https:\\\/\\\/matrix-works.eu\\\/\",\"name\":\"MatrixWorks Europe\",\"description\":\"\",\"publisher\":{\"@id\":\"https:\\\/\\\/matrix-works.eu\\\/#organization\"},\"alternateName\":\"GeoBox in Europe\",\"potentialAction\":[{\"@type\":\"SearchAction\",\"target\":{\"@type\":\"EntryPoint\",\"urlTemplate\":\"https:\\\/\\\/matrix-works.eu\\\/?s={search_term_string}\"},\"query-input\":{\"@type\":\"PropertyValueSpecification\",\"valueRequired\":true,\"valueName\":\"search_term_string\"}}],\"inLanguage\":\"de\"},{\"@type\":\"Organization\",\"@id\":\"https:\\\/\\\/matrix-works.eu\\\/#organization\",\"name\":\"MatrixWorks Europe B.V.\",\"alternateName\":\"MatrixWorks\",\"url\":\"https:\\\/\\\/matrix-works.eu\\\/\",\"logo\":{\"@type\":\"ImageObject\",\"inLanguage\":\"de\",\"@id\":\"https:\\\/\\\/matrix-works.eu\\\/#\\\/schema\\\/logo\\\/image\\\/\",\"url\":\"https:\\\/\\\/matrix-works.eu\\\/wp-content\\\/uploads\\\/2018\\\/09\\\/MTXWorks_Logo-2.jpg\",\"contentUrl\":\"https:\\\/\\\/matrix-works.eu\\\/wp-content\\\/uploads\\\/2018\\\/09\\\/MTXWorks_Logo-2.jpg\",\"width\":681,\"height\":649,\"caption\":\"MatrixWorks Europe B.V.\"},\"image\":{\"@id\":\"https:\\\/\\\/matrix-works.eu\\\/#\\\/schema\\\/logo\\\/image\\\/\"},\"sameAs\":[\"https:\\\/\\\/x.com\\\/MatrixWorksEU\",\"https:\\\/\\\/www.linkedin.com\\\/company\\\/matrixworks-b-v\\\/\",\"https:\\\/\\\/www.youtube.com\\\/channel\\\/UCxunCnAsepOa59_myEXfCyA?view_as=subscriber\"],\"foundingDate\":\"2018-11-01\",\"vatID\":\"859250829B01\"}]}<\/script>\n<!-- \/ Yoast SEO Premium plugin. -->","yoast_head_json":{"title":"Edge-Blending zweier Projektoren - MatrixWorks Europe","description":"Die \u00dcberblendung von zwei Projektoren ist mit dem Edge Blending Controller ein einfacher Prozess. Jeder Projektor kann nahtlos \u00fcberblendet werden.","robots":{"index":"index","follow":"follow","max-snippet":"max-snippet:-1","max-image-preview":"max-image-preview:large","max-video-preview":"max-video-preview:-1"},"canonical":"https:\/\/matrix-works.eu\/de\/edge-blending-zweier-projektoren\/","og_locale":"de_DE","og_type":"article","og_title":"Edge blending two projectors","og_description":"Edge blending two projectors is an easy process by using edge blending controller.. Any projectors can be seamlessly edge blended.","og_url":"https:\/\/matrix-works.eu\/de\/edge-blending-zweier-projektoren\/","og_site_name":"MatrixWorks Europe","article_modified_time":"2024-06-06T13:59:58+00:00","og_image":[{"url":"https:\/\/matrix-works.eu\/wp-content\/uploads\/2020\/02\/G802-G901-1024x577.jpeg","type":"","width":"","height":""}],"twitter_card":"summary_large_image","twitter_site":"@MatrixWorksEU","twitter_misc":{"Gesch\u00e4tzte Lesezeit":"3\u00a0Minuten"},"schema":{"@context":"https:\/\/schema.org","@graph":[{"@type":"WebPage","@id":"https:\/\/matrix-works.eu\/edge-blending-two-projectors\/","url":"https:\/\/matrix-works.eu\/edge-blending-two-projectors\/","name":"Edge-Blending zweier Projektoren - MatrixWorks Europe","isPartOf":{"@id":"https:\/\/matrix-works.eu\/#website"},"primaryImageOfPage":{"@id":"https:\/\/matrix-works.eu\/edge-blending-two-projectors\/#primaryimage"},"image":{"@id":"https:\/\/matrix-works.eu\/edge-blending-two-projectors\/#primaryimage"},"thumbnailUrl":"https:\/\/matrix-works.eu\/wp-content\/uploads\/2020\/02\/G802-G901-1024x577.jpeg","datePublished":"2020-07-01T14:20:49+00:00","dateModified":"2024-06-06T13:59:58+00:00","description":"Die \u00dcberblendung von zwei Projektoren ist mit dem Edge Blending Controller ein einfacher Prozess. Jeder Projektor kann nahtlos \u00fcberblendet werden.","breadcrumb":{"@id":"https:\/\/matrix-works.eu\/edge-blending-two-projectors\/#breadcrumb"},"inLanguage":"de","potentialAction":[{"@type":"ReadAction","target":["https:\/\/matrix-works.eu\/edge-blending-two-projectors\/"]}]},{"@type":"ImageObject","inLanguage":"de","@id":"https:\/\/matrix-works.eu\/edge-blending-two-projectors\/#primaryimage","url":"https:\/\/matrix-works.eu\/wp-content\/uploads\/2020\/02\/G802-G901-1024x577.jpeg","contentUrl":"https:\/\/matrix-works.eu\/wp-content\/uploads\/2020\/02\/G802-G901-1024x577.jpeg"},{"@type":"BreadcrumbList","@id":"https:\/\/matrix-works.eu\/edge-blending-two-projectors\/#breadcrumb","itemListElement":[{"@type":"ListItem","position":1,"name":"Home","item":"https:\/\/matrix-works.eu\/"},{"@type":"ListItem","position":2,"name":"Edge blending two projectors"}]},{"@type":"WebSite","@id":"https:\/\/matrix-works.eu\/#website","url":"https:\/\/matrix-works.eu\/","name":"MatrixWorks Europa","description":"","publisher":{"@id":"https:\/\/matrix-works.eu\/#organization"},"alternateName":"GeoBox in Europe","potentialAction":[{"@type":"SearchAction","target":{"@type":"EntryPoint","urlTemplate":"https:\/\/matrix-works.eu\/?s={search_term_string}"},"query-input":{"@type":"PropertyValueSpecification","valueRequired":true,"valueName":"search_term_string"}}],"inLanguage":"de"},{"@type":"Organization","@id":"https:\/\/matrix-works.eu\/#organization","name":"MatrixWorks Europa B.V.","alternateName":"MatrixWorks","url":"https:\/\/matrix-works.eu\/","logo":{"@type":"ImageObject","inLanguage":"de","@id":"https:\/\/matrix-works.eu\/#\/schema\/logo\/image\/","url":"https:\/\/matrix-works.eu\/wp-content\/uploads\/2018\/09\/MTXWorks_Logo-2.jpg","contentUrl":"https:\/\/matrix-works.eu\/wp-content\/uploads\/2018\/09\/MTXWorks_Logo-2.jpg","width":681,"height":649,"caption":"MatrixWorks Europe B.V."},"image":{"@id":"https:\/\/matrix-works.eu\/#\/schema\/logo\/image\/"},"sameAs":["https:\/\/x.com\/MatrixWorksEU","https:\/\/www.linkedin.com\/company\/matrixworks-b-v\/","https:\/\/www.youtube.com\/channel\/UCxunCnAsepOa59_myEXfCyA?view_as=subscriber"],"foundingDate":"2018-11-01","vatID":"859250829B01"}]}},"_links":{"self":[{"href":"https:\/\/matrix-works.eu\/de\/wp-json\/wp\/v2\/pages\/1814","targetHints":{"allow":["GET"]}}],"collection":[{"href":"https:\/\/matrix-works.eu\/de\/wp-json\/wp\/v2\/pages"}],"about":[{"href":"https:\/\/matrix-works.eu\/de\/wp-json\/wp\/v2\/types\/page"}],"author":[{"embeddable":true,"href":"https:\/\/matrix-works.eu\/de\/wp-json\/wp\/v2\/users\/2"}],"replies":[{"embeddable":true,"href":"https:\/\/matrix-works.eu\/de\/wp-json\/wp\/v2\/comments?post=1814"}],"version-history":[{"count":42,"href":"https:\/\/matrix-works.eu\/de\/wp-json\/wp\/v2\/pages\/1814\/revisions"}],"predecessor-version":[{"id":20075,"href":"https:\/\/matrix-works.eu\/de\/wp-json\/wp\/v2\/pages\/1814\/revisions\/20075"}],"wp:attachment":[{"href":"https:\/\/matrix-works.eu\/de\/wp-json\/wp\/v2\/media?parent=1814"}],"curies":[{"name":"wp","href":"https:\/\/api.w.org\/{rel}","templated":true}]}}