{"id":1816,"date":"2020-07-01T14:21:15","date_gmt":"2020-07-01T14:21:15","guid":{"rendered":"https:\/\/matrix-works.eu\/?page_id=1816"},"modified":"2022-08-05T06:56:33","modified_gmt":"2022-08-05T06:56:33","slug":"kantenuberblendung-mit-mehreren-projektoren","status":"publish","type":"page","link":"https:\/\/matrix-works.eu\/de\/multiple-projector-edge-blending\/","title":{"rendered":"Kanten\u00fcberblendung mit mehreren Projektoren"},"content":{"rendered":"<div data-elementor-type=\"wp-page\" data-elementor-id=\"1816\" class=\"elementor elementor-1816\" data-elementor-post-type=\"page\">\n\t\t\t\t\t\t<section class=\"elementor-section elementor-top-section elementor-element elementor-element-07c4008 elementor-section-boxed elementor-section-height-default elementor-section-height-default\" data-id=\"07c4008\" data-element_type=\"section\" data-e-type=\"section\">\n\t\t\t\t\t\t<div class=\"elementor-container elementor-column-gap-default\">\n\t\t\t\t\t<div class=\"elementor-column elementor-col-100 elementor-top-column elementor-element elementor-element-9779c42\" data-id=\"9779c42\" data-element_type=\"column\" data-e-type=\"column\">\n\t\t\t<div class=\"elementor-widget-wrap elementor-element-populated\">\n\t\t\t\t\t\t<div class=\"elementor-element elementor-element-238da44 elementor-widget elementor-widget-heading\" data-id=\"238da44\" data-element_type=\"widget\" data-e-type=\"widget\" data-widget_type=\"heading.default\">\n\t\t\t\t<div class=\"elementor-widget-container\">\n\t\t\t\t\t<h1 class=\"elementor-heading-title elementor-size-default\">Kanten\u00fcberblendung mit mehreren Projektoren <\/h1>\t\t\t\t<\/div>\n\t\t\t\t<\/div>\n\t\t\t\t<div class=\"elementor-element elementor-element-a383bbc elementor-widget elementor-widget-text-editor\" data-id=\"a383bbc\" data-element_type=\"widget\" data-e-type=\"widget\" data-widget_type=\"text-editor.default\">\n\t\t\t\t<div class=\"elementor-widget-container\">\n\t\t\t\t\t\t\t\t\t<p>Das Edge-Blending mit mehreren Projektoren wird verwendet, um sch\u00f6ne, gro\u00dfe Bilder zu erzeugen. Edge Blending kann auch mit normalen Projektoren durch die Steuerung einer externen L\u00f6sung durchgef\u00fchrt werden. Die R\u00e4nder der Bilder verschmelzen miteinander und sorgen so f\u00fcr \u00e4u\u00dferst beeindruckende Ergebnisse. Dies kann im Bildungssektor, in der Gesch\u00e4ftswelt und f\u00fcr Kunstausstellungen eingesetzt werden.\u00a0<\/p>\t\t\t\t\t\t\t\t<\/div>\n\t\t\t\t<\/div>\n\t\t\t\t<div class=\"elementor-element elementor-element-873857b elementor-widget elementor-widget-heading\" data-id=\"873857b\" data-element_type=\"widget\" data-e-type=\"widget\" data-widget_type=\"heading.default\">\n\t\t\t\t<div class=\"elementor-widget-container\">\n\t\t\t\t\t<h2 class=\"elementor-heading-title elementor-size-default\">Kanten\u00fcberblendung (Edge Blending)<\/h2>\t\t\t\t<\/div>\n\t\t\t\t<\/div>\n\t\t\t\t<div class=\"elementor-element elementor-element-7f1470f elementor-widget elementor-widget-text-editor\" data-id=\"7f1470f\" data-element_type=\"widget\" data-e-type=\"widget\" data-widget_type=\"text-editor.default\">\n\t\t\t\t<div class=\"elementor-widget-container\">\n\t\t\t\t\t\t\t\t\t<p>Projektoren sind erstaunlich, aber ein einzelner Projektor liefert nicht immer die gew\u00fcnschte Bildgr\u00f6\u00dfe. Die Kombination von Projektoren ergibt kein nahtloses Bild, da zwischen den projizierten Bildern eine Linie zu sehen ist oder die Helligkeit der \u00dcberlappung nicht stimmt.<\/p><p>Hier kommt das Edge-Blending ins Spiel, bei dem die R\u00e4nder der projizierten Bilder durch \u00dcberlappung und Anpassung der Helligkeit so \u00fcberlagert werden, dass es wie ein einziges, glattes Bild aussieht. Beim Edge Blending wird die Helligkeit der sich \u00fcberlappenden Teile so weit verringert, dass sie f\u00fcr das menschliche Auge nicht mehr sichtbar sind, so dass die Betrachter glauben, dass das Bild von einem einzigen Projektor angezeigt wird. Beim Edge-Blending mit mehreren Projektoren werden mehrere physische Projektoren anstelle eines Projektors verwendet.\u00a0\u00a0<\/p><p>(Klicken Sie zum Lesen: <a href=\"https:\/\/matrix-works.eu\/knowledge-base\/how-to-plan-multiple-projectors\/\"><strong>Wie kann man ein gro\u00dfes Bild mit mehreren Beamern anzeigen?<\/strong> )<\/a><\/p>\t\t\t\t\t\t\t\t<\/div>\n\t\t\t\t<\/div>\n\t\t\t\t<div class=\"elementor-element elementor-element-042cba0 elementor-widget elementor-widget-heading\" data-id=\"042cba0\" data-element_type=\"widget\" data-e-type=\"widget\" data-widget_type=\"heading.default\">\n\t\t\t\t<div class=\"elementor-widget-container\">\n\t\t\t\t\t<h2 class=\"elementor-heading-title elementor-size-default\">Wozu dient das Edge Blending mit mehreren Projektoren? <\/h2>\t\t\t\t<\/div>\n\t\t\t\t<\/div>\n\t\t\t\t<div class=\"elementor-element elementor-element-aeb2f4e elementor-widget elementor-widget-text-editor\" data-id=\"aeb2f4e\" data-element_type=\"widget\" data-e-type=\"widget\" data-widget_type=\"text-editor.default\">\n\t\t\t\t<div class=\"elementor-widget-container\">\n\t\t\t\t\t\t\t\t\t<ul><li>Museen und Kunstgalerien: Gro\u00dfe Schautafeln sind eine gro\u00dfartige M\u00f6glichkeit, die Arbeit eines K\u00fcnstlers zu zeigen und nehmen nicht viel Platz weg. Sie sind visuell ansprechend und passen genau ins Bild!  (Klicken Sie, um zu lesen: <a href=\"https:\/\/matrix-works.eu\/knowledge-base\/incredible-art-installation-in-museums-with-geobox\/\"><strong>Der Einsatz von Beamern im Museum wird immer beliebter<\/strong><\/a>)<\/li><li>Bildung: Das Kantenbiegen ist an Universit\u00e4ten sehr beliebt und hilft dabei, die besten Pr\u00e4sentationen zu erstellen, indem es ein Display erzeugt, das gro\u00df genug ist, um von allen gesehen zu werden.\u00a0<\/li><li>Gesch\u00e4ftlich: Das visuelle Erscheinungsbild ist im Gesch\u00e4ftsleben sehr wichtig. Mit gr\u00f6\u00dferen Bildschirmen k\u00f6nnen Sie die Aufmerksamkeit der Leute wirklich auf sich ziehen. Gro\u00df und dramatisch zu sein, ist nie langweilig und hebt Sie hervor.  (Klicken Sie zum Lesen:\u00a0<\/li><li>Regierung: Pr\u00e4sentationen sind in diesem Sektor nicht immer sehr aufregend! Der Einsatz von Gro\u00dfbildschirmen ist eine M\u00f6glichkeit, die Dinge in gro\u00dfen Sitzungen oder bei Pr\u00e4sentationen, bei denen die visuelle Darstellung sehr wichtig ist, aufzupeppen.\u00a0\u00a0<\/li><\/ul><p>Insgesamt ist es \u00e4u\u00dferst n\u00fctzlich und sehr beeindruckend. Edge Blending wird f\u00fcr viele verschiedene Zwecke und aus unterschiedlichen Gr\u00fcnden eingesetzt. Erkl\u00e4ren Sie uns Ihre Situation und wir helfen Ihnen weiter!\u00a0<\/p>\t\t\t\t\t\t\t\t<\/div>\n\t\t\t\t<\/div>\n\t\t\t\t<div class=\"elementor-element elementor-element-b3695fe elementor-widget elementor-widget-heading\" data-id=\"b3695fe\" data-element_type=\"widget\" data-e-type=\"widget\" data-widget_type=\"heading.default\">\n\t\t\t\t<div class=\"elementor-widget-container\">\n\t\t\t\t\t<h2 class=\"elementor-heading-title elementor-size-default\">Wie k\u00f6nnen wir Ihnen helfen? <\/h2>\t\t\t\t<\/div>\n\t\t\t\t<\/div>\n\t\t\t\t<div class=\"elementor-element elementor-element-072713a elementor-widget elementor-widget-text-editor\" data-id=\"072713a\" data-element_type=\"widget\" data-e-type=\"widget\" data-widget_type=\"text-editor.default\">\n\t\t\t\t<div class=\"elementor-widget-container\">\n\t\t\t\t\t\t\t\t\t<p>Wir machen Ihnen alle Arten von Verarbeitern zug\u00e4nglich und bieten viele Informationen zu unseren Produkten.  Unser<strong><a href=\"https:\/\/matrix-works.eu\"> Online-Assistent<\/a>t<\/strong> kann Ihnen helfen, das Richtige f\u00fcr Sie zu finden, und wenn Sie noch Fragen haben, sind wir auch per E-Mail erreichbar <strong>(<\/strong><a href=\"mailto:info@matrix-works.eu\"><strong>info@matrix-works.eu<\/strong><\/a>).  Die Kanten\u00fcberblendung ist eine unglaublich n\u00fctzliche Eigenschaft f\u00fcr Projektoren, denn sie kann nicht nur ein gr\u00f6\u00dferes Bild erzeugen, sondern auch die Qualit\u00e4t verbessern, indem sie die Bilder vollst\u00e4ndig \u00fcberlagert und die Gesamtaufl\u00f6sung verbessert.\u00a0<\/p>\t\t\t\t\t\t\t\t<\/div>\n\t\t\t\t<\/div>\n\t\t\t\t\t<\/div>\n\t\t<\/div>\n\t\t\t\t\t<\/div>\n\t\t<\/section>\n\t\t\t\t<section class=\"elementor-section elementor-top-section elementor-element elementor-element-a56ddc2 elementor-section-boxed elementor-section-height-default elementor-section-height-default\" data-id=\"a56ddc2\" data-element_type=\"section\" data-e-type=\"section\">\n\t\t\t\t\t\t<div class=\"elementor-container elementor-column-gap-default\">\n\t\t\t\t\t<div class=\"elementor-column elementor-col-100 elementor-top-column elementor-element elementor-element-9b0e8e4\" data-id=\"9b0e8e4\" data-element_type=\"column\" data-e-type=\"column\">\n\t\t\t<div class=\"elementor-widget-wrap elementor-element-populated\">\n\t\t\t\t\t\t<div class=\"elementor-element elementor-element-e1f34ea elementor-widget elementor-widget-image\" data-id=\"e1f34ea\" data-element_type=\"widget\" data-e-type=\"widget\" data-widget_type=\"image.default\">\n\t\t\t\t<div class=\"elementor-widget-container\">\n\t\t\t\t\t\t\t\t\t\t\t\t\t\t\t<img fetchpriority=\"high\" decoding=\"async\" width=\"1024\" height=\"576\" src=\"https:\/\/matrix-works.eu\/wp-content\/uploads\/2020\/08\/brouchure\u6587\u5b57\u53ef\u4fee\u65398-01-1024x576.png\" class=\"attachment-large size-large wp-image-2106\" alt=\"Kanten\u00fcberblendung mit mehreren Projektoren\" \/>\t\t\t\t\t\t\t\t\t\t\t\t\t\t\t<\/div>\n\t\t\t\t<\/div>\n\t\t\t\t\t<\/div>\n\t\t<\/div>\n\t\t\t\t\t<\/div>\n\t\t<\/section>\n\t\t\t\t<\/div>","protected":false},"excerpt":{"rendered":"<p>Multiple projector edge blending Multiple projector edge blending is used to create beautiful, large images. Edge blending can also be done with normal projectors through the control of external solution. The edges of the images blend in together, creating hugely impressive results. This can be applied in the education sector, business world and for art [&hellip;]<\/p>\n","protected":false},"author":2,"featured_media":0,"parent":0,"menu_order":0,"comment_status":"closed","ping_status":"closed","template":"","meta":{"ocean_post_layout":"full-width","ocean_both_sidebars_style":"","ocean_both_sidebars_content_width":0,"ocean_both_sidebars_sidebars_width":0,"ocean_sidebar":"0","ocean_second_sidebar":"0","ocean_disable_margins":"enable","ocean_add_body_class":"","ocean_shortcode_before_top_bar":"","ocean_shortcode_after_top_bar":"","ocean_shortcode_before_header":"","ocean_shortcode_after_header":"","ocean_has_shortcode":"","ocean_shortcode_after_title":"","ocean_shortcode_before_footer_widgets":"","ocean_shortcode_after_footer_widgets":"","ocean_shortcode_before_footer_bottom":"","ocean_shortcode_after_footer_bottom":"","ocean_display_top_bar":"default","ocean_display_header":"default","ocean_header_style":"","ocean_center_header_left_menu":"0","ocean_custom_header_template":"0","ocean_custom_logo":0,"ocean_custom_retina_logo":0,"ocean_custom_logo_max_width":0,"ocean_custom_logo_tablet_max_width":0,"ocean_custom_logo_mobile_max_width":0,"ocean_custom_logo_max_height":0,"ocean_custom_logo_tablet_max_height":0,"ocean_custom_logo_mobile_max_height":0,"ocean_header_custom_menu":"0","ocean_menu_typo_font_family":"0","ocean_menu_typo_font_subset":"","ocean_menu_typo_font_size":0,"ocean_menu_typo_font_size_tablet":0,"ocean_menu_typo_font_size_mobile":0,"ocean_menu_typo_font_size_unit":"px","ocean_menu_typo_font_weight":"","ocean_menu_typo_font_weight_tablet":"","ocean_menu_typo_font_weight_mobile":"","ocean_menu_typo_transform":"","ocean_menu_typo_transform_tablet":"","ocean_menu_typo_transform_mobile":"","ocean_menu_typo_line_height":0,"ocean_menu_typo_line_height_tablet":0,"ocean_menu_typo_line_height_mobile":0,"ocean_menu_typo_line_height_unit":"","ocean_menu_typo_spacing":0,"ocean_menu_typo_spacing_tablet":0,"ocean_menu_typo_spacing_mobile":0,"ocean_menu_typo_spacing_unit":"","ocean_menu_link_color":"","ocean_menu_link_color_hover":"","ocean_menu_link_color_active":"","ocean_menu_link_background":"","ocean_menu_link_hover_background":"","ocean_menu_link_active_background":"","ocean_menu_social_links_bg":"","ocean_menu_social_hover_links_bg":"","ocean_menu_social_links_color":"","ocean_menu_social_hover_links_color":"","ocean_disable_title":"default","ocean_disable_heading":"default","ocean_post_title":"","ocean_post_subheading":"","ocean_post_title_style":"","ocean_post_title_background_color":"","ocean_post_title_background":0,"ocean_post_title_bg_image_position":"","ocean_post_title_bg_image_attachment":"","ocean_post_title_bg_image_repeat":"","ocean_post_title_bg_image_size":"","ocean_post_title_height":0,"ocean_post_title_bg_overlay":0.5,"ocean_post_title_bg_overlay_color":"","ocean_disable_breadcrumbs":"default","ocean_breadcrumbs_color":"","ocean_breadcrumbs_separator_color":"","ocean_breadcrumbs_links_color":"","ocean_breadcrumbs_links_hover_color":"","ocean_display_footer_widgets":"default","ocean_display_footer_bottom":"default","ocean_custom_footer_template":"0","footnotes":""},"class_list":["post-1816","page","type-page","status-publish","hentry","entry"],"yoast_head":"<!-- This site is optimized with the Yoast SEO Premium plugin v27.3 (Yoast SEO v27.3) - https:\/\/yoast.com\/product\/yoast-seo-premium-wordpress\/ -->\n<title>Multiple projector edge blending - MatrixWorks Europe<\/title>\n<meta name=\"description\" content=\"Multiple projector edge blending is often used to create big displays. The edges of the images blend in together, creating hugely impressive results.\" \/>\n<meta name=\"robots\" content=\"index, follow, max-snippet:-1, max-image-preview:large, max-video-preview:-1\" \/>\n<link rel=\"canonical\" href=\"https:\/\/matrix-works.eu\/de\/kantenuberblendung-mit-mehreren-projektoren\/\" \/>\n<meta property=\"og:locale\" content=\"de_DE\" \/>\n<meta property=\"og:type\" content=\"article\" \/>\n<meta property=\"og:title\" content=\"Multiple projector edge blending\" \/>\n<meta property=\"og:description\" content=\"Multiple projector edge blending is often used to create big displays. The edges of the images blend in together, creating hugely impressive results.\" \/>\n<meta property=\"og:url\" content=\"https:\/\/matrix-works.eu\/de\/kantenuberblendung-mit-mehreren-projektoren\/\" \/>\n<meta property=\"og:site_name\" content=\"MatrixWorks Europe\" \/>\n<meta property=\"article:modified_time\" content=\"2022-08-05T06:56:33+00:00\" \/>\n<meta property=\"og:image\" content=\"https:\/\/matrix-works.eu\/wp-content\/uploads\/2025\/03\/GeoBox-in-Europe.png\" \/>\n\t<meta property=\"og:image:width\" content=\"1584\" \/>\n\t<meta property=\"og:image:height\" content=\"396\" \/>\n\t<meta property=\"og:image:type\" content=\"image\/png\" \/>\n<meta name=\"twitter:card\" content=\"summary_large_image\" \/>\n<meta name=\"twitter:site\" content=\"@MatrixWorksEU\" \/>\n<meta name=\"twitter:label1\" content=\"Gesch\u00e4tzte Lesezeit\" \/>\n\t<meta name=\"twitter:data1\" content=\"3\u00a0Minuten\" \/>\n<script type=\"application\/ld+json\" class=\"yoast-schema-graph\">{\"@context\":\"https:\\\/\\\/schema.org\",\"@graph\":[{\"@type\":\"WebPage\",\"@id\":\"https:\\\/\\\/matrix-works.eu\\\/multiple-projector-edge-blending\\\/\",\"url\":\"https:\\\/\\\/matrix-works.eu\\\/multiple-projector-edge-blending\\\/\",\"name\":\"Multiple projector edge blending - MatrixWorks Europe\",\"isPartOf\":{\"@id\":\"https:\\\/\\\/matrix-works.eu\\\/#website\"},\"datePublished\":\"2020-07-01T14:21:15+00:00\",\"dateModified\":\"2022-08-05T06:56:33+00:00\",\"description\":\"Multiple projector edge blending is often used to create big displays. The edges of the images blend in together, creating hugely impressive results.\",\"breadcrumb\":{\"@id\":\"https:\\\/\\\/matrix-works.eu\\\/multiple-projector-edge-blending\\\/#breadcrumb\"},\"inLanguage\":\"de\",\"potentialAction\":[{\"@type\":\"ReadAction\",\"target\":[\"https:\\\/\\\/matrix-works.eu\\\/multiple-projector-edge-blending\\\/\"]}]},{\"@type\":\"BreadcrumbList\",\"@id\":\"https:\\\/\\\/matrix-works.eu\\\/multiple-projector-edge-blending\\\/#breadcrumb\",\"itemListElement\":[{\"@type\":\"ListItem\",\"position\":1,\"name\":\"Home\",\"item\":\"https:\\\/\\\/matrix-works.eu\\\/\"},{\"@type\":\"ListItem\",\"position\":2,\"name\":\"Multiple projector edge blending\"}]},{\"@type\":\"WebSite\",\"@id\":\"https:\\\/\\\/matrix-works.eu\\\/#website\",\"url\":\"https:\\\/\\\/matrix-works.eu\\\/\",\"name\":\"MatrixWorks Europe\",\"description\":\"\",\"publisher\":{\"@id\":\"https:\\\/\\\/matrix-works.eu\\\/#organization\"},\"alternateName\":\"GeoBox in Europe\",\"potentialAction\":[{\"@type\":\"SearchAction\",\"target\":{\"@type\":\"EntryPoint\",\"urlTemplate\":\"https:\\\/\\\/matrix-works.eu\\\/?s={search_term_string}\"},\"query-input\":{\"@type\":\"PropertyValueSpecification\",\"valueRequired\":true,\"valueName\":\"search_term_string\"}}],\"inLanguage\":\"de\"},{\"@type\":\"Organization\",\"@id\":\"https:\\\/\\\/matrix-works.eu\\\/#organization\",\"name\":\"MatrixWorks Europe B.V.\",\"alternateName\":\"MatrixWorks\",\"url\":\"https:\\\/\\\/matrix-works.eu\\\/\",\"logo\":{\"@type\":\"ImageObject\",\"inLanguage\":\"de\",\"@id\":\"https:\\\/\\\/matrix-works.eu\\\/#\\\/schema\\\/logo\\\/image\\\/\",\"url\":\"https:\\\/\\\/matrix-works.eu\\\/wp-content\\\/uploads\\\/2018\\\/09\\\/MTXWorks_Logo-2.jpg\",\"contentUrl\":\"https:\\\/\\\/matrix-works.eu\\\/wp-content\\\/uploads\\\/2018\\\/09\\\/MTXWorks_Logo-2.jpg\",\"width\":681,\"height\":649,\"caption\":\"MatrixWorks Europe B.V.\"},\"image\":{\"@id\":\"https:\\\/\\\/matrix-works.eu\\\/#\\\/schema\\\/logo\\\/image\\\/\"},\"sameAs\":[\"https:\\\/\\\/x.com\\\/MatrixWorksEU\",\"https:\\\/\\\/www.linkedin.com\\\/company\\\/matrixworks-b-v\\\/\",\"https:\\\/\\\/www.youtube.com\\\/channel\\\/UCxunCnAsepOa59_myEXfCyA?view_as=subscriber\"],\"foundingDate\":\"2018-11-01\",\"vatID\":\"859250829B01\"}]}<\/script>\n<!-- \/ Yoast SEO Premium plugin. -->","yoast_head_json":{"title":"Kanten\u00fcberblendung mit mehreren Projektoren - MatrixWorks Europe","description":"Die Kanten\u00fcberblendung mit mehreren Projektoren wird h\u00e4ufig zur Erstellung gro\u00dfer Displays verwendet. Die R\u00e4nder der Bilder verschmelzen miteinander und sorgen so f\u00fcr \u00e4u\u00dferst beeindruckende Ergebnisse.","robots":{"index":"index","follow":"follow","max-snippet":"max-snippet:-1","max-image-preview":"max-image-preview:large","max-video-preview":"max-video-preview:-1"},"canonical":"https:\/\/matrix-works.eu\/de\/kantenuberblendung-mit-mehreren-projektoren\/","og_locale":"de_DE","og_type":"article","og_title":"Multiple projector edge blending","og_description":"Multiple projector edge blending is often used to create big displays. The edges of the images blend in together, creating hugely impressive results.","og_url":"https:\/\/matrix-works.eu\/de\/kantenuberblendung-mit-mehreren-projektoren\/","og_site_name":"MatrixWorks Europe","article_modified_time":"2022-08-05T06:56:33+00:00","og_image":[{"width":1584,"height":396,"url":"https:\/\/matrix-works.eu\/wp-content\/uploads\/2025\/03\/GeoBox-in-Europe.png","type":"image\/png"}],"twitter_card":"summary_large_image","twitter_site":"@MatrixWorksEU","twitter_misc":{"Gesch\u00e4tzte Lesezeit":"3\u00a0Minuten"},"schema":{"@context":"https:\/\/schema.org","@graph":[{"@type":"WebPage","@id":"https:\/\/matrix-works.eu\/multiple-projector-edge-blending\/","url":"https:\/\/matrix-works.eu\/multiple-projector-edge-blending\/","name":"Kanten\u00fcberblendung mit mehreren Projektoren - MatrixWorks Europe","isPartOf":{"@id":"https:\/\/matrix-works.eu\/#website"},"datePublished":"2020-07-01T14:21:15+00:00","dateModified":"2022-08-05T06:56:33+00:00","description":"Die Kanten\u00fcberblendung mit mehreren Projektoren wird h\u00e4ufig zur Erstellung gro\u00dfer Displays verwendet. Die R\u00e4nder der Bilder verschmelzen miteinander und sorgen so f\u00fcr \u00e4u\u00dferst beeindruckende Ergebnisse.","breadcrumb":{"@id":"https:\/\/matrix-works.eu\/multiple-projector-edge-blending\/#breadcrumb"},"inLanguage":"de","potentialAction":[{"@type":"ReadAction","target":["https:\/\/matrix-works.eu\/multiple-projector-edge-blending\/"]}]},{"@type":"BreadcrumbList","@id":"https:\/\/matrix-works.eu\/multiple-projector-edge-blending\/#breadcrumb","itemListElement":[{"@type":"ListItem","position":1,"name":"Home","item":"https:\/\/matrix-works.eu\/"},{"@type":"ListItem","position":2,"name":"Multiple projector edge blending"}]},{"@type":"WebSite","@id":"https:\/\/matrix-works.eu\/#website","url":"https:\/\/matrix-works.eu\/","name":"MatrixWorks Europa","description":"","publisher":{"@id":"https:\/\/matrix-works.eu\/#organization"},"alternateName":"GeoBox in Europe","potentialAction":[{"@type":"SearchAction","target":{"@type":"EntryPoint","urlTemplate":"https:\/\/matrix-works.eu\/?s={search_term_string}"},"query-input":{"@type":"PropertyValueSpecification","valueRequired":true,"valueName":"search_term_string"}}],"inLanguage":"de"},{"@type":"Organization","@id":"https:\/\/matrix-works.eu\/#organization","name":"MatrixWorks Europa B.V.","alternateName":"MatrixWorks","url":"https:\/\/matrix-works.eu\/","logo":{"@type":"ImageObject","inLanguage":"de","@id":"https:\/\/matrix-works.eu\/#\/schema\/logo\/image\/","url":"https:\/\/matrix-works.eu\/wp-content\/uploads\/2018\/09\/MTXWorks_Logo-2.jpg","contentUrl":"https:\/\/matrix-works.eu\/wp-content\/uploads\/2018\/09\/MTXWorks_Logo-2.jpg","width":681,"height":649,"caption":"MatrixWorks Europe B.V."},"image":{"@id":"https:\/\/matrix-works.eu\/#\/schema\/logo\/image\/"},"sameAs":["https:\/\/x.com\/MatrixWorksEU","https:\/\/www.linkedin.com\/company\/matrixworks-b-v\/","https:\/\/www.youtube.com\/channel\/UCxunCnAsepOa59_myEXfCyA?view_as=subscriber"],"foundingDate":"2018-11-01","vatID":"859250829B01"}]}},"_links":{"self":[{"href":"https:\/\/matrix-works.eu\/de\/wp-json\/wp\/v2\/pages\/1816","targetHints":{"allow":["GET"]}}],"collection":[{"href":"https:\/\/matrix-works.eu\/de\/wp-json\/wp\/v2\/pages"}],"about":[{"href":"https:\/\/matrix-works.eu\/de\/wp-json\/wp\/v2\/types\/page"}],"author":[{"embeddable":true,"href":"https:\/\/matrix-works.eu\/de\/wp-json\/wp\/v2\/users\/2"}],"replies":[{"embeddable":true,"href":"https:\/\/matrix-works.eu\/de\/wp-json\/wp\/v2\/comments?post=1816"}],"version-history":[{"count":16,"href":"https:\/\/matrix-works.eu\/de\/wp-json\/wp\/v2\/pages\/1816\/revisions"}],"predecessor-version":[{"id":16903,"href":"https:\/\/matrix-works.eu\/de\/wp-json\/wp\/v2\/pages\/1816\/revisions\/16903"}],"wp:attachment":[{"href":"https:\/\/matrix-works.eu\/de\/wp-json\/wp\/v2\/media?parent=1816"}],"curies":[{"name":"wp","href":"https:\/\/api.w.org\/{rel}","templated":true}]}}