{"id":1833,"date":"2020-07-02T15:17:46","date_gmt":"2020-07-02T15:17:46","guid":{"rendered":"https:\/\/matrix-works.eu\/?page_id=1833"},"modified":"2020-07-02T15:17:48","modified_gmt":"2020-07-02T15:17:48","slug":"datenschutzbestimmungen","status":"publish","type":"page","link":"https:\/\/matrix-works.eu\/de\/privacy-policy\/","title":{"rendered":"Datenschutzbestimmungen"},"content":{"rendered":"<p><strong>Benutzerverfolgung<\/strong><\/p>\n\n\n\n<p>Wir nutzen den Tracking-Service von Leadoo, um zu verfolgen, was die Nutzer auf der Website tun, und kombinieren diese Verhaltensdaten mit anderen Daten, die wir z. B. aus Chat-Interaktionen gewinnen k\u00f6nnen. Leadoo verwendet Etag-Tracking, um das gleiche Nutzerverhalten \u00fcber mehrere Sitzungen hinweg zu verkn\u00fcpfen. Bitte lesen Sie die Datenschutzbestimmungen von Leadoo Marketing Technologies Ltd (<a href=\"https:\/\/leadoo.com\/privacy-policy\/\" target=\"_blank\" rel=\"noreferrer noopener\">https:\/\/leadoo.com\/privacy-policy\/<\/a>) f\u00fcr weitere Informationen dar\u00fcber, was getrackt wird und welche Rechte Sie haben. Leadoo arbeitet als Verarbeiter und wir arbeiten als Verantwortlicher f\u00fcr die Daten im Sinne der GDPR. Sie k\u00f6nnen das Tracking stoppen, indem Sie den Cache Ihres Browsers nach dem Besuch leeren. Mehr dar\u00fcber, wie Leadoo als GDPR-konformer Verarbeiter arbeitet, finden Sie unter<a href=\"https:\/\/leadoo.com\/privacy-policy-processor\/\" target=\"_blank\" rel=\"noreferrer noopener\"> https:\/\/leadoo.com\/privacy-policy-processor\/<\/a><\/p>","protected":false},"excerpt":{"rendered":"<p>User tracking We use Leadoo\u2019s tracking service to follow what users are doing on the site and combine this behavioral data with other data we can gather from e.g. chat interactions. Leadoo uses etag tracking in order to hook together the same users behavior over several sessions. Please check out Leadoo Marketing Technologies Ltd\u2019s Privacy [&hellip;]<\/p>\n","protected":false},"author":6,"featured_media":0,"parent":0,"menu_order":0,"comment_status":"closed","ping_status":"closed","template":"","meta":{"ocean_post_layout":"","ocean_both_sidebars_style":"","ocean_both_sidebars_content_width":0,"ocean_both_sidebars_sidebars_width":0,"ocean_sidebar":"0","ocean_second_sidebar":"0","ocean_disable_margins":"enable","ocean_add_body_class":"","ocean_shortcode_before_top_bar":"","ocean_shortcode_after_top_bar":"","ocean_shortcode_before_header":"","ocean_shortcode_after_header":"","ocean_has_shortcode":"","ocean_shortcode_after_title":"","ocean_shortcode_before_footer_widgets":"","ocean_shortcode_after_footer_widgets":"","ocean_shortcode_before_footer_bottom":"","ocean_shortcode_after_footer_bottom":"","ocean_display_top_bar":"default","ocean_display_header":"default","ocean_header_style":"","ocean_center_header_left_menu":"0","ocean_custom_header_template":"0","ocean_custom_logo":0,"ocean_custom_retina_logo":0,"ocean_custom_logo_max_width":0,"ocean_custom_logo_tablet_max_width":0,"ocean_custom_logo_mobile_max_width":0,"ocean_custom_logo_max_height":0,"ocean_custom_logo_tablet_max_height":0,"ocean_custom_logo_mobile_max_height":0,"ocean_header_custom_menu":"0","ocean_menu_typo_font_family":"0","ocean_menu_typo_font_subset":"","ocean_menu_typo_font_size":0,"ocean_menu_typo_font_size_tablet":0,"ocean_menu_typo_font_size_mobile":0,"ocean_menu_typo_font_size_unit":"px","ocean_menu_typo_font_weight":"","ocean_menu_typo_font_weight_tablet":"","ocean_menu_typo_font_weight_mobile":"","ocean_menu_typo_transform":"","ocean_menu_typo_transform_tablet":"","ocean_menu_typo_transform_mobile":"","ocean_menu_typo_line_height":0,"ocean_menu_typo_line_height_tablet":0,"ocean_menu_typo_line_height_mobile":0,"ocean_menu_typo_line_height_unit":"","ocean_menu_typo_spacing":0,"ocean_menu_typo_spacing_tablet":0,"ocean_menu_typo_spacing_mobile":0,"ocean_menu_typo_spacing_unit":"","ocean_menu_link_color":"","ocean_menu_link_color_hover":"","ocean_menu_link_color_active":"","ocean_menu_link_background":"","ocean_menu_link_hover_background":"","ocean_menu_link_active_background":"","ocean_menu_social_links_bg":"","ocean_menu_social_hover_links_bg":"","ocean_menu_social_links_color":"","ocean_menu_social_hover_links_color":"","ocean_disable_title":"default","ocean_disable_heading":"default","ocean_post_title":"","ocean_post_subheading":"","ocean_post_title_style":"","ocean_post_title_background_color":"","ocean_post_title_background":0,"ocean_post_title_bg_image_position":"","ocean_post_title_bg_image_attachment":"","ocean_post_title_bg_image_repeat":"","ocean_post_title_bg_image_size":"","ocean_post_title_height":0,"ocean_post_title_bg_overlay":0.5,"ocean_post_title_bg_overlay_color":"","ocean_disable_breadcrumbs":"default","ocean_breadcrumbs_color":"","ocean_breadcrumbs_separator_color":"","ocean_breadcrumbs_links_color":"","ocean_breadcrumbs_links_hover_color":"","ocean_display_footer_widgets":"default","ocean_display_footer_bottom":"default","ocean_custom_footer_template":"0","footnotes":""},"class_list":["post-1833","page","type-page","status-publish","hentry","entry"],"yoast_head":"<!-- This site is optimized with the Yoast SEO Premium plugin v27.3 (Yoast SEO v27.3) - https:\/\/yoast.com\/product\/yoast-seo-premium-wordpress\/ -->\n<title>Privacy Policy - MatrixWorks Europe<\/title>\n<meta name=\"robots\" content=\"index, follow, max-snippet:-1, max-image-preview:large, max-video-preview:-1\" \/>\n<link rel=\"canonical\" href=\"https:\/\/matrix-works.eu\/de\/datenschutzbestimmungen\/\" \/>\n<meta property=\"og:locale\" content=\"de_DE\" \/>\n<meta property=\"og:type\" content=\"article\" \/>\n<meta property=\"og:title\" content=\"Privacy Policy\" \/>\n<meta property=\"og:description\" content=\"User tracking We use Leadoo\u2019s tracking service to follow what users are doing on the site and combine this behavioral data with other data we can gather from e.g. chat interactions. Leadoo uses etag tracking in order to hook together the same users behavior over several sessions. Please check out Leadoo Marketing Technologies Ltd\u2019s Privacy [&hellip;]\" \/>\n<meta property=\"og:url\" content=\"https:\/\/matrix-works.eu\/de\/datenschutzbestimmungen\/\" \/>\n<meta property=\"og:site_name\" content=\"MatrixWorks Europe\" \/>\n<meta property=\"article:modified_time\" content=\"2020-07-02T15:17:48+00:00\" \/>\n<meta property=\"og:image\" content=\"https:\/\/matrix-works.eu\/wp-content\/uploads\/2025\/03\/GeoBox-in-Europe.png\" \/>\n\t<meta property=\"og:image:width\" content=\"1584\" \/>\n\t<meta property=\"og:image:height\" content=\"396\" \/>\n\t<meta property=\"og:image:type\" content=\"image\/png\" \/>\n<meta name=\"twitter:card\" content=\"summary_large_image\" \/>\n<meta name=\"twitter:site\" content=\"@MatrixWorksEU\" \/>\n<meta name=\"twitter:label1\" content=\"Gesch\u00e4tzte Lesezeit\" \/>\n\t<meta name=\"twitter:data1\" content=\"1\u00a0Minute\" \/>\n<script type=\"application\/ld+json\" class=\"yoast-schema-graph\">{\"@context\":\"https:\\\/\\\/schema.org\",\"@graph\":[{\"@type\":\"WebPage\",\"@id\":\"https:\\\/\\\/matrix-works.eu\\\/privacy-policy\\\/\",\"url\":\"https:\\\/\\\/matrix-works.eu\\\/privacy-policy\\\/\",\"name\":\"Privacy Policy - MatrixWorks Europe\",\"isPartOf\":{\"@id\":\"https:\\\/\\\/matrix-works.eu\\\/#website\"},\"datePublished\":\"2020-07-02T15:17:46+00:00\",\"dateModified\":\"2020-07-02T15:17:48+00:00\",\"breadcrumb\":{\"@id\":\"https:\\\/\\\/matrix-works.eu\\\/privacy-policy\\\/#breadcrumb\"},\"inLanguage\":\"de\",\"potentialAction\":[{\"@type\":\"ReadAction\",\"target\":[\"https:\\\/\\\/matrix-works.eu\\\/privacy-policy\\\/\"]}]},{\"@type\":\"BreadcrumbList\",\"@id\":\"https:\\\/\\\/matrix-works.eu\\\/privacy-policy\\\/#breadcrumb\",\"itemListElement\":[{\"@type\":\"ListItem\",\"position\":1,\"name\":\"Home\",\"item\":\"https:\\\/\\\/matrix-works.eu\\\/\"},{\"@type\":\"ListItem\",\"position\":2,\"name\":\"Privacy Policy\"}]},{\"@type\":\"WebSite\",\"@id\":\"https:\\\/\\\/matrix-works.eu\\\/#website\",\"url\":\"https:\\\/\\\/matrix-works.eu\\\/\",\"name\":\"MatrixWorks Europe\",\"description\":\"\",\"publisher\":{\"@id\":\"https:\\\/\\\/matrix-works.eu\\\/#organization\"},\"alternateName\":\"GeoBox in Europe\",\"potentialAction\":[{\"@type\":\"SearchAction\",\"target\":{\"@type\":\"EntryPoint\",\"urlTemplate\":\"https:\\\/\\\/matrix-works.eu\\\/?s={search_term_string}\"},\"query-input\":{\"@type\":\"PropertyValueSpecification\",\"valueRequired\":true,\"valueName\":\"search_term_string\"}}],\"inLanguage\":\"de\"},{\"@type\":\"Organization\",\"@id\":\"https:\\\/\\\/matrix-works.eu\\\/#organization\",\"name\":\"MatrixWorks Europe B.V.\",\"alternateName\":\"MatrixWorks\",\"url\":\"https:\\\/\\\/matrix-works.eu\\\/\",\"logo\":{\"@type\":\"ImageObject\",\"inLanguage\":\"de\",\"@id\":\"https:\\\/\\\/matrix-works.eu\\\/#\\\/schema\\\/logo\\\/image\\\/\",\"url\":\"https:\\\/\\\/matrix-works.eu\\\/wp-content\\\/uploads\\\/2018\\\/09\\\/MTXWorks_Logo-2.jpg\",\"contentUrl\":\"https:\\\/\\\/matrix-works.eu\\\/wp-content\\\/uploads\\\/2018\\\/09\\\/MTXWorks_Logo-2.jpg\",\"width\":681,\"height\":649,\"caption\":\"MatrixWorks Europe B.V.\"},\"image\":{\"@id\":\"https:\\\/\\\/matrix-works.eu\\\/#\\\/schema\\\/logo\\\/image\\\/\"},\"sameAs\":[\"https:\\\/\\\/x.com\\\/MatrixWorksEU\",\"https:\\\/\\\/www.linkedin.com\\\/company\\\/matrixworks-b-v\\\/\",\"https:\\\/\\\/www.youtube.com\\\/channel\\\/UCxunCnAsepOa59_myEXfCyA?view_as=subscriber\"],\"foundingDate\":\"2018-11-01\",\"vatID\":\"859250829B01\"}]}<\/script>\n<!-- \/ Yoast SEO Premium plugin. -->","yoast_head_json":{"title":"Datenschutzrichtlinie - MatrixWorks Europe","robots":{"index":"index","follow":"follow","max-snippet":"max-snippet:-1","max-image-preview":"max-image-preview:large","max-video-preview":"max-video-preview:-1"},"canonical":"https:\/\/matrix-works.eu\/de\/datenschutzbestimmungen\/","og_locale":"de_DE","og_type":"article","og_title":"Privacy Policy","og_description":"User tracking We use Leadoo\u2019s tracking service to follow what users are doing on the site and combine this behavioral data with other data we can gather from e.g. chat interactions. Leadoo uses etag tracking in order to hook together the same users behavior over several sessions. Please check out Leadoo Marketing Technologies Ltd\u2019s Privacy [&hellip;]","og_url":"https:\/\/matrix-works.eu\/de\/datenschutzbestimmungen\/","og_site_name":"MatrixWorks Europe","article_modified_time":"2020-07-02T15:17:48+00:00","og_image":[{"width":1584,"height":396,"url":"https:\/\/matrix-works.eu\/wp-content\/uploads\/2025\/03\/GeoBox-in-Europe.png","type":"image\/png"}],"twitter_card":"summary_large_image","twitter_site":"@MatrixWorksEU","twitter_misc":{"Gesch\u00e4tzte Lesezeit":"1\u00a0Minute"},"schema":{"@context":"https:\/\/schema.org","@graph":[{"@type":"WebPage","@id":"https:\/\/matrix-works.eu\/privacy-policy\/","url":"https:\/\/matrix-works.eu\/privacy-policy\/","name":"Datenschutzrichtlinie - MatrixWorks Europe","isPartOf":{"@id":"https:\/\/matrix-works.eu\/#website"},"datePublished":"2020-07-02T15:17:46+00:00","dateModified":"2020-07-02T15:17:48+00:00","breadcrumb":{"@id":"https:\/\/matrix-works.eu\/privacy-policy\/#breadcrumb"},"inLanguage":"de","potentialAction":[{"@type":"ReadAction","target":["https:\/\/matrix-works.eu\/privacy-policy\/"]}]},{"@type":"BreadcrumbList","@id":"https:\/\/matrix-works.eu\/privacy-policy\/#breadcrumb","itemListElement":[{"@type":"ListItem","position":1,"name":"Home","item":"https:\/\/matrix-works.eu\/"},{"@type":"ListItem","position":2,"name":"Privacy Policy"}]},{"@type":"WebSite","@id":"https:\/\/matrix-works.eu\/#website","url":"https:\/\/matrix-works.eu\/","name":"MatrixWorks Europa","description":"","publisher":{"@id":"https:\/\/matrix-works.eu\/#organization"},"alternateName":"GeoBox in Europe","potentialAction":[{"@type":"SearchAction","target":{"@type":"EntryPoint","urlTemplate":"https:\/\/matrix-works.eu\/?s={search_term_string}"},"query-input":{"@type":"PropertyValueSpecification","valueRequired":true,"valueName":"search_term_string"}}],"inLanguage":"de"},{"@type":"Organization","@id":"https:\/\/matrix-works.eu\/#organization","name":"MatrixWorks Europa B.V.","alternateName":"MatrixWorks","url":"https:\/\/matrix-works.eu\/","logo":{"@type":"ImageObject","inLanguage":"de","@id":"https:\/\/matrix-works.eu\/#\/schema\/logo\/image\/","url":"https:\/\/matrix-works.eu\/wp-content\/uploads\/2018\/09\/MTXWorks_Logo-2.jpg","contentUrl":"https:\/\/matrix-works.eu\/wp-content\/uploads\/2018\/09\/MTXWorks_Logo-2.jpg","width":681,"height":649,"caption":"MatrixWorks Europe B.V."},"image":{"@id":"https:\/\/matrix-works.eu\/#\/schema\/logo\/image\/"},"sameAs":["https:\/\/x.com\/MatrixWorksEU","https:\/\/www.linkedin.com\/company\/matrixworks-b-v\/","https:\/\/www.youtube.com\/channel\/UCxunCnAsepOa59_myEXfCyA?view_as=subscriber"],"foundingDate":"2018-11-01","vatID":"859250829B01"}]}},"_links":{"self":[{"href":"https:\/\/matrix-works.eu\/de\/wp-json\/wp\/v2\/pages\/1833","targetHints":{"allow":["GET"]}}],"collection":[{"href":"https:\/\/matrix-works.eu\/de\/wp-json\/wp\/v2\/pages"}],"about":[{"href":"https:\/\/matrix-works.eu\/de\/wp-json\/wp\/v2\/types\/page"}],"author":[{"embeddable":true,"href":"https:\/\/matrix-works.eu\/de\/wp-json\/wp\/v2\/users\/6"}],"replies":[{"embeddable":true,"href":"https:\/\/matrix-works.eu\/de\/wp-json\/wp\/v2\/comments?post=1833"}],"version-history":[{"count":1,"href":"https:\/\/matrix-works.eu\/de\/wp-json\/wp\/v2\/pages\/1833\/revisions"}],"predecessor-version":[{"id":1834,"href":"https:\/\/matrix-works.eu\/de\/wp-json\/wp\/v2\/pages\/1833\/revisions\/1834"}],"wp:attachment":[{"href":"https:\/\/matrix-works.eu\/de\/wp-json\/wp\/v2\/media?parent=1833"}],"curies":[{"name":"wp","href":"https:\/\/api.w.org\/{rel}","templated":true}]}}