{"id":1812,"date":"2020-07-01T14:20:15","date_gmt":"2020-07-01T14:20:15","guid":{"rendered":"https:\/\/matrix-works.eu\/?page_id=1812"},"modified":"2020-08-03T12:11:05","modified_gmt":"2020-08-03T12:11:05","slug":"melange-de-projecteurs","status":"publish","type":"page","link":"https:\/\/matrix-works.eu\/fr\/projector-blending\/","title":{"rendered":"M\u00e9lange de projecteurs"},"content":{"rendered":"<div data-elementor-type=\"wp-page\" data-elementor-id=\"1812\" class=\"elementor elementor-1812\" data-elementor-post-type=\"page\">\n\t\t\t\t\t\t<section class=\"elementor-section elementor-top-section elementor-element elementor-element-19ff1a9 elementor-section-boxed elementor-section-height-default elementor-section-height-default\" data-id=\"19ff1a9\" data-element_type=\"section\" data-e-type=\"section\">\n\t\t\t\t\t\t<div class=\"elementor-container elementor-column-gap-default\">\n\t\t\t\t\t<div class=\"elementor-column elementor-col-100 elementor-top-column elementor-element elementor-element-42450b4\" data-id=\"42450b4\" data-element_type=\"column\" data-e-type=\"column\">\n\t\t\t<div class=\"elementor-widget-wrap elementor-element-populated\">\n\t\t\t\t\t\t<div class=\"elementor-element elementor-element-59ba58c elementor-widget elementor-widget-heading\" data-id=\"59ba58c\" data-element_type=\"widget\" data-e-type=\"widget\" data-widget_type=\"heading.default\">\n\t\t\t\t<div class=\"elementor-widget-container\">\n\t\t\t\t\t<h1 class=\"elementor-heading-title elementor-size-default\">Projecteur de fusion, projecteurs de fusion des bords<\/h1>\t\t\t\t<\/div>\n\t\t\t\t<\/div>\n\t\t\t\t\t<\/div>\n\t\t<\/div>\n\t\t\t\t\t<\/div>\n\t\t<\/section>\n\t\t\t\t<section class=\"elementor-section elementor-top-section elementor-element elementor-element-c06c773 elementor-section-boxed elementor-section-height-default elementor-section-height-default\" data-id=\"c06c773\" data-element_type=\"section\" data-e-type=\"section\">\n\t\t\t\t\t\t<div class=\"elementor-container elementor-column-gap-default\">\n\t\t\t\t\t<div class=\"elementor-column elementor-col-100 elementor-top-column elementor-element elementor-element-0606dbb\" data-id=\"0606dbb\" data-element_type=\"column\" data-e-type=\"column\">\n\t\t\t<div class=\"elementor-widget-wrap elementor-element-populated\">\n\t\t\t\t\t\t<div class=\"elementor-element elementor-element-1eb97e3 elementor-widget elementor-widget-text-editor\" data-id=\"1eb97e3\" data-element_type=\"widget\" data-e-type=\"widget\" data-widget_type=\"text-editor.default\">\n\t\t\t\t<div class=\"elementor-widget-container\">\n\t\t\t\t\t\t\t\t\t<p>La cr\u00e9ation d'une image plus grande en utilisant la fusion des bords avec plusieurs projecteurs peut \u00e9galement \u00eatre appel\u00e9e fusion de projecteurs. En combinant plusieurs projecteurs et en les alignant, on obtient une image plus grande ou de plus haute r\u00e9solution. Cette technique est souvent utilis\u00e9e dans les grands espaces, tels que les mus\u00e9es et les galeries d'art. Elle est plus efficace lorsque les gens ne se rendent pas compte que plusieurs projecteurs ont \u00e9t\u00e9 utilis\u00e9s. Vous pouvez cr\u00e9er de magnifiques affichages en utilisant le m\u00e9lange de projecteurs et cela donnera un coup de fouet \u00e0 votre espace.<\/p>\t\t\t\t\t\t\t\t<\/div>\n\t\t\t\t<\/div>\n\t\t\t\t<div class=\"elementor-element elementor-element-af04d9b elementor-widget elementor-widget-heading\" data-id=\"af04d9b\" data-element_type=\"widget\" data-e-type=\"widget\" data-widget_type=\"heading.default\">\n\t\t\t\t<div class=\"elementor-widget-container\">\n\t\t\t\t\t<h2 class=\"elementor-heading-title elementor-size-default\">Qu'est-ce que c'est et quelle est son application ?<\/h2>\t\t\t\t<\/div>\n\t\t\t\t<\/div>\n\t\t\t\t<div class=\"elementor-element elementor-element-6c53d1b elementor-widget elementor-widget-text-editor\" data-id=\"6c53d1b\" data-element_type=\"widget\" data-e-type=\"widget\" data-widget_type=\"text-editor.default\">\n\t\t\t\t<div class=\"elementor-widget-container\">\n\t\t\t\t\t\t\t\t\t<p>Il est \u00e9galement connu sous le nom de edge blending. Il s'agit du processus de superposition des bords d'une image pour obtenir une image plus lumineuse, de plus haute r\u00e9solution et plus grande, projet\u00e9e par plusieurs projecteurs. Lors de l'affichage d'une image avec plusieurs projecteurs, une partie de l'image se chevauche. Vous pouvez choisir d'agrandir ou de r\u00e9duire ce chevauchement en fonction de ce que vous pensez \u00eatre le mieux adapt\u00e9.\u00a0\u00a0<\/p><ul><li>Sans chevauchement du tout, vous obtiendrez une ligne fine entre les \u00e9crans. Celle-ci peut \u00eatre blanche ou noire, selon vos param\u00e8tres. La ligne peut \u00eatre tr\u00e8s fine, mais elle sera tr\u00e8s probablement \u00e9vidente pour l'\u0153il humain.\u00a0\u00a0<\/li><li>Lorsque vos projecteurs se chevauchent, les niveaux de luminosit\u00e9 ne sont pas imm\u00e9diatement corr\u00e9l\u00e9s. Gr\u00e2ce \u00e0 la fonctionnalit\u00e9 de fusion des bords, vous pouvez modifier la luminosit\u00e9 \u00e0 certains endroits de votre \u00e9cran. Vous pouvez r\u00e9duire les niveaux de luminosit\u00e9 dans les zones de chevauchement afin que la luminosit\u00e9 combin\u00e9e des deux projecteurs donne \u00e0 l'image un aspect homog\u00e8ne. L'utilisation de plusieurs projecteurs de ce type peut \u00eatre difficile et il est possible que vous voyiez toujours le chevauchement, mais gr\u00e2ce \u00e0 la technologie avanc\u00e9e d'aujourd'hui, il est plus facile que jamais d'obtenir un affichage homog\u00e8ne \u00e0 partir de plusieurs projecteurs.<\/li><\/ul><p>L'objectif ici est de faire croire \u00e0 votre public que tout est projet\u00e9 par un seul et m\u00eame projecteur. Les projecteurs Edge blending sont tr\u00e8s faciles \u00e0 utiliser et vous permettront d'obtenir un grand \u00e9cran vertical ou horizontal, mais vous n'avez pas besoin d'un projecteur de type \"Edge blending\".\u00a0<a href=\"https:\/\/matrix-works.eu\/edge-blending-2\/\"><strong>projecteur de fusion des bords<\/strong>\u00a0<\/a>pour cela ; l'alignement des projecteurs et l'utilisation de modules compl\u00e9mentaires de fusion des bords fonctionneront parfaitement.<\/p><p>C'est id\u00e9al pour les pr\u00e9sentations et les expositions d'art, et vous pouvez voir quelques belles photos d'expositions sur notre site Web.\u00a0<a href=\"https:\/\/twitter.com\/MatrixWorksEU\"><strong>twitter<\/strong><\/a> alimentation. Si vous avez d'autres questions, vous pouvez toujours nous envoyer un message via notre site Web ou utiliser notre assistant en ligne pour vous aider \u00e0 trouver les produits parfaits pour votre projet. Le m\u00e9lange de projecteurs cr\u00e9e de grandes et belles images et vous donne une grande libert\u00e9 quant \u00e0 la taille et la forme de votre \u00e9cran.\u00a0<\/p>\t\t\t\t\t\t\t\t<\/div>\n\t\t\t\t<\/div>\n\t\t\t\t<div class=\"elementor-element elementor-element-a9f9fc7 elementor-widget elementor-widget-heading\" data-id=\"a9f9fc7\" data-element_type=\"widget\" data-e-type=\"widget\" data-widget_type=\"heading.default\">\n\t\t\t\t<div class=\"elementor-widget-container\">\n\t\t\t\t\t<h2 class=\"elementor-heading-title elementor-size-default\">Nos produits<\/h2>\t\t\t\t<\/div>\n\t\t\t\t<\/div>\n\t\t\t\t<div class=\"elementor-element elementor-element-78e1061 elementor-widget elementor-widget-text-editor\" data-id=\"78e1061\" data-element_type=\"widget\" data-e-type=\"widget\" data-widget_type=\"text-editor.default\">\n\t\t\t\t<div class=\"elementor-widget-container\">\n\t\t\t\t\t\t\t\t\t<p><span data-contrast=\"auto\">Nous vendons des processeurs de fusion des bords GeoBox, qui sont des bo\u00eetiers autonomes tout-en-un, permettant \u00e0 tout type de projecteur de devenir un projecteur de fusion des bords.<\/span><span data-contrast=\"auto\">.\u00a0 \u00a0<\/span><span data-contrast=\"auto\">Si vous vous demandez quels mod\u00e8les\u00a0<\/span><span data-contrast=\"auto\">vous avez besoin, vous pouvez toujours nous contacter et comme<\/span><span data-contrast=\"auto\">k<\/span><span data-contrast=\"auto\">\u00a0les questions nous expliquent<\/span><span data-contrast=\"auto\">ing<\/span><span data-contrast=\"auto\">\u00a0votre situation afin que nous puissions vous donner nos conseils<\/span><span data-contrast=\"auto\">.<\/span><span data-contrast=\"auto\">\u00a0<\/span><span data-contrast=\"auto\">Si vous cherchez \u00e0 acheter, consultez notre section\u00a0<a href=\"https:\/\/matrix-works.eu\/edge-blending-2\/\">page du produit<\/a>\u00a0de processeurs de m\u00e9lange de bords<\/span><span data-contrast=\"auto\">.\u00a0<\/span><span data-contrast=\"auto\">Si vous souhaitez voir des exemples de ce que nos processeurs peuvent faire et suivre nos activit\u00e9s, nous vous invitons \u00e0 nous contacter.<\/span><span data-contrast=\"auto\">r<\/span><span data-contrast=\"auto\">\u00a0n'oubliez pas de nous suivre sur\u00a0<\/span><a href=\"https:\/\/twitter.com\/MatrixWorksEU\">twitter\u00a0<\/a><span data-contrast=\"auto\">et\u00a0<a href=\"https:\/\/www.linkedin.com\/company\/matrixworks-b-v\/\">LinkedIn<\/a>.<\/span><span data-ccp-props=\"{\">\u00a0<\/span><\/p><p><span data-contrast=\"auto\">Si vous avez d'autres questions, vous pouvez toujours nous envoyer un courriel.<\/span><span data-contrast=\"auto\">\u00a0via\u00a0<\/span><a href=\"mailto:info@matrix-works.eu\">info@matrix-works.eu<\/a>\u00a0 Nous avons<span data-contrast=\"auto\">Nous sommes heureux de vous aider !\u00a0<\/span><\/p>\t\t\t\t\t\t\t\t<\/div>\n\t\t\t\t<\/div>\n\t\t\t\t\t<\/div>\n\t\t<\/div>\n\t\t\t\t\t<\/div>\n\t\t<\/section>\n\t\t\t\t<section class=\"elementor-section elementor-top-section elementor-element elementor-element-71e0edb elementor-section-boxed elementor-section-height-default elementor-section-height-default\" data-id=\"71e0edb\" data-element_type=\"section\" data-e-type=\"section\">\n\t\t\t\t\t\t<div class=\"elementor-container elementor-column-gap-default\">\n\t\t\t\t\t<div class=\"elementor-column elementor-col-100 elementor-top-column elementor-element elementor-element-ce6b1da\" data-id=\"ce6b1da\" data-element_type=\"column\" data-e-type=\"column\">\n\t\t\t<div class=\"elementor-widget-wrap elementor-element-populated\">\n\t\t\t\t\t\t<div class=\"elementor-element elementor-element-a2c2c24 elementor-widget elementor-widget-image\" data-id=\"a2c2c24\" data-element_type=\"widget\" data-e-type=\"widget\" data-widget_type=\"image.default\">\n\t\t\t\t<div class=\"elementor-widget-container\">\n\t\t\t\t\t\t\t\t\t\t\t\t\t\t\t<img decoding=\"async\" src=\"https:\/\/matrix-works.eu\/wp-content\/uploads\/2018\/10\/Voorbeeld3.jpg\" title=\"\" alt=\"\" loading=\"lazy\" \/>\t\t\t\t\t\t\t\t\t\t\t\t\t\t\t<\/div>\n\t\t\t\t<\/div>\n\t\t\t\t\t<\/div>\n\t\t<\/div>\n\t\t\t\t\t<\/div>\n\t\t<\/section>\n\t\t\t\t<\/div>","protected":false},"excerpt":{"rendered":"<p>Projector blending, edge blending projectors Creating a bigger image using edge blending with multiple projectors can also be\u00a0called\u00a0projector blending. Combining multiple projectors and lining them up will result in a bigger image or one with a higher resolution. This is often used in big spaces such as museums and gallery halls and is best executed [&hellip;]<\/p>\n","protected":false},"author":2,"featured_media":0,"parent":0,"menu_order":0,"comment_status":"closed","ping_status":"closed","template":"","meta":{"ocean_post_layout":"full-width","ocean_both_sidebars_style":"","ocean_both_sidebars_content_width":0,"ocean_both_sidebars_sidebars_width":0,"ocean_sidebar":"0","ocean_second_sidebar":"0","ocean_disable_margins":"enable","ocean_add_body_class":"","ocean_shortcode_before_top_bar":"","ocean_shortcode_after_top_bar":"","ocean_shortcode_before_header":"","ocean_shortcode_after_header":"","ocean_has_shortcode":"","ocean_shortcode_after_title":"","ocean_shortcode_before_footer_widgets":"","ocean_shortcode_after_footer_widgets":"","ocean_shortcode_before_footer_bottom":"","ocean_shortcode_after_footer_bottom":"","ocean_display_top_bar":"default","ocean_display_header":"default","ocean_header_style":"","ocean_center_header_left_menu":"0","ocean_custom_header_template":"0","ocean_custom_logo":0,"ocean_custom_retina_logo":0,"ocean_custom_logo_max_width":0,"ocean_custom_logo_tablet_max_width":0,"ocean_custom_logo_mobile_max_width":0,"ocean_custom_logo_max_height":0,"ocean_custom_logo_tablet_max_height":0,"ocean_custom_logo_mobile_max_height":0,"ocean_header_custom_menu":"0","ocean_menu_typo_font_family":"0","ocean_menu_typo_font_subset":"","ocean_menu_typo_font_size":0,"ocean_menu_typo_font_size_tablet":0,"ocean_menu_typo_font_size_mobile":0,"ocean_menu_typo_font_size_unit":"px","ocean_menu_typo_font_weight":"","ocean_menu_typo_font_weight_tablet":"","ocean_menu_typo_font_weight_mobile":"","ocean_menu_typo_transform":"","ocean_menu_typo_transform_tablet":"","ocean_menu_typo_transform_mobile":"","ocean_menu_typo_line_height":0,"ocean_menu_typo_line_height_tablet":0,"ocean_menu_typo_line_height_mobile":0,"ocean_menu_typo_line_height_unit":"","ocean_menu_typo_spacing":0,"ocean_menu_typo_spacing_tablet":0,"ocean_menu_typo_spacing_mobile":0,"ocean_menu_typo_spacing_unit":"","ocean_menu_link_color":"","ocean_menu_link_color_hover":"","ocean_menu_link_color_active":"","ocean_menu_link_background":"","ocean_menu_link_hover_background":"","ocean_menu_link_active_background":"","ocean_menu_social_links_bg":"","ocean_menu_social_hover_links_bg":"","ocean_menu_social_links_color":"","ocean_menu_social_hover_links_color":"","ocean_disable_title":"default","ocean_disable_heading":"default","ocean_post_title":"","ocean_post_subheading":"","ocean_post_title_style":"","ocean_post_title_background_color":"","ocean_post_title_background":0,"ocean_post_title_bg_image_position":"","ocean_post_title_bg_image_attachment":"","ocean_post_title_bg_image_repeat":"","ocean_post_title_bg_image_size":"","ocean_post_title_height":0,"ocean_post_title_bg_overlay":0.5,"ocean_post_title_bg_overlay_color":"","ocean_disable_breadcrumbs":"default","ocean_breadcrumbs_color":"","ocean_breadcrumbs_separator_color":"","ocean_breadcrumbs_links_color":"","ocean_breadcrumbs_links_hover_color":"","ocean_display_footer_widgets":"default","ocean_display_footer_bottom":"default","ocean_custom_footer_template":"0","footnotes":""},"class_list":["post-1812","page","type-page","status-publish","hentry","entry"],"yoast_head":"<!-- This site is optimized with the Yoast SEO Premium plugin v27.5 (Yoast SEO v27.5) - https:\/\/yoast.com\/product\/yoast-seo-premium-wordpress\/ -->\n<title>Projector blending - MatrixWorks Europe<\/title>\n<meta name=\"description\" content=\"Projector blending with multiple projectors is the process of overlapping the edges of an image to make a brighter and higher resolution.\" \/>\n<meta name=\"robots\" content=\"index, follow, max-snippet:-1, max-image-preview:large, max-video-preview:-1\" \/>\n<link rel=\"canonical\" href=\"https:\/\/matrix-works.eu\/fr\/melange-de-projecteurs\/\" \/>\n<meta property=\"og:locale\" content=\"fr_FR\" \/>\n<meta property=\"og:type\" content=\"article\" \/>\n<meta property=\"og:title\" content=\"Projector blending\" \/>\n<meta property=\"og:description\" content=\"Projector blending with multiple projectors is the process of overlapping the edges of an image to make a brighter and higher resolution.\" \/>\n<meta property=\"og:url\" content=\"https:\/\/matrix-works.eu\/fr\/melange-de-projecteurs\/\" \/>\n<meta property=\"og:site_name\" content=\"MatrixWorks Europe\" \/>\n<meta property=\"article:modified_time\" content=\"2020-08-03T12:11:05+00:00\" \/>\n<meta property=\"og:image\" content=\"https:\/\/matrix-works.eu\/wp-content\/uploads\/2018\/10\/Voorbeeld3-1024x724.jpg\" \/>\n<meta name=\"twitter:card\" content=\"summary_large_image\" \/>\n<meta name=\"twitter:site\" content=\"@MatrixWorksEU\" \/>\n<meta name=\"twitter:label1\" content=\"Dur\u00e9e de lecture estim\u00e9e\" \/>\n\t<meta name=\"twitter:data1\" content=\"3 minutes\" \/>\n<script type=\"application\/ld+json\" class=\"yoast-schema-graph\">{\"@context\":\"https:\\\/\\\/schema.org\",\"@graph\":[{\"@type\":\"WebPage\",\"@id\":\"https:\\\/\\\/matrix-works.eu\\\/fr\\\/melange-de-projecteurs\\\/\",\"url\":\"https:\\\/\\\/matrix-works.eu\\\/fr\\\/melange-de-projecteurs\\\/\",\"name\":\"Projector blending - MatrixWorks Europe\",\"isPartOf\":{\"@id\":\"https:\\\/\\\/matrix-works.eu\\\/#website\"},\"primaryImageOfPage\":{\"@id\":\"https:\\\/\\\/matrix-works.eu\\\/fr\\\/melange-de-projecteurs\\\/#primaryimage\"},\"image\":{\"@id\":\"https:\\\/\\\/matrix-works.eu\\\/fr\\\/melange-de-projecteurs\\\/#primaryimage\"},\"thumbnailUrl\":\"https:\\\/\\\/matrix-works.eu\\\/wp-content\\\/uploads\\\/2018\\\/10\\\/Voorbeeld3-1024x724.jpg\",\"datePublished\":\"2020-07-01T14:20:15+00:00\",\"dateModified\":\"2020-08-03T12:11:05+00:00\",\"description\":\"Projector blending with multiple projectors is the process of overlapping the edges of an image to make a brighter and higher resolution.\",\"breadcrumb\":{\"@id\":\"https:\\\/\\\/matrix-works.eu\\\/fr\\\/melange-de-projecteurs\\\/#breadcrumb\"},\"inLanguage\":\"fr-FR\",\"potentialAction\":[{\"@type\":\"ReadAction\",\"target\":[\"https:\\\/\\\/matrix-works.eu\\\/fr\\\/melange-de-projecteurs\\\/\"]}]},{\"@type\":\"ImageObject\",\"inLanguage\":\"fr-FR\",\"@id\":\"https:\\\/\\\/matrix-works.eu\\\/fr\\\/melange-de-projecteurs\\\/#primaryimage\",\"url\":\"https:\\\/\\\/matrix-works.eu\\\/wp-content\\\/uploads\\\/2018\\\/10\\\/Voorbeeld3-1024x724.jpg\",\"contentUrl\":\"https:\\\/\\\/matrix-works.eu\\\/wp-content\\\/uploads\\\/2018\\\/10\\\/Voorbeeld3-1024x724.jpg\"},{\"@type\":\"BreadcrumbList\",\"@id\":\"https:\\\/\\\/matrix-works.eu\\\/fr\\\/melange-de-projecteurs\\\/#breadcrumb\",\"itemListElement\":[{\"@type\":\"ListItem\",\"position\":1,\"name\":\"Home\",\"item\":\"https:\\\/\\\/matrix-works.eu\\\/\"},{\"@type\":\"ListItem\",\"position\":2,\"name\":\"Projector blending\"}]},{\"@type\":\"WebSite\",\"@id\":\"https:\\\/\\\/matrix-works.eu\\\/#website\",\"url\":\"https:\\\/\\\/matrix-works.eu\\\/\",\"name\":\"MatrixWorks Europe\",\"description\":\"\",\"publisher\":{\"@id\":\"https:\\\/\\\/matrix-works.eu\\\/#organization\"},\"alternateName\":\"GeoBox in Europe\",\"potentialAction\":[{\"@type\":\"SearchAction\",\"target\":{\"@type\":\"EntryPoint\",\"urlTemplate\":\"https:\\\/\\\/matrix-works.eu\\\/?s={search_term_string}\"},\"query-input\":{\"@type\":\"PropertyValueSpecification\",\"valueRequired\":true,\"valueName\":\"search_term_string\"}}],\"inLanguage\":\"fr-FR\"},{\"@type\":\"Organization\",\"@id\":\"https:\\\/\\\/matrix-works.eu\\\/#organization\",\"name\":\"MatrixWorks Europe B.V.\",\"alternateName\":\"MatrixWorks\",\"url\":\"https:\\\/\\\/matrix-works.eu\\\/\",\"logo\":{\"@type\":\"ImageObject\",\"inLanguage\":\"fr-FR\",\"@id\":\"https:\\\/\\\/matrix-works.eu\\\/#\\\/schema\\\/logo\\\/image\\\/\",\"url\":\"https:\\\/\\\/matrix-works.eu\\\/wp-content\\\/uploads\\\/2018\\\/09\\\/MTXWorks_Logo-2.jpg\",\"contentUrl\":\"https:\\\/\\\/matrix-works.eu\\\/wp-content\\\/uploads\\\/2018\\\/09\\\/MTXWorks_Logo-2.jpg\",\"width\":681,\"height\":649,\"caption\":\"MatrixWorks Europe B.V.\"},\"image\":{\"@id\":\"https:\\\/\\\/matrix-works.eu\\\/#\\\/schema\\\/logo\\\/image\\\/\"},\"sameAs\":[\"https:\\\/\\\/x.com\\\/MatrixWorksEU\",\"https:\\\/\\\/www.linkedin.com\\\/company\\\/matrixworks-b-v\\\/\",\"https:\\\/\\\/www.youtube.com\\\/channel\\\/UCxunCnAsepOa59_myEXfCyA?view_as=subscriber\"],\"foundingDate\":\"2018-11-01\",\"vatID\":\"859250829B01\"}]}<\/script>\n<!-- \/ Yoast SEO Premium plugin. -->","yoast_head_json":{"title":"M\u00e9lange de projecteurs - MatrixWorks France","description":"Le m\u00e9lange de projecteurs avec plusieurs projecteurs est le processus de superposition des bords d'une image pour obtenir une image plus lumineuse et de plus haute r\u00e9solution.","robots":{"index":"index","follow":"follow","max-snippet":"max-snippet:-1","max-image-preview":"max-image-preview:large","max-video-preview":"max-video-preview:-1"},"canonical":"https:\/\/matrix-works.eu\/fr\/melange-de-projecteurs\/","og_locale":"fr_FR","og_type":"article","og_title":"Projector blending","og_description":"Projector blending with multiple projectors is the process of overlapping the edges of an image to make a brighter and higher resolution.","og_url":"https:\/\/matrix-works.eu\/fr\/melange-de-projecteurs\/","og_site_name":"MatrixWorks Europe","article_modified_time":"2020-08-03T12:11:05+00:00","og_image":[{"url":"https:\/\/matrix-works.eu\/wp-content\/uploads\/2018\/10\/Voorbeeld3-1024x724.jpg","type":"","width":"","height":""}],"twitter_card":"summary_large_image","twitter_site":"@MatrixWorksEU","twitter_misc":{"Dur\u00e9e de lecture estim\u00e9e":"3 minutes"},"schema":{"@context":"https:\/\/schema.org","@graph":[{"@type":"WebPage","@id":"https:\/\/matrix-works.eu\/fr\/melange-de-projecteurs\/","url":"https:\/\/matrix-works.eu\/fr\/melange-de-projecteurs\/","name":"M\u00e9lange de projecteurs - MatrixWorks France","isPartOf":{"@id":"https:\/\/matrix-works.eu\/#website"},"primaryImageOfPage":{"@id":"https:\/\/matrix-works.eu\/fr\/melange-de-projecteurs\/#primaryimage"},"image":{"@id":"https:\/\/matrix-works.eu\/fr\/melange-de-projecteurs\/#primaryimage"},"thumbnailUrl":"https:\/\/matrix-works.eu\/wp-content\/uploads\/2018\/10\/Voorbeeld3-1024x724.jpg","datePublished":"2020-07-01T14:20:15+00:00","dateModified":"2020-08-03T12:11:05+00:00","description":"Le m\u00e9lange de projecteurs avec plusieurs projecteurs est le processus de superposition des bords d'une image pour obtenir une image plus lumineuse et de plus haute r\u00e9solution.","breadcrumb":{"@id":"https:\/\/matrix-works.eu\/fr\/melange-de-projecteurs\/#breadcrumb"},"inLanguage":"fr-FR","potentialAction":[{"@type":"ReadAction","target":["https:\/\/matrix-works.eu\/fr\/melange-de-projecteurs\/"]}]},{"@type":"ImageObject","inLanguage":"fr-FR","@id":"https:\/\/matrix-works.eu\/fr\/melange-de-projecteurs\/#primaryimage","url":"https:\/\/matrix-works.eu\/wp-content\/uploads\/2018\/10\/Voorbeeld3-1024x724.jpg","contentUrl":"https:\/\/matrix-works.eu\/wp-content\/uploads\/2018\/10\/Voorbeeld3-1024x724.jpg"},{"@type":"BreadcrumbList","@id":"https:\/\/matrix-works.eu\/fr\/melange-de-projecteurs\/#breadcrumb","itemListElement":[{"@type":"ListItem","position":1,"name":"Home","item":"https:\/\/matrix-works.eu\/"},{"@type":"ListItem","position":2,"name":"Projector blending"}]},{"@type":"WebSite","@id":"https:\/\/matrix-works.eu\/#website","url":"https:\/\/matrix-works.eu\/","name":"MatrixWorks Europe","description":"","publisher":{"@id":"https:\/\/matrix-works.eu\/#organization"},"alternateName":"GeoBox in Europe","potentialAction":[{"@type":"SearchAction","target":{"@type":"EntryPoint","urlTemplate":"https:\/\/matrix-works.eu\/?s={search_term_string}"},"query-input":{"@type":"PropertyValueSpecification","valueRequired":true,"valueName":"search_term_string"}}],"inLanguage":"fr-FR"},{"@type":"Organization","@id":"https:\/\/matrix-works.eu\/#organization","name":"MatrixWorks Europe B.V.","alternateName":"MatrixWorks","url":"https:\/\/matrix-works.eu\/","logo":{"@type":"ImageObject","inLanguage":"fr-FR","@id":"https:\/\/matrix-works.eu\/#\/schema\/logo\/image\/","url":"https:\/\/matrix-works.eu\/wp-content\/uploads\/2018\/09\/MTXWorks_Logo-2.jpg","contentUrl":"https:\/\/matrix-works.eu\/wp-content\/uploads\/2018\/09\/MTXWorks_Logo-2.jpg","width":681,"height":649,"caption":"MatrixWorks Europe B.V."},"image":{"@id":"https:\/\/matrix-works.eu\/#\/schema\/logo\/image\/"},"sameAs":["https:\/\/x.com\/MatrixWorksEU","https:\/\/www.linkedin.com\/company\/matrixworks-b-v\/","https:\/\/www.youtube.com\/channel\/UCxunCnAsepOa59_myEXfCyA?view_as=subscriber"],"foundingDate":"2018-11-01","vatID":"859250829B01"}]}},"_links":{"self":[{"href":"https:\/\/matrix-works.eu\/fr\/wp-json\/wp\/v2\/pages\/1812","targetHints":{"allow":["GET"]}}],"collection":[{"href":"https:\/\/matrix-works.eu\/fr\/wp-json\/wp\/v2\/pages"}],"about":[{"href":"https:\/\/matrix-works.eu\/fr\/wp-json\/wp\/v2\/types\/page"}],"author":[{"embeddable":true,"href":"https:\/\/matrix-works.eu\/fr\/wp-json\/wp\/v2\/users\/2"}],"replies":[{"embeddable":true,"href":"https:\/\/matrix-works.eu\/fr\/wp-json\/wp\/v2\/comments?post=1812"}],"version-history":[{"count":11,"href":"https:\/\/matrix-works.eu\/fr\/wp-json\/wp\/v2\/pages\/1812\/revisions"}],"predecessor-version":[{"id":2123,"href":"https:\/\/matrix-works.eu\/fr\/wp-json\/wp\/v2\/pages\/1812\/revisions\/2123"}],"wp:attachment":[{"href":"https:\/\/matrix-works.eu\/fr\/wp-json\/wp\/v2\/media?parent=1812"}],"curies":[{"name":"wp","href":"https:\/\/api.w.org\/{rel}","templated":true}]}}