{"id":1814,"date":"2020-07-01T14:20:49","date_gmt":"2020-07-01T14:20:49","guid":{"rendered":"https:\/\/matrix-works.eu\/?page_id=1814"},"modified":"2024-06-06T13:59:58","modified_gmt":"2024-06-06T13:59:58","slug":"fusion-des-bords-de-deux-projecteurs","status":"publish","type":"page","link":"https:\/\/matrix-works.eu\/fr\/edge-blending-two-projectors\/","title":{"rendered":"M\u00e9lange des bords de deux projecteurs"},"content":{"rendered":"<div data-elementor-type=\"wp-page\" data-elementor-id=\"1814\" class=\"elementor elementor-1814\" data-elementor-post-type=\"page\">\n\t\t\t\t\t\t<section class=\"elementor-section elementor-top-section elementor-element elementor-element-084d7aa elementor-section-boxed elementor-section-height-default elementor-section-height-default\" data-id=\"084d7aa\" data-element_type=\"section\" data-e-type=\"section\">\n\t\t\t\t\t\t<div class=\"elementor-container elementor-column-gap-default\">\n\t\t\t\t\t<div class=\"elementor-column elementor-col-100 elementor-top-column elementor-element elementor-element-2d44150\" data-id=\"2d44150\" data-element_type=\"column\" data-e-type=\"column\">\n\t\t\t<div class=\"elementor-widget-wrap elementor-element-populated\">\n\t\t\t\t\t\t<div class=\"elementor-element elementor-element-4c68266 elementor-widget elementor-widget-heading\" data-id=\"4c68266\" data-element_type=\"widget\" data-e-type=\"widget\" data-widget_type=\"heading.default\">\n\t\t\t\t<div class=\"elementor-widget-container\">\n\t\t\t\t\t<h1 class=\"elementor-heading-title elementor-size-default\">Combinaison des images de deux ou plusieurs projecteurs <\/h1>\t\t\t\t<\/div>\n\t\t\t\t<\/div>\n\t\t\t\t\t<\/div>\n\t\t<\/div>\n\t\t\t\t\t<\/div>\n\t\t<\/section>\n\t\t\t\t<section class=\"elementor-section elementor-top-section elementor-element elementor-element-b9c976c elementor-section-boxed elementor-section-height-default elementor-section-height-default\" data-id=\"b9c976c\" data-element_type=\"section\" data-e-type=\"section\">\n\t\t\t\t\t\t<div class=\"elementor-container elementor-column-gap-default\">\n\t\t\t\t\t<div class=\"elementor-column elementor-col-100 elementor-top-column elementor-element elementor-element-99d8161\" data-id=\"99d8161\" data-element_type=\"column\" data-e-type=\"column\">\n\t\t\t<div class=\"elementor-widget-wrap elementor-element-populated\">\n\t\t\t\t\t\t<div class=\"elementor-element elementor-element-522ea1e elementor-widget elementor-widget-text-editor\" data-id=\"522ea1e\" data-element_type=\"widget\" data-e-type=\"widget\" data-widget_type=\"text-editor.default\">\n\t\t\t\t<div class=\"elementor-widget-container\">\n\t\t\t\t\t\t\t\t\t<p>La fusion de deux projecteurs consiste \u00e0 cr\u00e9er un grand \u00e9cran sans couture en combinant les images de deux projecteurs. En alignant deux projecteurs et en r\u00e9glant la luminosit\u00e9 du chevauchement, vous pouvez cr\u00e9er une image plus grande.\u00a0<\/p>\t\t\t\t\t\t\t\t<\/div>\n\t\t\t\t<\/div>\n\t\t\t\t<div class=\"elementor-element elementor-element-cc2f784 elementor-widget elementor-widget-heading\" data-id=\"cc2f784\" data-element_type=\"widget\" data-e-type=\"widget\" data-widget_type=\"heading.default\">\n\t\t\t\t<div class=\"elementor-widget-container\">\n\t\t\t\t\t<h2 class=\"elementor-heading-title elementor-size-default\">Fonctionnement et application<\/h2>\t\t\t\t<\/div>\n\t\t\t\t<\/div>\n\t\t\t\t<div class=\"elementor-element elementor-element-68e25d3 elementor-widget elementor-widget-text-editor\" data-id=\"68e25d3\" data-element_type=\"widget\" data-e-type=\"widget\" data-widget_type=\"text-editor.default\">\n\t\t\t\t<div class=\"elementor-widget-container\">\n\t\t\t\t\t\t\t\t\t<p>Le m\u00e9lange des bords est le processus qui consiste \u00e0 faire se chevaucher les bords d'une image pour obtenir une image plus lumineuse, de plus haute r\u00e9solution et plus grande, projet\u00e9e par deux ou plusieurs projecteurs. Lorsque vous affichez une image avec plusieurs projecteurs, une partie de l'image se chevauche. Vous pouvez choisir d'agrandir ou de r\u00e9duire ce chevauchement en fonction de ce que vous pensez \u00eatre le mieux adapt\u00e9.\u00a0\u00a0<\/p><ul><li>Sans chevauchement du tout, vous obtiendrez une ligne fine entre les \u00e9crans. Celle-ci peut \u00eatre blanche ou noire, selon vos param\u00e8tres. La ligne peut \u00eatre tr\u00e8s fine, mais elle sera tr\u00e8s probablement \u00e9vidente pour l'\u0153il humain.\u00a0\u00a0<\/li><li>Lorsque vos projecteurs se chevauchent, les niveaux de luminosit\u00e9 ne sont pas imm\u00e9diatement corr\u00e9l\u00e9s. Gr\u00e2ce \u00e0 la fonctionnalit\u00e9 de fusion des bords, vous pouvez modifier la luminosit\u00e9 \u00e0 certains endroits de votre \u00e9cran. Vous pouvez r\u00e9duire les niveaux de luminosit\u00e9 dans les zones de chevauchement afin que la luminosit\u00e9 combin\u00e9e des deux projecteurs donne \u00e0 l'image un aspect homog\u00e8ne. L'utilisation de plusieurs projecteurs de ce type peut s'av\u00e9rer difficile et il est possible que vous voyiez toujours le chevauchement, mais gr\u00e2ce \u00e0 la solution avanc\u00e9e d'aujourd'hui, il est plus facile que jamais de cr\u00e9er un affichage homog\u00e8ne en utilisant le m\u00e9lange de projecteurs.<\/li><\/ul><p>Le but ici est de faire croire \u00e0 votre public que tout est projet\u00e9 par un seul et m\u00eame projecteur. Les projecteurs Edge Blending sont tr\u00e8s faciles \u00e0 utiliser et vous permettront d'obtenir un grand affichage vertical ou horizontal, mais vous n'avez pas besoin de projecteurs Edge Blending pour cela ; aligner les projecteurs et utiliser des projecteurs externes. <strong><a href=\"https:\/\/matrix-works.eu\/edge-blending-2\/\">contr\u00f4leurs de fusion des bords<\/a><\/strong> sera plus fiable et plus souple.<\/p><p>Cliquez pour lire : <strong><a href=\"https:\/\/matrix-works.eu\/knowledge-base\/how-to-plan-multiple-projectors\/\">Comment afficher une grande image en utilisant plusieurs projecteurs ?<\/a><\/strong><\/p><p>C'est id\u00e9al pour les pr\u00e9sentations et les expositions d'art, et vous pouvez voir quelques belles photos d'expositions sur notre site Web.\u00a0<a href=\"https:\/\/twitter.com\/MatrixWorksEU\"><strong>twitter<\/strong><\/a> alimentation. Si vous avez d'autres questions, vous pouvez toujours nous envoyer un message via notre site Web ou utiliser notre assistant en ligne pour vous aider \u00e0 trouver les produits parfaits pour votre projet. Le m\u00e9lange de projecteurs cr\u00e9e de grandes et belles images et vous donne une grande libert\u00e9 quant \u00e0 la taille et la forme de votre \u00e9cran.\u00a0<\/p>\t\t\t\t\t\t\t\t<\/div>\n\t\t\t\t<\/div>\n\t\t\t\t<div class=\"elementor-element elementor-element-d582307 elementor-widget elementor-widget-shortcode\" data-id=\"d582307\" data-element_type=\"widget\" data-e-type=\"widget\" data-widget_type=\"shortcode.default\">\n\t\t\t\t<div class=\"elementor-widget-container\">\n\t\t\t\t\t\t\t<div class=\"elementor-shortcode\"><script type=\"text\/javascript\" async src=\"https:\/\/bot.leadoo.com\/bot\/inpage.js?code=YmMK6cRQ#seamless\"><\/script><\/div>\n\t\t\t\t\t\t<\/div>\n\t\t\t\t<\/div>\n\t\t\t\t<div class=\"elementor-element elementor-element-8944b27 elementor-widget elementor-widget-heading\" data-id=\"8944b27\" data-element_type=\"widget\" data-e-type=\"widget\" data-widget_type=\"heading.default\">\n\t\t\t\t<div class=\"elementor-widget-container\">\n\t\t\t\t\t<h2 class=\"elementor-heading-title elementor-size-default\">Notre produit<\/h2>\t\t\t\t<\/div>\n\t\t\t\t<\/div>\n\t\t\t\t<div class=\"elementor-element elementor-element-1769f3e elementor-widget elementor-widget-text-editor\" data-id=\"1769f3e\" data-element_type=\"widget\" data-e-type=\"widget\" data-widget_type=\"text-editor.default\">\n\t\t\t\t<div class=\"elementor-widget-container\">\n\t\t\t\t\t\t\t\t\t<p><span data-contrast=\"auto\">Nous vendons des processeurs de fusion des bords GeoBox, qui sont des bo\u00eetiers autonomes tout-en-un, permettant \u00e0 tout type de projecteur de devenir un projecteur de fusion des bords.<\/span><span data-contrast=\"auto\">.<a href=\"https:\/\/matrix-works.eu\/edge-blending-2\/\"><strong> Cliquez pour voir la s\u00e9rie de contr\u00f4leurs de m\u00e9lange de bords.<\/strong><\/a>\u00a0 <\/span><span data-contrast=\"auto\">Si vous vous demandez quels mod\u00e8les\u00a0<\/span><span data-contrast=\"auto\">vous avez besoin, vous pouvez toujours nous contacter et comme<\/span><span data-contrast=\"auto\">k<\/span><span data-contrast=\"auto\">\u00a0les questions nous expliquent<\/span><span data-contrast=\"auto\">ing<\/span><span data-contrast=\"auto\">\u00a0votre situation afin que nous puissions vous donner nos conseils<\/span><span data-contrast=\"auto\">.<\/span> <span data-contrast=\"auto\">\u00a0<\/span><span data-contrast=\"auto\">Si vous souhaitez voir des exemples de ce que nos processeurs peuvent faire et suivre nos activit\u00e9s, nous vous invitons \u00e0 nous contacter.<\/span><span data-contrast=\"auto\">r<\/span><span data-contrast=\"auto\"> n'oubliez pas de nous suivre sur <a href=\"https:\/\/www.youtube.com\/channel\/UCxunCnAsepOa59_myEXfCyA?view_as=subscriber\">YouTube <\/a><\/span><span data-contrast=\"auto\">et\u00a0<a href=\"https:\/\/www.linkedin.com\/company\/matrixworks-b-v\/\">LinkedIn<\/a>.<\/span><span data-ccp-props=\"{\">\u00a0<\/span><\/p><p><span data-contrast=\"auto\">Si vous avez d'autres questions, vous pouvez toujours nous envoyer un courriel.<\/span><span data-contrast=\"auto\">\u00a0via\u00a0<\/span><a href=\"mailto:info@matrix-works.eu\">info@matrix-works.eu<\/a>\u00a0 Nous avons<span data-contrast=\"auto\">Nous sommes heureux de vous aider !\u00a0<\/span><\/p>\t\t\t\t\t\t\t\t<\/div>\n\t\t\t\t<\/div>\n\t\t\t\t\t<\/div>\n\t\t<\/div>\n\t\t\t\t\t<\/div>\n\t\t<\/section>\n\t\t\t\t<section class=\"elementor-section elementor-top-section elementor-element elementor-element-a37be61 elementor-section-boxed elementor-section-height-default elementor-section-height-default\" data-id=\"a37be61\" data-element_type=\"section\" data-e-type=\"section\">\n\t\t\t\t\t\t<div class=\"elementor-container elementor-column-gap-default\">\n\t\t\t\t\t<div class=\"elementor-column elementor-col-100 elementor-top-column elementor-element elementor-element-83db593\" data-id=\"83db593\" data-element_type=\"column\" data-e-type=\"column\">\n\t\t\t<div class=\"elementor-widget-wrap elementor-element-populated\">\n\t\t\t\t\t\t<div class=\"elementor-element elementor-element-d92256d elementor-widget elementor-widget-image\" data-id=\"d92256d\" data-element_type=\"widget\" data-e-type=\"widget\" data-widget_type=\"image.default\">\n\t\t\t\t<div class=\"elementor-widget-container\">\n\t\t\t\t\t\t\t\t\t\t\t\t\t\t\t<img decoding=\"async\" src=\"https:\/\/matrix-works.eu\/wp-content\/uploads\/2020\/02\/G802-G901.jpeg\" title=\"\" alt=\"\" loading=\"lazy\" \/>\t\t\t\t\t\t\t\t\t\t\t\t\t\t\t<\/div>\n\t\t\t\t<\/div>\n\t\t\t\t\t<\/div>\n\t\t<\/div>\n\t\t\t\t\t<\/div>\n\t\t<\/section>\n\t\t\t\t<\/div>","protected":false},"excerpt":{"rendered":"<p>Combining images of two or multiple projectors Edge blending two projectors means to make one big seamless display by combining images of two projectors. When lining up two projectors and then adjusting the brightness of the overlap you can create a bigger image.\u00a0 How it works and the application Edge blending is the process of [&hellip;]<\/p>\n","protected":false},"author":2,"featured_media":0,"parent":0,"menu_order":0,"comment_status":"closed","ping_status":"closed","template":"","meta":{"ocean_post_layout":"full-width","ocean_both_sidebars_style":"","ocean_both_sidebars_content_width":0,"ocean_both_sidebars_sidebars_width":0,"ocean_sidebar":"0","ocean_second_sidebar":"0","ocean_disable_margins":"enable","ocean_add_body_class":"","ocean_shortcode_before_top_bar":"","ocean_shortcode_after_top_bar":"","ocean_shortcode_before_header":"","ocean_shortcode_after_header":"","ocean_has_shortcode":"","ocean_shortcode_after_title":"","ocean_shortcode_before_footer_widgets":"","ocean_shortcode_after_footer_widgets":"","ocean_shortcode_before_footer_bottom":"","ocean_shortcode_after_footer_bottom":"","ocean_display_top_bar":"default","ocean_display_header":"default","ocean_header_style":"","ocean_center_header_left_menu":"0","ocean_custom_header_template":"0","ocean_custom_logo":0,"ocean_custom_retina_logo":0,"ocean_custom_logo_max_width":0,"ocean_custom_logo_tablet_max_width":0,"ocean_custom_logo_mobile_max_width":0,"ocean_custom_logo_max_height":0,"ocean_custom_logo_tablet_max_height":0,"ocean_custom_logo_mobile_max_height":0,"ocean_header_custom_menu":"0","ocean_menu_typo_font_family":"0","ocean_menu_typo_font_subset":"","ocean_menu_typo_font_size":0,"ocean_menu_typo_font_size_tablet":0,"ocean_menu_typo_font_size_mobile":0,"ocean_menu_typo_font_size_unit":"px","ocean_menu_typo_font_weight":"","ocean_menu_typo_font_weight_tablet":"","ocean_menu_typo_font_weight_mobile":"","ocean_menu_typo_transform":"","ocean_menu_typo_transform_tablet":"","ocean_menu_typo_transform_mobile":"","ocean_menu_typo_line_height":0,"ocean_menu_typo_line_height_tablet":0,"ocean_menu_typo_line_height_mobile":0,"ocean_menu_typo_line_height_unit":"","ocean_menu_typo_spacing":0,"ocean_menu_typo_spacing_tablet":0,"ocean_menu_typo_spacing_mobile":0,"ocean_menu_typo_spacing_unit":"","ocean_menu_link_color":"","ocean_menu_link_color_hover":"","ocean_menu_link_color_active":"","ocean_menu_link_background":"","ocean_menu_link_hover_background":"","ocean_menu_link_active_background":"","ocean_menu_social_links_bg":"","ocean_menu_social_hover_links_bg":"","ocean_menu_social_links_color":"","ocean_menu_social_hover_links_color":"","ocean_disable_title":"default","ocean_disable_heading":"default","ocean_post_title":"","ocean_post_subheading":"","ocean_post_title_style":"","ocean_post_title_background_color":"","ocean_post_title_background":0,"ocean_post_title_bg_image_position":"","ocean_post_title_bg_image_attachment":"","ocean_post_title_bg_image_repeat":"","ocean_post_title_bg_image_size":"","ocean_post_title_height":0,"ocean_post_title_bg_overlay":0.5,"ocean_post_title_bg_overlay_color":"","ocean_disable_breadcrumbs":"default","ocean_breadcrumbs_color":"","ocean_breadcrumbs_separator_color":"","ocean_breadcrumbs_links_color":"","ocean_breadcrumbs_links_hover_color":"","ocean_display_footer_widgets":"default","ocean_display_footer_bottom":"default","ocean_custom_footer_template":"0","footnotes":""},"class_list":["post-1814","page","type-page","status-publish","hentry","entry"],"yoast_head":"<!-- This site is optimized with the Yoast SEO Premium plugin v27.3 (Yoast SEO v27.3) - https:\/\/yoast.com\/product\/yoast-seo-premium-wordpress\/ -->\n<title>Edge blending two projectors - MatrixWorks Europe<\/title>\n<meta name=\"description\" content=\"Edge blending two projectors is an easy process by using edge blending controller.. Any projectors can be seamlessly edge blended.\" \/>\n<meta name=\"robots\" content=\"index, follow, max-snippet:-1, max-image-preview:large, max-video-preview:-1\" \/>\n<link rel=\"canonical\" href=\"https:\/\/matrix-works.eu\/fr\/fusion-des-bords-de-deux-projecteurs\/\" \/>\n<meta property=\"og:locale\" content=\"fr_FR\" \/>\n<meta property=\"og:type\" content=\"article\" \/>\n<meta property=\"og:title\" content=\"Edge blending two projectors\" \/>\n<meta property=\"og:description\" content=\"Edge blending two projectors is an easy process by using edge blending controller.. Any projectors can be seamlessly edge blended.\" \/>\n<meta property=\"og:url\" content=\"https:\/\/matrix-works.eu\/fr\/fusion-des-bords-de-deux-projecteurs\/\" \/>\n<meta property=\"og:site_name\" content=\"MatrixWorks Europe\" \/>\n<meta property=\"article:modified_time\" content=\"2024-06-06T13:59:58+00:00\" \/>\n<meta property=\"og:image\" content=\"https:\/\/matrix-works.eu\/wp-content\/uploads\/2020\/02\/G802-G901-1024x577.jpeg\" \/>\n<meta name=\"twitter:card\" content=\"summary_large_image\" \/>\n<meta name=\"twitter:site\" content=\"@MatrixWorksEU\" \/>\n<meta name=\"twitter:label1\" content=\"Dur\u00e9e de lecture estim\u00e9e\" \/>\n\t<meta name=\"twitter:data1\" content=\"3 minutes\" \/>\n<script type=\"application\/ld+json\" class=\"yoast-schema-graph\">{\"@context\":\"https:\\\/\\\/schema.org\",\"@graph\":[{\"@type\":\"WebPage\",\"@id\":\"https:\\\/\\\/matrix-works.eu\\\/edge-blending-two-projectors\\\/\",\"url\":\"https:\\\/\\\/matrix-works.eu\\\/edge-blending-two-projectors\\\/\",\"name\":\"Edge blending two projectors - MatrixWorks Europe\",\"isPartOf\":{\"@id\":\"https:\\\/\\\/matrix-works.eu\\\/#website\"},\"primaryImageOfPage\":{\"@id\":\"https:\\\/\\\/matrix-works.eu\\\/edge-blending-two-projectors\\\/#primaryimage\"},\"image\":{\"@id\":\"https:\\\/\\\/matrix-works.eu\\\/edge-blending-two-projectors\\\/#primaryimage\"},\"thumbnailUrl\":\"https:\\\/\\\/matrix-works.eu\\\/wp-content\\\/uploads\\\/2020\\\/02\\\/G802-G901-1024x577.jpeg\",\"datePublished\":\"2020-07-01T14:20:49+00:00\",\"dateModified\":\"2024-06-06T13:59:58+00:00\",\"description\":\"Edge blending two projectors is an easy process by using edge blending controller.. Any projectors can be seamlessly edge blended.\",\"breadcrumb\":{\"@id\":\"https:\\\/\\\/matrix-works.eu\\\/edge-blending-two-projectors\\\/#breadcrumb\"},\"inLanguage\":\"fr-FR\",\"potentialAction\":[{\"@type\":\"ReadAction\",\"target\":[\"https:\\\/\\\/matrix-works.eu\\\/edge-blending-two-projectors\\\/\"]}]},{\"@type\":\"ImageObject\",\"inLanguage\":\"fr-FR\",\"@id\":\"https:\\\/\\\/matrix-works.eu\\\/edge-blending-two-projectors\\\/#primaryimage\",\"url\":\"https:\\\/\\\/matrix-works.eu\\\/wp-content\\\/uploads\\\/2020\\\/02\\\/G802-G901-1024x577.jpeg\",\"contentUrl\":\"https:\\\/\\\/matrix-works.eu\\\/wp-content\\\/uploads\\\/2020\\\/02\\\/G802-G901-1024x577.jpeg\"},{\"@type\":\"BreadcrumbList\",\"@id\":\"https:\\\/\\\/matrix-works.eu\\\/edge-blending-two-projectors\\\/#breadcrumb\",\"itemListElement\":[{\"@type\":\"ListItem\",\"position\":1,\"name\":\"Home\",\"item\":\"https:\\\/\\\/matrix-works.eu\\\/\"},{\"@type\":\"ListItem\",\"position\":2,\"name\":\"Edge blending two projectors\"}]},{\"@type\":\"WebSite\",\"@id\":\"https:\\\/\\\/matrix-works.eu\\\/#website\",\"url\":\"https:\\\/\\\/matrix-works.eu\\\/\",\"name\":\"MatrixWorks Europe\",\"description\":\"\",\"publisher\":{\"@id\":\"https:\\\/\\\/matrix-works.eu\\\/#organization\"},\"alternateName\":\"GeoBox in Europe\",\"potentialAction\":[{\"@type\":\"SearchAction\",\"target\":{\"@type\":\"EntryPoint\",\"urlTemplate\":\"https:\\\/\\\/matrix-works.eu\\\/?s={search_term_string}\"},\"query-input\":{\"@type\":\"PropertyValueSpecification\",\"valueRequired\":true,\"valueName\":\"search_term_string\"}}],\"inLanguage\":\"fr-FR\"},{\"@type\":\"Organization\",\"@id\":\"https:\\\/\\\/matrix-works.eu\\\/#organization\",\"name\":\"MatrixWorks Europe B.V.\",\"alternateName\":\"MatrixWorks\",\"url\":\"https:\\\/\\\/matrix-works.eu\\\/\",\"logo\":{\"@type\":\"ImageObject\",\"inLanguage\":\"fr-FR\",\"@id\":\"https:\\\/\\\/matrix-works.eu\\\/#\\\/schema\\\/logo\\\/image\\\/\",\"url\":\"https:\\\/\\\/matrix-works.eu\\\/wp-content\\\/uploads\\\/2018\\\/09\\\/MTXWorks_Logo-2.jpg\",\"contentUrl\":\"https:\\\/\\\/matrix-works.eu\\\/wp-content\\\/uploads\\\/2018\\\/09\\\/MTXWorks_Logo-2.jpg\",\"width\":681,\"height\":649,\"caption\":\"MatrixWorks Europe B.V.\"},\"image\":{\"@id\":\"https:\\\/\\\/matrix-works.eu\\\/#\\\/schema\\\/logo\\\/image\\\/\"},\"sameAs\":[\"https:\\\/\\\/x.com\\\/MatrixWorksEU\",\"https:\\\/\\\/www.linkedin.com\\\/company\\\/matrixworks-b-v\\\/\",\"https:\\\/\\\/www.youtube.com\\\/channel\\\/UCxunCnAsepOa59_myEXfCyA?view_as=subscriber\"],\"foundingDate\":\"2018-11-01\",\"vatID\":\"859250829B01\"}]}<\/script>\n<!-- \/ Yoast SEO Premium plugin. -->","yoast_head_json":{"title":"M\u00e9lange des bords de deux projecteurs - MatrixWorks France","description":"Le m\u00e9lange des bords de deux projecteurs est un processus facile en utilisant le contr\u00f4leur de m\u00e9lange des bords... Tous les projecteurs peuvent \u00eatre m\u00e9lang\u00e9s de fa\u00e7on transparente.","robots":{"index":"index","follow":"follow","max-snippet":"max-snippet:-1","max-image-preview":"max-image-preview:large","max-video-preview":"max-video-preview:-1"},"canonical":"https:\/\/matrix-works.eu\/fr\/fusion-des-bords-de-deux-projecteurs\/","og_locale":"fr_FR","og_type":"article","og_title":"Edge blending two projectors","og_description":"Edge blending two projectors is an easy process by using edge blending controller.. Any projectors can be seamlessly edge blended.","og_url":"https:\/\/matrix-works.eu\/fr\/fusion-des-bords-de-deux-projecteurs\/","og_site_name":"MatrixWorks Europe","article_modified_time":"2024-06-06T13:59:58+00:00","og_image":[{"url":"https:\/\/matrix-works.eu\/wp-content\/uploads\/2020\/02\/G802-G901-1024x577.jpeg","type":"","width":"","height":""}],"twitter_card":"summary_large_image","twitter_site":"@MatrixWorksEU","twitter_misc":{"Dur\u00e9e de lecture estim\u00e9e":"3 minutes"},"schema":{"@context":"https:\/\/schema.org","@graph":[{"@type":"WebPage","@id":"https:\/\/matrix-works.eu\/edge-blending-two-projectors\/","url":"https:\/\/matrix-works.eu\/edge-blending-two-projectors\/","name":"M\u00e9lange des bords de deux projecteurs - MatrixWorks France","isPartOf":{"@id":"https:\/\/matrix-works.eu\/#website"},"primaryImageOfPage":{"@id":"https:\/\/matrix-works.eu\/edge-blending-two-projectors\/#primaryimage"},"image":{"@id":"https:\/\/matrix-works.eu\/edge-blending-two-projectors\/#primaryimage"},"thumbnailUrl":"https:\/\/matrix-works.eu\/wp-content\/uploads\/2020\/02\/G802-G901-1024x577.jpeg","datePublished":"2020-07-01T14:20:49+00:00","dateModified":"2024-06-06T13:59:58+00:00","description":"Le m\u00e9lange des bords de deux projecteurs est un processus facile en utilisant le contr\u00f4leur de m\u00e9lange des bords... Tous les projecteurs peuvent \u00eatre m\u00e9lang\u00e9s de fa\u00e7on transparente.","breadcrumb":{"@id":"https:\/\/matrix-works.eu\/edge-blending-two-projectors\/#breadcrumb"},"inLanguage":"fr-FR","potentialAction":[{"@type":"ReadAction","target":["https:\/\/matrix-works.eu\/edge-blending-two-projectors\/"]}]},{"@type":"ImageObject","inLanguage":"fr-FR","@id":"https:\/\/matrix-works.eu\/edge-blending-two-projectors\/#primaryimage","url":"https:\/\/matrix-works.eu\/wp-content\/uploads\/2020\/02\/G802-G901-1024x577.jpeg","contentUrl":"https:\/\/matrix-works.eu\/wp-content\/uploads\/2020\/02\/G802-G901-1024x577.jpeg"},{"@type":"BreadcrumbList","@id":"https:\/\/matrix-works.eu\/edge-blending-two-projectors\/#breadcrumb","itemListElement":[{"@type":"ListItem","position":1,"name":"Home","item":"https:\/\/matrix-works.eu\/"},{"@type":"ListItem","position":2,"name":"Edge blending two projectors"}]},{"@type":"WebSite","@id":"https:\/\/matrix-works.eu\/#website","url":"https:\/\/matrix-works.eu\/","name":"MatrixWorks Europe","description":"","publisher":{"@id":"https:\/\/matrix-works.eu\/#organization"},"alternateName":"GeoBox in Europe","potentialAction":[{"@type":"SearchAction","target":{"@type":"EntryPoint","urlTemplate":"https:\/\/matrix-works.eu\/?s={search_term_string}"},"query-input":{"@type":"PropertyValueSpecification","valueRequired":true,"valueName":"search_term_string"}}],"inLanguage":"fr-FR"},{"@type":"Organization","@id":"https:\/\/matrix-works.eu\/#organization","name":"MatrixWorks Europe B.V.","alternateName":"MatrixWorks","url":"https:\/\/matrix-works.eu\/","logo":{"@type":"ImageObject","inLanguage":"fr-FR","@id":"https:\/\/matrix-works.eu\/#\/schema\/logo\/image\/","url":"https:\/\/matrix-works.eu\/wp-content\/uploads\/2018\/09\/MTXWorks_Logo-2.jpg","contentUrl":"https:\/\/matrix-works.eu\/wp-content\/uploads\/2018\/09\/MTXWorks_Logo-2.jpg","width":681,"height":649,"caption":"MatrixWorks Europe B.V."},"image":{"@id":"https:\/\/matrix-works.eu\/#\/schema\/logo\/image\/"},"sameAs":["https:\/\/x.com\/MatrixWorksEU","https:\/\/www.linkedin.com\/company\/matrixworks-b-v\/","https:\/\/www.youtube.com\/channel\/UCxunCnAsepOa59_myEXfCyA?view_as=subscriber"],"foundingDate":"2018-11-01","vatID":"859250829B01"}]}},"_links":{"self":[{"href":"https:\/\/matrix-works.eu\/fr\/wp-json\/wp\/v2\/pages\/1814","targetHints":{"allow":["GET"]}}],"collection":[{"href":"https:\/\/matrix-works.eu\/fr\/wp-json\/wp\/v2\/pages"}],"about":[{"href":"https:\/\/matrix-works.eu\/fr\/wp-json\/wp\/v2\/types\/page"}],"author":[{"embeddable":true,"href":"https:\/\/matrix-works.eu\/fr\/wp-json\/wp\/v2\/users\/2"}],"replies":[{"embeddable":true,"href":"https:\/\/matrix-works.eu\/fr\/wp-json\/wp\/v2\/comments?post=1814"}],"version-history":[{"count":42,"href":"https:\/\/matrix-works.eu\/fr\/wp-json\/wp\/v2\/pages\/1814\/revisions"}],"predecessor-version":[{"id":20075,"href":"https:\/\/matrix-works.eu\/fr\/wp-json\/wp\/v2\/pages\/1814\/revisions\/20075"}],"wp:attachment":[{"href":"https:\/\/matrix-works.eu\/fr\/wp-json\/wp\/v2\/media?parent=1814"}],"curies":[{"name":"wp","href":"https:\/\/api.w.org\/{rel}","templated":true}]}}