{"id":1816,"date":"2020-07-01T14:21:15","date_gmt":"2020-07-01T14:21:15","guid":{"rendered":"https:\/\/matrix-works.eu\/?page_id=1816"},"modified":"2022-08-05T06:56:33","modified_gmt":"2022-08-05T06:56:33","slug":"fusion-des-bords-de-plusieurs-projecteurs","status":"publish","type":"page","link":"https:\/\/matrix-works.eu\/fr\/multiple-projector-edge-blending\/","title":{"rendered":"M\u00e9lange des bords de plusieurs projecteurs"},"content":{"rendered":"<div data-elementor-type=\"wp-page\" data-elementor-id=\"1816\" class=\"elementor elementor-1816\" data-elementor-post-type=\"page\">\n\t\t\t\t\t\t<section class=\"elementor-section elementor-top-section elementor-element elementor-element-07c4008 elementor-section-boxed elementor-section-height-default elementor-section-height-default\" data-id=\"07c4008\" data-element_type=\"section\" data-e-type=\"section\">\n\t\t\t\t\t\t<div class=\"elementor-container elementor-column-gap-default\">\n\t\t\t\t\t<div class=\"elementor-column elementor-col-100 elementor-top-column elementor-element elementor-element-9779c42\" data-id=\"9779c42\" data-element_type=\"column\" data-e-type=\"column\">\n\t\t\t<div class=\"elementor-widget-wrap elementor-element-populated\">\n\t\t\t\t\t\t<div class=\"elementor-element elementor-element-238da44 elementor-widget elementor-widget-heading\" data-id=\"238da44\" data-element_type=\"widget\" data-e-type=\"widget\" data-widget_type=\"heading.default\">\n\t\t\t\t<div class=\"elementor-widget-container\">\n\t\t\t\t\t<h1 class=\"elementor-heading-title elementor-size-default\">M\u00e9lange des bords de plusieurs projecteurs <\/h1>\t\t\t\t<\/div>\n\t\t\t\t<\/div>\n\t\t\t\t<div class=\"elementor-element elementor-element-a383bbc elementor-widget elementor-widget-text-editor\" data-id=\"a383bbc\" data-element_type=\"widget\" data-e-type=\"widget\" data-widget_type=\"text-editor.default\">\n\t\t\t\t<div class=\"elementor-widget-container\">\n\t\t\t\t\t\t\t\t\t<p>La fusion des bords de plusieurs projecteurs est utilis\u00e9e pour cr\u00e9er de belles et grandes images. Le edge blending peut \u00e9galement \u00eatre r\u00e9alis\u00e9 avec des projecteurs normaux gr\u00e2ce au contr\u00f4le d'une solution externe. Les bords des images se fondent les uns dans les autres, cr\u00e9ant des r\u00e9sultats extr\u00eamement impressionnants. Cette technique peut \u00eatre utilis\u00e9e dans le secteur de l'\u00e9ducation, dans le monde des affaires et pour les expositions artistiques.\u00a0<\/p>\t\t\t\t\t\t\t\t<\/div>\n\t\t\t\t<\/div>\n\t\t\t\t<div class=\"elementor-element elementor-element-873857b elementor-widget elementor-widget-heading\" data-id=\"873857b\" data-element_type=\"widget\" data-e-type=\"widget\" data-widget_type=\"heading.default\">\n\t\t\t\t<div class=\"elementor-widget-container\">\n\t\t\t\t\t<h2 class=\"elementor-heading-title elementor-size-default\">M\u00e9lange des bords<\/h2>\t\t\t\t<\/div>\n\t\t\t\t<\/div>\n\t\t\t\t<div class=\"elementor-element elementor-element-7f1470f elementor-widget elementor-widget-text-editor\" data-id=\"7f1470f\" data-element_type=\"widget\" data-e-type=\"widget\" data-widget_type=\"text-editor.default\">\n\t\t\t\t<div class=\"elementor-widget-container\">\n\t\t\t\t\t\t\t\t\t<p>Les projecteurs sont \u00e9tonnants, mais un seul d'entre eux ne vous donne pas toujours la taille d'image dont vous avez besoin. La combinaison de projecteurs ne permet pas d'obtenir une image homog\u00e8ne, car une ligne appara\u00eet entre les images projet\u00e9es, ou la luminosit\u00e9 de la superposition n'est pas correcte.<\/p><p>C'est l\u00e0 qu'intervient la fusion des bords, qui consiste \u00e0 fusionner les bords des images projet\u00e9es en les superposant et en ajustant la luminosit\u00e9 pour donner l'impression d'un seul et m\u00eame affichage. La fusion des bords r\u00e9duit la luminosit\u00e9 des parties qui se chevauchent jusqu'\u00e0 ce qu'elles ne soient plus visibles \u00e0 l'\u0153il nu, ce qui permet aux spectateurs de croire que l'image est affich\u00e9e par un seul projecteur. La fusion des bords par projecteurs multiples utilise plusieurs projecteurs physiques au lieu d'un seul.\u00a0\u00a0<\/p><p>(Cliquez pour lire : <a href=\"https:\/\/matrix-works.eu\/knowledge-base\/how-to-plan-multiple-projectors\/\"><strong>Comment afficher une grande image en utilisant plusieurs projecteurs ?<\/strong> )<\/a><\/p>\t\t\t\t\t\t\t\t<\/div>\n\t\t\t\t<\/div>\n\t\t\t\t<div class=\"elementor-element elementor-element-042cba0 elementor-widget elementor-widget-heading\" data-id=\"042cba0\" data-element_type=\"widget\" data-e-type=\"widget\" data-widget_type=\"heading.default\">\n\t\t\t\t<div class=\"elementor-widget-container\">\n\t\t\t\t\t<h2 class=\"elementor-heading-title elementor-size-default\">\u00c0 quoi sert le m\u00e9lange des bords de plusieurs projecteurs ? <\/h2>\t\t\t\t<\/div>\n\t\t\t\t<\/div>\n\t\t\t\t<div class=\"elementor-element elementor-element-aeb2f4e elementor-widget elementor-widget-text-editor\" data-id=\"aeb2f4e\" data-element_type=\"widget\" data-e-type=\"widget\" data-widget_type=\"text-editor.default\">\n\t\t\t\t<div class=\"elementor-widget-container\">\n\t\t\t\t\t\t\t\t\t<ul><li>Mus\u00e9es et galeries d'art : les grandes expositions sont un excellent moyen de montrer le travail d'un artiste et ne prennent pas beaucoup de place. Ils sont visuellement attrayants et s'int\u00e8grent parfaitement dans l'espace !  (Cliquez pour lire : <a href=\"https:\/\/matrix-works.eu\/knowledge-base\/incredible-art-installation-in-museums-with-geobox\/\"><strong>L'utilisation de projecteurs dans les mus\u00e9es devient populaire<\/strong><\/a>)<\/li><li>\u00c9ducation : le pliage des bords est tr\u00e8s populaire dans les universit\u00e9s et permet de r\u00e9aliser les meilleures pr\u00e9sentations, en cr\u00e9ant un affichage suffisamment grand pour que tout le monde puisse le voir.\u00a0<\/li><li>Affaires : l'apparence visuelle est tr\u00e8s importante dans les affaires. En utilisant des \u00e9crans plus grands, vous pouvez vraiment attirer l'attention des gens. Faire preuve de grandeur et d'originalit\u00e9 n'est jamais ennuyeux et vous permet de vous d\u00e9marquer.  (Cliquez pour lire :\u00a0<\/li><li>Gouvernement : les pr\u00e9sentations ne sont pas toujours tr\u00e8s excitantes dans ce secteur ! L'utilisation d'\u00e9crans g\u00e9ants est une fa\u00e7on de mettre du piment dans les grandes r\u00e9unions ou lors de pr\u00e9sentations o\u00f9 la pr\u00e9sentation visuelle est tr\u00e8s importante.\u00a0\u00a0<\/li><\/ul><p>Dans l'ensemble, il est extr\u00eamement utile et tr\u00e8s impressionnant. Le m\u00e9lange des bords est tr\u00e8s utilis\u00e9 \u00e0 diff\u00e9rentes fins et pour diff\u00e9rentes raisons. Expliquez-nous votre situation et nous vous aiderons !\u00a0<\/p>\t\t\t\t\t\t\t\t<\/div>\n\t\t\t\t<\/div>\n\t\t\t\t<div class=\"elementor-element elementor-element-b3695fe elementor-widget elementor-widget-heading\" data-id=\"b3695fe\" data-element_type=\"widget\" data-e-type=\"widget\" data-widget_type=\"heading.default\">\n\t\t\t\t<div class=\"elementor-widget-container\">\n\t\t\t\t\t<h2 class=\"elementor-heading-title elementor-size-default\">Comment pouvons-nous vous aider ? <\/h2>\t\t\t\t<\/div>\n\t\t\t\t<\/div>\n\t\t\t\t<div class=\"elementor-element elementor-element-072713a elementor-widget elementor-widget-text-editor\" data-id=\"072713a\" data-element_type=\"widget\" data-e-type=\"widget\" data-widget_type=\"text-editor.default\">\n\t\t\t\t<div class=\"elementor-widget-container\">\n\t\t\t\t\t\t\t\t\t<p>Nous mettons \u00e0 votre disposition toutes sortes de processeurs et vous fournissons de nombreuses informations sur nos produits.  Notre site<strong><a href=\"https:\/\/matrix-works.eu\"> assistant en ligne<\/a>t<\/strong> peut vous aider \u00e0 trouver la bonne solution pour vous et si vous avez encore des questions, nous sommes \u00e9galement disponibles par courriel. <strong>(<\/strong><a href=\"mailto:info@matrix-works.eu\"><strong>info@matrix-works.eu<\/strong><\/a>).  La fusion des bords est une propri\u00e9t\u00e9 incroyablement utile pour les projecteurs, car elle permet non seulement de cr\u00e9er une image plus grande, mais aussi d'en am\u00e9liorer la qualit\u00e9 en les superposant compl\u00e8tement, ce qui am\u00e9liore la r\u00e9solution globale.\u00a0<\/p>\t\t\t\t\t\t\t\t<\/div>\n\t\t\t\t<\/div>\n\t\t\t\t\t<\/div>\n\t\t<\/div>\n\t\t\t\t\t<\/div>\n\t\t<\/section>\n\t\t\t\t<section class=\"elementor-section elementor-top-section elementor-element elementor-element-a56ddc2 elementor-section-boxed elementor-section-height-default elementor-section-height-default\" data-id=\"a56ddc2\" data-element_type=\"section\" data-e-type=\"section\">\n\t\t\t\t\t\t<div class=\"elementor-container elementor-column-gap-default\">\n\t\t\t\t\t<div class=\"elementor-column elementor-col-100 elementor-top-column elementor-element elementor-element-9b0e8e4\" data-id=\"9b0e8e4\" data-element_type=\"column\" data-e-type=\"column\">\n\t\t\t<div class=\"elementor-widget-wrap elementor-element-populated\">\n\t\t\t\t\t\t<div class=\"elementor-element elementor-element-e1f34ea elementor-widget elementor-widget-image\" data-id=\"e1f34ea\" data-element_type=\"widget\" data-e-type=\"widget\" data-widget_type=\"image.default\">\n\t\t\t\t<div class=\"elementor-widget-container\">\n\t\t\t\t\t\t\t\t\t\t\t\t\t\t\t<img fetchpriority=\"high\" decoding=\"async\" width=\"1024\" height=\"576\" src=\"https:\/\/matrix-works.eu\/wp-content\/uploads\/2020\/08\/brouchure\u6587\u5b57\u53ef\u4fee\u65398-01-1024x576.png\" class=\"attachment-large size-large wp-image-2106\" alt=\"M\u00e9lange des bords de plusieurs projecteurs\" \/>\t\t\t\t\t\t\t\t\t\t\t\t\t\t\t<\/div>\n\t\t\t\t<\/div>\n\t\t\t\t\t<\/div>\n\t\t<\/div>\n\t\t\t\t\t<\/div>\n\t\t<\/section>\n\t\t\t\t<\/div>","protected":false},"excerpt":{"rendered":"<p>Multiple projector edge blending Multiple projector edge blending is used to create beautiful, large images. Edge blending can also be done with normal projectors through the control of external solution. The edges of the images blend in together, creating hugely impressive results. This can be applied in the education sector, business world and for art [&hellip;]<\/p>\n","protected":false},"author":2,"featured_media":0,"parent":0,"menu_order":0,"comment_status":"closed","ping_status":"closed","template":"","meta":{"ocean_post_layout":"full-width","ocean_both_sidebars_style":"","ocean_both_sidebars_content_width":0,"ocean_both_sidebars_sidebars_width":0,"ocean_sidebar":"0","ocean_second_sidebar":"0","ocean_disable_margins":"enable","ocean_add_body_class":"","ocean_shortcode_before_top_bar":"","ocean_shortcode_after_top_bar":"","ocean_shortcode_before_header":"","ocean_shortcode_after_header":"","ocean_has_shortcode":"","ocean_shortcode_after_title":"","ocean_shortcode_before_footer_widgets":"","ocean_shortcode_after_footer_widgets":"","ocean_shortcode_before_footer_bottom":"","ocean_shortcode_after_footer_bottom":"","ocean_display_top_bar":"default","ocean_display_header":"default","ocean_header_style":"","ocean_center_header_left_menu":"0","ocean_custom_header_template":"0","ocean_custom_logo":0,"ocean_custom_retina_logo":0,"ocean_custom_logo_max_width":0,"ocean_custom_logo_tablet_max_width":0,"ocean_custom_logo_mobile_max_width":0,"ocean_custom_logo_max_height":0,"ocean_custom_logo_tablet_max_height":0,"ocean_custom_logo_mobile_max_height":0,"ocean_header_custom_menu":"0","ocean_menu_typo_font_family":"0","ocean_menu_typo_font_subset":"","ocean_menu_typo_font_size":0,"ocean_menu_typo_font_size_tablet":0,"ocean_menu_typo_font_size_mobile":0,"ocean_menu_typo_font_size_unit":"px","ocean_menu_typo_font_weight":"","ocean_menu_typo_font_weight_tablet":"","ocean_menu_typo_font_weight_mobile":"","ocean_menu_typo_transform":"","ocean_menu_typo_transform_tablet":"","ocean_menu_typo_transform_mobile":"","ocean_menu_typo_line_height":0,"ocean_menu_typo_line_height_tablet":0,"ocean_menu_typo_line_height_mobile":0,"ocean_menu_typo_line_height_unit":"","ocean_menu_typo_spacing":0,"ocean_menu_typo_spacing_tablet":0,"ocean_menu_typo_spacing_mobile":0,"ocean_menu_typo_spacing_unit":"","ocean_menu_link_color":"","ocean_menu_link_color_hover":"","ocean_menu_link_color_active":"","ocean_menu_link_background":"","ocean_menu_link_hover_background":"","ocean_menu_link_active_background":"","ocean_menu_social_links_bg":"","ocean_menu_social_hover_links_bg":"","ocean_menu_social_links_color":"","ocean_menu_social_hover_links_color":"","ocean_disable_title":"default","ocean_disable_heading":"default","ocean_post_title":"","ocean_post_subheading":"","ocean_post_title_style":"","ocean_post_title_background_color":"","ocean_post_title_background":0,"ocean_post_title_bg_image_position":"","ocean_post_title_bg_image_attachment":"","ocean_post_title_bg_image_repeat":"","ocean_post_title_bg_image_size":"","ocean_post_title_height":0,"ocean_post_title_bg_overlay":0.5,"ocean_post_title_bg_overlay_color":"","ocean_disable_breadcrumbs":"default","ocean_breadcrumbs_color":"","ocean_breadcrumbs_separator_color":"","ocean_breadcrumbs_links_color":"","ocean_breadcrumbs_links_hover_color":"","ocean_display_footer_widgets":"default","ocean_display_footer_bottom":"default","ocean_custom_footer_template":"0","footnotes":""},"class_list":["post-1816","page","type-page","status-publish","hentry","entry"],"yoast_head":"<!-- This site is optimized with the Yoast SEO Premium plugin v27.3 (Yoast SEO v27.3) - https:\/\/yoast.com\/product\/yoast-seo-premium-wordpress\/ -->\n<title>Multiple projector edge blending - MatrixWorks Europe<\/title>\n<meta name=\"description\" content=\"Multiple projector edge blending is often used to create big displays. The edges of the images blend in together, creating hugely impressive results.\" \/>\n<meta name=\"robots\" content=\"index, follow, max-snippet:-1, max-image-preview:large, max-video-preview:-1\" \/>\n<link rel=\"canonical\" href=\"https:\/\/matrix-works.eu\/fr\/fusion-des-bords-de-plusieurs-projecteurs\/\" \/>\n<meta property=\"og:locale\" content=\"fr_FR\" \/>\n<meta property=\"og:type\" content=\"article\" \/>\n<meta property=\"og:title\" content=\"Multiple projector edge blending\" \/>\n<meta property=\"og:description\" content=\"Multiple projector edge blending is often used to create big displays. The edges of the images blend in together, creating hugely impressive results.\" \/>\n<meta property=\"og:url\" content=\"https:\/\/matrix-works.eu\/fr\/fusion-des-bords-de-plusieurs-projecteurs\/\" \/>\n<meta property=\"og:site_name\" content=\"MatrixWorks Europe\" \/>\n<meta property=\"article:modified_time\" content=\"2022-08-05T06:56:33+00:00\" \/>\n<meta property=\"og:image\" content=\"https:\/\/matrix-works.eu\/wp-content\/uploads\/2025\/03\/GeoBox-in-Europe.png\" \/>\n\t<meta property=\"og:image:width\" content=\"1584\" \/>\n\t<meta property=\"og:image:height\" content=\"396\" \/>\n\t<meta property=\"og:image:type\" content=\"image\/png\" \/>\n<meta name=\"twitter:card\" content=\"summary_large_image\" \/>\n<meta name=\"twitter:site\" content=\"@MatrixWorksEU\" \/>\n<meta name=\"twitter:label1\" content=\"Dur\u00e9e de lecture estim\u00e9e\" \/>\n\t<meta name=\"twitter:data1\" content=\"3 minutes\" \/>\n<script type=\"application\/ld+json\" class=\"yoast-schema-graph\">{\"@context\":\"https:\\\/\\\/schema.org\",\"@graph\":[{\"@type\":\"WebPage\",\"@id\":\"https:\\\/\\\/matrix-works.eu\\\/multiple-projector-edge-blending\\\/\",\"url\":\"https:\\\/\\\/matrix-works.eu\\\/multiple-projector-edge-blending\\\/\",\"name\":\"Multiple projector edge blending - MatrixWorks Europe\",\"isPartOf\":{\"@id\":\"https:\\\/\\\/matrix-works.eu\\\/#website\"},\"datePublished\":\"2020-07-01T14:21:15+00:00\",\"dateModified\":\"2022-08-05T06:56:33+00:00\",\"description\":\"Multiple projector edge blending is often used to create big displays. The edges of the images blend in together, creating hugely impressive results.\",\"breadcrumb\":{\"@id\":\"https:\\\/\\\/matrix-works.eu\\\/multiple-projector-edge-blending\\\/#breadcrumb\"},\"inLanguage\":\"fr-FR\",\"potentialAction\":[{\"@type\":\"ReadAction\",\"target\":[\"https:\\\/\\\/matrix-works.eu\\\/multiple-projector-edge-blending\\\/\"]}]},{\"@type\":\"BreadcrumbList\",\"@id\":\"https:\\\/\\\/matrix-works.eu\\\/multiple-projector-edge-blending\\\/#breadcrumb\",\"itemListElement\":[{\"@type\":\"ListItem\",\"position\":1,\"name\":\"Home\",\"item\":\"https:\\\/\\\/matrix-works.eu\\\/\"},{\"@type\":\"ListItem\",\"position\":2,\"name\":\"Multiple projector edge blending\"}]},{\"@type\":\"WebSite\",\"@id\":\"https:\\\/\\\/matrix-works.eu\\\/#website\",\"url\":\"https:\\\/\\\/matrix-works.eu\\\/\",\"name\":\"MatrixWorks Europe\",\"description\":\"\",\"publisher\":{\"@id\":\"https:\\\/\\\/matrix-works.eu\\\/#organization\"},\"alternateName\":\"GeoBox in Europe\",\"potentialAction\":[{\"@type\":\"SearchAction\",\"target\":{\"@type\":\"EntryPoint\",\"urlTemplate\":\"https:\\\/\\\/matrix-works.eu\\\/?s={search_term_string}\"},\"query-input\":{\"@type\":\"PropertyValueSpecification\",\"valueRequired\":true,\"valueName\":\"search_term_string\"}}],\"inLanguage\":\"fr-FR\"},{\"@type\":\"Organization\",\"@id\":\"https:\\\/\\\/matrix-works.eu\\\/#organization\",\"name\":\"MatrixWorks Europe B.V.\",\"alternateName\":\"MatrixWorks\",\"url\":\"https:\\\/\\\/matrix-works.eu\\\/\",\"logo\":{\"@type\":\"ImageObject\",\"inLanguage\":\"fr-FR\",\"@id\":\"https:\\\/\\\/matrix-works.eu\\\/#\\\/schema\\\/logo\\\/image\\\/\",\"url\":\"https:\\\/\\\/matrix-works.eu\\\/wp-content\\\/uploads\\\/2018\\\/09\\\/MTXWorks_Logo-2.jpg\",\"contentUrl\":\"https:\\\/\\\/matrix-works.eu\\\/wp-content\\\/uploads\\\/2018\\\/09\\\/MTXWorks_Logo-2.jpg\",\"width\":681,\"height\":649,\"caption\":\"MatrixWorks Europe B.V.\"},\"image\":{\"@id\":\"https:\\\/\\\/matrix-works.eu\\\/#\\\/schema\\\/logo\\\/image\\\/\"},\"sameAs\":[\"https:\\\/\\\/x.com\\\/MatrixWorksEU\",\"https:\\\/\\\/www.linkedin.com\\\/company\\\/matrixworks-b-v\\\/\",\"https:\\\/\\\/www.youtube.com\\\/channel\\\/UCxunCnAsepOa59_myEXfCyA?view_as=subscriber\"],\"foundingDate\":\"2018-11-01\",\"vatID\":\"859250829B01\"}]}<\/script>\n<!-- \/ Yoast SEO Premium plugin. -->","yoast_head_json":{"title":"M\u00e9lange des bords de plusieurs projecteurs - MatrixWorks France","description":"La fusion des bords des projecteurs multiples est souvent utilis\u00e9e pour cr\u00e9er de grands \u00e9crans. Les bords des images se fondent les uns dans les autres, ce qui donne des r\u00e9sultats tr\u00e8s impressionnants.","robots":{"index":"index","follow":"follow","max-snippet":"max-snippet:-1","max-image-preview":"max-image-preview:large","max-video-preview":"max-video-preview:-1"},"canonical":"https:\/\/matrix-works.eu\/fr\/fusion-des-bords-de-plusieurs-projecteurs\/","og_locale":"fr_FR","og_type":"article","og_title":"Multiple projector edge blending","og_description":"Multiple projector edge blending is often used to create big displays. The edges of the images blend in together, creating hugely impressive results.","og_url":"https:\/\/matrix-works.eu\/fr\/fusion-des-bords-de-plusieurs-projecteurs\/","og_site_name":"MatrixWorks Europe","article_modified_time":"2022-08-05T06:56:33+00:00","og_image":[{"width":1584,"height":396,"url":"https:\/\/matrix-works.eu\/wp-content\/uploads\/2025\/03\/GeoBox-in-Europe.png","type":"image\/png"}],"twitter_card":"summary_large_image","twitter_site":"@MatrixWorksEU","twitter_misc":{"Dur\u00e9e de lecture estim\u00e9e":"3 minutes"},"schema":{"@context":"https:\/\/schema.org","@graph":[{"@type":"WebPage","@id":"https:\/\/matrix-works.eu\/multiple-projector-edge-blending\/","url":"https:\/\/matrix-works.eu\/multiple-projector-edge-blending\/","name":"M\u00e9lange des bords de plusieurs projecteurs - MatrixWorks France","isPartOf":{"@id":"https:\/\/matrix-works.eu\/#website"},"datePublished":"2020-07-01T14:21:15+00:00","dateModified":"2022-08-05T06:56:33+00:00","description":"La fusion des bords des projecteurs multiples est souvent utilis\u00e9e pour cr\u00e9er de grands \u00e9crans. Les bords des images se fondent les uns dans les autres, ce qui donne des r\u00e9sultats tr\u00e8s impressionnants.","breadcrumb":{"@id":"https:\/\/matrix-works.eu\/multiple-projector-edge-blending\/#breadcrumb"},"inLanguage":"fr-FR","potentialAction":[{"@type":"ReadAction","target":["https:\/\/matrix-works.eu\/multiple-projector-edge-blending\/"]}]},{"@type":"BreadcrumbList","@id":"https:\/\/matrix-works.eu\/multiple-projector-edge-blending\/#breadcrumb","itemListElement":[{"@type":"ListItem","position":1,"name":"Home","item":"https:\/\/matrix-works.eu\/"},{"@type":"ListItem","position":2,"name":"Multiple projector edge blending"}]},{"@type":"WebSite","@id":"https:\/\/matrix-works.eu\/#website","url":"https:\/\/matrix-works.eu\/","name":"MatrixWorks Europe","description":"","publisher":{"@id":"https:\/\/matrix-works.eu\/#organization"},"alternateName":"GeoBox in Europe","potentialAction":[{"@type":"SearchAction","target":{"@type":"EntryPoint","urlTemplate":"https:\/\/matrix-works.eu\/?s={search_term_string}"},"query-input":{"@type":"PropertyValueSpecification","valueRequired":true,"valueName":"search_term_string"}}],"inLanguage":"fr-FR"},{"@type":"Organization","@id":"https:\/\/matrix-works.eu\/#organization","name":"MatrixWorks Europe B.V.","alternateName":"MatrixWorks","url":"https:\/\/matrix-works.eu\/","logo":{"@type":"ImageObject","inLanguage":"fr-FR","@id":"https:\/\/matrix-works.eu\/#\/schema\/logo\/image\/","url":"https:\/\/matrix-works.eu\/wp-content\/uploads\/2018\/09\/MTXWorks_Logo-2.jpg","contentUrl":"https:\/\/matrix-works.eu\/wp-content\/uploads\/2018\/09\/MTXWorks_Logo-2.jpg","width":681,"height":649,"caption":"MatrixWorks Europe B.V."},"image":{"@id":"https:\/\/matrix-works.eu\/#\/schema\/logo\/image\/"},"sameAs":["https:\/\/x.com\/MatrixWorksEU","https:\/\/www.linkedin.com\/company\/matrixworks-b-v\/","https:\/\/www.youtube.com\/channel\/UCxunCnAsepOa59_myEXfCyA?view_as=subscriber"],"foundingDate":"2018-11-01","vatID":"859250829B01"}]}},"_links":{"self":[{"href":"https:\/\/matrix-works.eu\/fr\/wp-json\/wp\/v2\/pages\/1816","targetHints":{"allow":["GET"]}}],"collection":[{"href":"https:\/\/matrix-works.eu\/fr\/wp-json\/wp\/v2\/pages"}],"about":[{"href":"https:\/\/matrix-works.eu\/fr\/wp-json\/wp\/v2\/types\/page"}],"author":[{"embeddable":true,"href":"https:\/\/matrix-works.eu\/fr\/wp-json\/wp\/v2\/users\/2"}],"replies":[{"embeddable":true,"href":"https:\/\/matrix-works.eu\/fr\/wp-json\/wp\/v2\/comments?post=1816"}],"version-history":[{"count":16,"href":"https:\/\/matrix-works.eu\/fr\/wp-json\/wp\/v2\/pages\/1816\/revisions"}],"predecessor-version":[{"id":16903,"href":"https:\/\/matrix-works.eu\/fr\/wp-json\/wp\/v2\/pages\/1816\/revisions\/16903"}],"wp:attachment":[{"href":"https:\/\/matrix-works.eu\/fr\/wp-json\/wp\/v2\/media?parent=1816"}],"curies":[{"name":"wp","href":"https:\/\/api.w.org\/{rel}","templated":true}]}}