{"id":1822,"date":"2020-07-01T14:22:41","date_gmt":"2020-07-01T14:22:41","guid":{"rendered":"https:\/\/matrix-works.eu\/?page_id=1822"},"modified":"2025-04-10T14:25:45","modified_gmt":"2025-04-10T14:25:45","slug":"plusieurs-projecteurs-une-seule-image","status":"publish","type":"page","link":"https:\/\/matrix-works.eu\/fr\/multiple-projectors-one-image\/","title":{"rendered":"Plusieurs projecteurs, une seule image"},"content":{"rendered":"<div data-elementor-type=\"wp-page\" data-elementor-id=\"1822\" class=\"elementor elementor-1822\" data-elementor-post-type=\"page\">\n\t\t\t\t<div class=\"elementor-element elementor-element-20307af e-flex e-con-boxed e-con e-parent\" data-id=\"20307af\" data-element_type=\"container\" data-e-type=\"container\">\n\t\t\t\t\t<div class=\"e-con-inner\">\n\t\t<div class=\"elementor-element elementor-element-e966ead e-con-full e-flex e-con e-child\" data-id=\"e966ead\" data-element_type=\"container\" data-e-type=\"container\">\n\t\t\t\t<div class=\"elementor-element elementor-element-940b0eb elementor-widget elementor-widget-heading\" data-id=\"940b0eb\" data-element_type=\"widget\" data-e-type=\"widget\" data-widget_type=\"heading.default\">\n\t\t\t\t<div class=\"elementor-widget-container\">\n\t\t\t\t\t<h2 class=\"elementor-heading-title elementor-size-default\">Comment cr\u00e9er plusieurs projecteurs \u00e0 partir d'une seule image<\/h2>\t\t\t\t<\/div>\n\t\t\t\t<\/div>\n\t\t\t\t<\/div>\n\t\t\t\t\t<\/div>\n\t\t\t\t<\/div>\n\t\t\t\t<section class=\"elementor-section elementor-top-section elementor-element elementor-element-3a5f064 elementor-section-boxed elementor-section-height-default elementor-section-height-default\" data-id=\"3a5f064\" data-element_type=\"section\" data-e-type=\"section\">\n\t\t\t\t\t\t<div class=\"elementor-container elementor-column-gap-default\">\n\t\t\t\t\t<div class=\"elementor-column elementor-col-100 elementor-top-column elementor-element elementor-element-44a6b7f\" data-id=\"44a6b7f\" data-element_type=\"column\" data-e-type=\"column\">\n\t\t\t<div class=\"elementor-widget-wrap elementor-element-populated\">\n\t\t\t\t\t\t<div class=\"elementor-element elementor-element-70936eb elementor-widget elementor-widget-text-editor\" data-id=\"70936eb\" data-element_type=\"widget\" data-e-type=\"widget\" data-widget_type=\"text-editor.default\">\n\t\t\t\t<div class=\"elementor-widget-container\">\n\t\t\t\t\t\t\t\t\t<p>La cr\u00e9ation de solutions \"un seul projecteur, une seule image\" vous permet d'obtenir des affichages plus grands, plus lumineux et de meilleure qualit\u00e9. Gr\u00e2ce \u00e0 des technologies avanc\u00e9es d'ajustement de la g\u00e9om\u00e9trie et de fusion des bords, plusieurs images projet\u00e9es peuvent \u00eatre combin\u00e9es de mani\u00e8re transparente en un seul affichage coh\u00e9rent. Cette technologie r\u00e9volutionne les exp\u00e9riences visuelles dans les mus\u00e9es, les galeries, les espaces immersifs et les \u00e9tablissements d'enseignement.<\/p>\t\t\t\t\t\t\t\t<\/div>\n\t\t\t\t<\/div>\n\t\t\t\t<div class=\"elementor-element elementor-element-888e930 elementor-widget elementor-widget-heading\" data-id=\"888e930\" data-element_type=\"widget\" data-e-type=\"widget\" data-widget_type=\"heading.default\">\n\t\t\t\t<div class=\"elementor-widget-container\">\n\t\t\t\t\t<h2 class=\"elementor-heading-title elementor-size-default\">Avantages des solutions avanc\u00e9es d'ourdissage<\/h2>\t\t\t\t<\/div>\n\t\t\t\t<\/div>\n\t\t\t\t<div class=\"elementor-element elementor-element-a1f580c elementor-widget elementor-widget-text-editor\" data-id=\"a1f580c\" data-element_type=\"widget\" data-e-type=\"widget\" data-widget_type=\"text-editor.default\">\n\t\t\t\t<div class=\"elementor-widget-container\">\n\t\t\t\t\t\t\t\t\t<p>Pour obtenir une telle configuration, deux options principales s'offrent \u00e0 vous : l'alignement de base ou le \"edge blending\". Alors que l'alignement de base se contente de placer les projecteurs c\u00f4te \u00e0 c\u00f4te, la technologie professionnelle de fusion des bords cr\u00e9e une transition transparente entre les images, ce qui permet d'obtenir un affichage unifi\u00e9. La plupart des installations professionnelles pr\u00e9f\u00e8rent utiliser la technologie de fusion des bords pour ses r\u00e9sultats sup\u00e9rieurs et sa polyvalence dans la cr\u00e9ation de rapports d'aspect non standard au-del\u00e0 des formats traditionnels 16:9 ou 4:3.<\/p>\t\t\t\t\t\t\t\t<\/div>\n\t\t\t\t<\/div>\n\t\t\t\t<div class=\"elementor-element elementor-element-7496883 elementor-widget elementor-widget-heading\" data-id=\"7496883\" data-element_type=\"widget\" data-e-type=\"widget\" data-widget_type=\"heading.default\">\n\t\t\t\t<div class=\"elementor-widget-container\">\n\t\t\t\t\t<h2 class=\"elementor-heading-title elementor-size-default\">Solutions professionnelles pour l'int\u00e9gration de plusieurs projecteurs et d'une seule image<\/h2>\t\t\t\t<\/div>\n\t\t\t\t<\/div>\n\t\t\t\t<div class=\"elementor-element elementor-element-3aef37e elementor-widget elementor-widget-text-editor\" data-id=\"3aef37e\" data-element_type=\"widget\" data-e-type=\"widget\" data-widget_type=\"text-editor.default\">\n\t\t\t\t<div class=\"elementor-widget-container\">\n\t\t\t\t\t\t\t\t\t<p>Pour obtenir la configuration parfaite de plusieurs projecteurs pour une seule image, vous avez le choix entre des projecteurs int\u00e9gr\u00e9s de fusion des bords ou des solutions compl\u00e9mentaires de fusion des bords. Bien que des options int\u00e9gr\u00e9es soient disponibles, elles s'accompagnent souvent d'un prix \u00e9lev\u00e9 et d'une flexibilit\u00e9 limit\u00e9e. Les modules d'extension d'edge blending, disponibles sous forme de logiciels et de mat\u00e9riel sur PC, offrent des solutions plus professionnelles et plus polyvalentes.<\/p><p>Les solutions mat\u00e9rielles se distinguent par leur fiabilit\u00e9 sup\u00e9rieure, leur flexibilit\u00e9 et leur facilit\u00e9 de maintenance. Ces contr\u00f4leurs peuvent traiter n'importe quel format d'entr\u00e9e en temps r\u00e9el, ce qui \u00e9limine les probl\u00e8mes de compatibilit\u00e9 avec les PC et garantit un fonctionnement sans heurts.<\/p><p>\ud83d\udca1Lire : <a href=\"https:\/\/matrix-works.eu\/knowledge-base\/hardware-edge-blending-beneift\/\"><em>Traitement vid\u00e9o fiable bas\u00e9 sur le mat\u00e9riel pour les installations audiovisuelles professionnelles<\/em><\/a><\/p>\t\t\t\t\t\t\t\t<\/div>\n\t\t\t\t<\/div>\n\t\t<div class=\"elementor-element elementor-element-04c19dd e-flex e-con-boxed e-con e-parent\" data-id=\"04c19dd\" data-element_type=\"container\" data-e-type=\"container\">\n\t\t\t\t\t<div class=\"e-con-inner\">\n\t\t\t\t<div class=\"elementor-element elementor-element-5eca9b7 elementor-widget elementor-widget-image\" data-id=\"5eca9b7\" data-element_type=\"widget\" data-e-type=\"widget\" data-widget_type=\"image.default\">\n\t\t\t\t<div class=\"elementor-widget-container\">\n\t\t\t\t\t\t\t\t\t\t\t\t\t\t\t<img fetchpriority=\"high\" decoding=\"async\" width=\"679\" height=\"716\" src=\"https:\/\/matrix-works.eu\/wp-content\/uploads\/2025\/01\/GeoBox-Blueprint-Archive-\u767d\u677f-3.png\" class=\"attachment-large size-large wp-image-22379\" alt=\"\" srcset=\"https:\/\/matrix-works.eu\/wp-content\/uploads\/2025\/01\/GeoBox-Blueprint-Archive-\u767d\u677f-3.png 679w, https:\/\/matrix-works.eu\/wp-content\/uploads\/2025\/01\/GeoBox-Blueprint-Archive-\u767d\u677f-3-284x300.png 284w, https:\/\/matrix-works.eu\/wp-content\/uploads\/2025\/01\/GeoBox-Blueprint-Archive-\u767d\u677f-3-11x12.png 11w\" sizes=\"(max-width: 679px) 100vw, 679px\" \/>\t\t\t\t\t\t\t\t\t\t\t\t\t\t\t<\/div>\n\t\t\t\t<\/div>\n\t\t\t\t\t<\/div>\n\t\t\t\t<\/div>\n\t\t\t\t<div class=\"elementor-element elementor-element-99910e3 elementor-widget elementor-widget-shortcode\" data-id=\"99910e3\" data-element_type=\"widget\" data-e-type=\"widget\" data-widget_type=\"shortcode.default\">\n\t\t\t\t<div class=\"elementor-widget-container\">\n\t\t\t\t\t\t\t<div class=\"elementor-shortcode\"><script type=\"text\/javascript\" async src=\"https:\/\/bot.leadoo.com\/bot\/inpage.js?code=ksoZqlTM#seamless\"><\/script><\/div>\n\t\t\t\t\t\t<\/div>\n\t\t\t\t<\/div>\n\t\t\t\t<div class=\"elementor-element elementor-element-d52fc76 elementor-widget elementor-widget-heading\" data-id=\"d52fc76\" data-element_type=\"widget\" data-e-type=\"widget\" data-widget_type=\"heading.default\">\n\t\t\t\t<div class=\"elementor-widget-container\">\n\t\t\t\t\t<h2 class=\"elementor-heading-title elementor-size-default\">GeoBox : Solution professionnelle \"une image\" pour plusieurs projecteurs<\/h2>\t\t\t\t<\/div>\n\t\t\t\t<\/div>\n\t\t\t\t<div class=\"elementor-element elementor-element-7ec50c1 elementor-widget elementor-widget-text-editor\" data-id=\"7ec50c1\" data-element_type=\"widget\" data-e-type=\"widget\" data-widget_type=\"text-editor.default\">\n\t\t\t\t<div class=\"elementor-widget-container\">\n\t\t\t\t\t\t\t\t\t<p><span data-contrast=\"auto\">Le contr\u00f4leur de fusion des contours GeoBox, qui est un contr\u00f4leur de traitement d'image purement mat\u00e9riel \"tout-en-un\", permet de transformer n'importe quel type de projecteur en projecteur de fusion des contours.<\/span><span data-contrast=\"auto\">. <\/span><span data-ccp-props=\"{\">\u00a0<\/span><\/p>\t\t\t\t\t\t\t\t<\/div>\n\t\t\t\t<\/div>\n\t\t\t\t<div class=\"elementor-element elementor-element-96b1651 elementor-button-info elementor-widget elementor-widget-button\" data-id=\"96b1651\" data-element_type=\"widget\" data-e-type=\"widget\" data-widget_type=\"button.default\">\n\t\t\t\t<div class=\"elementor-widget-container\">\n\t\t\t\t\t\t\t\t\t<div class=\"elementor-button-wrapper\">\n\t\t\t\t\t<a class=\"elementor-button elementor-button-link elementor-size-sm\" href=\"https:\/\/matrix-works.eu\/edge-blending-2\/\">\n\t\t\t\t\t\t<span class=\"elementor-button-content-wrapper\">\n\t\t\t\t\t\t\t\t\t<span class=\"elementor-button-text\">S\u00e9rie GeoBox Edge blending et Warping<\/span>\n\t\t\t\t\t<\/span>\n\t\t\t\t\t<\/a>\n\t\t\t\t<\/div>\n\t\t\t\t\t\t\t\t<\/div>\n\t\t\t\t<\/div>\n\t\t\t\t<div class=\"elementor-element elementor-element-5a7eeb4 elementor-widget elementor-widget-text-editor\" data-id=\"5a7eeb4\" data-element_type=\"widget\" data-e-type=\"widget\" data-widget_type=\"text-editor.default\">\n\t\t\t\t<div class=\"elementor-widget-container\">\n\t\t\t\t\t\t\t\t\t<p><span data-contrast=\"auto\">Si vous vous demandez quels mod\u00e8les <\/span><span data-contrast=\"auto\">Vous pouvez toujours nous contacter ou dialoguer avec Matt, notre assistant num\u00e9rique, et comme vous le souhaitez, nous pouvons vous aider dans vos d\u00e9marches.<\/span><span data-contrast=\"auto\">k<\/span><span data-contrast=\"auto\">\u00a0les questions expliquent<\/span><span data-contrast=\"auto\">ing<\/span><span data-contrast=\"auto\">\u00a0votre situation, afin que nous puissions vous conseiller<\/span><span data-contrast=\"auto\">.<\/span><span data-contrast=\"auto\">\u00a0<\/span><span data-contrast=\"auto\">Si vous voulez voir quelques exemples de ce que nos processeurs peuvent faire, veuillez consulter \"<a href=\"https:\/\/matrix-works.eu\/reference-design-archive\/\">Conception de r\u00e9f\u00e9rence Artchive<\/a>\"ou de vous tenir au courant de nos activit\u00e9s.<\/span><span data-contrast=\"auto\">r<\/span><span data-contrast=\"auto\">\u00a0n'oubliez pas de nous suivre sur\u00a0<\/span><span data-contrast=\"auto\"><a href=\"https:\/\/www.linkedin.com\/company\/matrixworks-b-v\/\">LinkedIn<\/a>.<\/span><span data-ccp-props=\"{\">\u00a0<\/span><\/p>\t\t\t\t\t\t\t\t<\/div>\n\t\t\t\t<\/div>\n\t\t\t\t\t<\/div>\n\t\t<\/div>\n\t\t\t\t\t<\/div>\n\t\t<\/section>\n\t\t\t\t<section class=\"elementor-section elementor-top-section elementor-element elementor-element-2fec130 elementor-section-boxed elementor-section-height-default elementor-section-height-default\" data-id=\"2fec130\" data-element_type=\"section\" data-e-type=\"section\">\n\t\t\t\t\t\t<div class=\"elementor-container elementor-column-gap-default\">\n\t\t\t\t\t<div class=\"elementor-column elementor-col-100 elementor-top-column elementor-element elementor-element-a422cbd\" data-id=\"a422cbd\" data-element_type=\"column\" data-e-type=\"column\">\n\t\t\t<div class=\"elementor-widget-wrap elementor-element-populated\">\n\t\t\t\t\t\t<div class=\"elementor-element elementor-element-f4ee5bd elementor-widget elementor-widget-image\" data-id=\"f4ee5bd\" data-element_type=\"widget\" data-e-type=\"widget\" data-widget_type=\"image.default\">\n\t\t\t\t<div class=\"elementor-widget-container\">\n\t\t\t\t\t\t\t\t\t\t\t\t\t\t\t<img decoding=\"async\" width=\"1024\" height=\"768\" src=\"https:\/\/matrix-works.eu\/wp-content\/uploads\/2020\/02\/IMG_6733-scaled.jpg\" class=\"attachment-large size-large wp-image-1379\" alt=\"plusieurs projecteurs, une seule image\" srcset=\"https:\/\/matrix-works.eu\/wp-content\/uploads\/2020\/02\/IMG_6733-scaled.jpg 2560w, https:\/\/matrix-works.eu\/wp-content\/uploads\/2020\/02\/IMG_6733-scaled-600x450.jpg 600w\" sizes=\"(max-width: 1024px) 100vw, 1024px\" \/>\t\t\t\t\t\t\t\t\t\t\t\t\t\t\t<\/div>\n\t\t\t\t<\/div>\n\t\t\t\t\t<\/div>\n\t\t<\/div>\n\t\t\t\t\t<\/div>\n\t\t<\/section>\n\t\t\t\t<\/div>","protected":false},"excerpt":{"rendered":"<p>How to Create Multiple Projectors One Image Creating multiple projectors one image solutions enables you to achieve larger, brighter, and higher-quality displays. Through advanced geometry adjustment and edge blending technologies, multiple projected images can be seamlessly combined into one cohesive display. This technology is revolutionizing visual experiences in museums, galleries, immersive spaces, and educational institutions. [&hellip;]<\/p>\n","protected":false},"author":2,"featured_media":0,"parent":0,"menu_order":0,"comment_status":"closed","ping_status":"closed","template":"","meta":{"ocean_post_layout":"full-width","ocean_both_sidebars_style":"","ocean_both_sidebars_content_width":0,"ocean_both_sidebars_sidebars_width":0,"ocean_sidebar":"0","ocean_second_sidebar":"0","ocean_disable_margins":"enable","ocean_add_body_class":"","ocean_shortcode_before_top_bar":"","ocean_shortcode_after_top_bar":"","ocean_shortcode_before_header":"","ocean_shortcode_after_header":"","ocean_has_shortcode":"","ocean_shortcode_after_title":"","ocean_shortcode_before_footer_widgets":"","ocean_shortcode_after_footer_widgets":"","ocean_shortcode_before_footer_bottom":"","ocean_shortcode_after_footer_bottom":"","ocean_display_top_bar":"default","ocean_display_header":"default","ocean_header_style":"","ocean_center_header_left_menu":"0","ocean_custom_header_template":"0","ocean_custom_logo":0,"ocean_custom_retina_logo":0,"ocean_custom_logo_max_width":0,"ocean_custom_logo_tablet_max_width":0,"ocean_custom_logo_mobile_max_width":0,"ocean_custom_logo_max_height":0,"ocean_custom_logo_tablet_max_height":0,"ocean_custom_logo_mobile_max_height":0,"ocean_header_custom_menu":"0","ocean_menu_typo_font_family":"0","ocean_menu_typo_font_subset":"","ocean_menu_typo_font_size":0,"ocean_menu_typo_font_size_tablet":0,"ocean_menu_typo_font_size_mobile":0,"ocean_menu_typo_font_size_unit":"px","ocean_menu_typo_font_weight":"","ocean_menu_typo_font_weight_tablet":"","ocean_menu_typo_font_weight_mobile":"","ocean_menu_typo_transform":"","ocean_menu_typo_transform_tablet":"","ocean_menu_typo_transform_mobile":"","ocean_menu_typo_line_height":0,"ocean_menu_typo_line_height_tablet":0,"ocean_menu_typo_line_height_mobile":0,"ocean_menu_typo_line_height_unit":"","ocean_menu_typo_spacing":0,"ocean_menu_typo_spacing_tablet":0,"ocean_menu_typo_spacing_mobile":0,"ocean_menu_typo_spacing_unit":"","ocean_menu_link_color":"","ocean_menu_link_color_hover":"","ocean_menu_link_color_active":"","ocean_menu_link_background":"","ocean_menu_link_hover_background":"","ocean_menu_link_active_background":"","ocean_menu_social_links_bg":"","ocean_menu_social_hover_links_bg":"","ocean_menu_social_links_color":"","ocean_menu_social_hover_links_color":"","ocean_disable_title":"default","ocean_disable_heading":"default","ocean_post_title":"","ocean_post_subheading":"","ocean_post_title_style":"","ocean_post_title_background_color":"","ocean_post_title_background":0,"ocean_post_title_bg_image_position":"","ocean_post_title_bg_image_attachment":"","ocean_post_title_bg_image_repeat":"","ocean_post_title_bg_image_size":"","ocean_post_title_height":0,"ocean_post_title_bg_overlay":0.5,"ocean_post_title_bg_overlay_color":"","ocean_disable_breadcrumbs":"default","ocean_breadcrumbs_color":"","ocean_breadcrumbs_separator_color":"","ocean_breadcrumbs_links_color":"","ocean_breadcrumbs_links_hover_color":"","ocean_display_footer_widgets":"default","ocean_display_footer_bottom":"default","ocean_custom_footer_template":"0","footnotes":""},"class_list":["post-1822","page","type-page","status-publish","hentry","entry"],"yoast_head":"<!-- This site is optimized with the Yoast SEO Premium plugin v27.4 (Yoast SEO v27.4) - https:\/\/yoast.com\/product\/yoast-seo-premium-wordpress\/ -->\n<title>Multiple Projectors One Image: Seamless Displays - MatrixWorks Europe<\/title>\n<meta name=\"description\" content=\"Explore how multiple projectors one image technology creates stunning, larger displays for immersive experiences in various settings.\" \/>\n<meta name=\"robots\" content=\"index, follow, max-snippet:-1, max-image-preview:large, max-video-preview:-1\" \/>\n<link rel=\"canonical\" href=\"https:\/\/matrix-works.eu\/fr\/plusieurs-projecteurs-une-seule-image\/\" \/>\n<meta property=\"og:locale\" content=\"fr_FR\" \/>\n<meta property=\"og:type\" content=\"article\" \/>\n<meta property=\"og:title\" content=\"Multiple projectors one image\" \/>\n<meta property=\"og:description\" content=\"Explore how multiple projectors one image technology creates stunning, larger displays for immersive experiences in various settings.\" \/>\n<meta property=\"og:url\" content=\"https:\/\/matrix-works.eu\/fr\/plusieurs-projecteurs-une-seule-image\/\" \/>\n<meta property=\"og:site_name\" content=\"MatrixWorks Europe\" \/>\n<meta property=\"article:modified_time\" content=\"2025-04-10T14:25:45+00:00\" \/>\n<meta property=\"og:image\" content=\"https:\/\/matrix-works.eu\/wp-content\/uploads\/2020\/02\/IMG_6733-scaled.jpg\" \/>\n<meta name=\"twitter:card\" content=\"summary_large_image\" \/>\n<meta name=\"twitter:site\" content=\"@MatrixWorksEU\" \/>\n<meta name=\"twitter:label1\" content=\"Dur\u00e9e de lecture estim\u00e9e\" \/>\n\t<meta name=\"twitter:data1\" content=\"2 minutes\" \/>\n<script type=\"application\/ld+json\" class=\"yoast-schema-graph\">{\"@context\":\"https:\\\/\\\/schema.org\",\"@graph\":[{\"@type\":\"WebPage\",\"@id\":\"https:\\\/\\\/matrix-works.eu\\\/multiple-projectors-one-image\\\/\",\"url\":\"https:\\\/\\\/matrix-works.eu\\\/multiple-projectors-one-image\\\/\",\"name\":\"Multiple Projectors One Image: Seamless Displays - MatrixWorks Europe\",\"isPartOf\":{\"@id\":\"https:\\\/\\\/matrix-works.eu\\\/#website\"},\"primaryImageOfPage\":{\"@id\":\"https:\\\/\\\/matrix-works.eu\\\/multiple-projectors-one-image\\\/#primaryimage\"},\"image\":{\"@id\":\"https:\\\/\\\/matrix-works.eu\\\/multiple-projectors-one-image\\\/#primaryimage\"},\"thumbnailUrl\":\"https:\\\/\\\/matrix-works.eu\\\/wp-content\\\/uploads\\\/2020\\\/02\\\/IMG_6733-scaled.jpg\",\"datePublished\":\"2020-07-01T14:22:41+00:00\",\"dateModified\":\"2025-04-10T14:25:45+00:00\",\"description\":\"Explore how multiple projectors one image technology creates stunning, larger displays for immersive experiences in various settings.\",\"breadcrumb\":{\"@id\":\"https:\\\/\\\/matrix-works.eu\\\/multiple-projectors-one-image\\\/#breadcrumb\"},\"inLanguage\":\"fr-FR\",\"potentialAction\":[{\"@type\":\"ReadAction\",\"target\":[\"https:\\\/\\\/matrix-works.eu\\\/multiple-projectors-one-image\\\/\"]}]},{\"@type\":\"ImageObject\",\"inLanguage\":\"fr-FR\",\"@id\":\"https:\\\/\\\/matrix-works.eu\\\/multiple-projectors-one-image\\\/#primaryimage\",\"url\":\"https:\\\/\\\/matrix-works.eu\\\/wp-content\\\/uploads\\\/2020\\\/02\\\/IMG_6733-scaled.jpg\",\"contentUrl\":\"https:\\\/\\\/matrix-works.eu\\\/wp-content\\\/uploads\\\/2020\\\/02\\\/IMG_6733-scaled.jpg\"},{\"@type\":\"BreadcrumbList\",\"@id\":\"https:\\\/\\\/matrix-works.eu\\\/multiple-projectors-one-image\\\/#breadcrumb\",\"itemListElement\":[{\"@type\":\"ListItem\",\"position\":1,\"name\":\"Home\",\"item\":\"https:\\\/\\\/matrix-works.eu\\\/\"},{\"@type\":\"ListItem\",\"position\":2,\"name\":\"Multiple projectors one image\"}]},{\"@type\":\"WebSite\",\"@id\":\"https:\\\/\\\/matrix-works.eu\\\/#website\",\"url\":\"https:\\\/\\\/matrix-works.eu\\\/\",\"name\":\"MatrixWorks Europe\",\"description\":\"\",\"publisher\":{\"@id\":\"https:\\\/\\\/matrix-works.eu\\\/#organization\"},\"alternateName\":\"GeoBox in Europe\",\"potentialAction\":[{\"@type\":\"SearchAction\",\"target\":{\"@type\":\"EntryPoint\",\"urlTemplate\":\"https:\\\/\\\/matrix-works.eu\\\/?s={search_term_string}\"},\"query-input\":{\"@type\":\"PropertyValueSpecification\",\"valueRequired\":true,\"valueName\":\"search_term_string\"}}],\"inLanguage\":\"fr-FR\"},{\"@type\":\"Organization\",\"@id\":\"https:\\\/\\\/matrix-works.eu\\\/#organization\",\"name\":\"MatrixWorks Europe B.V.\",\"alternateName\":\"MatrixWorks\",\"url\":\"https:\\\/\\\/matrix-works.eu\\\/\",\"logo\":{\"@type\":\"ImageObject\",\"inLanguage\":\"fr-FR\",\"@id\":\"https:\\\/\\\/matrix-works.eu\\\/#\\\/schema\\\/logo\\\/image\\\/\",\"url\":\"https:\\\/\\\/matrix-works.eu\\\/wp-content\\\/uploads\\\/2018\\\/09\\\/MTXWorks_Logo-2.jpg\",\"contentUrl\":\"https:\\\/\\\/matrix-works.eu\\\/wp-content\\\/uploads\\\/2018\\\/09\\\/MTXWorks_Logo-2.jpg\",\"width\":681,\"height\":649,\"caption\":\"MatrixWorks Europe B.V.\"},\"image\":{\"@id\":\"https:\\\/\\\/matrix-works.eu\\\/#\\\/schema\\\/logo\\\/image\\\/\"},\"sameAs\":[\"https:\\\/\\\/x.com\\\/MatrixWorksEU\",\"https:\\\/\\\/www.linkedin.com\\\/company\\\/matrixworks-b-v\\\/\",\"https:\\\/\\\/www.youtube.com\\\/channel\\\/UCxunCnAsepOa59_myEXfCyA?view_as=subscriber\"],\"foundingDate\":\"2018-11-01\",\"vatID\":\"859250829B01\"}]}<\/script>\n<!-- \/ Yoast SEO Premium plugin. -->","yoast_head_json":{"title":"Plusieurs projecteurs, une seule image : Des \u00e9crans sans faille - MatrixWorks Europe","description":"D\u00e9couvrez comment la technologie \"un seul projecteur, une seule image\" permet de cr\u00e9er des affichages \u00e9tonnants et plus grands pour des exp\u00e9riences immersives dans divers contextes.","robots":{"index":"index","follow":"follow","max-snippet":"max-snippet:-1","max-image-preview":"max-image-preview:large","max-video-preview":"max-video-preview:-1"},"canonical":"https:\/\/matrix-works.eu\/fr\/plusieurs-projecteurs-une-seule-image\/","og_locale":"fr_FR","og_type":"article","og_title":"Multiple projectors one image","og_description":"Explore how multiple projectors one image technology creates stunning, larger displays for immersive experiences in various settings.","og_url":"https:\/\/matrix-works.eu\/fr\/plusieurs-projecteurs-une-seule-image\/","og_site_name":"MatrixWorks Europe","article_modified_time":"2025-04-10T14:25:45+00:00","og_image":[{"url":"https:\/\/matrix-works.eu\/wp-content\/uploads\/2020\/02\/IMG_6733-scaled.jpg","type":"","width":"","height":""}],"twitter_card":"summary_large_image","twitter_site":"@MatrixWorksEU","twitter_misc":{"Dur\u00e9e de lecture estim\u00e9e":"2 minutes"},"schema":{"@context":"https:\/\/schema.org","@graph":[{"@type":"WebPage","@id":"https:\/\/matrix-works.eu\/multiple-projectors-one-image\/","url":"https:\/\/matrix-works.eu\/multiple-projectors-one-image\/","name":"Plusieurs projecteurs, une seule image : Des \u00e9crans sans faille - MatrixWorks Europe","isPartOf":{"@id":"https:\/\/matrix-works.eu\/#website"},"primaryImageOfPage":{"@id":"https:\/\/matrix-works.eu\/multiple-projectors-one-image\/#primaryimage"},"image":{"@id":"https:\/\/matrix-works.eu\/multiple-projectors-one-image\/#primaryimage"},"thumbnailUrl":"https:\/\/matrix-works.eu\/wp-content\/uploads\/2020\/02\/IMG_6733-scaled.jpg","datePublished":"2020-07-01T14:22:41+00:00","dateModified":"2025-04-10T14:25:45+00:00","description":"D\u00e9couvrez comment la technologie \"un seul projecteur, une seule image\" permet de cr\u00e9er des affichages \u00e9tonnants et plus grands pour des exp\u00e9riences immersives dans divers contextes.","breadcrumb":{"@id":"https:\/\/matrix-works.eu\/multiple-projectors-one-image\/#breadcrumb"},"inLanguage":"fr-FR","potentialAction":[{"@type":"ReadAction","target":["https:\/\/matrix-works.eu\/multiple-projectors-one-image\/"]}]},{"@type":"ImageObject","inLanguage":"fr-FR","@id":"https:\/\/matrix-works.eu\/multiple-projectors-one-image\/#primaryimage","url":"https:\/\/matrix-works.eu\/wp-content\/uploads\/2020\/02\/IMG_6733-scaled.jpg","contentUrl":"https:\/\/matrix-works.eu\/wp-content\/uploads\/2020\/02\/IMG_6733-scaled.jpg"},{"@type":"BreadcrumbList","@id":"https:\/\/matrix-works.eu\/multiple-projectors-one-image\/#breadcrumb","itemListElement":[{"@type":"ListItem","position":1,"name":"Home","item":"https:\/\/matrix-works.eu\/"},{"@type":"ListItem","position":2,"name":"Multiple projectors one image"}]},{"@type":"WebSite","@id":"https:\/\/matrix-works.eu\/#website","url":"https:\/\/matrix-works.eu\/","name":"MatrixWorks Europe","description":"","publisher":{"@id":"https:\/\/matrix-works.eu\/#organization"},"alternateName":"GeoBox in Europe","potentialAction":[{"@type":"SearchAction","target":{"@type":"EntryPoint","urlTemplate":"https:\/\/matrix-works.eu\/?s={search_term_string}"},"query-input":{"@type":"PropertyValueSpecification","valueRequired":true,"valueName":"search_term_string"}}],"inLanguage":"fr-FR"},{"@type":"Organization","@id":"https:\/\/matrix-works.eu\/#organization","name":"MatrixWorks Europe B.V.","alternateName":"MatrixWorks","url":"https:\/\/matrix-works.eu\/","logo":{"@type":"ImageObject","inLanguage":"fr-FR","@id":"https:\/\/matrix-works.eu\/#\/schema\/logo\/image\/","url":"https:\/\/matrix-works.eu\/wp-content\/uploads\/2018\/09\/MTXWorks_Logo-2.jpg","contentUrl":"https:\/\/matrix-works.eu\/wp-content\/uploads\/2018\/09\/MTXWorks_Logo-2.jpg","width":681,"height":649,"caption":"MatrixWorks Europe B.V."},"image":{"@id":"https:\/\/matrix-works.eu\/#\/schema\/logo\/image\/"},"sameAs":["https:\/\/x.com\/MatrixWorksEU","https:\/\/www.linkedin.com\/company\/matrixworks-b-v\/","https:\/\/www.youtube.com\/channel\/UCxunCnAsepOa59_myEXfCyA?view_as=subscriber"],"foundingDate":"2018-11-01","vatID":"859250829B01"}]}},"_links":{"self":[{"href":"https:\/\/matrix-works.eu\/fr\/wp-json\/wp\/v2\/pages\/1822","targetHints":{"allow":["GET"]}}],"collection":[{"href":"https:\/\/matrix-works.eu\/fr\/wp-json\/wp\/v2\/pages"}],"about":[{"href":"https:\/\/matrix-works.eu\/fr\/wp-json\/wp\/v2\/types\/page"}],"author":[{"embeddable":true,"href":"https:\/\/matrix-works.eu\/fr\/wp-json\/wp\/v2\/users\/2"}],"replies":[{"embeddable":true,"href":"https:\/\/matrix-works.eu\/fr\/wp-json\/wp\/v2\/comments?post=1822"}],"version-history":[{"count":31,"href":"https:\/\/matrix-works.eu\/fr\/wp-json\/wp\/v2\/pages\/1822\/revisions"}],"predecessor-version":[{"id":23006,"href":"https:\/\/matrix-works.eu\/fr\/wp-json\/wp\/v2\/pages\/1822\/revisions\/23006"}],"wp:attachment":[{"href":"https:\/\/matrix-works.eu\/fr\/wp-json\/wp\/v2\/media?parent=1822"}],"curies":[{"name":"wp","href":"https:\/\/api.w.org\/{rel}","templated":true}]}}