{"id":24412,"date":"2026-01-26T16:30:54","date_gmt":"2026-01-26T16:30:54","guid":{"rendered":"https:\/\/matrix-works.eu\/?page_id=24412"},"modified":"2026-01-28T14:28:05","modified_gmt":"2026-01-28T14:28:05","slug":"pourquoi-le-traitement-base-sur-le-fpga-est-il-important-dans-les-architectures-daffichage-de-grande-taille","status":"publish","type":"page","link":"https:\/\/matrix-works.eu\/fr\/why-fpga-based-processing-matters-in-large-display-architectures\/","title":{"rendered":"Pourquoi le traitement bas\u00e9 sur les FPGA est important dans les architectures d'affichage de grande taille ?"},"content":{"rendered":"<div data-elementor-type=\"wp-page\" data-elementor-id=\"24412\" class=\"elementor elementor-24412\" data-elementor-post-type=\"page\">\n\t\t\t\t<div class=\"elementor-element elementor-element-f9a536c e-flex e-con-boxed e-con e-parent\" data-id=\"f9a536c\" data-element_type=\"container\" data-e-type=\"container\">\n\t\t\t\t\t<div class=\"e-con-inner\">\n\t\t\t\t<div class=\"elementor-element elementor-element-acf323f elementor-widget elementor-widget-heading\" data-id=\"acf323f\" data-element_type=\"widget\" data-e-type=\"widget\" data-widget_type=\"heading.default\">\n\t\t\t\t<div class=\"elementor-widget-container\">\n\t\t\t\t\t<h1 class=\"elementor-heading-title elementor-size-default\">Pourquoi le mat\u00e9riel bas\u00e9 sur un FPGA est un choix d\u00e9fendable en mati\u00e8re de contr\u00f4le des risques dans certaines architectures<\/h1>\t\t\t\t<\/div>\n\t\t\t\t<\/div>\n\t\t\t\t<div class=\"elementor-element elementor-element-d6604f0 elementor-widget elementor-widget-text-editor\" data-id=\"d6604f0\" data-element_type=\"widget\" data-e-type=\"widget\" data-widget_type=\"text-editor.default\">\n\t\t\t\t<div class=\"elementor-widget-container\">\n\t\t\t\t\t\t\t\t\t<p data-start=\"2840\" data-end=\"2979\">Cette page explique pourquoi le traitement bas\u00e9 sur les FPGA est important dans le traitement des images.  Il est important parce qu'il permet <strong data-start=\"2888\" data-end=\"2938\">le comportement de l'affichage doit \u00eatre appliqu\u00e9 en tant que logique fixe<\/strong>, et non comme un effet secondaire de l'\u00e9tat du logiciel.<\/p><p data-start=\"2981\" data-end=\"3195\">Dans les syst\u00e8mes d'affichage de grande taille ou \u00e0 longue dur\u00e9e de vie, la pr\u00e9visibilit\u00e9 d\u00e9pend moins de la qualit\u00e9 de l'\u00e9talonnage que de la synchronisation et de la g\u00e9om\u00e9trie. <strong data-start=\"3134\" data-end=\"3159\">structurellement renforc\u00e9<\/strong> plut\u00f4t qu'une r\u00e9alisation conditionnelle.<\/p>\t\t\t\t\t\t\t\t<\/div>\n\t\t\t\t<\/div>\n\t\t\t\t<div class=\"elementor-element elementor-element-e4ff907 elementor-widget elementor-widget-text-editor\" data-id=\"e4ff907\" data-element_type=\"widget\" data-e-type=\"widget\" data-widget_type=\"text-editor.default\">\n\t\t\t\t<div class=\"elementor-widget-container\">\n\t\t\t\t\t\t\t\t\t<p>Cette discussion se concentre sp\u00e9cifiquement sur les raisons pour lesquelles le traitement bas\u00e9 sur les FPGA est important du point de vue du risque et de la pr\u00e9visibilit\u00e9.<\/p><p>Elle fait partie d'un concept architectural plus large - la couche technique - qui d\u00e9finit o\u00f9 doit se situer la responsabilit\u00e9 du comportement d'affichage dans les syst\u00e8mes complexes et de longue dur\u00e9e.<\/p><p>\u2192 Lire la suite <span style=\"color: #0000ff;\"><a style=\"color: #0000ff;\" href=\"https:\/\/matrix-works.eu\/technical-layer\/\">Cadre de la couche technique<\/a>.<\/span><\/p>\t\t\t\t\t\t\t\t<\/div>\n\t\t\t\t<\/div>\n\t\t\t\t<div class=\"elementor-element elementor-element-336173b elementor-widget elementor-widget-text-editor\" data-id=\"336173b\" data-element_type=\"widget\" data-e-type=\"widget\" data-widget_type=\"text-editor.default\">\n\t\t\t\t<div class=\"elementor-widget-container\">\n\t\t\t\t\t\t\t\t\t<h2>Trois r\u00e9alit\u00e9s techniques qui ne peuvent \u00eatre \u00e9vit\u00e9es \u00e0 grande \u00e9chelle<\/h2><h3>1. L'incertitude temporelle augmente avec la taille du syst\u00e8me<\/h3><p><span style=\"font-size: 16px;\">Dans les petites configurations d'affichage, une variation mineure de la synchronisation est inoffensive. <\/span>Dans les grands syst\u00e8mes, il est cumulatif. Une seule image est souvent divis\u00e9e, achemin\u00e9e, transform\u00e9e et recombin\u00e9e sur plusieurs chemins. Si ces chemins sont r\u00e9gis par un ordonnancement d\u00e9pendant de l'\u00e9tat (syst\u00e8me d'exploitation, pilotes, charge du GPU), la d\u00e9rive temporelle est in\u00e9vitable. Il ne s'agit pas d'un probl\u00e8me de r\u00e9glage. Il s'agit de savoir si le syst\u00e8me dispose d'une <strong data-start=\"3649\" data-end=\"3673\">mod\u00e8le de synchronisation d\u00e9fini<\/strong> qui reste valable apr\u00e8s :<\/p><ul><li data-start=\"3702\" data-end=\"3710\">red\u00e9marre<\/li><li data-start=\"3713\" data-end=\"3727\">changements \u00e0 la source<\/li><li data-start=\"3730\" data-end=\"3741\">l'entretien<\/li><li data-start=\"3744\" data-end=\"3760\">mises \u00e0 jour du logiciel<\/li><\/ul><p data-start=\"3762\" data-end=\"3901\">Les pipelines bas\u00e9s sur des FPGA fonctionnent sans syst\u00e8me d'exploitation et sans programmation d'ex\u00e9cution. Une fois d\u00e9finis, leur comportement temporel ne varie pas. Cette propri\u00e9t\u00e9 constitue la principale diff\u00e9rence architecturale.<\/p><h3>2. Cha\u00eenes de traitement des logiciels et \u201cexplosion de l'espace d'\u00e9tat\u201d<\/h3><p data-start=\"4020\" data-end=\"4138\">Au fur et \u00e0 mesure que les syst\u00e8mes d'affichage se d\u00e9veloppent, le traitement centr\u00e9 sur le logiciel introduit ce que les ing\u00e9nieurs appellent des <strong data-start=\"4112\" data-end=\"4137\">explosion de l'espace \u00e9tatique<\/strong>:<\/p><ul><li data-start=\"4142\" data-end=\"4218\">Le nombre d'\u00e9tats internes possibles augmente plus rapidement que la taille du syst\u00e8me<\/li><li data-start=\"4221\" data-end=\"4272\">De rares conflits de synchronisation n'apparaissent qu'apr\u00e8s une longue p\u00e9riode de fonctionnement<\/li><li data-start=\"4275\" data-end=\"4327\">Les \u00e9checs deviennent difficiles ou impossibles \u00e0 reproduire<\/li><\/ul><p data-start=\"4329\" data-end=\"4436\">D'un point de vue technique, un syst\u00e8me qui ne peut pas reproduire de mani\u00e8re fiable son propre comportement n'est pas v\u00e9rifiable. Les syst\u00e8mes bas\u00e9s sur les FPGA r\u00e9duisent ce probl\u00e8me en \u00e9liminant de grandes classes d'\u00e9tats cach\u00e9s. Le comportement des entr\u00e9es-sorties est d\u00e9fini par la structure et non par le contexte d'ex\u00e9cution.<\/p><h3>3. La clart\u00e9 des responsabilit\u00e9s est un r\u00e9sultat technique et non une clause contractuelle.<\/h3><p data-start=\"4673\" data-end=\"4745\">De nombreux \u00e9checs d'exposition \u00e0 long terme sont d'abord invisibles. Lorsque des d\u00e9calages g\u00e9om\u00e9triques ou des coutures apparaissent des mois apr\u00e8s l'installation, la responsabilit\u00e9 devient souvent ambigu\u00eb :<\/p><ul><li data-start=\"4853\" data-end=\"4903\">les pipelines de contenu supposent que les \u00e9crans vont \u201cs'en charger\u201d<\/li><li data-start=\"4906\" data-end=\"4954\">les \u00e9quipes d'affichage supposent que les sources en amont sont stables<\/li><li data-start=\"4957\" data-end=\"4999\">les \u00e9quipes charg\u00e9es des logiciels indiquent les pilotes ou les mises \u00e0 jour<\/li><\/ul><p data-start=\"5001\" data-end=\"5054\">Le probl\u00e8me n'est pas la communication. C'est l'architecture. Lorsque les comportements critiques (g\u00e9om\u00e9trie, chevauchement, synchronisation) sont mis en \u0153uvre dans une couche mat\u00e9rielle fixe, la responsabilit\u00e9 devient techniquement ancr\u00e9e. L'isolation des pannes devient possible.<\/p><h2 data-start=\"5245\" data-end=\"5300\">\u00a0<\/h2><h2 data-start=\"5245\" data-end=\"5300\">Profils de risques architecturaux (pas de comparaison de produits)<\/h2><div class=\"TyagGW_tableContainer\"><div class=\"group TyagGW_tableWrapper flex flex-col-reverse w-fit\" tabindex=\"-1\"><table class=\"w-fit min-w-(--thread-content-width)\" data-start=\"5302\" data-end=\"5673\"><thead data-start=\"5302\" data-end=\"5359\"><tr data-start=\"5302\" data-end=\"5359\"><th data-start=\"5302\" data-end=\"5311\" data-col-size=\"sm\"><strong>Aspect<\/strong><\/th><th data-start=\"5311\" data-end=\"5334\" data-col-size=\"sm\"><strong>Centr\u00e9 sur le logiciel\/la GPU<\/strong><\/th><th data-start=\"5334\" data-end=\"5359\" data-col-size=\"sm\"><strong>Traitement bas\u00e9 sur un FPGA<\/strong><\/th><\/tr><\/thead><tbody data-start=\"5415\" data-end=\"5673\"><tr data-start=\"5415\" data-end=\"5476\"><td data-start=\"5415\" data-end=\"5437\" data-col-size=\"sm\">D\u00e9finition du comportement<\/td><td data-col-size=\"sm\" data-start=\"5437\" data-end=\"5455\">D\u00e9pendante de l'\u00c9tat<\/td><td data-col-size=\"sm\" data-start=\"5455\" data-end=\"5476\">Structure d\u00e9finie<\/td><\/tr><tr data-start=\"5477\" data-end=\"5518\"><td data-start=\"5477\" data-end=\"5498\" data-col-size=\"sm\">Coh\u00e9rence du calendrier<\/td><td data-col-size=\"sm\" data-start=\"5498\" data-end=\"5509\">Variable<\/td><td data-col-size=\"sm\" data-start=\"5509\" data-end=\"5518\">Fixe<\/td><\/tr><tr data-start=\"5519\" data-end=\"5582\"><td data-start=\"5519\" data-end=\"5538\" data-col-size=\"sm\">Comportement au red\u00e9marrage<\/td><td data-col-size=\"sm\" data-start=\"5538\" data-end=\"5558\">Sensible au contexte<\/td><td data-col-size=\"sm\" data-start=\"5558\" data-end=\"5582\">Identique \u00e0 chaque fois<\/td><\/tr><tr data-start=\"5583\" data-end=\"5615\"><td data-start=\"5583\" data-end=\"5601\" data-col-size=\"sm\">Reproductibilit\u00e9<\/td><td data-col-size=\"sm\" data-start=\"5601\" data-end=\"5607\">Faible<\/td><td data-col-size=\"sm\" data-start=\"5607\" data-end=\"5615\">Haut<\/td><\/tr><tr data-start=\"5616\" data-end=\"5673\"><td data-start=\"5616\" data-end=\"5633\" data-col-size=\"sm\">Risque \u00e0 long terme<\/td><td data-col-size=\"sm\" data-start=\"5633\" data-end=\"5646\">Lourdeur de l'OPEX<\/td><td data-col-size=\"sm\" data-start=\"5646\" data-end=\"5673\">Lourdeur des CAPEX, l\u00e9g\u00e8ret\u00e9 des OPEX<\/td><\/tr><\/tbody><\/table><\/div><\/div><p data-start=\"5675\" data-end=\"5781\">Il ne s'agit pas d'un leadership de performance. Il s'agit de <strong data-start=\"5731\" data-end=\"5780\">les risques que vous choisissez de reporter<\/strong>.<\/p><h2 data-start=\"5788\" data-end=\"5836\">\u00a0<\/h2><h2 data-start=\"5788\" data-end=\"5836\">Quand le traitement \u00e0 base de FPGA devient d\u00e9fendable<\/h2><p data-start=\"5838\" data-end=\"5877\">Le FPGA n'est pas n\u00e9cessaire pour tous les syst\u00e8mes. Il devient un choix architectural d\u00e9fendable lorsque :<\/p><ul><li data-start=\"5932\" data-end=\"5983\">le syst\u00e8me doit fonctionner sans surveillance pendant de longues p\u00e9riodes<\/li><li data-start=\"5986\" data-end=\"6041\">la continuit\u00e9 visuelle a un impact sur le public, l'espace ou la s\u00e9curit\u00e9<\/li><li data-start=\"6044\" data-end=\"6088\">le comportement doit survivre au passage d'une \u00e9quipe \u00e0 l'autre<\/li><li data-start=\"6091\" data-end=\"6145\">le recalibrage apr\u00e8s chaque intervention est inacceptable<\/li><\/ul><p data-start=\"6147\" data-end=\"6227\">\u00c0 ce stade, la pr\u00e9visibilit\u00e9 n'est plus une optimisation. C'est une exigence.<\/p><p data-start=\"6147\" data-end=\"6227\">Une discussion technique sur cet environnement et ses implications architecturales est disponible ici :<br \/>\u2192\u00a0<span style=\"color: #0000ff;\">\u00a0<strong><a style=\"color: #0000ff;\" href=\"https:\/\/matrix-works.eu\/why-fpga-based-video-processing-remains-essential-in-large-scale-digital-art-environments\/\">Pourquoi le traitement vid\u00e9o bas\u00e9 sur un FPGA reste essentiel dans les environnements d'art num\u00e9rique \u00e0 grande \u00e9chelle ?<\/a><\/strong><\/span><\/p><h2 data-start=\"6234\" data-end=\"6272\">\u00a0<\/h2><h2 data-start=\"6234\" data-end=\"6272\">Objectif de la phase de conception (pas de liste de contr\u00f4le)<\/h2><p data-start=\"6274\" data-end=\"6319\">Avant de finaliser l'architecture d'un syst\u00e8me, posez des questions :<\/p><ul><li data-start=\"6323\" data-end=\"6383\">Quels sont les comportements d'affichage qui ne peuvent pas \u00eatre modifi\u00e9s au fil du temps ?<\/li><li data-start=\"6386\" data-end=\"6452\">Le syst\u00e8me peut-il reproduire le m\u00eame comportement apr\u00e8s des ann\u00e9es et non des semaines ?<\/li><li data-start=\"6455\" data-end=\"6500\">O\u00f9 la propri\u00e9t\u00e9 des pixels est-elle explicitement ancr\u00e9e ?<\/li><li data-start=\"6503\" data-end=\"6563\">Le succ\u00e8s d\u00e9pend-il de l'\u00e9tat du logiciel ou d'une structure fixe ?<\/li><li data-start=\"6564\" data-end=\"6629\"><p data-start=\"6566\" data-end=\"6629\">Une nouvelle \u00e9quipe peut-elle restaurer le syst\u00e8me sans connaissance historique ?<\/p><\/li><\/ul><p data-start=\"6631\" data-end=\"6741\">Si ces questions ne trouvent pas de r\u00e9ponse au stade de l'architecture, elles r\u00e9appara\u00eetront plus tard sous la forme d'un risque op\u00e9rationnel.<\/p><h2 data-start=\"6748\" data-end=\"6810\">\u00a0<\/h2><h2 data-start=\"6748\" data-end=\"6810\">Cl\u00f4ture : pourquoi cette question rel\u00e8ve de la discussion sur la couche technique<\/h2><p data-start=\"6812\" data-end=\"6914\">Le traitement bas\u00e9 sur les FPGA n'est pas important parce qu'il est \u201cplus puissant\u201d, mais parce qu'il est <strong data-start=\"6895\" data-end=\"6913\">moins ambigu\u00eb<\/strong>. Dans les grands syst\u00e8mes d'affichage, la stabilit\u00e9 \u00e0 long terme n'est pas obtenue par un meilleur r\u00e9glage. Elle est obtenue en d\u00e9cidant quels comportements ne doivent jamais d\u00e9pendre du hasard. Cette d\u00e9cision est architecturale.<\/p>\t\t\t\t\t\t\t\t<\/div>\n\t\t\t\t<\/div>\n\t\t\t\t\t<\/div>\n\t\t\t\t<\/div>\n\t\t\t\t<\/div>","protected":false},"excerpt":{"rendered":"<p>Why FPGA-Based Hardware is a Defensible Risk-Control Choice in Certain Architectures This page answers why the FPGA based processing matters in image processing.\u00a0 It matters because it allows display behavior to be enforced as fixed logic, not as a side effect of software state. In large or long-lived display systems, predictability depends less on calibration [&hellip;]<\/p>\n","protected":false},"author":4,"featured_media":0,"parent":0,"menu_order":0,"comment_status":"closed","ping_status":"closed","template":"","meta":{"ocean_post_layout":"","ocean_both_sidebars_style":"","ocean_both_sidebars_content_width":0,"ocean_both_sidebars_sidebars_width":0,"ocean_sidebar":"","ocean_second_sidebar":"","ocean_disable_margins":"enable","ocean_add_body_class":"","ocean_shortcode_before_top_bar":"","ocean_shortcode_after_top_bar":"","ocean_shortcode_before_header":"","ocean_shortcode_after_header":"","ocean_has_shortcode":"","ocean_shortcode_after_title":"","ocean_shortcode_before_footer_widgets":"","ocean_shortcode_after_footer_widgets":"","ocean_shortcode_before_footer_bottom":"","ocean_shortcode_after_footer_bottom":"","ocean_display_top_bar":"default","ocean_display_header":"default","ocean_header_style":"","ocean_center_header_left_menu":"","ocean_custom_header_template":"","ocean_custom_logo":0,"ocean_custom_retina_logo":0,"ocean_custom_logo_max_width":0,"ocean_custom_logo_tablet_max_width":0,"ocean_custom_logo_mobile_max_width":0,"ocean_custom_logo_max_height":0,"ocean_custom_logo_tablet_max_height":0,"ocean_custom_logo_mobile_max_height":0,"ocean_header_custom_menu":"","ocean_menu_typo_font_family":"","ocean_menu_typo_font_subset":"","ocean_menu_typo_font_size":0,"ocean_menu_typo_font_size_tablet":0,"ocean_menu_typo_font_size_mobile":0,"ocean_menu_typo_font_size_unit":"px","ocean_menu_typo_font_weight":"","ocean_menu_typo_font_weight_tablet":"","ocean_menu_typo_font_weight_mobile":"","ocean_menu_typo_transform":"","ocean_menu_typo_transform_tablet":"","ocean_menu_typo_transform_mobile":"","ocean_menu_typo_line_height":0,"ocean_menu_typo_line_height_tablet":0,"ocean_menu_typo_line_height_mobile":0,"ocean_menu_typo_line_height_unit":"","ocean_menu_typo_spacing":0,"ocean_menu_typo_spacing_tablet":0,"ocean_menu_typo_spacing_mobile":0,"ocean_menu_typo_spacing_unit":"","ocean_menu_link_color":"","ocean_menu_link_color_hover":"","ocean_menu_link_color_active":"","ocean_menu_link_background":"","ocean_menu_link_hover_background":"","ocean_menu_link_active_background":"","ocean_menu_social_links_bg":"","ocean_menu_social_hover_links_bg":"","ocean_menu_social_links_color":"","ocean_menu_social_hover_links_color":"","ocean_disable_title":"default","ocean_disable_heading":"default","ocean_post_title":"","ocean_post_subheading":"","ocean_post_title_style":"","ocean_post_title_background_color":"","ocean_post_title_background":0,"ocean_post_title_bg_image_position":"","ocean_post_title_bg_image_attachment":"","ocean_post_title_bg_image_repeat":"","ocean_post_title_bg_image_size":"","ocean_post_title_height":0,"ocean_post_title_bg_overlay":0.5,"ocean_post_title_bg_overlay_color":"","ocean_disable_breadcrumbs":"default","ocean_breadcrumbs_color":"","ocean_breadcrumbs_separator_color":"","ocean_breadcrumbs_links_color":"","ocean_breadcrumbs_links_hover_color":"","ocean_display_footer_widgets":"default","ocean_display_footer_bottom":"default","ocean_custom_footer_template":"","footnotes":""},"class_list":["post-24412","page","type-page","status-publish","hentry","entry"],"yoast_head":"<!-- This site is optimized with the Yoast SEO Premium plugin v27.4 (Yoast SEO v27.4) - https:\/\/yoast.com\/product\/yoast-seo-premium-wordpress\/ -->\n<title>FPGA Processing Benefits in Large Systems - MatrixWorks Europe<\/title>\n<meta name=\"description\" content=\"Explore the importance of FPGA processing for predictable display systems and enforcing fixed logic over software state.\" \/>\n<meta name=\"robots\" content=\"index, follow, max-snippet:-1, max-image-preview:large, max-video-preview:-1\" \/>\n<link rel=\"canonical\" href=\"https:\/\/matrix-works.eu\/fr\/pourquoi-le-traitement-base-sur-le-fpga-est-il-important-dans-les-architectures-daffichage-de-grande-taille\/\" \/>\n<meta property=\"og:locale\" content=\"fr_FR\" \/>\n<meta property=\"og:type\" content=\"article\" \/>\n<meta property=\"og:title\" content=\"Why FPGA-Based Processing Matters in Large Display Architectures\" \/>\n<meta property=\"og:description\" content=\"Explore the importance of FPGA processing for predictable display systems and enforcing fixed logic over software state.\" \/>\n<meta property=\"og:url\" content=\"https:\/\/matrix-works.eu\/fr\/pourquoi-le-traitement-base-sur-le-fpga-est-il-important-dans-les-architectures-daffichage-de-grande-taille\/\" \/>\n<meta property=\"og:site_name\" content=\"MatrixWorks Europe\" \/>\n<meta property=\"article:modified_time\" content=\"2026-01-28T14:28:05+00:00\" \/>\n<meta property=\"og:image\" content=\"https:\/\/matrix-works.eu\/wp-content\/uploads\/2025\/03\/GeoBox-in-Europe.png\" \/>\n\t<meta property=\"og:image:width\" content=\"1584\" \/>\n\t<meta property=\"og:image:height\" content=\"396\" \/>\n\t<meta property=\"og:image:type\" content=\"image\/png\" \/>\n<meta name=\"twitter:card\" content=\"summary_large_image\" \/>\n<meta name=\"twitter:site\" content=\"@MatrixWorksEU\" \/>\n<meta name=\"twitter:label1\" content=\"Dur\u00e9e de lecture estim\u00e9e\" \/>\n\t<meta name=\"twitter:data1\" content=\"3 minutes\" \/>\n<script type=\"application\/ld+json\" class=\"yoast-schema-graph\">{\"@context\":\"https:\\\/\\\/schema.org\",\"@graph\":[{\"@type\":\"WebPage\",\"@id\":\"https:\\\/\\\/matrix-works.eu\\\/why-fpga-based-processing-matters-in-large-display-architectures\\\/\",\"url\":\"https:\\\/\\\/matrix-works.eu\\\/why-fpga-based-processing-matters-in-large-display-architectures\\\/\",\"name\":\"FPGA Processing Benefits in Large Systems - MatrixWorks Europe\",\"isPartOf\":{\"@id\":\"https:\\\/\\\/matrix-works.eu\\\/#website\"},\"datePublished\":\"2026-01-26T16:30:54+00:00\",\"dateModified\":\"2026-01-28T14:28:05+00:00\",\"description\":\"Explore the importance of FPGA processing for predictable display systems and enforcing fixed logic over software state.\",\"breadcrumb\":{\"@id\":\"https:\\\/\\\/matrix-works.eu\\\/why-fpga-based-processing-matters-in-large-display-architectures\\\/#breadcrumb\"},\"inLanguage\":\"fr-FR\",\"potentialAction\":[{\"@type\":\"ReadAction\",\"target\":[\"https:\\\/\\\/matrix-works.eu\\\/why-fpga-based-processing-matters-in-large-display-architectures\\\/\"]}]},{\"@type\":\"BreadcrumbList\",\"@id\":\"https:\\\/\\\/matrix-works.eu\\\/why-fpga-based-processing-matters-in-large-display-architectures\\\/#breadcrumb\",\"itemListElement\":[{\"@type\":\"ListItem\",\"position\":1,\"name\":\"Home\",\"item\":\"https:\\\/\\\/matrix-works.eu\\\/\"},{\"@type\":\"ListItem\",\"position\":2,\"name\":\"Why FPGA-Based Processing Matters in Large Display Architectures\"}]},{\"@type\":\"WebSite\",\"@id\":\"https:\\\/\\\/matrix-works.eu\\\/#website\",\"url\":\"https:\\\/\\\/matrix-works.eu\\\/\",\"name\":\"MatrixWorks Europe\",\"description\":\"\",\"publisher\":{\"@id\":\"https:\\\/\\\/matrix-works.eu\\\/#organization\"},\"alternateName\":\"GeoBox in Europe\",\"potentialAction\":[{\"@type\":\"SearchAction\",\"target\":{\"@type\":\"EntryPoint\",\"urlTemplate\":\"https:\\\/\\\/matrix-works.eu\\\/?s={search_term_string}\"},\"query-input\":{\"@type\":\"PropertyValueSpecification\",\"valueRequired\":true,\"valueName\":\"search_term_string\"}}],\"inLanguage\":\"fr-FR\"},{\"@type\":\"Organization\",\"@id\":\"https:\\\/\\\/matrix-works.eu\\\/#organization\",\"name\":\"MatrixWorks Europe B.V.\",\"alternateName\":\"MatrixWorks\",\"url\":\"https:\\\/\\\/matrix-works.eu\\\/\",\"logo\":{\"@type\":\"ImageObject\",\"inLanguage\":\"fr-FR\",\"@id\":\"https:\\\/\\\/matrix-works.eu\\\/#\\\/schema\\\/logo\\\/image\\\/\",\"url\":\"https:\\\/\\\/matrix-works.eu\\\/wp-content\\\/uploads\\\/2018\\\/09\\\/MTXWorks_Logo-2.jpg\",\"contentUrl\":\"https:\\\/\\\/matrix-works.eu\\\/wp-content\\\/uploads\\\/2018\\\/09\\\/MTXWorks_Logo-2.jpg\",\"width\":681,\"height\":649,\"caption\":\"MatrixWorks Europe B.V.\"},\"image\":{\"@id\":\"https:\\\/\\\/matrix-works.eu\\\/#\\\/schema\\\/logo\\\/image\\\/\"},\"sameAs\":[\"https:\\\/\\\/x.com\\\/MatrixWorksEU\",\"https:\\\/\\\/www.linkedin.com\\\/company\\\/matrixworks-b-v\\\/\",\"https:\\\/\\\/www.youtube.com\\\/channel\\\/UCxunCnAsepOa59_myEXfCyA?view_as=subscriber\"],\"foundingDate\":\"2018-11-01\",\"vatID\":\"859250829B01\"}]}<\/script>\n<!-- \/ Yoast SEO Premium plugin. -->","yoast_head_json":{"title":"Avantages du traitement FPGA dans les grands syst\u00e8mes - MatrixWorks Europe","description":"Explorer l'importance du traitement FPGA pour les syst\u00e8mes d'affichage pr\u00e9visibles et l'application d'une logique fixe sur l'\u00e9tat du logiciel.","robots":{"index":"index","follow":"follow","max-snippet":"max-snippet:-1","max-image-preview":"max-image-preview:large","max-video-preview":"max-video-preview:-1"},"canonical":"https:\/\/matrix-works.eu\/fr\/pourquoi-le-traitement-base-sur-le-fpga-est-il-important-dans-les-architectures-daffichage-de-grande-taille\/","og_locale":"fr_FR","og_type":"article","og_title":"Why FPGA-Based Processing Matters in Large Display Architectures","og_description":"Explore the importance of FPGA processing for predictable display systems and enforcing fixed logic over software state.","og_url":"https:\/\/matrix-works.eu\/fr\/pourquoi-le-traitement-base-sur-le-fpga-est-il-important-dans-les-architectures-daffichage-de-grande-taille\/","og_site_name":"MatrixWorks Europe","article_modified_time":"2026-01-28T14:28:05+00:00","og_image":[{"width":1584,"height":396,"url":"https:\/\/matrix-works.eu\/wp-content\/uploads\/2025\/03\/GeoBox-in-Europe.png","type":"image\/png"}],"twitter_card":"summary_large_image","twitter_site":"@MatrixWorksEU","twitter_misc":{"Dur\u00e9e de lecture estim\u00e9e":"3 minutes"},"schema":{"@context":"https:\/\/schema.org","@graph":[{"@type":"WebPage","@id":"https:\/\/matrix-works.eu\/why-fpga-based-processing-matters-in-large-display-architectures\/","url":"https:\/\/matrix-works.eu\/why-fpga-based-processing-matters-in-large-display-architectures\/","name":"Avantages du traitement FPGA dans les grands syst\u00e8mes - MatrixWorks Europe","isPartOf":{"@id":"https:\/\/matrix-works.eu\/#website"},"datePublished":"2026-01-26T16:30:54+00:00","dateModified":"2026-01-28T14:28:05+00:00","description":"Explorer l'importance du traitement FPGA pour les syst\u00e8mes d'affichage pr\u00e9visibles et l'application d'une logique fixe sur l'\u00e9tat du logiciel.","breadcrumb":{"@id":"https:\/\/matrix-works.eu\/why-fpga-based-processing-matters-in-large-display-architectures\/#breadcrumb"},"inLanguage":"fr-FR","potentialAction":[{"@type":"ReadAction","target":["https:\/\/matrix-works.eu\/why-fpga-based-processing-matters-in-large-display-architectures\/"]}]},{"@type":"BreadcrumbList","@id":"https:\/\/matrix-works.eu\/why-fpga-based-processing-matters-in-large-display-architectures\/#breadcrumb","itemListElement":[{"@type":"ListItem","position":1,"name":"Home","item":"https:\/\/matrix-works.eu\/"},{"@type":"ListItem","position":2,"name":"Why FPGA-Based Processing Matters in Large Display Architectures"}]},{"@type":"WebSite","@id":"https:\/\/matrix-works.eu\/#website","url":"https:\/\/matrix-works.eu\/","name":"MatrixWorks Europe","description":"","publisher":{"@id":"https:\/\/matrix-works.eu\/#organization"},"alternateName":"GeoBox in Europe","potentialAction":[{"@type":"SearchAction","target":{"@type":"EntryPoint","urlTemplate":"https:\/\/matrix-works.eu\/?s={search_term_string}"},"query-input":{"@type":"PropertyValueSpecification","valueRequired":true,"valueName":"search_term_string"}}],"inLanguage":"fr-FR"},{"@type":"Organization","@id":"https:\/\/matrix-works.eu\/#organization","name":"MatrixWorks Europe B.V.","alternateName":"MatrixWorks","url":"https:\/\/matrix-works.eu\/","logo":{"@type":"ImageObject","inLanguage":"fr-FR","@id":"https:\/\/matrix-works.eu\/#\/schema\/logo\/image\/","url":"https:\/\/matrix-works.eu\/wp-content\/uploads\/2018\/09\/MTXWorks_Logo-2.jpg","contentUrl":"https:\/\/matrix-works.eu\/wp-content\/uploads\/2018\/09\/MTXWorks_Logo-2.jpg","width":681,"height":649,"caption":"MatrixWorks Europe B.V."},"image":{"@id":"https:\/\/matrix-works.eu\/#\/schema\/logo\/image\/"},"sameAs":["https:\/\/x.com\/MatrixWorksEU","https:\/\/www.linkedin.com\/company\/matrixworks-b-v\/","https:\/\/www.youtube.com\/channel\/UCxunCnAsepOa59_myEXfCyA?view_as=subscriber"],"foundingDate":"2018-11-01","vatID":"859250829B01"}]}},"_links":{"self":[{"href":"https:\/\/matrix-works.eu\/fr\/wp-json\/wp\/v2\/pages\/24412","targetHints":{"allow":["GET"]}}],"collection":[{"href":"https:\/\/matrix-works.eu\/fr\/wp-json\/wp\/v2\/pages"}],"about":[{"href":"https:\/\/matrix-works.eu\/fr\/wp-json\/wp\/v2\/types\/page"}],"author":[{"embeddable":true,"href":"https:\/\/matrix-works.eu\/fr\/wp-json\/wp\/v2\/users\/4"}],"replies":[{"embeddable":true,"href":"https:\/\/matrix-works.eu\/fr\/wp-json\/wp\/v2\/comments?post=24412"}],"version-history":[{"count":22,"href":"https:\/\/matrix-works.eu\/fr\/wp-json\/wp\/v2\/pages\/24412\/revisions"}],"predecessor-version":[{"id":24515,"href":"https:\/\/matrix-works.eu\/fr\/wp-json\/wp\/v2\/pages\/24412\/revisions\/24515"}],"wp:attachment":[{"href":"https:\/\/matrix-works.eu\/fr\/wp-json\/wp\/v2\/media?parent=24412"}],"curies":[{"name":"wp","href":"https:\/\/api.w.org\/{rel}","templated":true}]}}