{"id":46,"date":"2018-09-20T13:51:21","date_gmt":"2018-09-20T13:51:21","guid":{"rendered":"https:\/\/matrix-works.eu\/?page_id=46"},"modified":"2026-01-16T15:31:55","modified_gmt":"2026-01-16T15:31:55","slug":"a-propos-de","status":"publish","type":"page","link":"https:\/\/matrix-works.eu\/fr\/about\/","title":{"rendered":"\u00c0 propos de"},"content":{"rendered":"<div data-elementor-type=\"wp-post\" data-elementor-id=\"46\" class=\"elementor elementor-46\" data-elementor-post-type=\"page\">\n\t\t\t\t<div class=\"elementor-element elementor-element-1031856 e-flex e-con-boxed e-con e-parent\" data-id=\"1031856\" data-element_type=\"container\" data-e-type=\"container\">\n\t\t\t\t\t<div class=\"e-con-inner\">\n\t\t\t\t<div class=\"elementor-element elementor-element-39945be elementor-widget elementor-widget-image\" data-id=\"39945be\" data-element_type=\"widget\" data-e-type=\"widget\" data-widget_type=\"image.default\">\n\t\t\t\t<div class=\"elementor-widget-container\">\n\t\t\t\t\t\t\t\t\t\t\t\t\t\t\t<img fetchpriority=\"high\" decoding=\"async\" width=\"1584\" height=\"396\" src=\"https:\/\/matrix-works.eu\/wp-content\/uploads\/2025\/03\/GeoBox-in-Europe.png\" class=\"attachment-full size-full wp-image-22758\" alt=\"\" srcset=\"https:\/\/matrix-works.eu\/wp-content\/uploads\/2025\/03\/GeoBox-in-Europe.png 1584w, https:\/\/matrix-works.eu\/wp-content\/uploads\/2025\/03\/GeoBox-in-Europe-300x75.png 300w, https:\/\/matrix-works.eu\/wp-content\/uploads\/2025\/03\/GeoBox-in-Europe-1024x256.png 1024w, https:\/\/matrix-works.eu\/wp-content\/uploads\/2025\/03\/GeoBox-in-Europe-768x192.png 768w, https:\/\/matrix-works.eu\/wp-content\/uploads\/2025\/03\/GeoBox-in-Europe-1536x384.png 1536w, https:\/\/matrix-works.eu\/wp-content\/uploads\/2025\/03\/GeoBox-in-Europe-18x5.png 18w\" sizes=\"(max-width: 1584px) 100vw, 1584px\" \/>\t\t\t\t\t\t\t\t\t\t\t\t\t\t\t<\/div>\n\t\t\t\t<\/div>\n\t\t\t\t\t<\/div>\n\t\t\t\t<\/div>\n\t\t<div class=\"elementor-element elementor-element-e9684c5 e-flex e-con-boxed e-con e-parent\" data-id=\"e9684c5\" data-element_type=\"container\" data-e-type=\"container\">\n\t\t\t\t\t<div class=\"e-con-inner\">\n\t\t\t\t<div class=\"elementor-element elementor-element-0e419fd elementor-widget elementor-widget-heading\" data-id=\"0e419fd\" data-element_type=\"widget\" data-e-type=\"widget\" data-widget_type=\"heading.default\">\n\t\t\t\t<div class=\"elementor-widget-container\">\n\t\t\t\t\t<h2 class=\"elementor-heading-title elementor-size-default\">Certitude technique int\u00e9gr\u00e9e au syst\u00e8me<\/h2>\t\t\t\t<\/div>\n\t\t\t\t<\/div>\n\t\t<div class=\"elementor-element elementor-element-3cdab83 e-flex e-con-boxed e-con e-child\" data-id=\"3cdab83\" data-element_type=\"container\" data-e-type=\"container\">\n\t\t\t\t\t<div class=\"e-con-inner\">\n\t\t\t\t<div class=\"elementor-element elementor-element-5bf3044 elementor-widget elementor-widget-text-editor\" data-id=\"5bf3044\" data-element_type=\"widget\" data-e-type=\"widget\" data-widget_type=\"text-editor.default\">\n\t\t\t\t<div class=\"elementor-widget-container\">\n\t\t\t\t\t\t\t\t\t<p data-start=\"232\" data-end=\"485\"><strong data-start=\"232\" data-end=\"273\"><span class=\"hover:entity-accent entity-underline inline cursor-pointer align-baseline\"><span class=\"whitespace-normal\">GeoBox<\/span><\/span><\/strong>, un produit et une marque d\u00e9pos\u00e9s de <strong data-start=\"309\" data-end=\"350\"><span class=\"hover:entity-accent entity-underline inline cursor-pointer align-baseline\"><span class=\"whitespace-normal\"><a href=\"https:\/\/www.vnstw.com\/\">VNS Inc<\/a>.<\/span><\/span><\/strong>, est une plate-forme de traitement vid\u00e9o professionnelle bas\u00e9e sur un FPGA et con\u00e7ue pour servir de plate-forme de traitement vid\u00e9o professionnelle. <em data-start=\"431\" data-end=\"458\">couche technique n\u00e9cessaire<\/em> dans les syst\u00e8mes visuels complexes.<\/p><p data-start=\"487\" data-end=\"967\">D\u00e8s son premier d\u00e9veloppement, GeoBox s'est concentr\u00e9 sur les \u00e9l\u00e9ments fondamentaux qui d\u00e9terminent la fiabilit\u00e9 d'un syst\u00e8me, non seulement le premier jour, mais aussi des ann\u00e9es apr\u00e8s sa mise en service : <strong>des chemins de signaux d\u00e9terministes, une synchronisation pr\u00e9cise, une synchronisation de trame et une latence ultra-faible et pr\u00e9visible<\/strong>. En impl\u00e9mentant ces fonctions directement dans le mat\u00e9riel plut\u00f4t que dans le logiciel, GeoBox fournit un pipeline de traitement stable et reproductible qui ne change pas en fonction des syst\u00e8mes d'exploitation, des pilotes ou des conditions d'ex\u00e9cution.<\/p><p data-start=\"969\" data-end=\"1485\">Depuis son entr\u00e9e sur le march\u00e9 europ\u00e9en de l'audiovisuel professionnel en 2019, GeoBox est pass\u00e9 d'un nouveau nom \u00e0 un composant d'infrastructure de confiance pour des projets de premier plan dans le monde entier. Notre travail s'\u00e9tend aux environnements de projection immersifs, aux murs LED \u00e0 grande \u00e9chelle, aux syst\u00e8mes 3D publics et aux installations de recherche et d'\u00e9ducation o\u00f9 la stabilit\u00e9 du syst\u00e8me n'est pas n\u00e9gociable. Dans tous ces projets, GeoBox ne remplace pas les outils de cr\u00e9ation ou les serveurs de m\u00e9dias. Au contraire, elle \u00e9limine les incertitudes techniques afin que les ing\u00e9nieurs et les cr\u00e9ateurs puissent se concentrer sur ce qu'ils font le mieux.<\/p><p data-start=\"1487\" data-end=\"1627\">Chaque projet est diff\u00e9rent. Notre r\u00f4le est de veiller \u00e0 ce que les couches les plus fondamentales du syst\u00e8me restent en place. <strong>ennuyeux, pr\u00e9visible et fiable.<\/strong><\/p>\t\t\t\t\t\t\t\t<\/div>\n\t\t\t\t<\/div>\n\t\t\t\t\t<\/div>\n\t\t\t\t<\/div>\n\t\t\t\t<div class=\"elementor-element elementor-element-f8779c4 elementor-widget elementor-widget-heading\" data-id=\"f8779c4\" data-element_type=\"widget\" data-e-type=\"widget\" data-widget_type=\"heading.default\">\n\t\t\t\t<div class=\"elementor-widget-container\">\n\t\t\t\t\t<h2 class=\"elementor-heading-title elementor-size-default\">Pr\u00e9sence strat\u00e9gique en Europe<\/h2>\t\t\t\t<\/div>\n\t\t\t\t<\/div>\n\t\t\t\t<div class=\"elementor-element elementor-element-596adb2 elementor-widget elementor-widget-text-editor\" data-id=\"596adb2\" data-element_type=\"widget\" data-e-type=\"widget\" data-widget_type=\"text-editor.default\">\n\t\t\t\t<div class=\"elementor-widget-container\">\n\t\t\t\t\t\t\t\t\t<p data-start=\"1667\" data-end=\"1838\"><strong data-start=\"1667\" data-end=\"1708\"><span class=\"hover:entity-accent entity-underline inline cursor-pointer align-baseline\"><span class=\"whitespace-normal\">MatrixWorks Europe B.V.<\/span><\/span><\/strong>, bas\u00e9 \u00e0 <strong data-start=\"1719\" data-end=\"1760\"><span class=\"hover:entity-accent entity-underline inline cursor-pointer align-baseline\"><span class=\"whitespace-normal\">Eindhoven<\/span><\/span><\/strong>, GeoBox est le partenaire commercial et technique exclusif de GeoBox en Europe.<\/p><p data-start=\"1840\" data-end=\"2254\">Le fait d'op\u00e9rer \u00e0 partir de l'un des centres technologiques europ\u00e9ens les plus ax\u00e9s sur l'ing\u00e9nierie nous permet de rester en contact \u00e9troit avec les architectes de syst\u00e8mes, les int\u00e9grateurs et les utilisateurs finaux dans toute la r\u00e9gion. Notre r\u00f4le va au-del\u00e0 de la distribution. Nous travaillons en tant que partenaire technique de nos partenaires, en aidant \u00e0 d\u00e9finir l'architecture du syst\u00e8me, \u00e0 clarifier les responsabilit\u00e9s entre les couches techniques et \u00e0 s'assurer que GeoBox est appliqu\u00e9 l\u00e0 o\u00f9 il apporte une r\u00e9elle valeur ajout\u00e9e.<\/p><p data-start=\"2256\" data-end=\"2498\">En tant qu'\u00e9quipe europ\u00e9enne profond\u00e9ment impliqu\u00e9e dans des projets concrets, nous comprenons que la fiabilit\u00e9 n'est pas une caract\u00e9ristique. C'est une d\u00e9cision de conception. Notre mission est de rendre cette d\u00e9cision explicite, mesurable et reproductible dans chaque syst\u00e8me bas\u00e9 sur GeoBox.<\/p>\t\t\t\t\t\t\t\t<\/div>\n\t\t\t\t<\/div>\n\t\t\t\t<div class=\"elementor-element elementor-element-6f1b83a elementor-widget-divider--view-line elementor-widget elementor-widget-divider\" data-id=\"6f1b83a\" data-element_type=\"widget\" data-e-type=\"widget\" data-widget_type=\"divider.default\">\n\t\t\t\t<div class=\"elementor-widget-container\">\n\t\t\t\t\t\t\t<div class=\"elementor-divider\">\n\t\t\t<span class=\"elementor-divider-separator\">\n\t\t\t\t\t\t<\/span>\n\t\t<\/div>\n\t\t\t\t\t\t<\/div>\n\t\t\t\t<\/div>\n\t\t\t\t\t<\/div>\n\t\t\t\t<\/div>\n\t\t<div class=\"elementor-element elementor-element-7c2d254 e-flex e-con-boxed e-con e-parent\" data-id=\"7c2d254\" data-element_type=\"container\" data-e-type=\"container\">\n\t\t\t\t\t<div class=\"e-con-inner\">\n\t\t\t\t<div class=\"elementor-element elementor-element-529d3c8 elementor-widget elementor-widget-heading\" data-id=\"529d3c8\" data-element_type=\"widget\" data-e-type=\"widget\" data-widget_type=\"heading.default\">\n\t\t\t\t<div class=\"elementor-widget-container\">\n\t\t\t\t\t<h2 class=\"elementor-heading-title elementor-size-default\">Ce que nous pouvons offrir<\/h2>\t\t\t\t<\/div>\n\t\t\t\t<\/div>\n\t\t<div class=\"elementor-element elementor-element-5bf3009 e-grid e-con-full e-con e-child\" data-id=\"5bf3009\" data-element_type=\"container\" data-e-type=\"container\">\n\t\t\t\t<div class=\"elementor-element elementor-element-e555aae elementor-widget elementor-widget-text-editor\" data-id=\"e555aae\" data-element_type=\"widget\" data-e-type=\"widget\" data-widget_type=\"text-editor.default\">\n\t\t\t\t<div class=\"elementor-widget-container\">\n\t\t\t\t\t\t\t\t\t<p><span style=\"text-decoration: underline;\"><strong>1. Pour les techniciens et les int\u00e9grateurs de syst\u00e8mes de ProAV<\/strong><\/span><\/p><p>GeoBox est un <strong>solution modulaire et autonome<\/strong> con\u00e7ue pour s'int\u00e9grer parfaitement dans les projets audiovisuels professionnels. Selon la complexit\u00e9 de votre projet, vous pouvez avoir besoin d'une ou plusieurs GeoBox. Nous pouvons vous aider \u00e0 s\u00e9lectionner les mod\u00e8les les plus appropri\u00e9s pour garantir des performances optimales. Avec un solide r\u00e9seau de <strong>les partenaires de distribution de proAV en Europe, au Royaume-Uni, en Suisse et dans les pays nordiques, et<\/strong> Avec GeoBox, nous fournissons un acc\u00e8s fiable aux solutions GeoBox, o\u00f9 que vous soyez.<\/p><p><!-- notionvc: 7370be59-90fd-4309-8058-8a4febaea794 --><\/p>\t\t\t\t\t\t\t\t<\/div>\n\t\t\t\t<\/div>\n\t\t\t\t<div class=\"elementor-element elementor-element-3013af1 elementor-widget elementor-widget-text-editor\" data-id=\"3013af1\" data-element_type=\"widget\" data-e-type=\"widget\" data-widget_type=\"text-editor.default\">\n\t\t\t\t<div class=\"elementor-widget-container\">\n\t\t\t\t\t\t\t\t\t<p><span style=\"text-decoration: underline;\"><strong>2. Pour les clients qui ont une vision claire mais pas d'expertise en mati\u00e8re d'installation<\/strong><\/span><\/p><p>Si vous avez des <strong>plans et attentes<\/strong> mais qui n'ont pas les capacit\u00e9s techniques pour s'occuper de l'installation, nous pouvons intervenir \u00e0 la fois en tant qu'experts et en tant que partenaires. <strong>votre conseiller de projet<\/strong> et <strong>un lien vers des professionnels de confiance dans votre pays<\/strong>. En plus de vous indiquer o\u00f9 acheter, nous veillons \u00e0 ce que votre projet soit parfaitement ex\u00e9cut\u00e9 en vous mettant en contact avec <strong>des int\u00e9grateurs de syst\u00e8mes comp\u00e9tents<\/strong> capable de fournir des services \u00e0 n'importe quelle \u00e9chelle.<\/p><p><!-- notionvc: f012f64b-0d1e-4a8a-b9f6-9946c6dc730a --><\/p>\t\t\t\t\t\t\t\t<\/div>\n\t\t\t\t<\/div>\n\t\t\t\t<div class=\"elementor-element elementor-element-c7c2402 elementor-widget elementor-widget-text-editor\" data-id=\"c7c2402\" data-element_type=\"widget\" data-e-type=\"widget\" data-widget_type=\"text-editor.default\">\n\t\t\t\t<div class=\"elementor-widget-container\">\n\t\t\t\t\t\t\t\t\t<p><span style=\"text-decoration: underline;\"><strong>3. Pour les cr\u00e9ateurs audacieux \u00e0 la recherche d'inspiration et de soutien technique<\/strong><\/span><\/p><p>Avez-vous un <strong>id\u00e9e audacieuse et cr\u00e9ative<\/strong> mais vous ne savez pas comment lui donner vie ? Nous travaillons avec certains des <strong>les meilleures entreprises du monde<\/strong>Nous sommes heureux de vous aider \u00e0 partir de <strong>de l'\u00e9laboration du concept \u00e0 la configuration technique, \u00e0 la cr\u00e9ation de contenu et \u00e0 l'installation finale<\/strong>. En nous impliquant d\u00e8s le d\u00e9but de votre planification, vous avez acc\u00e8s \u00e0 nos services de conseil et de formation. <strong>un r\u00e9seau de professionnels de premier plan<\/strong>un service \u00e0 valeur ajout\u00e9e que nous proposons <strong>gratuit<\/strong>.<\/p><p><!-- notionvc: 05579f77-21f3-45a0-b614-695beed5a2a1 --><\/p>\t\t\t\t\t\t\t\t<\/div>\n\t\t\t\t<\/div>\n\t\t\t\t<\/div>\n\t\t\t\t<div class=\"elementor-element elementor-element-6c4db0c elementor-widget elementor-widget-shortcode\" data-id=\"6c4db0c\" data-element_type=\"widget\" data-e-type=\"widget\" data-widget_type=\"shortcode.default\">\n\t\t\t\t<div class=\"elementor-widget-container\">\n\t\t\t\t\t\t\t<div class=\"elementor-shortcode\"><ld-slot name=\"Contact us and About\" ><\/ld-slot><\/div>\n\t\t\t\t\t\t<\/div>\n\t\t\t\t<\/div>\n\t\t\t\t\t<\/div>\n\t\t\t\t<\/div>\n\t\t\t\t<\/div>","protected":false},"excerpt":{"rendered":"<p>Engineering Certainty, Built Into the System GeoBox, a registered product and brand of VNS Inc., is an FPGA-based professional video processing platform designed to serve as a necessary technical layer in complex visual systems. From its earliest development, GeoBox has focused on the fundamentals that determine whether a system remains reliable not just on day [&hellip;]<\/p>\n","protected":false},"author":1,"featured_media":0,"parent":0,"menu_order":0,"comment_status":"closed","ping_status":"closed","template":"elementor_header_footer","meta":{"ocean_post_layout":"full-width","ocean_both_sidebars_style":"","ocean_both_sidebars_content_width":0,"ocean_both_sidebars_sidebars_width":0,"ocean_sidebar":"0","ocean_second_sidebar":"0","ocean_disable_margins":"enable","ocean_add_body_class":"","ocean_shortcode_before_top_bar":"","ocean_shortcode_after_top_bar":"","ocean_shortcode_before_header":"","ocean_shortcode_after_header":"","ocean_has_shortcode":"","ocean_shortcode_after_title":"","ocean_shortcode_before_footer_widgets":"","ocean_shortcode_after_footer_widgets":"","ocean_shortcode_before_footer_bottom":"","ocean_shortcode_after_footer_bottom":"","ocean_display_top_bar":"default","ocean_display_header":"default","ocean_header_style":"","ocean_center_header_left_menu":"0","ocean_custom_header_template":"0","ocean_custom_logo":0,"ocean_custom_retina_logo":0,"ocean_custom_logo_max_width":0,"ocean_custom_logo_tablet_max_width":0,"ocean_custom_logo_mobile_max_width":0,"ocean_custom_logo_max_height":0,"ocean_custom_logo_tablet_max_height":0,"ocean_custom_logo_mobile_max_height":0,"ocean_header_custom_menu":"0","ocean_menu_typo_font_family":"0","ocean_menu_typo_font_subset":"","ocean_menu_typo_font_size":0,"ocean_menu_typo_font_size_tablet":0,"ocean_menu_typo_font_size_mobile":0,"ocean_menu_typo_font_size_unit":"px","ocean_menu_typo_font_weight":"","ocean_menu_typo_font_weight_tablet":"","ocean_menu_typo_font_weight_mobile":"","ocean_menu_typo_transform":"","ocean_menu_typo_transform_tablet":"","ocean_menu_typo_transform_mobile":"","ocean_menu_typo_line_height":0,"ocean_menu_typo_line_height_tablet":0,"ocean_menu_typo_line_height_mobile":0,"ocean_menu_typo_line_height_unit":"","ocean_menu_typo_spacing":0,"ocean_menu_typo_spacing_tablet":0,"ocean_menu_typo_spacing_mobile":0,"ocean_menu_typo_spacing_unit":"","ocean_menu_link_color":"","ocean_menu_link_color_hover":"","ocean_menu_link_color_active":"","ocean_menu_link_background":"","ocean_menu_link_hover_background":"","ocean_menu_link_active_background":"","ocean_menu_social_links_bg":"","ocean_menu_social_hover_links_bg":"","ocean_menu_social_links_color":"","ocean_menu_social_hover_links_color":"","ocean_disable_title":"on","ocean_disable_heading":"default","ocean_post_title":"","ocean_post_subheading":"","ocean_post_title_style":"","ocean_post_title_background_color":"","ocean_post_title_background":0,"ocean_post_title_bg_image_position":"","ocean_post_title_bg_image_attachment":"","ocean_post_title_bg_image_repeat":"","ocean_post_title_bg_image_size":"","ocean_post_title_height":0,"ocean_post_title_bg_overlay":0.5,"ocean_post_title_bg_overlay_color":"","ocean_disable_breadcrumbs":"default","ocean_breadcrumbs_color":"","ocean_breadcrumbs_separator_color":"","ocean_breadcrumbs_links_color":"","ocean_breadcrumbs_links_hover_color":"","ocean_display_footer_widgets":"default","ocean_display_footer_bottom":"default","ocean_custom_footer_template":"0","footnotes":""},"class_list":["post-46","page","type-page","status-publish","hentry","entry"],"yoast_head":"<!-- This site is optimized with the Yoast SEO Premium plugin v27.4 (Yoast SEO v27.4) - https:\/\/yoast.com\/product\/yoast-seo-premium-wordpress\/ -->\n<title>About - MatrixWorks Europe<\/title>\n<meta name=\"robots\" content=\"index, follow, max-snippet:-1, max-image-preview:large, max-video-preview:-1\" \/>\n<link rel=\"canonical\" href=\"https:\/\/matrix-works.eu\/fr\/a-propos-de\/\" \/>\n<meta property=\"og:locale\" content=\"fr_FR\" \/>\n<meta property=\"og:type\" content=\"article\" \/>\n<meta property=\"og:title\" content=\"About\" \/>\n<meta property=\"og:description\" content=\"Engineering Certainty, Built Into the System GeoBox, a registered product and brand of VNS Inc., is an FPGA-based professional video processing platform designed to serve as a necessary technical layer in complex visual systems. From its earliest development, GeoBox has focused on the fundamentals that determine whether a system remains reliable not just on day [&hellip;]\" \/>\n<meta property=\"og:url\" content=\"https:\/\/matrix-works.eu\/fr\/a-propos-de\/\" \/>\n<meta property=\"og:site_name\" content=\"MatrixWorks Europe\" \/>\n<meta property=\"article:modified_time\" content=\"2026-01-16T15:31:55+00:00\" \/>\n<meta property=\"og:image\" content=\"https:\/\/matrix-works.eu\/wp-content\/uploads\/2025\/03\/GeoBox-in-Europe.png\" \/>\n\t<meta property=\"og:image:width\" content=\"1584\" \/>\n\t<meta property=\"og:image:height\" content=\"396\" \/>\n\t<meta property=\"og:image:type\" content=\"image\/png\" \/>\n<meta name=\"twitter:card\" content=\"summary_large_image\" \/>\n<meta name=\"twitter:site\" content=\"@MatrixWorksEU\" \/>\n<meta name=\"twitter:label1\" content=\"Dur\u00e9e de lecture estim\u00e9e\" \/>\n\t<meta name=\"twitter:data1\" content=\"3 minutes\" \/>\n<script type=\"application\/ld+json\" class=\"yoast-schema-graph\">{\"@context\":\"https:\\\/\\\/schema.org\",\"@graph\":[{\"@type\":\"WebPage\",\"@id\":\"https:\\\/\\\/matrix-works.eu\\\/about\\\/\",\"url\":\"https:\\\/\\\/matrix-works.eu\\\/about\\\/\",\"name\":\"About - MatrixWorks Europe\",\"isPartOf\":{\"@id\":\"https:\\\/\\\/matrix-works.eu\\\/#website\"},\"primaryImageOfPage\":{\"@id\":\"https:\\\/\\\/matrix-works.eu\\\/about\\\/#primaryimage\"},\"image\":{\"@id\":\"https:\\\/\\\/matrix-works.eu\\\/about\\\/#primaryimage\"},\"thumbnailUrl\":\"https:\\\/\\\/matrix-works.eu\\\/wp-content\\\/uploads\\\/2025\\\/03\\\/GeoBox-in-Europe.png\",\"datePublished\":\"2018-09-20T13:51:21+00:00\",\"dateModified\":\"2026-01-16T15:31:55+00:00\",\"breadcrumb\":{\"@id\":\"https:\\\/\\\/matrix-works.eu\\\/about\\\/#breadcrumb\"},\"inLanguage\":\"fr-FR\",\"potentialAction\":[{\"@type\":\"ReadAction\",\"target\":[\"https:\\\/\\\/matrix-works.eu\\\/about\\\/\"]}]},{\"@type\":\"ImageObject\",\"inLanguage\":\"fr-FR\",\"@id\":\"https:\\\/\\\/matrix-works.eu\\\/about\\\/#primaryimage\",\"url\":\"https:\\\/\\\/matrix-works.eu\\\/wp-content\\\/uploads\\\/2025\\\/03\\\/GeoBox-in-Europe.png\",\"contentUrl\":\"https:\\\/\\\/matrix-works.eu\\\/wp-content\\\/uploads\\\/2025\\\/03\\\/GeoBox-in-Europe.png\"},{\"@type\":\"BreadcrumbList\",\"@id\":\"https:\\\/\\\/matrix-works.eu\\\/about\\\/#breadcrumb\",\"itemListElement\":[{\"@type\":\"ListItem\",\"position\":1,\"name\":\"Home\",\"item\":\"https:\\\/\\\/matrix-works.eu\\\/\"},{\"@type\":\"ListItem\",\"position\":2,\"name\":\"About\"}]},{\"@type\":\"WebSite\",\"@id\":\"https:\\\/\\\/matrix-works.eu\\\/#website\",\"url\":\"https:\\\/\\\/matrix-works.eu\\\/\",\"name\":\"MatrixWorks Europe\",\"description\":\"\",\"publisher\":{\"@id\":\"https:\\\/\\\/matrix-works.eu\\\/#organization\"},\"alternateName\":\"GeoBox in Europe\",\"potentialAction\":[{\"@type\":\"SearchAction\",\"target\":{\"@type\":\"EntryPoint\",\"urlTemplate\":\"https:\\\/\\\/matrix-works.eu\\\/?s={search_term_string}\"},\"query-input\":{\"@type\":\"PropertyValueSpecification\",\"valueRequired\":true,\"valueName\":\"search_term_string\"}}],\"inLanguage\":\"fr-FR\"},{\"@type\":\"Organization\",\"@id\":\"https:\\\/\\\/matrix-works.eu\\\/#organization\",\"name\":\"MatrixWorks Europe B.V.\",\"alternateName\":\"MatrixWorks\",\"url\":\"https:\\\/\\\/matrix-works.eu\\\/\",\"logo\":{\"@type\":\"ImageObject\",\"inLanguage\":\"fr-FR\",\"@id\":\"https:\\\/\\\/matrix-works.eu\\\/#\\\/schema\\\/logo\\\/image\\\/\",\"url\":\"https:\\\/\\\/matrix-works.eu\\\/wp-content\\\/uploads\\\/2018\\\/09\\\/MTXWorks_Logo-2.jpg\",\"contentUrl\":\"https:\\\/\\\/matrix-works.eu\\\/wp-content\\\/uploads\\\/2018\\\/09\\\/MTXWorks_Logo-2.jpg\",\"width\":681,\"height\":649,\"caption\":\"MatrixWorks Europe B.V.\"},\"image\":{\"@id\":\"https:\\\/\\\/matrix-works.eu\\\/#\\\/schema\\\/logo\\\/image\\\/\"},\"sameAs\":[\"https:\\\/\\\/x.com\\\/MatrixWorksEU\",\"https:\\\/\\\/www.linkedin.com\\\/company\\\/matrixworks-b-v\\\/\",\"https:\\\/\\\/www.youtube.com\\\/channel\\\/UCxunCnAsepOa59_myEXfCyA?view_as=subscriber\"],\"foundingDate\":\"2018-11-01\",\"vatID\":\"859250829B01\"}]}<\/script>\n<!-- \/ Yoast SEO Premium plugin. -->","yoast_head_json":{"title":"\u00c0 propos - MatrixWorks Europe","robots":{"index":"index","follow":"follow","max-snippet":"max-snippet:-1","max-image-preview":"max-image-preview:large","max-video-preview":"max-video-preview:-1"},"canonical":"https:\/\/matrix-works.eu\/fr\/a-propos-de\/","og_locale":"fr_FR","og_type":"article","og_title":"About","og_description":"Engineering Certainty, Built Into the System GeoBox, a registered product and brand of VNS Inc., is an FPGA-based professional video processing platform designed to serve as a necessary technical layer in complex visual systems. From its earliest development, GeoBox has focused on the fundamentals that determine whether a system remains reliable not just on day [&hellip;]","og_url":"https:\/\/matrix-works.eu\/fr\/a-propos-de\/","og_site_name":"MatrixWorks Europe","article_modified_time":"2026-01-16T15:31:55+00:00","og_image":[{"width":1584,"height":396,"url":"https:\/\/matrix-works.eu\/wp-content\/uploads\/2025\/03\/GeoBox-in-Europe.png","type":"image\/png"}],"twitter_card":"summary_large_image","twitter_site":"@MatrixWorksEU","twitter_misc":{"Dur\u00e9e de lecture estim\u00e9e":"3 minutes"},"schema":{"@context":"https:\/\/schema.org","@graph":[{"@type":"WebPage","@id":"https:\/\/matrix-works.eu\/about\/","url":"https:\/\/matrix-works.eu\/about\/","name":"\u00c0 propos - MatrixWorks Europe","isPartOf":{"@id":"https:\/\/matrix-works.eu\/#website"},"primaryImageOfPage":{"@id":"https:\/\/matrix-works.eu\/about\/#primaryimage"},"image":{"@id":"https:\/\/matrix-works.eu\/about\/#primaryimage"},"thumbnailUrl":"https:\/\/matrix-works.eu\/wp-content\/uploads\/2025\/03\/GeoBox-in-Europe.png","datePublished":"2018-09-20T13:51:21+00:00","dateModified":"2026-01-16T15:31:55+00:00","breadcrumb":{"@id":"https:\/\/matrix-works.eu\/about\/#breadcrumb"},"inLanguage":"fr-FR","potentialAction":[{"@type":"ReadAction","target":["https:\/\/matrix-works.eu\/about\/"]}]},{"@type":"ImageObject","inLanguage":"fr-FR","@id":"https:\/\/matrix-works.eu\/about\/#primaryimage","url":"https:\/\/matrix-works.eu\/wp-content\/uploads\/2025\/03\/GeoBox-in-Europe.png","contentUrl":"https:\/\/matrix-works.eu\/wp-content\/uploads\/2025\/03\/GeoBox-in-Europe.png"},{"@type":"BreadcrumbList","@id":"https:\/\/matrix-works.eu\/about\/#breadcrumb","itemListElement":[{"@type":"ListItem","position":1,"name":"Home","item":"https:\/\/matrix-works.eu\/"},{"@type":"ListItem","position":2,"name":"About"}]},{"@type":"WebSite","@id":"https:\/\/matrix-works.eu\/#website","url":"https:\/\/matrix-works.eu\/","name":"MatrixWorks Europe","description":"","publisher":{"@id":"https:\/\/matrix-works.eu\/#organization"},"alternateName":"GeoBox in Europe","potentialAction":[{"@type":"SearchAction","target":{"@type":"EntryPoint","urlTemplate":"https:\/\/matrix-works.eu\/?s={search_term_string}"},"query-input":{"@type":"PropertyValueSpecification","valueRequired":true,"valueName":"search_term_string"}}],"inLanguage":"fr-FR"},{"@type":"Organization","@id":"https:\/\/matrix-works.eu\/#organization","name":"MatrixWorks Europe B.V.","alternateName":"MatrixWorks","url":"https:\/\/matrix-works.eu\/","logo":{"@type":"ImageObject","inLanguage":"fr-FR","@id":"https:\/\/matrix-works.eu\/#\/schema\/logo\/image\/","url":"https:\/\/matrix-works.eu\/wp-content\/uploads\/2018\/09\/MTXWorks_Logo-2.jpg","contentUrl":"https:\/\/matrix-works.eu\/wp-content\/uploads\/2018\/09\/MTXWorks_Logo-2.jpg","width":681,"height":649,"caption":"MatrixWorks Europe B.V."},"image":{"@id":"https:\/\/matrix-works.eu\/#\/schema\/logo\/image\/"},"sameAs":["https:\/\/x.com\/MatrixWorksEU","https:\/\/www.linkedin.com\/company\/matrixworks-b-v\/","https:\/\/www.youtube.com\/channel\/UCxunCnAsepOa59_myEXfCyA?view_as=subscriber"],"foundingDate":"2018-11-01","vatID":"859250829B01"}]}},"_links":{"self":[{"href":"https:\/\/matrix-works.eu\/fr\/wp-json\/wp\/v2\/pages\/46","targetHints":{"allow":["GET"]}}],"collection":[{"href":"https:\/\/matrix-works.eu\/fr\/wp-json\/wp\/v2\/pages"}],"about":[{"href":"https:\/\/matrix-works.eu\/fr\/wp-json\/wp\/v2\/types\/page"}],"author":[{"embeddable":true,"href":"https:\/\/matrix-works.eu\/fr\/wp-json\/wp\/v2\/users\/1"}],"replies":[{"embeddable":true,"href":"https:\/\/matrix-works.eu\/fr\/wp-json\/wp\/v2\/comments?post=46"}],"version-history":[{"count":69,"href":"https:\/\/matrix-works.eu\/fr\/wp-json\/wp\/v2\/pages\/46\/revisions"}],"predecessor-version":[{"id":24193,"href":"https:\/\/matrix-works.eu\/fr\/wp-json\/wp\/v2\/pages\/46\/revisions\/24193"}],"wp:attachment":[{"href":"https:\/\/matrix-works.eu\/fr\/wp-json\/wp\/v2\/media?parent=46"}],"curies":[{"name":"wp","href":"https:\/\/api.w.org\/{rel}","templated":true}]}}