{"id":1812,"date":"2020-07-01T14:20:15","date_gmt":"2020-07-01T14:20:15","guid":{"rendered":"https:\/\/matrix-works.eu\/?page_id=1812"},"modified":"2020-08-03T12:11:05","modified_gmt":"2020-08-03T12:11:05","slug":"miscelazione-del-proiettore","status":"publish","type":"page","link":"https:\/\/matrix-works.eu\/it\/projector-blending\/","title":{"rendered":"Sfumatura del proiettore"},"content":{"rendered":"<div data-elementor-type=\"wp-page\" data-elementor-id=\"1812\" class=\"elementor elementor-1812\" data-elementor-post-type=\"page\">\n\t\t\t\t\t\t<section class=\"elementor-section elementor-top-section elementor-element elementor-element-19ff1a9 elementor-section-boxed elementor-section-height-default elementor-section-height-default\" data-id=\"19ff1a9\" data-element_type=\"section\" data-e-type=\"section\">\n\t\t\t\t\t\t<div class=\"elementor-container elementor-column-gap-default\">\n\t\t\t\t\t<div class=\"elementor-column elementor-col-100 elementor-top-column elementor-element elementor-element-42450b4\" data-id=\"42450b4\" data-element_type=\"column\" data-e-type=\"column\">\n\t\t\t<div class=\"elementor-widget-wrap elementor-element-populated\">\n\t\t\t\t\t\t<div class=\"elementor-element elementor-element-59ba58c elementor-widget elementor-widget-heading\" data-id=\"59ba58c\" data-element_type=\"widget\" data-e-type=\"widget\" data-widget_type=\"heading.default\">\n\t\t\t\t<div class=\"elementor-widget-container\">\n\t\t\t\t\t<h1 class=\"elementor-heading-title elementor-size-default\">Sfumatura del proiettore, proiettori per la sfumatura dei bordi<\/h1>\t\t\t\t<\/div>\n\t\t\t\t<\/div>\n\t\t\t\t\t<\/div>\n\t\t<\/div>\n\t\t\t\t\t<\/div>\n\t\t<\/section>\n\t\t\t\t<section class=\"elementor-section elementor-top-section elementor-element elementor-element-c06c773 elementor-section-boxed elementor-section-height-default elementor-section-height-default\" data-id=\"c06c773\" data-element_type=\"section\" data-e-type=\"section\">\n\t\t\t\t\t\t<div class=\"elementor-container elementor-column-gap-default\">\n\t\t\t\t\t<div class=\"elementor-column elementor-col-100 elementor-top-column elementor-element elementor-element-0606dbb\" data-id=\"0606dbb\" data-element_type=\"column\" data-e-type=\"column\">\n\t\t\t<div class=\"elementor-widget-wrap elementor-element-populated\">\n\t\t\t\t\t\t<div class=\"elementor-element elementor-element-1eb97e3 elementor-widget elementor-widget-text-editor\" data-id=\"1eb97e3\" data-element_type=\"widget\" data-e-type=\"widget\" data-widget_type=\"text-editor.default\">\n\t\t\t\t<div class=\"elementor-widget-container\">\n\t\t\t\t\t\t\t\t\t<p>La creazione di un'immagine pi\u00f9 grande utilizzando la fusione dei bordi con pi\u00f9 proiettori pu\u00f2 essere chiamata anche fusione di proiettori. Combinando pi\u00f9 proiettori e allineandoli si ottiene un'immagine pi\u00f9 grande o con una risoluzione pi\u00f9 elevata. Questo metodo \u00e8 spesso utilizzato in grandi spazi, come musei e gallerie d'arte, ed \u00e8 pi\u00f9 efficace quando le persone non si accorgono che sono stati utilizzati pi\u00f9 proiettori. Con la fusione dei proiettori si possono creare splendide e magnifiche esposizioni, che valorizzano completamente lo spazio.<\/p>\t\t\t\t\t\t\t\t<\/div>\n\t\t\t\t<\/div>\n\t\t\t\t<div class=\"elementor-element elementor-element-af04d9b elementor-widget elementor-widget-heading\" data-id=\"af04d9b\" data-element_type=\"widget\" data-e-type=\"widget\" data-widget_type=\"heading.default\">\n\t\t\t\t<div class=\"elementor-widget-container\">\n\t\t\t\t\t<h2 class=\"elementor-heading-title elementor-size-default\">Che cos'\u00e8 e come si applica?<\/h2>\t\t\t\t<\/div>\n\t\t\t\t<\/div>\n\t\t\t\t<div class=\"elementor-element elementor-element-6c53d1b elementor-widget elementor-widget-text-editor\" data-id=\"6c53d1b\" data-element_type=\"widget\" data-e-type=\"widget\" data-widget_type=\"text-editor.default\">\n\t\t\t\t<div class=\"elementor-widget-container\">\n\t\t\t\t\t\t\t\t\t<p>\u00c8 noto anche come edge blending. Si tratta del processo di sovrapposizione dei bordi di un'immagine per ottenere un'immagine pi\u00f9 luminosa, a pi\u00f9 alta risoluzione e pi\u00f9 grande, proiettata da pi\u00f9 proiettori. Quando si visualizza un'immagine con pi\u00f9 proiettori, una parte dell'immagine si sovrappone. \u00c8 possibile scegliere di ingrandire o rimpicciolire questa sovrapposizione, a seconda di ci\u00f2 che si ritiene pi\u00f9 opportuno.\u00a0\u00a0<\/p><ul><li>Nessuna sovrapposizione vi dar\u00e0 una linea sottile tra i display. Questa pu\u00f2 essere bianca o nera a seconda delle impostazioni. La linea pu\u00f2 essere molto sottile, ma molto probabilmente sar\u00e0 ancora molto evidente all'occhio umano.\u00a0\u00a0<\/li><li>Quando i proiettori si sovrappongono, i livelli di luminosit\u00e0 non sono immediatamente correlati. Con la funzionalit\u00e0 di fusione dei bordi, \u00e8 possibile modificare la luminosit\u00e0 in alcuni punti del display. \u00c8 possibile ridurre i livelli di luminosit\u00e0 nelle aree di sovrapposizione in modo che la luminosit\u00e0 combinata dei due proiettori faccia apparire l'immagine senza soluzione di continuit\u00e0. Usare pi\u00f9 proiettori in questo modo pu\u00f2 essere difficile e c'\u00e8 la possibilit\u00e0 di vedere sempre la sovrapposizione, ma grazie alla tecnologia avanzata di oggi \u00e8 pi\u00f9 facile che mai ottenere una visualizzazione senza soluzione di continuit\u00e0 da pi\u00f9 proiettori.<\/li><\/ul><p>L'obiettivo qui \u00e8 quello di far credere al vostro pubblico che tutto sia proiettato con un solo proiettore. I proiettori edge blending sono molto facili da usare e vi daranno un grande display verticale o orizzontale, ma non avete bisogno di un\u00a0<a href=\"https:\/\/matrix-works.eu\/edge-blending-2\/\"><strong>proiettore per la miscelazione dei bordi<\/strong>\u00a0<\/a>per questo; l'allineamento dei proiettori e l'utilizzo di add-on di edge blending funzioneranno alla grande.<\/p><p>Questo \u00e8 ottimo per presentazioni e mostre d'arte, e si possono vedere alcune belle immagini di display sul nostro\u00a0<a href=\"https:\/\/twitter.com\/MatrixWorksEU\"><strong>twitter<\/strong><\/a> alimentazione. Se hai altre domande puoi sempre inviarci un messaggio tramite il nostro sito web o usare il nostro assistente online per aiutarti a trovare i prodotti perfetti per il tuo progetto. La fusione del proiettore crea immagini grandi e belle e ti d\u00e0 molta libert\u00e0 sulle dimensioni e la forma del tuo display.\u00a0<\/p>\t\t\t\t\t\t\t\t<\/div>\n\t\t\t\t<\/div>\n\t\t\t\t<div class=\"elementor-element elementor-element-a9f9fc7 elementor-widget elementor-widget-heading\" data-id=\"a9f9fc7\" data-element_type=\"widget\" data-e-type=\"widget\" data-widget_type=\"heading.default\">\n\t\t\t\t<div class=\"elementor-widget-container\">\n\t\t\t\t\t<h2 class=\"elementor-heading-title elementor-size-default\">I nostri prodotti<\/h2>\t\t\t\t<\/div>\n\t\t\t\t<\/div>\n\t\t\t\t<div class=\"elementor-element elementor-element-78e1061 elementor-widget elementor-widget-text-editor\" data-id=\"78e1061\" data-element_type=\"widget\" data-e-type=\"widget\" data-widget_type=\"text-editor.default\">\n\t\t\t\t<div class=\"elementor-widget-container\">\n\t\t\t\t\t\t\t\t\t<p><span data-contrast=\"auto\">Vendiamo i processori di edge blending GeoBox, che sono box standalone all-in-one e consentono di trasformare qualsiasi tipo di proiettore in un proiettore di edge blending.<\/span><span data-contrast=\"auto\">.\u00a0 \u00a0<\/span><span data-contrast=\"auto\">Se vi state chiedendo quali modelli\u00a0<\/span><span data-contrast=\"auto\">avete bisogno, potete sempre contattarci e come<\/span><span data-contrast=\"auto\">k<\/span><span data-contrast=\"auto\">\u00a0noi domande spiegare<\/span><span data-contrast=\"auto\">ing<\/span><span data-contrast=\"auto\">\u00a0la tua situazione in modo che possiamo darti il nostro consiglio<\/span><span data-contrast=\"auto\">.<\/span><span data-contrast=\"auto\">\u00a0<\/span><span data-contrast=\"auto\">Nel caso in cui stiate cercando di acquistare, date un'occhiata al nostro\u00a0<a href=\"https:\/\/matrix-works.eu\/edge-blending-2\/\">pagina del prodotto<\/a>\u00a0di processori di miscelazione dei bordi<\/span><span data-contrast=\"auto\">.\u00a0<\/span><span data-contrast=\"auto\">Se volete vedere alcuni esempi di ci\u00f2 che i nostri processori possono fare e stare al passo con i nostri<\/span><span data-contrast=\"auto\">r<\/span><span data-contrast=\"auto\">\u00a0assicuratevi di seguirci su\u00a0<\/span><a href=\"https:\/\/twitter.com\/MatrixWorksEU\">twitter\u00a0<\/a><span data-contrast=\"auto\">e\u00a0<a href=\"https:\/\/www.linkedin.com\/company\/matrixworks-b-v\/\">LinkedIn<\/a>.<\/span><span data-ccp-props=\"{\">\u00a0<\/span><\/p><p><span data-contrast=\"auto\">Se hai altre domande puoi sempre mandarci un'email<\/span><span data-contrast=\"auto\">\u00a0via\u00a0<\/span><a href=\"mailto:info@matrix-works.eu\">info@matrix-works.eu<\/a>\u00a0 Noi a<span data-contrast=\"auto\">siamo felici di aiutarvi!\u00a0<\/span><\/p>\t\t\t\t\t\t\t\t<\/div>\n\t\t\t\t<\/div>\n\t\t\t\t\t<\/div>\n\t\t<\/div>\n\t\t\t\t\t<\/div>\n\t\t<\/section>\n\t\t\t\t<section class=\"elementor-section elementor-top-section elementor-element elementor-element-71e0edb elementor-section-boxed elementor-section-height-default elementor-section-height-default\" data-id=\"71e0edb\" data-element_type=\"section\" data-e-type=\"section\">\n\t\t\t\t\t\t<div class=\"elementor-container elementor-column-gap-default\">\n\t\t\t\t\t<div class=\"elementor-column elementor-col-100 elementor-top-column elementor-element elementor-element-ce6b1da\" data-id=\"ce6b1da\" data-element_type=\"column\" data-e-type=\"column\">\n\t\t\t<div class=\"elementor-widget-wrap elementor-element-populated\">\n\t\t\t\t\t\t<div class=\"elementor-element elementor-element-a2c2c24 elementor-widget elementor-widget-image\" data-id=\"a2c2c24\" data-element_type=\"widget\" data-e-type=\"widget\" data-widget_type=\"image.default\">\n\t\t\t\t<div class=\"elementor-widget-container\">\n\t\t\t\t\t\t\t\t\t\t\t\t\t\t\t<img decoding=\"async\" src=\"https:\/\/matrix-works.eu\/wp-content\/uploads\/2018\/10\/Voorbeeld3.jpg\" title=\"\" alt=\"\" loading=\"lazy\" \/>\t\t\t\t\t\t\t\t\t\t\t\t\t\t\t<\/div>\n\t\t\t\t<\/div>\n\t\t\t\t\t<\/div>\n\t\t<\/div>\n\t\t\t\t\t<\/div>\n\t\t<\/section>\n\t\t\t\t<\/div>","protected":false},"excerpt":{"rendered":"<p>Projector blending, edge blending projectors Creating a bigger image using edge blending with multiple projectors can also be\u00a0called\u00a0projector blending. Combining multiple projectors and lining them up will result in a bigger image or one with a higher resolution. This is often used in big spaces such as museums and gallery halls and is best executed [&hellip;]<\/p>\n","protected":false},"author":2,"featured_media":0,"parent":0,"menu_order":0,"comment_status":"closed","ping_status":"closed","template":"","meta":{"ocean_post_layout":"full-width","ocean_both_sidebars_style":"","ocean_both_sidebars_content_width":0,"ocean_both_sidebars_sidebars_width":0,"ocean_sidebar":"0","ocean_second_sidebar":"0","ocean_disable_margins":"enable","ocean_add_body_class":"","ocean_shortcode_before_top_bar":"","ocean_shortcode_after_top_bar":"","ocean_shortcode_before_header":"","ocean_shortcode_after_header":"","ocean_has_shortcode":"","ocean_shortcode_after_title":"","ocean_shortcode_before_footer_widgets":"","ocean_shortcode_after_footer_widgets":"","ocean_shortcode_before_footer_bottom":"","ocean_shortcode_after_footer_bottom":"","ocean_display_top_bar":"default","ocean_display_header":"default","ocean_header_style":"","ocean_center_header_left_menu":"0","ocean_custom_header_template":"0","ocean_custom_logo":0,"ocean_custom_retina_logo":0,"ocean_custom_logo_max_width":0,"ocean_custom_logo_tablet_max_width":0,"ocean_custom_logo_mobile_max_width":0,"ocean_custom_logo_max_height":0,"ocean_custom_logo_tablet_max_height":0,"ocean_custom_logo_mobile_max_height":0,"ocean_header_custom_menu":"0","ocean_menu_typo_font_family":"0","ocean_menu_typo_font_subset":"","ocean_menu_typo_font_size":0,"ocean_menu_typo_font_size_tablet":0,"ocean_menu_typo_font_size_mobile":0,"ocean_menu_typo_font_size_unit":"px","ocean_menu_typo_font_weight":"","ocean_menu_typo_font_weight_tablet":"","ocean_menu_typo_font_weight_mobile":"","ocean_menu_typo_transform":"","ocean_menu_typo_transform_tablet":"","ocean_menu_typo_transform_mobile":"","ocean_menu_typo_line_height":0,"ocean_menu_typo_line_height_tablet":0,"ocean_menu_typo_line_height_mobile":0,"ocean_menu_typo_line_height_unit":"","ocean_menu_typo_spacing":0,"ocean_menu_typo_spacing_tablet":0,"ocean_menu_typo_spacing_mobile":0,"ocean_menu_typo_spacing_unit":"","ocean_menu_link_color":"","ocean_menu_link_color_hover":"","ocean_menu_link_color_active":"","ocean_menu_link_background":"","ocean_menu_link_hover_background":"","ocean_menu_link_active_background":"","ocean_menu_social_links_bg":"","ocean_menu_social_hover_links_bg":"","ocean_menu_social_links_color":"","ocean_menu_social_hover_links_color":"","ocean_disable_title":"default","ocean_disable_heading":"default","ocean_post_title":"","ocean_post_subheading":"","ocean_post_title_style":"","ocean_post_title_background_color":"","ocean_post_title_background":0,"ocean_post_title_bg_image_position":"","ocean_post_title_bg_image_attachment":"","ocean_post_title_bg_image_repeat":"","ocean_post_title_bg_image_size":"","ocean_post_title_height":0,"ocean_post_title_bg_overlay":0.5,"ocean_post_title_bg_overlay_color":"","ocean_disable_breadcrumbs":"default","ocean_breadcrumbs_color":"","ocean_breadcrumbs_separator_color":"","ocean_breadcrumbs_links_color":"","ocean_breadcrumbs_links_hover_color":"","ocean_display_footer_widgets":"default","ocean_display_footer_bottom":"default","ocean_custom_footer_template":"0","footnotes":""},"class_list":["post-1812","page","type-page","status-publish","hentry","entry"],"yoast_head":"<!-- This site is optimized with the Yoast SEO Premium plugin v27.5 (Yoast SEO v27.5) - https:\/\/yoast.com\/product\/yoast-seo-premium-wordpress\/ -->\n<title>Projector blending - MatrixWorks Europe<\/title>\n<meta name=\"description\" content=\"Projector blending with multiple projectors is the process of overlapping the edges of an image to make a brighter and higher resolution.\" \/>\n<meta name=\"robots\" content=\"index, follow, max-snippet:-1, max-image-preview:large, max-video-preview:-1\" \/>\n<link rel=\"canonical\" href=\"https:\/\/matrix-works.eu\/it\/miscelazione-del-proiettore\/\" \/>\n<meta property=\"og:locale\" content=\"it_IT\" \/>\n<meta property=\"og:type\" content=\"article\" \/>\n<meta property=\"og:title\" content=\"Projector blending\" \/>\n<meta property=\"og:description\" content=\"Projector blending with multiple projectors is the process of overlapping the edges of an image to make a brighter and higher resolution.\" \/>\n<meta property=\"og:url\" content=\"https:\/\/matrix-works.eu\/it\/miscelazione-del-proiettore\/\" \/>\n<meta property=\"og:site_name\" content=\"MatrixWorks Europe\" \/>\n<meta property=\"article:modified_time\" content=\"2020-08-03T12:11:05+00:00\" \/>\n<meta property=\"og:image\" content=\"https:\/\/matrix-works.eu\/wp-content\/uploads\/2018\/10\/Voorbeeld3-1024x724.jpg\" \/>\n<meta name=\"twitter:card\" content=\"summary_large_image\" \/>\n<meta name=\"twitter:site\" content=\"@MatrixWorksEU\" \/>\n<meta name=\"twitter:label1\" content=\"Tempo di lettura stimato\" \/>\n\t<meta name=\"twitter:data1\" content=\"3 minuti\" \/>\n<script type=\"application\/ld+json\" class=\"yoast-schema-graph\">{\"@context\":\"https:\\\/\\\/schema.org\",\"@graph\":[{\"@type\":\"WebPage\",\"@id\":\"https:\\\/\\\/matrix-works.eu\\\/fr\\\/melange-de-projecteurs\\\/\",\"url\":\"https:\\\/\\\/matrix-works.eu\\\/fr\\\/melange-de-projecteurs\\\/\",\"name\":\"Projector blending - MatrixWorks Europe\",\"isPartOf\":{\"@id\":\"https:\\\/\\\/matrix-works.eu\\\/#website\"},\"primaryImageOfPage\":{\"@id\":\"https:\\\/\\\/matrix-works.eu\\\/fr\\\/melange-de-projecteurs\\\/#primaryimage\"},\"image\":{\"@id\":\"https:\\\/\\\/matrix-works.eu\\\/fr\\\/melange-de-projecteurs\\\/#primaryimage\"},\"thumbnailUrl\":\"https:\\\/\\\/matrix-works.eu\\\/wp-content\\\/uploads\\\/2018\\\/10\\\/Voorbeeld3-1024x724.jpg\",\"datePublished\":\"2020-07-01T14:20:15+00:00\",\"dateModified\":\"2020-08-03T12:11:05+00:00\",\"description\":\"Projector blending with multiple projectors is the process of overlapping the edges of an image to make a brighter and higher resolution.\",\"breadcrumb\":{\"@id\":\"https:\\\/\\\/matrix-works.eu\\\/fr\\\/melange-de-projecteurs\\\/#breadcrumb\"},\"inLanguage\":\"it-IT\",\"potentialAction\":[{\"@type\":\"ReadAction\",\"target\":[\"https:\\\/\\\/matrix-works.eu\\\/fr\\\/melange-de-projecteurs\\\/\"]}]},{\"@type\":\"ImageObject\",\"inLanguage\":\"it-IT\",\"@id\":\"https:\\\/\\\/matrix-works.eu\\\/fr\\\/melange-de-projecteurs\\\/#primaryimage\",\"url\":\"https:\\\/\\\/matrix-works.eu\\\/wp-content\\\/uploads\\\/2018\\\/10\\\/Voorbeeld3-1024x724.jpg\",\"contentUrl\":\"https:\\\/\\\/matrix-works.eu\\\/wp-content\\\/uploads\\\/2018\\\/10\\\/Voorbeeld3-1024x724.jpg\"},{\"@type\":\"BreadcrumbList\",\"@id\":\"https:\\\/\\\/matrix-works.eu\\\/fr\\\/melange-de-projecteurs\\\/#breadcrumb\",\"itemListElement\":[{\"@type\":\"ListItem\",\"position\":1,\"name\":\"Home\",\"item\":\"https:\\\/\\\/matrix-works.eu\\\/\"},{\"@type\":\"ListItem\",\"position\":2,\"name\":\"Projector blending\"}]},{\"@type\":\"WebSite\",\"@id\":\"https:\\\/\\\/matrix-works.eu\\\/#website\",\"url\":\"https:\\\/\\\/matrix-works.eu\\\/\",\"name\":\"MatrixWorks Europe\",\"description\":\"\",\"publisher\":{\"@id\":\"https:\\\/\\\/matrix-works.eu\\\/#organization\"},\"alternateName\":\"GeoBox in Europe\",\"potentialAction\":[{\"@type\":\"SearchAction\",\"target\":{\"@type\":\"EntryPoint\",\"urlTemplate\":\"https:\\\/\\\/matrix-works.eu\\\/?s={search_term_string}\"},\"query-input\":{\"@type\":\"PropertyValueSpecification\",\"valueRequired\":true,\"valueName\":\"search_term_string\"}}],\"inLanguage\":\"it-IT\"},{\"@type\":\"Organization\",\"@id\":\"https:\\\/\\\/matrix-works.eu\\\/#organization\",\"name\":\"MatrixWorks Europe B.V.\",\"alternateName\":\"MatrixWorks\",\"url\":\"https:\\\/\\\/matrix-works.eu\\\/\",\"logo\":{\"@type\":\"ImageObject\",\"inLanguage\":\"it-IT\",\"@id\":\"https:\\\/\\\/matrix-works.eu\\\/#\\\/schema\\\/logo\\\/image\\\/\",\"url\":\"https:\\\/\\\/matrix-works.eu\\\/wp-content\\\/uploads\\\/2018\\\/09\\\/MTXWorks_Logo-2.jpg\",\"contentUrl\":\"https:\\\/\\\/matrix-works.eu\\\/wp-content\\\/uploads\\\/2018\\\/09\\\/MTXWorks_Logo-2.jpg\",\"width\":681,\"height\":649,\"caption\":\"MatrixWorks Europe B.V.\"},\"image\":{\"@id\":\"https:\\\/\\\/matrix-works.eu\\\/#\\\/schema\\\/logo\\\/image\\\/\"},\"sameAs\":[\"https:\\\/\\\/x.com\\\/MatrixWorksEU\",\"https:\\\/\\\/www.linkedin.com\\\/company\\\/matrixworks-b-v\\\/\",\"https:\\\/\\\/www.youtube.com\\\/channel\\\/UCxunCnAsepOa59_myEXfCyA?view_as=subscriber\"],\"foundingDate\":\"2018-11-01\",\"vatID\":\"859250829B01\"}]}<\/script>\n<!-- \/ Yoast SEO Premium plugin. -->","yoast_head_json":{"title":"Miscelazione di proiettori - MatrixWorks Europe","description":"Il projector blending con pi\u00f9 proiettori \u00e8 il processo di sovrapposizione dei bordi di un'immagine per ottenere una maggiore luminosit\u00e0 e risoluzione.","robots":{"index":"index","follow":"follow","max-snippet":"max-snippet:-1","max-image-preview":"max-image-preview:large","max-video-preview":"max-video-preview:-1"},"canonical":"https:\/\/matrix-works.eu\/it\/miscelazione-del-proiettore\/","og_locale":"it_IT","og_type":"article","og_title":"Projector blending","og_description":"Projector blending with multiple projectors is the process of overlapping the edges of an image to make a brighter and higher resolution.","og_url":"https:\/\/matrix-works.eu\/it\/miscelazione-del-proiettore\/","og_site_name":"MatrixWorks Europe","article_modified_time":"2020-08-03T12:11:05+00:00","og_image":[{"url":"https:\/\/matrix-works.eu\/wp-content\/uploads\/2018\/10\/Voorbeeld3-1024x724.jpg","type":"","width":"","height":""}],"twitter_card":"summary_large_image","twitter_site":"@MatrixWorksEU","twitter_misc":{"Tempo di lettura stimato":"3 minuti"},"schema":{"@context":"https:\/\/schema.org","@graph":[{"@type":"WebPage","@id":"https:\/\/matrix-works.eu\/fr\/melange-de-projecteurs\/","url":"https:\/\/matrix-works.eu\/fr\/melange-de-projecteurs\/","name":"Miscelazione di proiettori - MatrixWorks Europe","isPartOf":{"@id":"https:\/\/matrix-works.eu\/#website"},"primaryImageOfPage":{"@id":"https:\/\/matrix-works.eu\/fr\/melange-de-projecteurs\/#primaryimage"},"image":{"@id":"https:\/\/matrix-works.eu\/fr\/melange-de-projecteurs\/#primaryimage"},"thumbnailUrl":"https:\/\/matrix-works.eu\/wp-content\/uploads\/2018\/10\/Voorbeeld3-1024x724.jpg","datePublished":"2020-07-01T14:20:15+00:00","dateModified":"2020-08-03T12:11:05+00:00","description":"Il projector blending con pi\u00f9 proiettori \u00e8 il processo di sovrapposizione dei bordi di un'immagine per ottenere una maggiore luminosit\u00e0 e risoluzione.","breadcrumb":{"@id":"https:\/\/matrix-works.eu\/fr\/melange-de-projecteurs\/#breadcrumb"},"inLanguage":"it-IT","potentialAction":[{"@type":"ReadAction","target":["https:\/\/matrix-works.eu\/fr\/melange-de-projecteurs\/"]}]},{"@type":"ImageObject","inLanguage":"it-IT","@id":"https:\/\/matrix-works.eu\/fr\/melange-de-projecteurs\/#primaryimage","url":"https:\/\/matrix-works.eu\/wp-content\/uploads\/2018\/10\/Voorbeeld3-1024x724.jpg","contentUrl":"https:\/\/matrix-works.eu\/wp-content\/uploads\/2018\/10\/Voorbeeld3-1024x724.jpg"},{"@type":"BreadcrumbList","@id":"https:\/\/matrix-works.eu\/fr\/melange-de-projecteurs\/#breadcrumb","itemListElement":[{"@type":"ListItem","position":1,"name":"Home","item":"https:\/\/matrix-works.eu\/"},{"@type":"ListItem","position":2,"name":"Projector blending"}]},{"@type":"WebSite","@id":"https:\/\/matrix-works.eu\/#website","url":"https:\/\/matrix-works.eu\/","name":"MatrixWorks Europa","description":"","publisher":{"@id":"https:\/\/matrix-works.eu\/#organization"},"alternateName":"GeoBox in Europe","potentialAction":[{"@type":"SearchAction","target":{"@type":"EntryPoint","urlTemplate":"https:\/\/matrix-works.eu\/?s={search_term_string}"},"query-input":{"@type":"PropertyValueSpecification","valueRequired":true,"valueName":"search_term_string"}}],"inLanguage":"it-IT"},{"@type":"Organization","@id":"https:\/\/matrix-works.eu\/#organization","name":"MatrixWorks Europe B.V.","alternateName":"MatrixWorks","url":"https:\/\/matrix-works.eu\/","logo":{"@type":"ImageObject","inLanguage":"it-IT","@id":"https:\/\/matrix-works.eu\/#\/schema\/logo\/image\/","url":"https:\/\/matrix-works.eu\/wp-content\/uploads\/2018\/09\/MTXWorks_Logo-2.jpg","contentUrl":"https:\/\/matrix-works.eu\/wp-content\/uploads\/2018\/09\/MTXWorks_Logo-2.jpg","width":681,"height":649,"caption":"MatrixWorks Europe B.V."},"image":{"@id":"https:\/\/matrix-works.eu\/#\/schema\/logo\/image\/"},"sameAs":["https:\/\/x.com\/MatrixWorksEU","https:\/\/www.linkedin.com\/company\/matrixworks-b-v\/","https:\/\/www.youtube.com\/channel\/UCxunCnAsepOa59_myEXfCyA?view_as=subscriber"],"foundingDate":"2018-11-01","vatID":"859250829B01"}]}},"_links":{"self":[{"href":"https:\/\/matrix-works.eu\/it\/wp-json\/wp\/v2\/pages\/1812","targetHints":{"allow":["GET"]}}],"collection":[{"href":"https:\/\/matrix-works.eu\/it\/wp-json\/wp\/v2\/pages"}],"about":[{"href":"https:\/\/matrix-works.eu\/it\/wp-json\/wp\/v2\/types\/page"}],"author":[{"embeddable":true,"href":"https:\/\/matrix-works.eu\/it\/wp-json\/wp\/v2\/users\/2"}],"replies":[{"embeddable":true,"href":"https:\/\/matrix-works.eu\/it\/wp-json\/wp\/v2\/comments?post=1812"}],"version-history":[{"count":11,"href":"https:\/\/matrix-works.eu\/it\/wp-json\/wp\/v2\/pages\/1812\/revisions"}],"predecessor-version":[{"id":2123,"href":"https:\/\/matrix-works.eu\/it\/wp-json\/wp\/v2\/pages\/1812\/revisions\/2123"}],"wp:attachment":[{"href":"https:\/\/matrix-works.eu\/it\/wp-json\/wp\/v2\/media?parent=1812"}],"curies":[{"name":"wp","href":"https:\/\/api.w.org\/{rel}","templated":true}]}}