{"id":1814,"date":"2020-07-01T14:20:49","date_gmt":"2020-07-01T14:20:49","guid":{"rendered":"https:\/\/matrix-works.eu\/?page_id=1814"},"modified":"2024-06-06T13:59:58","modified_gmt":"2024-06-06T13:59:58","slug":"fusione-dei-bordi-di-due-proiettori","status":"publish","type":"page","link":"https:\/\/matrix-works.eu\/it\/edge-blending-two-projectors\/","title":{"rendered":"Miscelazione dei bordi di due proiettori"},"content":{"rendered":"<div data-elementor-type=\"wp-page\" data-elementor-id=\"1814\" class=\"elementor elementor-1814\" data-elementor-post-type=\"page\">\n\t\t\t\t\t\t<section class=\"elementor-section elementor-top-section elementor-element elementor-element-084d7aa elementor-section-boxed elementor-section-height-default elementor-section-height-default\" data-id=\"084d7aa\" data-element_type=\"section\" data-e-type=\"section\">\n\t\t\t\t\t\t<div class=\"elementor-container elementor-column-gap-default\">\n\t\t\t\t\t<div class=\"elementor-column elementor-col-100 elementor-top-column elementor-element elementor-element-2d44150\" data-id=\"2d44150\" data-element_type=\"column\" data-e-type=\"column\">\n\t\t\t<div class=\"elementor-widget-wrap elementor-element-populated\">\n\t\t\t\t\t\t<div class=\"elementor-element elementor-element-4c68266 elementor-widget elementor-widget-heading\" data-id=\"4c68266\" data-element_type=\"widget\" data-e-type=\"widget\" data-widget_type=\"heading.default\">\n\t\t\t\t<div class=\"elementor-widget-container\">\n\t\t\t\t\t<h1 class=\"elementor-heading-title elementor-size-default\">Combinazione di immagini di due o pi\u00f9 proiettori <\/h1>\t\t\t\t<\/div>\n\t\t\t\t<\/div>\n\t\t\t\t\t<\/div>\n\t\t<\/div>\n\t\t\t\t\t<\/div>\n\t\t<\/section>\n\t\t\t\t<section class=\"elementor-section elementor-top-section elementor-element elementor-element-b9c976c elementor-section-boxed elementor-section-height-default elementor-section-height-default\" data-id=\"b9c976c\" data-element_type=\"section\" data-e-type=\"section\">\n\t\t\t\t\t\t<div class=\"elementor-container elementor-column-gap-default\">\n\t\t\t\t\t<div class=\"elementor-column elementor-col-100 elementor-top-column elementor-element elementor-element-99d8161\" data-id=\"99d8161\" data-element_type=\"column\" data-e-type=\"column\">\n\t\t\t<div class=\"elementor-widget-wrap elementor-element-populated\">\n\t\t\t\t\t\t<div class=\"elementor-element elementor-element-522ea1e elementor-widget elementor-widget-text-editor\" data-id=\"522ea1e\" data-element_type=\"widget\" data-e-type=\"widget\" data-widget_type=\"text-editor.default\">\n\t\t\t\t<div class=\"elementor-widget-container\">\n\t\t\t\t\t\t\t\t\t<p>Miscelare i bordi di due proiettori significa fare un unico grande display senza soluzione di continuit\u00e0 combinando le immagini di due proiettori. Quando si allineano due proiettori e poi si regola la luminosit\u00e0 della sovrapposizione si pu\u00f2 creare un'immagine pi\u00f9 grande.\u00a0<\/p>\t\t\t\t\t\t\t\t<\/div>\n\t\t\t\t<\/div>\n\t\t\t\t<div class=\"elementor-element elementor-element-cc2f784 elementor-widget elementor-widget-heading\" data-id=\"cc2f784\" data-element_type=\"widget\" data-e-type=\"widget\" data-widget_type=\"heading.default\">\n\t\t\t\t<div class=\"elementor-widget-container\">\n\t\t\t\t\t<h2 class=\"elementor-heading-title elementor-size-default\">Come funziona e l'applicazione<\/h2>\t\t\t\t<\/div>\n\t\t\t\t<\/div>\n\t\t\t\t<div class=\"elementor-element elementor-element-68e25d3 elementor-widget elementor-widget-text-editor\" data-id=\"68e25d3\" data-element_type=\"widget\" data-e-type=\"widget\" data-widget_type=\"text-editor.default\">\n\t\t\t\t<div class=\"elementor-widget-container\">\n\t\t\t\t\t\t\t\t\t<p>La miscelazione dei bordi \u00e8 il processo di sovrapposizione dei bordi di un'immagine per fare un'immagine pi\u00f9 luminosa, a pi\u00f9 alta risoluzione e pi\u00f9 grande proiettata da due o pi\u00f9 proiettori. Quando si visualizza un'immagine con pi\u00f9 proiettori, una parte dell'immagine si sovrappone. Puoi scegliere di rendere questa sovrapposizione pi\u00f9 grande o pi\u00f9 piccola a seconda di ci\u00f2 che pensi si adatti meglio.\u00a0\u00a0<\/p><ul><li>Nessuna sovrapposizione vi dar\u00e0 una linea sottile tra i display. Questa pu\u00f2 essere bianca o nera a seconda delle impostazioni. La linea pu\u00f2 essere molto sottile, ma molto probabilmente sar\u00e0 ancora molto evidente all'occhio umano.\u00a0\u00a0<\/li><li>Quando i vostri proiettori sono sovrapposti, i livelli di luminosit\u00e0 non saranno immediatamente correlati. Con la funzionalit\u00e0 di miscelazione dei bordi, potete cambiare la luminosit\u00e0 in certi punti del vostro display. Potete abbassare i livelli di luminosit\u00e0 nelle aree che si sovrappongono in modo che la luminosit\u00e0 combinata dei due proiettori faccia apparire l'immagine senza soluzione di continuit\u00e0. Usare pi\u00f9 proiettori in questo modo pu\u00f2 essere difficile e c'\u00e8 la possibilit\u00e0 di vedere sempre la sovrapposizione, ma grazie alla soluzione avanzata di oggi, fare un display senza soluzione di continuit\u00e0 usando il projector blending \u00e8 pi\u00f9 facile che mai.<\/li><\/ul><p>L'obiettivo \u00e8 far credere al pubblico che tutto sia proiettato con un unico proiettore. I proiettori edge blending sono molto facili da usare e consentono di ottenere una grande visualizzazione verticale o orizzontale, ma non \u00e8 necessario che i proiettori siano edge blending per questo; allineare i proiettori e usare proiettori esterni \u00e8 un'ottima idea. <strong><a href=\"https:\/\/matrix-works.eu\/edge-blending-2\/\">controllori per la sfumatura dei bordi<\/a><\/strong> sar\u00e0 pi\u00f9 affidabile e flessibile.<\/p><p>Fare clic per leggere: <strong><a href=\"https:\/\/matrix-works.eu\/knowledge-base\/how-to-plan-multiple-projectors\/\">Come visualizzare un'immagine grande usando pi\u00f9 proiettori?<\/a><\/strong><\/p><p>Questo \u00e8 ottimo per presentazioni e mostre d'arte, e si possono vedere alcune belle immagini di display sul nostro\u00a0<a href=\"https:\/\/twitter.com\/MatrixWorksEU\"><strong>twitter<\/strong><\/a> alimentazione. Se hai altre domande puoi sempre inviarci un messaggio tramite il nostro sito web o usare il nostro assistente online per aiutarti a trovare i prodotti perfetti per il tuo progetto. La fusione del proiettore crea immagini grandi e belle e ti d\u00e0 molta libert\u00e0 sulle dimensioni e la forma del tuo display.\u00a0<\/p>\t\t\t\t\t\t\t\t<\/div>\n\t\t\t\t<\/div>\n\t\t\t\t<div class=\"elementor-element elementor-element-d582307 elementor-widget elementor-widget-shortcode\" data-id=\"d582307\" data-element_type=\"widget\" data-e-type=\"widget\" data-widget_type=\"shortcode.default\">\n\t\t\t\t<div class=\"elementor-widget-container\">\n\t\t\t\t\t\t\t<div class=\"elementor-shortcode\"><script type=\"text\/javascript\" async src=\"https:\/\/bot.leadoo.com\/bot\/inpage.js?code=YmMK6cRQ#seamless\"><\/script><\/div>\n\t\t\t\t\t\t<\/div>\n\t\t\t\t<\/div>\n\t\t\t\t<div class=\"elementor-element elementor-element-8944b27 elementor-widget elementor-widget-heading\" data-id=\"8944b27\" data-element_type=\"widget\" data-e-type=\"widget\" data-widget_type=\"heading.default\">\n\t\t\t\t<div class=\"elementor-widget-container\">\n\t\t\t\t\t<h2 class=\"elementor-heading-title elementor-size-default\">Il nostro prodotto<\/h2>\t\t\t\t<\/div>\n\t\t\t\t<\/div>\n\t\t\t\t<div class=\"elementor-element elementor-element-1769f3e elementor-widget elementor-widget-text-editor\" data-id=\"1769f3e\" data-element_type=\"widget\" data-e-type=\"widget\" data-widget_type=\"text-editor.default\">\n\t\t\t\t<div class=\"elementor-widget-container\">\n\t\t\t\t\t\t\t\t\t<p><span data-contrast=\"auto\">Vendiamo processori per la miscelazione dei bordi GeoBox, che sono standalone all-in-one box, permettendo a qualsiasi tipo di proiettore di diventare un proiettore per la miscelazione dei bordi<\/span><span data-contrast=\"auto\">.<a href=\"https:\/\/matrix-works.eu\/edge-blending-2\/\"><strong> Clicca per vedere la serie di controllori di miscelazione dei bordi.<\/strong><\/a>\u00a0 <\/span><span data-contrast=\"auto\">Se vi state chiedendo quali modelli\u00a0<\/span><span data-contrast=\"auto\">avete bisogno, potete sempre contattarci e come<\/span><span data-contrast=\"auto\">k<\/span><span data-contrast=\"auto\">\u00a0noi domande spiegare<\/span><span data-contrast=\"auto\">ing<\/span><span data-contrast=\"auto\">\u00a0la tua situazione in modo che possiamo darti il nostro consiglio<\/span><span data-contrast=\"auto\">.<\/span> <span data-contrast=\"auto\">\u00a0<\/span><span data-contrast=\"auto\">Se volete vedere alcuni esempi di ci\u00f2 che i nostri processori possono fare e stare al passo con i nostri<\/span><span data-contrast=\"auto\">r<\/span><span data-contrast=\"auto\"> assicuratevi di seguirci su <a href=\"https:\/\/www.youtube.com\/channel\/UCxunCnAsepOa59_myEXfCyA?view_as=subscriber\">YouTube <\/a><\/span><span data-contrast=\"auto\">e\u00a0<a href=\"https:\/\/www.linkedin.com\/company\/matrixworks-b-v\/\">LinkedIn<\/a>.<\/span><span data-ccp-props=\"{\">\u00a0<\/span><\/p><p><span data-contrast=\"auto\">Se hai altre domande puoi sempre mandarci un'email<\/span><span data-contrast=\"auto\">\u00a0via\u00a0<\/span><a href=\"mailto:info@matrix-works.eu\">info@matrix-works.eu<\/a>\u00a0 Noi a<span data-contrast=\"auto\">siamo felici di aiutarvi!\u00a0<\/span><\/p>\t\t\t\t\t\t\t\t<\/div>\n\t\t\t\t<\/div>\n\t\t\t\t\t<\/div>\n\t\t<\/div>\n\t\t\t\t\t<\/div>\n\t\t<\/section>\n\t\t\t\t<section class=\"elementor-section elementor-top-section elementor-element elementor-element-a37be61 elementor-section-boxed elementor-section-height-default elementor-section-height-default\" data-id=\"a37be61\" data-element_type=\"section\" data-e-type=\"section\">\n\t\t\t\t\t\t<div class=\"elementor-container elementor-column-gap-default\">\n\t\t\t\t\t<div class=\"elementor-column elementor-col-100 elementor-top-column elementor-element elementor-element-83db593\" data-id=\"83db593\" data-element_type=\"column\" data-e-type=\"column\">\n\t\t\t<div class=\"elementor-widget-wrap elementor-element-populated\">\n\t\t\t\t\t\t<div class=\"elementor-element elementor-element-d92256d elementor-widget elementor-widget-image\" data-id=\"d92256d\" data-element_type=\"widget\" data-e-type=\"widget\" data-widget_type=\"image.default\">\n\t\t\t\t<div class=\"elementor-widget-container\">\n\t\t\t\t\t\t\t\t\t\t\t\t\t\t\t<img decoding=\"async\" src=\"https:\/\/matrix-works.eu\/wp-content\/uploads\/2020\/02\/G802-G901.jpeg\" title=\"\" alt=\"\" loading=\"lazy\" \/>\t\t\t\t\t\t\t\t\t\t\t\t\t\t\t<\/div>\n\t\t\t\t<\/div>\n\t\t\t\t\t<\/div>\n\t\t<\/div>\n\t\t\t\t\t<\/div>\n\t\t<\/section>\n\t\t\t\t<\/div>","protected":false},"excerpt":{"rendered":"<p>Combining images of two or multiple projectors Edge blending two projectors means to make one big seamless display by combining images of two projectors. When lining up two projectors and then adjusting the brightness of the overlap you can create a bigger image.\u00a0 How it works and the application Edge blending is the process of [&hellip;]<\/p>\n","protected":false},"author":2,"featured_media":0,"parent":0,"menu_order":0,"comment_status":"closed","ping_status":"closed","template":"","meta":{"ocean_post_layout":"full-width","ocean_both_sidebars_style":"","ocean_both_sidebars_content_width":0,"ocean_both_sidebars_sidebars_width":0,"ocean_sidebar":"0","ocean_second_sidebar":"0","ocean_disable_margins":"enable","ocean_add_body_class":"","ocean_shortcode_before_top_bar":"","ocean_shortcode_after_top_bar":"","ocean_shortcode_before_header":"","ocean_shortcode_after_header":"","ocean_has_shortcode":"","ocean_shortcode_after_title":"","ocean_shortcode_before_footer_widgets":"","ocean_shortcode_after_footer_widgets":"","ocean_shortcode_before_footer_bottom":"","ocean_shortcode_after_footer_bottom":"","ocean_display_top_bar":"default","ocean_display_header":"default","ocean_header_style":"","ocean_center_header_left_menu":"0","ocean_custom_header_template":"0","ocean_custom_logo":0,"ocean_custom_retina_logo":0,"ocean_custom_logo_max_width":0,"ocean_custom_logo_tablet_max_width":0,"ocean_custom_logo_mobile_max_width":0,"ocean_custom_logo_max_height":0,"ocean_custom_logo_tablet_max_height":0,"ocean_custom_logo_mobile_max_height":0,"ocean_header_custom_menu":"0","ocean_menu_typo_font_family":"0","ocean_menu_typo_font_subset":"","ocean_menu_typo_font_size":0,"ocean_menu_typo_font_size_tablet":0,"ocean_menu_typo_font_size_mobile":0,"ocean_menu_typo_font_size_unit":"px","ocean_menu_typo_font_weight":"","ocean_menu_typo_font_weight_tablet":"","ocean_menu_typo_font_weight_mobile":"","ocean_menu_typo_transform":"","ocean_menu_typo_transform_tablet":"","ocean_menu_typo_transform_mobile":"","ocean_menu_typo_line_height":0,"ocean_menu_typo_line_height_tablet":0,"ocean_menu_typo_line_height_mobile":0,"ocean_menu_typo_line_height_unit":"","ocean_menu_typo_spacing":0,"ocean_menu_typo_spacing_tablet":0,"ocean_menu_typo_spacing_mobile":0,"ocean_menu_typo_spacing_unit":"","ocean_menu_link_color":"","ocean_menu_link_color_hover":"","ocean_menu_link_color_active":"","ocean_menu_link_background":"","ocean_menu_link_hover_background":"","ocean_menu_link_active_background":"","ocean_menu_social_links_bg":"","ocean_menu_social_hover_links_bg":"","ocean_menu_social_links_color":"","ocean_menu_social_hover_links_color":"","ocean_disable_title":"default","ocean_disable_heading":"default","ocean_post_title":"","ocean_post_subheading":"","ocean_post_title_style":"","ocean_post_title_background_color":"","ocean_post_title_background":0,"ocean_post_title_bg_image_position":"","ocean_post_title_bg_image_attachment":"","ocean_post_title_bg_image_repeat":"","ocean_post_title_bg_image_size":"","ocean_post_title_height":0,"ocean_post_title_bg_overlay":0.5,"ocean_post_title_bg_overlay_color":"","ocean_disable_breadcrumbs":"default","ocean_breadcrumbs_color":"","ocean_breadcrumbs_separator_color":"","ocean_breadcrumbs_links_color":"","ocean_breadcrumbs_links_hover_color":"","ocean_display_footer_widgets":"default","ocean_display_footer_bottom":"default","ocean_custom_footer_template":"0","footnotes":""},"class_list":["post-1814","page","type-page","status-publish","hentry","entry"],"yoast_head":"<!-- This site is optimized with the Yoast SEO Premium plugin v27.3 (Yoast SEO v27.3) - https:\/\/yoast.com\/product\/yoast-seo-premium-wordpress\/ -->\n<title>Edge blending two projectors - MatrixWorks Europe<\/title>\n<meta name=\"description\" content=\"Edge blending two projectors is an easy process by using edge blending controller.. Any projectors can be seamlessly edge blended.\" \/>\n<meta name=\"robots\" content=\"index, follow, max-snippet:-1, max-image-preview:large, max-video-preview:-1\" \/>\n<link rel=\"canonical\" href=\"https:\/\/matrix-works.eu\/it\/fusione-dei-bordi-di-due-proiettori\/\" \/>\n<meta property=\"og:locale\" content=\"it_IT\" \/>\n<meta property=\"og:type\" content=\"article\" \/>\n<meta property=\"og:title\" content=\"Edge blending two projectors\" \/>\n<meta property=\"og:description\" content=\"Edge blending two projectors is an easy process by using edge blending controller.. Any projectors can be seamlessly edge blended.\" \/>\n<meta property=\"og:url\" content=\"https:\/\/matrix-works.eu\/it\/fusione-dei-bordi-di-due-proiettori\/\" \/>\n<meta property=\"og:site_name\" content=\"MatrixWorks Europe\" \/>\n<meta property=\"article:modified_time\" content=\"2024-06-06T13:59:58+00:00\" \/>\n<meta property=\"og:image\" content=\"https:\/\/matrix-works.eu\/wp-content\/uploads\/2020\/02\/G802-G901-1024x577.jpeg\" \/>\n<meta name=\"twitter:card\" content=\"summary_large_image\" \/>\n<meta name=\"twitter:site\" content=\"@MatrixWorksEU\" \/>\n<meta name=\"twitter:label1\" content=\"Tempo di lettura stimato\" \/>\n\t<meta name=\"twitter:data1\" content=\"3 minuti\" \/>\n<script type=\"application\/ld+json\" class=\"yoast-schema-graph\">{\"@context\":\"https:\\\/\\\/schema.org\",\"@graph\":[{\"@type\":\"WebPage\",\"@id\":\"https:\\\/\\\/matrix-works.eu\\\/edge-blending-two-projectors\\\/\",\"url\":\"https:\\\/\\\/matrix-works.eu\\\/edge-blending-two-projectors\\\/\",\"name\":\"Edge blending two projectors - MatrixWorks Europe\",\"isPartOf\":{\"@id\":\"https:\\\/\\\/matrix-works.eu\\\/#website\"},\"primaryImageOfPage\":{\"@id\":\"https:\\\/\\\/matrix-works.eu\\\/edge-blending-two-projectors\\\/#primaryimage\"},\"image\":{\"@id\":\"https:\\\/\\\/matrix-works.eu\\\/edge-blending-two-projectors\\\/#primaryimage\"},\"thumbnailUrl\":\"https:\\\/\\\/matrix-works.eu\\\/wp-content\\\/uploads\\\/2020\\\/02\\\/G802-G901-1024x577.jpeg\",\"datePublished\":\"2020-07-01T14:20:49+00:00\",\"dateModified\":\"2024-06-06T13:59:58+00:00\",\"description\":\"Edge blending two projectors is an easy process by using edge blending controller.. Any projectors can be seamlessly edge blended.\",\"breadcrumb\":{\"@id\":\"https:\\\/\\\/matrix-works.eu\\\/edge-blending-two-projectors\\\/#breadcrumb\"},\"inLanguage\":\"it-IT\",\"potentialAction\":[{\"@type\":\"ReadAction\",\"target\":[\"https:\\\/\\\/matrix-works.eu\\\/edge-blending-two-projectors\\\/\"]}]},{\"@type\":\"ImageObject\",\"inLanguage\":\"it-IT\",\"@id\":\"https:\\\/\\\/matrix-works.eu\\\/edge-blending-two-projectors\\\/#primaryimage\",\"url\":\"https:\\\/\\\/matrix-works.eu\\\/wp-content\\\/uploads\\\/2020\\\/02\\\/G802-G901-1024x577.jpeg\",\"contentUrl\":\"https:\\\/\\\/matrix-works.eu\\\/wp-content\\\/uploads\\\/2020\\\/02\\\/G802-G901-1024x577.jpeg\"},{\"@type\":\"BreadcrumbList\",\"@id\":\"https:\\\/\\\/matrix-works.eu\\\/edge-blending-two-projectors\\\/#breadcrumb\",\"itemListElement\":[{\"@type\":\"ListItem\",\"position\":1,\"name\":\"Home\",\"item\":\"https:\\\/\\\/matrix-works.eu\\\/\"},{\"@type\":\"ListItem\",\"position\":2,\"name\":\"Edge blending two projectors\"}]},{\"@type\":\"WebSite\",\"@id\":\"https:\\\/\\\/matrix-works.eu\\\/#website\",\"url\":\"https:\\\/\\\/matrix-works.eu\\\/\",\"name\":\"MatrixWorks Europe\",\"description\":\"\",\"publisher\":{\"@id\":\"https:\\\/\\\/matrix-works.eu\\\/#organization\"},\"alternateName\":\"GeoBox in Europe\",\"potentialAction\":[{\"@type\":\"SearchAction\",\"target\":{\"@type\":\"EntryPoint\",\"urlTemplate\":\"https:\\\/\\\/matrix-works.eu\\\/?s={search_term_string}\"},\"query-input\":{\"@type\":\"PropertyValueSpecification\",\"valueRequired\":true,\"valueName\":\"search_term_string\"}}],\"inLanguage\":\"it-IT\"},{\"@type\":\"Organization\",\"@id\":\"https:\\\/\\\/matrix-works.eu\\\/#organization\",\"name\":\"MatrixWorks Europe B.V.\",\"alternateName\":\"MatrixWorks\",\"url\":\"https:\\\/\\\/matrix-works.eu\\\/\",\"logo\":{\"@type\":\"ImageObject\",\"inLanguage\":\"it-IT\",\"@id\":\"https:\\\/\\\/matrix-works.eu\\\/#\\\/schema\\\/logo\\\/image\\\/\",\"url\":\"https:\\\/\\\/matrix-works.eu\\\/wp-content\\\/uploads\\\/2018\\\/09\\\/MTXWorks_Logo-2.jpg\",\"contentUrl\":\"https:\\\/\\\/matrix-works.eu\\\/wp-content\\\/uploads\\\/2018\\\/09\\\/MTXWorks_Logo-2.jpg\",\"width\":681,\"height\":649,\"caption\":\"MatrixWorks Europe B.V.\"},\"image\":{\"@id\":\"https:\\\/\\\/matrix-works.eu\\\/#\\\/schema\\\/logo\\\/image\\\/\"},\"sameAs\":[\"https:\\\/\\\/x.com\\\/MatrixWorksEU\",\"https:\\\/\\\/www.linkedin.com\\\/company\\\/matrixworks-b-v\\\/\",\"https:\\\/\\\/www.youtube.com\\\/channel\\\/UCxunCnAsepOa59_myEXfCyA?view_as=subscriber\"],\"foundingDate\":\"2018-11-01\",\"vatID\":\"859250829B01\"}]}<\/script>\n<!-- \/ Yoast SEO Premium plugin. -->","yoast_head_json":{"title":"Miscelazione dei bordi di due proiettori - MatrixWorks Europe","description":"L'edge blending di due proiettori \u00e8 un processo semplice grazie all'utilizzo del controller di edge blending... Tutti i proiettori possono essere miscelati senza soluzione di continuit\u00e0.","robots":{"index":"index","follow":"follow","max-snippet":"max-snippet:-1","max-image-preview":"max-image-preview:large","max-video-preview":"max-video-preview:-1"},"canonical":"https:\/\/matrix-works.eu\/it\/fusione-dei-bordi-di-due-proiettori\/","og_locale":"it_IT","og_type":"article","og_title":"Edge blending two projectors","og_description":"Edge blending two projectors is an easy process by using edge blending controller.. Any projectors can be seamlessly edge blended.","og_url":"https:\/\/matrix-works.eu\/it\/fusione-dei-bordi-di-due-proiettori\/","og_site_name":"MatrixWorks Europe","article_modified_time":"2024-06-06T13:59:58+00:00","og_image":[{"url":"https:\/\/matrix-works.eu\/wp-content\/uploads\/2020\/02\/G802-G901-1024x577.jpeg","type":"","width":"","height":""}],"twitter_card":"summary_large_image","twitter_site":"@MatrixWorksEU","twitter_misc":{"Tempo di lettura stimato":"3 minuti"},"schema":{"@context":"https:\/\/schema.org","@graph":[{"@type":"WebPage","@id":"https:\/\/matrix-works.eu\/edge-blending-two-projectors\/","url":"https:\/\/matrix-works.eu\/edge-blending-two-projectors\/","name":"Miscelazione dei bordi di due proiettori - MatrixWorks Europe","isPartOf":{"@id":"https:\/\/matrix-works.eu\/#website"},"primaryImageOfPage":{"@id":"https:\/\/matrix-works.eu\/edge-blending-two-projectors\/#primaryimage"},"image":{"@id":"https:\/\/matrix-works.eu\/edge-blending-two-projectors\/#primaryimage"},"thumbnailUrl":"https:\/\/matrix-works.eu\/wp-content\/uploads\/2020\/02\/G802-G901-1024x577.jpeg","datePublished":"2020-07-01T14:20:49+00:00","dateModified":"2024-06-06T13:59:58+00:00","description":"L'edge blending di due proiettori \u00e8 un processo semplice grazie all'utilizzo del controller di edge blending... Tutti i proiettori possono essere miscelati senza soluzione di continuit\u00e0.","breadcrumb":{"@id":"https:\/\/matrix-works.eu\/edge-blending-two-projectors\/#breadcrumb"},"inLanguage":"it-IT","potentialAction":[{"@type":"ReadAction","target":["https:\/\/matrix-works.eu\/edge-blending-two-projectors\/"]}]},{"@type":"ImageObject","inLanguage":"it-IT","@id":"https:\/\/matrix-works.eu\/edge-blending-two-projectors\/#primaryimage","url":"https:\/\/matrix-works.eu\/wp-content\/uploads\/2020\/02\/G802-G901-1024x577.jpeg","contentUrl":"https:\/\/matrix-works.eu\/wp-content\/uploads\/2020\/02\/G802-G901-1024x577.jpeg"},{"@type":"BreadcrumbList","@id":"https:\/\/matrix-works.eu\/edge-blending-two-projectors\/#breadcrumb","itemListElement":[{"@type":"ListItem","position":1,"name":"Home","item":"https:\/\/matrix-works.eu\/"},{"@type":"ListItem","position":2,"name":"Edge blending two projectors"}]},{"@type":"WebSite","@id":"https:\/\/matrix-works.eu\/#website","url":"https:\/\/matrix-works.eu\/","name":"MatrixWorks Europa","description":"","publisher":{"@id":"https:\/\/matrix-works.eu\/#organization"},"alternateName":"GeoBox in Europe","potentialAction":[{"@type":"SearchAction","target":{"@type":"EntryPoint","urlTemplate":"https:\/\/matrix-works.eu\/?s={search_term_string}"},"query-input":{"@type":"PropertyValueSpecification","valueRequired":true,"valueName":"search_term_string"}}],"inLanguage":"it-IT"},{"@type":"Organization","@id":"https:\/\/matrix-works.eu\/#organization","name":"MatrixWorks Europe B.V.","alternateName":"MatrixWorks","url":"https:\/\/matrix-works.eu\/","logo":{"@type":"ImageObject","inLanguage":"it-IT","@id":"https:\/\/matrix-works.eu\/#\/schema\/logo\/image\/","url":"https:\/\/matrix-works.eu\/wp-content\/uploads\/2018\/09\/MTXWorks_Logo-2.jpg","contentUrl":"https:\/\/matrix-works.eu\/wp-content\/uploads\/2018\/09\/MTXWorks_Logo-2.jpg","width":681,"height":649,"caption":"MatrixWorks Europe B.V."},"image":{"@id":"https:\/\/matrix-works.eu\/#\/schema\/logo\/image\/"},"sameAs":["https:\/\/x.com\/MatrixWorksEU","https:\/\/www.linkedin.com\/company\/matrixworks-b-v\/","https:\/\/www.youtube.com\/channel\/UCxunCnAsepOa59_myEXfCyA?view_as=subscriber"],"foundingDate":"2018-11-01","vatID":"859250829B01"}]}},"_links":{"self":[{"href":"https:\/\/matrix-works.eu\/it\/wp-json\/wp\/v2\/pages\/1814","targetHints":{"allow":["GET"]}}],"collection":[{"href":"https:\/\/matrix-works.eu\/it\/wp-json\/wp\/v2\/pages"}],"about":[{"href":"https:\/\/matrix-works.eu\/it\/wp-json\/wp\/v2\/types\/page"}],"author":[{"embeddable":true,"href":"https:\/\/matrix-works.eu\/it\/wp-json\/wp\/v2\/users\/2"}],"replies":[{"embeddable":true,"href":"https:\/\/matrix-works.eu\/it\/wp-json\/wp\/v2\/comments?post=1814"}],"version-history":[{"count":42,"href":"https:\/\/matrix-works.eu\/it\/wp-json\/wp\/v2\/pages\/1814\/revisions"}],"predecessor-version":[{"id":20075,"href":"https:\/\/matrix-works.eu\/it\/wp-json\/wp\/v2\/pages\/1814\/revisions\/20075"}],"wp:attachment":[{"href":"https:\/\/matrix-works.eu\/it\/wp-json\/wp\/v2\/media?parent=1814"}],"curies":[{"name":"wp","href":"https:\/\/api.w.org\/{rel}","templated":true}]}}