{"id":1816,"date":"2020-07-01T14:21:15","date_gmt":"2020-07-01T14:21:15","guid":{"rendered":"https:\/\/matrix-works.eu\/?page_id=1816"},"modified":"2022-08-05T06:56:33","modified_gmt":"2022-08-05T06:56:33","slug":"sfumatura-dei-bordi-di-piu-proiettori","status":"publish","type":"page","link":"https:\/\/matrix-works.eu\/it\/multiple-projector-edge-blending\/","title":{"rendered":"Sfumatura dei bordi di pi\u00f9 proiettori"},"content":{"rendered":"<div data-elementor-type=\"wp-page\" data-elementor-id=\"1816\" class=\"elementor elementor-1816\" data-elementor-post-type=\"page\">\n\t\t\t\t\t\t<section class=\"elementor-section elementor-top-section elementor-element elementor-element-07c4008 elementor-section-boxed elementor-section-height-default elementor-section-height-default\" data-id=\"07c4008\" data-element_type=\"section\" data-e-type=\"section\">\n\t\t\t\t\t\t<div class=\"elementor-container elementor-column-gap-default\">\n\t\t\t\t\t<div class=\"elementor-column elementor-col-100 elementor-top-column elementor-element elementor-element-9779c42\" data-id=\"9779c42\" data-element_type=\"column\" data-e-type=\"column\">\n\t\t\t<div class=\"elementor-widget-wrap elementor-element-populated\">\n\t\t\t\t\t\t<div class=\"elementor-element elementor-element-238da44 elementor-widget elementor-widget-heading\" data-id=\"238da44\" data-element_type=\"widget\" data-e-type=\"widget\" data-widget_type=\"heading.default\">\n\t\t\t\t<div class=\"elementor-widget-container\">\n\t\t\t\t\t<h1 class=\"elementor-heading-title elementor-size-default\">Sfumatura dei bordi di pi\u00f9 proiettori <\/h1>\t\t\t\t<\/div>\n\t\t\t\t<\/div>\n\t\t\t\t<div class=\"elementor-element elementor-element-a383bbc elementor-widget elementor-widget-text-editor\" data-id=\"a383bbc\" data-element_type=\"widget\" data-e-type=\"widget\" data-widget_type=\"text-editor.default\">\n\t\t\t\t<div class=\"elementor-widget-container\">\n\t\t\t\t\t\t\t\t\t<p>L'edge blending con pi\u00f9 proiettori viene utilizzato per creare immagini belle e grandi. L'edge blending pu\u00f2 essere effettuato anche con normali proiettori attraverso il controllo di una soluzione esterna. I bordi delle immagini si fondono insieme, creando risultati di grande impatto. Questo pu\u00f2 essere applicato nel settore dell'istruzione, nel mondo degli affari e per le esposizioni artistiche.\u00a0<\/p>\t\t\t\t\t\t\t\t<\/div>\n\t\t\t\t<\/div>\n\t\t\t\t<div class=\"elementor-element elementor-element-873857b elementor-widget elementor-widget-heading\" data-id=\"873857b\" data-element_type=\"widget\" data-e-type=\"widget\" data-widget_type=\"heading.default\">\n\t\t\t\t<div class=\"elementor-widget-container\">\n\t\t\t\t\t<h2 class=\"elementor-heading-title elementor-size-default\">Miscelazione dei bordi<\/h2>\t\t\t\t<\/div>\n\t\t\t\t<\/div>\n\t\t\t\t<div class=\"elementor-element elementor-element-7f1470f elementor-widget elementor-widget-text-editor\" data-id=\"7f1470f\" data-element_type=\"widget\" data-e-type=\"widget\" data-widget_type=\"text-editor.default\">\n\t\t\t\t<div class=\"elementor-widget-container\">\n\t\t\t\t\t\t\t\t\t<p>I proiettori sono straordinari, ma un singolo proiettore non sempre offre le dimensioni dell'immagine desiderate. Combinando i proiettori tra loro non si ottiene un'immagine omogenea, in quanto si noter\u00e0 una linea tra le immagini proiettate, oppure la luminosit\u00e0 della sovrapposizione non risulter\u00e0 corretta.<\/p><p>\u00c8 qui che entra in gioco l'edge blending, che fonde i bordi delle immagini proiettate sovrapponendoli e regolando la luminosit\u00e0 per farli sembrare un unico schermo omogeneo. L'edge blending abbassa la luminosit\u00e0 delle parti sovrapposte fino a quando non sono pi\u00f9 visibili all'occhio umano, facendo credere agli spettatori che la visualizzazione sia avvenuta da un unico proiettore. L'edge blending a pi\u00f9 proiettori utilizza pi\u00f9 proiettori fisici invece di un solo proiettore.\u00a0\u00a0<\/p><p>(Clicca per leggere: <a href=\"https:\/\/matrix-works.eu\/knowledge-base\/how-to-plan-multiple-projectors\/\"><strong>Come visualizzare un'immagine grande usando pi\u00f9 proiettori?<\/strong> )<\/a><\/p>\t\t\t\t\t\t\t\t<\/div>\n\t\t\t\t<\/div>\n\t\t\t\t<div class=\"elementor-element elementor-element-042cba0 elementor-widget elementor-widget-heading\" data-id=\"042cba0\" data-element_type=\"widget\" data-e-type=\"widget\" data-widget_type=\"heading.default\">\n\t\t\t\t<div class=\"elementor-widget-container\">\n\t\t\t\t\t<h2 class=\"elementor-heading-title elementor-size-default\">A cosa serve la fusione dei bordi di pi\u00f9 proiettori? <\/h2>\t\t\t\t<\/div>\n\t\t\t\t<\/div>\n\t\t\t\t<div class=\"elementor-element elementor-element-aeb2f4e elementor-widget elementor-widget-text-editor\" data-id=\"aeb2f4e\" data-element_type=\"widget\" data-e-type=\"widget\" data-widget_type=\"text-editor.default\">\n\t\t\t\t<div class=\"elementor-widget-container\">\n\t\t\t\t\t\t\t\t\t<ul><li>Musei e gallerie d'arte: le grandi esposizioni sono un ottimo modo per mostrare il lavoro di un artista e non occupano molto spazio. Sono visivamente accattivanti e si adattano perfettamente all'ambiente!  (Clicca per leggere: <a href=\"https:\/\/matrix-works.eu\/knowledge-base\/incredible-art-installation-in-museums-with-geobox\/\"><strong>L'uso del proiettore nel museo sta diventando popolare<\/strong><\/a>)<\/li><li>Istruzione: la piegatura dei bordi \u00e8 molto popolare tra le universit\u00e0 e aiuta a fornire le migliori presentazioni, creando un display abbastanza grande da essere visto da tutti.\u00a0<\/li><li>Business: l'aspetto visivo \u00e8 molto importante negli affari. Utilizzando display pi\u00f9 grandi \u00e8 possibile catturare l'attenzione delle persone. Le grandi dimensioni non sono mai noiose e vi fanno risaltare.  (Clicca per leggere:\u00a0<\/li><li>Governo: le presentazioni non sono sempre molto eccitanti in questo settore! L'uso di grandi schermi \u00e8 un modo per ravvivare le cose nelle grandi riunioni o durante le presentazioni in cui la presentazione visiva \u00e8 molto importante.\u00a0\u00a0<\/li><\/ul><p>Nel complesso \u00e8 estremamente utile e di grande effetto. La fusione dei bordi \u00e8 molto utilizzata per scopi diversi e per ragioni diverse. Spiegateci la vostra situazione e vi aiuteremo!\u00a0<\/p>\t\t\t\t\t\t\t\t<\/div>\n\t\t\t\t<\/div>\n\t\t\t\t<div class=\"elementor-element elementor-element-b3695fe elementor-widget elementor-widget-heading\" data-id=\"b3695fe\" data-element_type=\"widget\" data-e-type=\"widget\" data-widget_type=\"heading.default\">\n\t\t\t\t<div class=\"elementor-widget-container\">\n\t\t\t\t\t<h2 class=\"elementor-heading-title elementor-size-default\">Come possiamo aiutarvi? <\/h2>\t\t\t\t<\/div>\n\t\t\t\t<\/div>\n\t\t\t\t<div class=\"elementor-element elementor-element-072713a elementor-widget elementor-widget-text-editor\" data-id=\"072713a\" data-element_type=\"widget\" data-e-type=\"widget\" data-widget_type=\"text-editor.default\">\n\t\t\t\t<div class=\"elementor-widget-container\">\n\t\t\t\t\t\t\t\t\t<p>Rendiamo accessibili tutti i tipi di processori e forniamo molte informazioni sui nostri prodotti.  Il nostro<strong><a href=\"https:\/\/matrix-works.eu\"> assistente online<\/a>t<\/strong> possiamo aiutarvi a trovare quello giusto per voi e, se avete ancora domande, siamo disponibili anche via e-mail. <strong>(<\/strong><a href=\"mailto:info@matrix-works.eu\"><strong>info@matrix-works.eu<\/strong><\/a>).  La fusione dei bordi \u00e8 una propriet\u00e0 incredibilmente utile per i proiettori, in quanto pu\u00f2 non solo creare un'immagine pi\u00f9 grande, ma anche migliorare la qualit\u00e0 sovrapponendola completamente, migliorando la risoluzione complessiva.\u00a0<\/p>\t\t\t\t\t\t\t\t<\/div>\n\t\t\t\t<\/div>\n\t\t\t\t\t<\/div>\n\t\t<\/div>\n\t\t\t\t\t<\/div>\n\t\t<\/section>\n\t\t\t\t<section class=\"elementor-section elementor-top-section elementor-element elementor-element-a56ddc2 elementor-section-boxed elementor-section-height-default elementor-section-height-default\" data-id=\"a56ddc2\" data-element_type=\"section\" data-e-type=\"section\">\n\t\t\t\t\t\t<div class=\"elementor-container elementor-column-gap-default\">\n\t\t\t\t\t<div class=\"elementor-column elementor-col-100 elementor-top-column elementor-element elementor-element-9b0e8e4\" data-id=\"9b0e8e4\" data-element_type=\"column\" data-e-type=\"column\">\n\t\t\t<div class=\"elementor-widget-wrap elementor-element-populated\">\n\t\t\t\t\t\t<div class=\"elementor-element elementor-element-e1f34ea elementor-widget elementor-widget-image\" data-id=\"e1f34ea\" data-element_type=\"widget\" data-e-type=\"widget\" data-widget_type=\"image.default\">\n\t\t\t\t<div class=\"elementor-widget-container\">\n\t\t\t\t\t\t\t\t\t\t\t\t\t\t\t<img fetchpriority=\"high\" decoding=\"async\" width=\"1024\" height=\"576\" src=\"https:\/\/matrix-works.eu\/wp-content\/uploads\/2020\/08\/brouchure\u6587\u5b57\u53ef\u4fee\u65398-01-1024x576.png\" class=\"attachment-large size-large wp-image-2106\" alt=\"Sfumatura dei bordi di pi\u00f9 proiettori\" \/>\t\t\t\t\t\t\t\t\t\t\t\t\t\t\t<\/div>\n\t\t\t\t<\/div>\n\t\t\t\t\t<\/div>\n\t\t<\/div>\n\t\t\t\t\t<\/div>\n\t\t<\/section>\n\t\t\t\t<\/div>","protected":false},"excerpt":{"rendered":"<p>Multiple projector edge blending Multiple projector edge blending is used to create beautiful, large images. Edge blending can also be done with normal projectors through the control of external solution. The edges of the images blend in together, creating hugely impressive results. This can be applied in the education sector, business world and for art [&hellip;]<\/p>\n","protected":false},"author":2,"featured_media":0,"parent":0,"menu_order":0,"comment_status":"closed","ping_status":"closed","template":"","meta":{"ocean_post_layout":"full-width","ocean_both_sidebars_style":"","ocean_both_sidebars_content_width":0,"ocean_both_sidebars_sidebars_width":0,"ocean_sidebar":"0","ocean_second_sidebar":"0","ocean_disable_margins":"enable","ocean_add_body_class":"","ocean_shortcode_before_top_bar":"","ocean_shortcode_after_top_bar":"","ocean_shortcode_before_header":"","ocean_shortcode_after_header":"","ocean_has_shortcode":"","ocean_shortcode_after_title":"","ocean_shortcode_before_footer_widgets":"","ocean_shortcode_after_footer_widgets":"","ocean_shortcode_before_footer_bottom":"","ocean_shortcode_after_footer_bottom":"","ocean_display_top_bar":"default","ocean_display_header":"default","ocean_header_style":"","ocean_center_header_left_menu":"0","ocean_custom_header_template":"0","ocean_custom_logo":0,"ocean_custom_retina_logo":0,"ocean_custom_logo_max_width":0,"ocean_custom_logo_tablet_max_width":0,"ocean_custom_logo_mobile_max_width":0,"ocean_custom_logo_max_height":0,"ocean_custom_logo_tablet_max_height":0,"ocean_custom_logo_mobile_max_height":0,"ocean_header_custom_menu":"0","ocean_menu_typo_font_family":"0","ocean_menu_typo_font_subset":"","ocean_menu_typo_font_size":0,"ocean_menu_typo_font_size_tablet":0,"ocean_menu_typo_font_size_mobile":0,"ocean_menu_typo_font_size_unit":"px","ocean_menu_typo_font_weight":"","ocean_menu_typo_font_weight_tablet":"","ocean_menu_typo_font_weight_mobile":"","ocean_menu_typo_transform":"","ocean_menu_typo_transform_tablet":"","ocean_menu_typo_transform_mobile":"","ocean_menu_typo_line_height":0,"ocean_menu_typo_line_height_tablet":0,"ocean_menu_typo_line_height_mobile":0,"ocean_menu_typo_line_height_unit":"","ocean_menu_typo_spacing":0,"ocean_menu_typo_spacing_tablet":0,"ocean_menu_typo_spacing_mobile":0,"ocean_menu_typo_spacing_unit":"","ocean_menu_link_color":"","ocean_menu_link_color_hover":"","ocean_menu_link_color_active":"","ocean_menu_link_background":"","ocean_menu_link_hover_background":"","ocean_menu_link_active_background":"","ocean_menu_social_links_bg":"","ocean_menu_social_hover_links_bg":"","ocean_menu_social_links_color":"","ocean_menu_social_hover_links_color":"","ocean_disable_title":"default","ocean_disable_heading":"default","ocean_post_title":"","ocean_post_subheading":"","ocean_post_title_style":"","ocean_post_title_background_color":"","ocean_post_title_background":0,"ocean_post_title_bg_image_position":"","ocean_post_title_bg_image_attachment":"","ocean_post_title_bg_image_repeat":"","ocean_post_title_bg_image_size":"","ocean_post_title_height":0,"ocean_post_title_bg_overlay":0.5,"ocean_post_title_bg_overlay_color":"","ocean_disable_breadcrumbs":"default","ocean_breadcrumbs_color":"","ocean_breadcrumbs_separator_color":"","ocean_breadcrumbs_links_color":"","ocean_breadcrumbs_links_hover_color":"","ocean_display_footer_widgets":"default","ocean_display_footer_bottom":"default","ocean_custom_footer_template":"0","footnotes":""},"class_list":["post-1816","page","type-page","status-publish","hentry","entry"],"yoast_head":"<!-- This site is optimized with the Yoast SEO Premium plugin v27.3 (Yoast SEO v27.3) - https:\/\/yoast.com\/product\/yoast-seo-premium-wordpress\/ -->\n<title>Multiple projector edge blending - MatrixWorks Europe<\/title>\n<meta name=\"description\" content=\"Multiple projector edge blending is often used to create big displays. The edges of the images blend in together, creating hugely impressive results.\" \/>\n<meta name=\"robots\" content=\"index, follow, max-snippet:-1, max-image-preview:large, max-video-preview:-1\" \/>\n<link rel=\"canonical\" href=\"https:\/\/matrix-works.eu\/it\/sfumatura-dei-bordi-di-piu-proiettori\/\" \/>\n<meta property=\"og:locale\" content=\"it_IT\" \/>\n<meta property=\"og:type\" content=\"article\" \/>\n<meta property=\"og:title\" content=\"Multiple projector edge blending\" \/>\n<meta property=\"og:description\" content=\"Multiple projector edge blending is often used to create big displays. The edges of the images blend in together, creating hugely impressive results.\" \/>\n<meta property=\"og:url\" content=\"https:\/\/matrix-works.eu\/it\/sfumatura-dei-bordi-di-piu-proiettori\/\" \/>\n<meta property=\"og:site_name\" content=\"MatrixWorks Europe\" \/>\n<meta property=\"article:modified_time\" content=\"2022-08-05T06:56:33+00:00\" \/>\n<meta property=\"og:image\" content=\"https:\/\/matrix-works.eu\/wp-content\/uploads\/2025\/03\/GeoBox-in-Europe.png\" \/>\n\t<meta property=\"og:image:width\" content=\"1584\" \/>\n\t<meta property=\"og:image:height\" content=\"396\" \/>\n\t<meta property=\"og:image:type\" content=\"image\/png\" \/>\n<meta name=\"twitter:card\" content=\"summary_large_image\" \/>\n<meta name=\"twitter:site\" content=\"@MatrixWorksEU\" \/>\n<meta name=\"twitter:label1\" content=\"Tempo di lettura stimato\" \/>\n\t<meta name=\"twitter:data1\" content=\"3 minuti\" \/>\n<script type=\"application\/ld+json\" class=\"yoast-schema-graph\">{\"@context\":\"https:\\\/\\\/schema.org\",\"@graph\":[{\"@type\":\"WebPage\",\"@id\":\"https:\\\/\\\/matrix-works.eu\\\/multiple-projector-edge-blending\\\/\",\"url\":\"https:\\\/\\\/matrix-works.eu\\\/multiple-projector-edge-blending\\\/\",\"name\":\"Multiple projector edge blending - MatrixWorks Europe\",\"isPartOf\":{\"@id\":\"https:\\\/\\\/matrix-works.eu\\\/#website\"},\"datePublished\":\"2020-07-01T14:21:15+00:00\",\"dateModified\":\"2022-08-05T06:56:33+00:00\",\"description\":\"Multiple projector edge blending is often used to create big displays. The edges of the images blend in together, creating hugely impressive results.\",\"breadcrumb\":{\"@id\":\"https:\\\/\\\/matrix-works.eu\\\/multiple-projector-edge-blending\\\/#breadcrumb\"},\"inLanguage\":\"it-IT\",\"potentialAction\":[{\"@type\":\"ReadAction\",\"target\":[\"https:\\\/\\\/matrix-works.eu\\\/multiple-projector-edge-blending\\\/\"]}]},{\"@type\":\"BreadcrumbList\",\"@id\":\"https:\\\/\\\/matrix-works.eu\\\/multiple-projector-edge-blending\\\/#breadcrumb\",\"itemListElement\":[{\"@type\":\"ListItem\",\"position\":1,\"name\":\"Home\",\"item\":\"https:\\\/\\\/matrix-works.eu\\\/\"},{\"@type\":\"ListItem\",\"position\":2,\"name\":\"Multiple projector edge blending\"}]},{\"@type\":\"WebSite\",\"@id\":\"https:\\\/\\\/matrix-works.eu\\\/#website\",\"url\":\"https:\\\/\\\/matrix-works.eu\\\/\",\"name\":\"MatrixWorks Europe\",\"description\":\"\",\"publisher\":{\"@id\":\"https:\\\/\\\/matrix-works.eu\\\/#organization\"},\"alternateName\":\"GeoBox in Europe\",\"potentialAction\":[{\"@type\":\"SearchAction\",\"target\":{\"@type\":\"EntryPoint\",\"urlTemplate\":\"https:\\\/\\\/matrix-works.eu\\\/?s={search_term_string}\"},\"query-input\":{\"@type\":\"PropertyValueSpecification\",\"valueRequired\":true,\"valueName\":\"search_term_string\"}}],\"inLanguage\":\"it-IT\"},{\"@type\":\"Organization\",\"@id\":\"https:\\\/\\\/matrix-works.eu\\\/#organization\",\"name\":\"MatrixWorks Europe B.V.\",\"alternateName\":\"MatrixWorks\",\"url\":\"https:\\\/\\\/matrix-works.eu\\\/\",\"logo\":{\"@type\":\"ImageObject\",\"inLanguage\":\"it-IT\",\"@id\":\"https:\\\/\\\/matrix-works.eu\\\/#\\\/schema\\\/logo\\\/image\\\/\",\"url\":\"https:\\\/\\\/matrix-works.eu\\\/wp-content\\\/uploads\\\/2018\\\/09\\\/MTXWorks_Logo-2.jpg\",\"contentUrl\":\"https:\\\/\\\/matrix-works.eu\\\/wp-content\\\/uploads\\\/2018\\\/09\\\/MTXWorks_Logo-2.jpg\",\"width\":681,\"height\":649,\"caption\":\"MatrixWorks Europe B.V.\"},\"image\":{\"@id\":\"https:\\\/\\\/matrix-works.eu\\\/#\\\/schema\\\/logo\\\/image\\\/\"},\"sameAs\":[\"https:\\\/\\\/x.com\\\/MatrixWorksEU\",\"https:\\\/\\\/www.linkedin.com\\\/company\\\/matrixworks-b-v\\\/\",\"https:\\\/\\\/www.youtube.com\\\/channel\\\/UCxunCnAsepOa59_myEXfCyA?view_as=subscriber\"],\"foundingDate\":\"2018-11-01\",\"vatID\":\"859250829B01\"}]}<\/script>\n<!-- \/ Yoast SEO Premium plugin. -->","yoast_head_json":{"title":"Sfumatura dei bordi di pi\u00f9 proiettori - MatrixWorks Europe","description":"La fusione dei bordi dei proiettori multipli viene spesso utilizzata per creare display di grandi dimensioni. I bordi delle immagini si fondono insieme, creando risultati di grande impatto.","robots":{"index":"index","follow":"follow","max-snippet":"max-snippet:-1","max-image-preview":"max-image-preview:large","max-video-preview":"max-video-preview:-1"},"canonical":"https:\/\/matrix-works.eu\/it\/sfumatura-dei-bordi-di-piu-proiettori\/","og_locale":"it_IT","og_type":"article","og_title":"Multiple projector edge blending","og_description":"Multiple projector edge blending is often used to create big displays. The edges of the images blend in together, creating hugely impressive results.","og_url":"https:\/\/matrix-works.eu\/it\/sfumatura-dei-bordi-di-piu-proiettori\/","og_site_name":"MatrixWorks Europe","article_modified_time":"2022-08-05T06:56:33+00:00","og_image":[{"width":1584,"height":396,"url":"https:\/\/matrix-works.eu\/wp-content\/uploads\/2025\/03\/GeoBox-in-Europe.png","type":"image\/png"}],"twitter_card":"summary_large_image","twitter_site":"@MatrixWorksEU","twitter_misc":{"Tempo di lettura stimato":"3 minuti"},"schema":{"@context":"https:\/\/schema.org","@graph":[{"@type":"WebPage","@id":"https:\/\/matrix-works.eu\/multiple-projector-edge-blending\/","url":"https:\/\/matrix-works.eu\/multiple-projector-edge-blending\/","name":"Sfumatura dei bordi di pi\u00f9 proiettori - MatrixWorks Europe","isPartOf":{"@id":"https:\/\/matrix-works.eu\/#website"},"datePublished":"2020-07-01T14:21:15+00:00","dateModified":"2022-08-05T06:56:33+00:00","description":"La fusione dei bordi dei proiettori multipli viene spesso utilizzata per creare display di grandi dimensioni. I bordi delle immagini si fondono insieme, creando risultati di grande impatto.","breadcrumb":{"@id":"https:\/\/matrix-works.eu\/multiple-projector-edge-blending\/#breadcrumb"},"inLanguage":"it-IT","potentialAction":[{"@type":"ReadAction","target":["https:\/\/matrix-works.eu\/multiple-projector-edge-blending\/"]}]},{"@type":"BreadcrumbList","@id":"https:\/\/matrix-works.eu\/multiple-projector-edge-blending\/#breadcrumb","itemListElement":[{"@type":"ListItem","position":1,"name":"Home","item":"https:\/\/matrix-works.eu\/"},{"@type":"ListItem","position":2,"name":"Multiple projector edge blending"}]},{"@type":"WebSite","@id":"https:\/\/matrix-works.eu\/#website","url":"https:\/\/matrix-works.eu\/","name":"MatrixWorks Europa","description":"","publisher":{"@id":"https:\/\/matrix-works.eu\/#organization"},"alternateName":"GeoBox in Europe","potentialAction":[{"@type":"SearchAction","target":{"@type":"EntryPoint","urlTemplate":"https:\/\/matrix-works.eu\/?s={search_term_string}"},"query-input":{"@type":"PropertyValueSpecification","valueRequired":true,"valueName":"search_term_string"}}],"inLanguage":"it-IT"},{"@type":"Organization","@id":"https:\/\/matrix-works.eu\/#organization","name":"MatrixWorks Europe B.V.","alternateName":"MatrixWorks","url":"https:\/\/matrix-works.eu\/","logo":{"@type":"ImageObject","inLanguage":"it-IT","@id":"https:\/\/matrix-works.eu\/#\/schema\/logo\/image\/","url":"https:\/\/matrix-works.eu\/wp-content\/uploads\/2018\/09\/MTXWorks_Logo-2.jpg","contentUrl":"https:\/\/matrix-works.eu\/wp-content\/uploads\/2018\/09\/MTXWorks_Logo-2.jpg","width":681,"height":649,"caption":"MatrixWorks Europe B.V."},"image":{"@id":"https:\/\/matrix-works.eu\/#\/schema\/logo\/image\/"},"sameAs":["https:\/\/x.com\/MatrixWorksEU","https:\/\/www.linkedin.com\/company\/matrixworks-b-v\/","https:\/\/www.youtube.com\/channel\/UCxunCnAsepOa59_myEXfCyA?view_as=subscriber"],"foundingDate":"2018-11-01","vatID":"859250829B01"}]}},"_links":{"self":[{"href":"https:\/\/matrix-works.eu\/it\/wp-json\/wp\/v2\/pages\/1816","targetHints":{"allow":["GET"]}}],"collection":[{"href":"https:\/\/matrix-works.eu\/it\/wp-json\/wp\/v2\/pages"}],"about":[{"href":"https:\/\/matrix-works.eu\/it\/wp-json\/wp\/v2\/types\/page"}],"author":[{"embeddable":true,"href":"https:\/\/matrix-works.eu\/it\/wp-json\/wp\/v2\/users\/2"}],"replies":[{"embeddable":true,"href":"https:\/\/matrix-works.eu\/it\/wp-json\/wp\/v2\/comments?post=1816"}],"version-history":[{"count":16,"href":"https:\/\/matrix-works.eu\/it\/wp-json\/wp\/v2\/pages\/1816\/revisions"}],"predecessor-version":[{"id":16903,"href":"https:\/\/matrix-works.eu\/it\/wp-json\/wp\/v2\/pages\/1816\/revisions\/16903"}],"wp:attachment":[{"href":"https:\/\/matrix-works.eu\/it\/wp-json\/wp\/v2\/media?parent=1816"}],"curies":[{"name":"wp","href":"https:\/\/api.w.org\/{rel}","templated":true}]}}