{"id":1822,"date":"2020-07-01T14:22:41","date_gmt":"2020-07-01T14:22:41","guid":{"rendered":"https:\/\/matrix-works.eu\/?page_id=1822"},"modified":"2025-04-10T14:25:45","modified_gmt":"2025-04-10T14:25:45","slug":"piu-proiettori-una-sola-immagine","status":"publish","type":"page","link":"https:\/\/matrix-works.eu\/it\/multiple-projectors-one-image\/","title":{"rendered":"Pi\u00f9 proiettori per un'unica immagine"},"content":{"rendered":"<div data-elementor-type=\"wp-page\" data-elementor-id=\"1822\" class=\"elementor elementor-1822\" data-elementor-post-type=\"page\">\n\t\t\t\t<div class=\"elementor-element elementor-element-20307af e-flex e-con-boxed e-con e-parent\" data-id=\"20307af\" data-element_type=\"container\" data-e-type=\"container\">\n\t\t\t\t\t<div class=\"e-con-inner\">\n\t\t<div class=\"elementor-element elementor-element-e966ead e-con-full e-flex e-con e-child\" data-id=\"e966ead\" data-element_type=\"container\" data-e-type=\"container\">\n\t\t\t\t<div class=\"elementor-element elementor-element-940b0eb elementor-widget elementor-widget-heading\" data-id=\"940b0eb\" data-element_type=\"widget\" data-e-type=\"widget\" data-widget_type=\"heading.default\">\n\t\t\t\t<div class=\"elementor-widget-container\">\n\t\t\t\t\t<h2 class=\"elementor-heading-title elementor-size-default\">Come creare pi\u00f9 proiettori di un'immagine<\/h2>\t\t\t\t<\/div>\n\t\t\t\t<\/div>\n\t\t\t\t<\/div>\n\t\t\t\t\t<\/div>\n\t\t\t\t<\/div>\n\t\t\t\t<section class=\"elementor-section elementor-top-section elementor-element elementor-element-3a5f064 elementor-section-boxed elementor-section-height-default elementor-section-height-default\" data-id=\"3a5f064\" data-element_type=\"section\" data-e-type=\"section\">\n\t\t\t\t\t\t<div class=\"elementor-container elementor-column-gap-default\">\n\t\t\t\t\t<div class=\"elementor-column elementor-col-100 elementor-top-column elementor-element elementor-element-44a6b7f\" data-id=\"44a6b7f\" data-element_type=\"column\" data-e-type=\"column\">\n\t\t\t<div class=\"elementor-widget-wrap elementor-element-populated\">\n\t\t\t\t\t\t<div class=\"elementor-element elementor-element-70936eb elementor-widget elementor-widget-text-editor\" data-id=\"70936eb\" data-element_type=\"widget\" data-e-type=\"widget\" data-widget_type=\"text-editor.default\">\n\t\t\t\t<div class=\"elementor-widget-container\">\n\t\t\t\t\t\t\t\t\t<p>La creazione di soluzioni con pi\u00f9 proiettori e un'unica immagine consente di ottenere display pi\u00f9 grandi, pi\u00f9 luminosi e di qualit\u00e0 superiore. Grazie alle tecnologie avanzate di regolazione della geometria e di fusione dei bordi, \u00e8 possibile combinare pi\u00f9 immagini proiettate in un unico display. Questa tecnologia sta rivoluzionando le esperienze visive in musei, gallerie, spazi immersivi e istituzioni educative.<\/p>\t\t\t\t\t\t\t\t<\/div>\n\t\t\t\t<\/div>\n\t\t\t\t<div class=\"elementor-element elementor-element-888e930 elementor-widget elementor-widget-heading\" data-id=\"888e930\" data-element_type=\"widget\" data-e-type=\"widget\" data-widget_type=\"heading.default\">\n\t\t\t\t<div class=\"elementor-widget-container\">\n\t\t\t\t\t<h2 class=\"elementor-heading-title elementor-size-default\">Vantaggi delle soluzioni avanzate di deformazione<\/h2>\t\t\t\t<\/div>\n\t\t\t\t<\/div>\n\t\t\t\t<div class=\"elementor-element elementor-element-a1f580c elementor-widget elementor-widget-text-editor\" data-id=\"a1f580c\" data-element_type=\"widget\" data-e-type=\"widget\" data-widget_type=\"text-editor.default\">\n\t\t\t\t<div class=\"elementor-widget-container\">\n\t\t\t\t\t\t\t\t\t<p>Per ottenere questa configurazione, avete due opzioni principali: l'allineamento di base o la fusione dei bordi. Mentre l'allineamento di base si limita a posizionare i proiettori uno accanto all'altro, la tecnologia professionale di edge blending crea una transizione senza soluzione di continuit\u00e0 tra le immagini, dando vita a un display unificato. La maggior parte delle installazioni professionali preferisce utilizzare la tecnologia edge blending per i suoi risultati superiori e per la sua versatilit\u00e0 nel creare rapporti di aspetto non standard oltre i formati tradizionali 16:9 o 4:3.<\/p>\t\t\t\t\t\t\t\t<\/div>\n\t\t\t\t<\/div>\n\t\t\t\t<div class=\"elementor-element elementor-element-7496883 elementor-widget elementor-widget-heading\" data-id=\"7496883\" data-element_type=\"widget\" data-e-type=\"widget\" data-widget_type=\"heading.default\">\n\t\t\t\t<div class=\"elementor-widget-container\">\n\t\t\t\t\t<h2 class=\"elementor-heading-title elementor-size-default\">Soluzioni professionali per pi\u00f9 proiettori Un'integrazione di immagini<\/h2>\t\t\t\t<\/div>\n\t\t\t\t<\/div>\n\t\t\t\t<div class=\"elementor-element elementor-element-3aef37e elementor-widget elementor-widget-text-editor\" data-id=\"3aef37e\" data-element_type=\"widget\" data-e-type=\"widget\" data-widget_type=\"text-editor.default\">\n\t\t\t\t<div class=\"elementor-widget-container\">\n\t\t\t\t\t\t\t\t\t<p>Per ottenere la perfetta configurazione di pi\u00f9 proiettori per un'unica immagine, \u00e8 possibile scegliere tra proiettori integrati per la fusione dei bordi o soluzioni aggiuntive per la fusione dei bordi. Le opzioni integrate sono disponibili, ma spesso hanno un prezzo elevato e una flessibilit\u00e0 limitata. I componenti aggiuntivi per la sfumatura dei bordi, disponibili sia in formato software che hardware, offrono soluzioni pi\u00f9 professionali e versatili.<\/p><p>Le soluzioni basate su hardware si distinguono per la loro superiore affidabilit\u00e0, flessibilit\u00e0 e facilit\u00e0 di manutenzione. Questi controllori sono in grado di elaborare qualsiasi formato di ingresso in tempo reale, eliminando i problemi di compatibilit\u00e0 con i PC e garantendo un funzionamento regolare.<\/p><p>\ud83d\udca1 Leggere: <a href=\"https:\/\/matrix-works.eu\/knowledge-base\/hardware-edge-blending-beneift\/\"><em>Elaborazione video affidabile basata su hardware per installazioni AV professionali<\/em><\/a><\/p>\t\t\t\t\t\t\t\t<\/div>\n\t\t\t\t<\/div>\n\t\t<div class=\"elementor-element elementor-element-04c19dd e-flex e-con-boxed e-con e-parent\" data-id=\"04c19dd\" data-element_type=\"container\" data-e-type=\"container\">\n\t\t\t\t\t<div class=\"e-con-inner\">\n\t\t\t\t<div class=\"elementor-element elementor-element-5eca9b7 elementor-widget elementor-widget-image\" data-id=\"5eca9b7\" data-element_type=\"widget\" data-e-type=\"widget\" data-widget_type=\"image.default\">\n\t\t\t\t<div class=\"elementor-widget-container\">\n\t\t\t\t\t\t\t\t\t\t\t\t\t\t\t<img fetchpriority=\"high\" decoding=\"async\" width=\"679\" height=\"716\" src=\"https:\/\/matrix-works.eu\/wp-content\/uploads\/2025\/01\/GeoBox-Blueprint-Archive-\u767d\u677f-3.png\" class=\"attachment-large size-large wp-image-22379\" alt=\"\" srcset=\"https:\/\/matrix-works.eu\/wp-content\/uploads\/2025\/01\/GeoBox-Blueprint-Archive-\u767d\u677f-3.png 679w, https:\/\/matrix-works.eu\/wp-content\/uploads\/2025\/01\/GeoBox-Blueprint-Archive-\u767d\u677f-3-284x300.png 284w, https:\/\/matrix-works.eu\/wp-content\/uploads\/2025\/01\/GeoBox-Blueprint-Archive-\u767d\u677f-3-11x12.png 11w\" sizes=\"(max-width: 679px) 100vw, 679px\" \/>\t\t\t\t\t\t\t\t\t\t\t\t\t\t\t<\/div>\n\t\t\t\t<\/div>\n\t\t\t\t\t<\/div>\n\t\t\t\t<\/div>\n\t\t\t\t<div class=\"elementor-element elementor-element-99910e3 elementor-widget elementor-widget-shortcode\" data-id=\"99910e3\" data-element_type=\"widget\" data-e-type=\"widget\" data-widget_type=\"shortcode.default\">\n\t\t\t\t<div class=\"elementor-widget-container\">\n\t\t\t\t\t\t\t<div class=\"elementor-shortcode\"><script type=\"text\/javascript\" async src=\"https:\/\/bot.leadoo.com\/bot\/inpage.js?code=ksoZqlTM#seamless\"><\/script><\/div>\n\t\t\t\t\t\t<\/div>\n\t\t\t\t<\/div>\n\t\t\t\t<div class=\"elementor-element elementor-element-d52fc76 elementor-widget elementor-widget-heading\" data-id=\"d52fc76\" data-element_type=\"widget\" data-e-type=\"widget\" data-widget_type=\"heading.default\">\n\t\t\t\t<div class=\"elementor-widget-container\">\n\t\t\t\t\t<h2 class=\"elementor-heading-title elementor-size-default\">GeoBox: Soluzione professionale per pi\u00f9 proiettori e un'unica immagine<\/h2>\t\t\t\t<\/div>\n\t\t\t\t<\/div>\n\t\t\t\t<div class=\"elementor-element elementor-element-7ec50c1 elementor-widget elementor-widget-text-editor\" data-id=\"7ec50c1\" data-element_type=\"widget\" data-e-type=\"widget\" data-widget_type=\"text-editor.default\">\n\t\t\t\t<div class=\"elementor-widget-container\">\n\t\t\t\t\t\t\t\t\t<p><span data-contrast=\"auto\">Controller di edge blending GeoBox, che sono controller di elaborazione delle immagini \"all-in-one-box\" di puro hardware, che consentono di trasformare qualsiasi tipo di proiettore in proiettore di edge blending.<\/span><span data-contrast=\"auto\">. <\/span><span data-ccp-props=\"{\">\u00a0<\/span><\/p>\t\t\t\t\t\t\t\t<\/div>\n\t\t\t\t<\/div>\n\t\t\t\t<div class=\"elementor-element elementor-element-96b1651 elementor-button-info elementor-widget elementor-widget-button\" data-id=\"96b1651\" data-element_type=\"widget\" data-e-type=\"widget\" data-widget_type=\"button.default\">\n\t\t\t\t<div class=\"elementor-widget-container\">\n\t\t\t\t\t\t\t\t\t<div class=\"elementor-button-wrapper\">\n\t\t\t\t\t<a class=\"elementor-button elementor-button-link elementor-size-sm\" href=\"https:\/\/matrix-works.eu\/edge-blending-2\/\">\n\t\t\t\t\t\t<span class=\"elementor-button-content-wrapper\">\n\t\t\t\t\t\t\t\t\t<span class=\"elementor-button-text\">Serie GeoBox Edge blending e Warping<\/span>\n\t\t\t\t\t<\/span>\n\t\t\t\t\t<\/a>\n\t\t\t\t<\/div>\n\t\t\t\t\t\t\t\t<\/div>\n\t\t\t\t<\/div>\n\t\t\t\t<div class=\"elementor-element elementor-element-5a7eeb4 elementor-widget elementor-widget-text-editor\" data-id=\"5a7eeb4\" data-element_type=\"widget\" data-e-type=\"widget\" data-widget_type=\"text-editor.default\">\n\t\t\t\t<div class=\"elementor-widget-container\">\n\t\t\t\t\t\t\t\t\t<p><span data-contrast=\"auto\">Se vi state chiedendo quali modelli <\/span><span data-contrast=\"auto\">Se avete bisogno di qualcosa, potete sempre contattarci o chattare con Matt - il nostro assistente digitale e come<\/span><span data-contrast=\"auto\">k<\/span><span data-contrast=\"auto\">\u00a0le domande spiegano<\/span><span data-contrast=\"auto\">ing<\/span><span data-contrast=\"auto\">\u00a0la vostra situazione, in modo da potervi consigliare<\/span><span data-contrast=\"auto\">.<\/span><span data-contrast=\"auto\">\u00a0<\/span><span data-contrast=\"auto\">Se volete vedere alcuni esempi di ci\u00f2 che possono fare i nostri processori, consultate \"<a href=\"https:\/\/matrix-works.eu\/reference-design-archive\/\">Archivio dei progetti di riferimento<\/a>\", o di tenere il passo con il nostro<\/span><span data-contrast=\"auto\">r<\/span><span data-contrast=\"auto\">\u00a0assicuratevi di seguirci su\u00a0<\/span><span data-contrast=\"auto\"><a href=\"https:\/\/www.linkedin.com\/company\/matrixworks-b-v\/\">LinkedIn<\/a>.<\/span><span data-ccp-props=\"{\">\u00a0<\/span><\/p>\t\t\t\t\t\t\t\t<\/div>\n\t\t\t\t<\/div>\n\t\t\t\t\t<\/div>\n\t\t<\/div>\n\t\t\t\t\t<\/div>\n\t\t<\/section>\n\t\t\t\t<section class=\"elementor-section elementor-top-section elementor-element elementor-element-2fec130 elementor-section-boxed elementor-section-height-default elementor-section-height-default\" data-id=\"2fec130\" data-element_type=\"section\" data-e-type=\"section\">\n\t\t\t\t\t\t<div class=\"elementor-container elementor-column-gap-default\">\n\t\t\t\t\t<div class=\"elementor-column elementor-col-100 elementor-top-column elementor-element elementor-element-a422cbd\" data-id=\"a422cbd\" data-element_type=\"column\" data-e-type=\"column\">\n\t\t\t<div class=\"elementor-widget-wrap elementor-element-populated\">\n\t\t\t\t\t\t<div class=\"elementor-element elementor-element-f4ee5bd elementor-widget elementor-widget-image\" data-id=\"f4ee5bd\" data-element_type=\"widget\" data-e-type=\"widget\" data-widget_type=\"image.default\">\n\t\t\t\t<div class=\"elementor-widget-container\">\n\t\t\t\t\t\t\t\t\t\t\t\t\t\t\t<img decoding=\"async\" width=\"1024\" height=\"768\" src=\"https:\/\/matrix-works.eu\/wp-content\/uploads\/2020\/02\/IMG_6733-scaled.jpg\" class=\"attachment-large size-large wp-image-1379\" alt=\"pi\u00f9 proiettori, una sola immagine\" srcset=\"https:\/\/matrix-works.eu\/wp-content\/uploads\/2020\/02\/IMG_6733-scaled.jpg 2560w, https:\/\/matrix-works.eu\/wp-content\/uploads\/2020\/02\/IMG_6733-scaled-600x450.jpg 600w\" sizes=\"(max-width: 1024px) 100vw, 1024px\" \/>\t\t\t\t\t\t\t\t\t\t\t\t\t\t\t<\/div>\n\t\t\t\t<\/div>\n\t\t\t\t\t<\/div>\n\t\t<\/div>\n\t\t\t\t\t<\/div>\n\t\t<\/section>\n\t\t\t\t<\/div>","protected":false},"excerpt":{"rendered":"<p>How to Create Multiple Projectors One Image Creating multiple projectors one image solutions enables you to achieve larger, brighter, and higher-quality displays. Through advanced geometry adjustment and edge blending technologies, multiple projected images can be seamlessly combined into one cohesive display. This technology is revolutionizing visual experiences in museums, galleries, immersive spaces, and educational institutions. [&hellip;]<\/p>\n","protected":false},"author":2,"featured_media":0,"parent":0,"menu_order":0,"comment_status":"closed","ping_status":"closed","template":"","meta":{"ocean_post_layout":"full-width","ocean_both_sidebars_style":"","ocean_both_sidebars_content_width":0,"ocean_both_sidebars_sidebars_width":0,"ocean_sidebar":"0","ocean_second_sidebar":"0","ocean_disable_margins":"enable","ocean_add_body_class":"","ocean_shortcode_before_top_bar":"","ocean_shortcode_after_top_bar":"","ocean_shortcode_before_header":"","ocean_shortcode_after_header":"","ocean_has_shortcode":"","ocean_shortcode_after_title":"","ocean_shortcode_before_footer_widgets":"","ocean_shortcode_after_footer_widgets":"","ocean_shortcode_before_footer_bottom":"","ocean_shortcode_after_footer_bottom":"","ocean_display_top_bar":"default","ocean_display_header":"default","ocean_header_style":"","ocean_center_header_left_menu":"0","ocean_custom_header_template":"0","ocean_custom_logo":0,"ocean_custom_retina_logo":0,"ocean_custom_logo_max_width":0,"ocean_custom_logo_tablet_max_width":0,"ocean_custom_logo_mobile_max_width":0,"ocean_custom_logo_max_height":0,"ocean_custom_logo_tablet_max_height":0,"ocean_custom_logo_mobile_max_height":0,"ocean_header_custom_menu":"0","ocean_menu_typo_font_family":"0","ocean_menu_typo_font_subset":"","ocean_menu_typo_font_size":0,"ocean_menu_typo_font_size_tablet":0,"ocean_menu_typo_font_size_mobile":0,"ocean_menu_typo_font_size_unit":"px","ocean_menu_typo_font_weight":"","ocean_menu_typo_font_weight_tablet":"","ocean_menu_typo_font_weight_mobile":"","ocean_menu_typo_transform":"","ocean_menu_typo_transform_tablet":"","ocean_menu_typo_transform_mobile":"","ocean_menu_typo_line_height":0,"ocean_menu_typo_line_height_tablet":0,"ocean_menu_typo_line_height_mobile":0,"ocean_menu_typo_line_height_unit":"","ocean_menu_typo_spacing":0,"ocean_menu_typo_spacing_tablet":0,"ocean_menu_typo_spacing_mobile":0,"ocean_menu_typo_spacing_unit":"","ocean_menu_link_color":"","ocean_menu_link_color_hover":"","ocean_menu_link_color_active":"","ocean_menu_link_background":"","ocean_menu_link_hover_background":"","ocean_menu_link_active_background":"","ocean_menu_social_links_bg":"","ocean_menu_social_hover_links_bg":"","ocean_menu_social_links_color":"","ocean_menu_social_hover_links_color":"","ocean_disable_title":"default","ocean_disable_heading":"default","ocean_post_title":"","ocean_post_subheading":"","ocean_post_title_style":"","ocean_post_title_background_color":"","ocean_post_title_background":0,"ocean_post_title_bg_image_position":"","ocean_post_title_bg_image_attachment":"","ocean_post_title_bg_image_repeat":"","ocean_post_title_bg_image_size":"","ocean_post_title_height":0,"ocean_post_title_bg_overlay":0.5,"ocean_post_title_bg_overlay_color":"","ocean_disable_breadcrumbs":"default","ocean_breadcrumbs_color":"","ocean_breadcrumbs_separator_color":"","ocean_breadcrumbs_links_color":"","ocean_breadcrumbs_links_hover_color":"","ocean_display_footer_widgets":"default","ocean_display_footer_bottom":"default","ocean_custom_footer_template":"0","footnotes":""},"class_list":["post-1822","page","type-page","status-publish","hentry","entry"],"yoast_head":"<!-- This site is optimized with the Yoast SEO Premium plugin v27.4 (Yoast SEO v27.4) - https:\/\/yoast.com\/product\/yoast-seo-premium-wordpress\/ -->\n<title>Multiple Projectors One Image: Seamless Displays - MatrixWorks Europe<\/title>\n<meta name=\"description\" content=\"Explore how multiple projectors one image technology creates stunning, larger displays for immersive experiences in various settings.\" \/>\n<meta name=\"robots\" content=\"index, follow, max-snippet:-1, max-image-preview:large, max-video-preview:-1\" \/>\n<link rel=\"canonical\" href=\"https:\/\/matrix-works.eu\/it\/piu-proiettori-una-sola-immagine\/\" \/>\n<meta property=\"og:locale\" content=\"it_IT\" \/>\n<meta property=\"og:type\" content=\"article\" \/>\n<meta property=\"og:title\" content=\"Multiple projectors one image\" \/>\n<meta property=\"og:description\" content=\"Explore how multiple projectors one image technology creates stunning, larger displays for immersive experiences in various settings.\" \/>\n<meta property=\"og:url\" content=\"https:\/\/matrix-works.eu\/it\/piu-proiettori-una-sola-immagine\/\" \/>\n<meta property=\"og:site_name\" content=\"MatrixWorks Europe\" \/>\n<meta property=\"article:modified_time\" content=\"2025-04-10T14:25:45+00:00\" \/>\n<meta property=\"og:image\" content=\"https:\/\/matrix-works.eu\/wp-content\/uploads\/2020\/02\/IMG_6733-scaled.jpg\" \/>\n<meta name=\"twitter:card\" content=\"summary_large_image\" \/>\n<meta name=\"twitter:site\" content=\"@MatrixWorksEU\" \/>\n<meta name=\"twitter:label1\" content=\"Tempo di lettura stimato\" \/>\n\t<meta name=\"twitter:data1\" content=\"2 minuti\" \/>\n<script type=\"application\/ld+json\" class=\"yoast-schema-graph\">{\"@context\":\"https:\\\/\\\/schema.org\",\"@graph\":[{\"@type\":\"WebPage\",\"@id\":\"https:\\\/\\\/matrix-works.eu\\\/multiple-projectors-one-image\\\/\",\"url\":\"https:\\\/\\\/matrix-works.eu\\\/multiple-projectors-one-image\\\/\",\"name\":\"Multiple Projectors One Image: Seamless Displays - MatrixWorks Europe\",\"isPartOf\":{\"@id\":\"https:\\\/\\\/matrix-works.eu\\\/#website\"},\"primaryImageOfPage\":{\"@id\":\"https:\\\/\\\/matrix-works.eu\\\/multiple-projectors-one-image\\\/#primaryimage\"},\"image\":{\"@id\":\"https:\\\/\\\/matrix-works.eu\\\/multiple-projectors-one-image\\\/#primaryimage\"},\"thumbnailUrl\":\"https:\\\/\\\/matrix-works.eu\\\/wp-content\\\/uploads\\\/2020\\\/02\\\/IMG_6733-scaled.jpg\",\"datePublished\":\"2020-07-01T14:22:41+00:00\",\"dateModified\":\"2025-04-10T14:25:45+00:00\",\"description\":\"Explore how multiple projectors one image technology creates stunning, larger displays for immersive experiences in various settings.\",\"breadcrumb\":{\"@id\":\"https:\\\/\\\/matrix-works.eu\\\/multiple-projectors-one-image\\\/#breadcrumb\"},\"inLanguage\":\"it-IT\",\"potentialAction\":[{\"@type\":\"ReadAction\",\"target\":[\"https:\\\/\\\/matrix-works.eu\\\/multiple-projectors-one-image\\\/\"]}]},{\"@type\":\"ImageObject\",\"inLanguage\":\"it-IT\",\"@id\":\"https:\\\/\\\/matrix-works.eu\\\/multiple-projectors-one-image\\\/#primaryimage\",\"url\":\"https:\\\/\\\/matrix-works.eu\\\/wp-content\\\/uploads\\\/2020\\\/02\\\/IMG_6733-scaled.jpg\",\"contentUrl\":\"https:\\\/\\\/matrix-works.eu\\\/wp-content\\\/uploads\\\/2020\\\/02\\\/IMG_6733-scaled.jpg\"},{\"@type\":\"BreadcrumbList\",\"@id\":\"https:\\\/\\\/matrix-works.eu\\\/multiple-projectors-one-image\\\/#breadcrumb\",\"itemListElement\":[{\"@type\":\"ListItem\",\"position\":1,\"name\":\"Home\",\"item\":\"https:\\\/\\\/matrix-works.eu\\\/\"},{\"@type\":\"ListItem\",\"position\":2,\"name\":\"Multiple projectors one image\"}]},{\"@type\":\"WebSite\",\"@id\":\"https:\\\/\\\/matrix-works.eu\\\/#website\",\"url\":\"https:\\\/\\\/matrix-works.eu\\\/\",\"name\":\"MatrixWorks Europe\",\"description\":\"\",\"publisher\":{\"@id\":\"https:\\\/\\\/matrix-works.eu\\\/#organization\"},\"alternateName\":\"GeoBox in Europe\",\"potentialAction\":[{\"@type\":\"SearchAction\",\"target\":{\"@type\":\"EntryPoint\",\"urlTemplate\":\"https:\\\/\\\/matrix-works.eu\\\/?s={search_term_string}\"},\"query-input\":{\"@type\":\"PropertyValueSpecification\",\"valueRequired\":true,\"valueName\":\"search_term_string\"}}],\"inLanguage\":\"it-IT\"},{\"@type\":\"Organization\",\"@id\":\"https:\\\/\\\/matrix-works.eu\\\/#organization\",\"name\":\"MatrixWorks Europe B.V.\",\"alternateName\":\"MatrixWorks\",\"url\":\"https:\\\/\\\/matrix-works.eu\\\/\",\"logo\":{\"@type\":\"ImageObject\",\"inLanguage\":\"it-IT\",\"@id\":\"https:\\\/\\\/matrix-works.eu\\\/#\\\/schema\\\/logo\\\/image\\\/\",\"url\":\"https:\\\/\\\/matrix-works.eu\\\/wp-content\\\/uploads\\\/2018\\\/09\\\/MTXWorks_Logo-2.jpg\",\"contentUrl\":\"https:\\\/\\\/matrix-works.eu\\\/wp-content\\\/uploads\\\/2018\\\/09\\\/MTXWorks_Logo-2.jpg\",\"width\":681,\"height\":649,\"caption\":\"MatrixWorks Europe B.V.\"},\"image\":{\"@id\":\"https:\\\/\\\/matrix-works.eu\\\/#\\\/schema\\\/logo\\\/image\\\/\"},\"sameAs\":[\"https:\\\/\\\/x.com\\\/MatrixWorksEU\",\"https:\\\/\\\/www.linkedin.com\\\/company\\\/matrixworks-b-v\\\/\",\"https:\\\/\\\/www.youtube.com\\\/channel\\\/UCxunCnAsepOa59_myEXfCyA?view_as=subscriber\"],\"foundingDate\":\"2018-11-01\",\"vatID\":\"859250829B01\"}]}<\/script>\n<!-- \/ Yoast SEO Premium plugin. -->","yoast_head_json":{"title":"Pi\u00f9 proiettori, una sola immagine: Visualizzazioni senza soluzione di continuit\u00e0 - MatrixWorks Europe","description":"Scoprite come la tecnologia dei proiettori multipli per un'unica immagine crea schermi pi\u00f9 grandi e sorprendenti per esperienze coinvolgenti in vari ambienti.","robots":{"index":"index","follow":"follow","max-snippet":"max-snippet:-1","max-image-preview":"max-image-preview:large","max-video-preview":"max-video-preview:-1"},"canonical":"https:\/\/matrix-works.eu\/it\/piu-proiettori-una-sola-immagine\/","og_locale":"it_IT","og_type":"article","og_title":"Multiple projectors one image","og_description":"Explore how multiple projectors one image technology creates stunning, larger displays for immersive experiences in various settings.","og_url":"https:\/\/matrix-works.eu\/it\/piu-proiettori-una-sola-immagine\/","og_site_name":"MatrixWorks Europe","article_modified_time":"2025-04-10T14:25:45+00:00","og_image":[{"url":"https:\/\/matrix-works.eu\/wp-content\/uploads\/2020\/02\/IMG_6733-scaled.jpg","type":"","width":"","height":""}],"twitter_card":"summary_large_image","twitter_site":"@MatrixWorksEU","twitter_misc":{"Tempo di lettura stimato":"2 minuti"},"schema":{"@context":"https:\/\/schema.org","@graph":[{"@type":"WebPage","@id":"https:\/\/matrix-works.eu\/multiple-projectors-one-image\/","url":"https:\/\/matrix-works.eu\/multiple-projectors-one-image\/","name":"Pi\u00f9 proiettori, una sola immagine: Visualizzazioni senza soluzione di continuit\u00e0 - MatrixWorks Europe","isPartOf":{"@id":"https:\/\/matrix-works.eu\/#website"},"primaryImageOfPage":{"@id":"https:\/\/matrix-works.eu\/multiple-projectors-one-image\/#primaryimage"},"image":{"@id":"https:\/\/matrix-works.eu\/multiple-projectors-one-image\/#primaryimage"},"thumbnailUrl":"https:\/\/matrix-works.eu\/wp-content\/uploads\/2020\/02\/IMG_6733-scaled.jpg","datePublished":"2020-07-01T14:22:41+00:00","dateModified":"2025-04-10T14:25:45+00:00","description":"Scoprite come la tecnologia dei proiettori multipli per un'unica immagine crea schermi pi\u00f9 grandi e sorprendenti per esperienze coinvolgenti in vari ambienti.","breadcrumb":{"@id":"https:\/\/matrix-works.eu\/multiple-projectors-one-image\/#breadcrumb"},"inLanguage":"it-IT","potentialAction":[{"@type":"ReadAction","target":["https:\/\/matrix-works.eu\/multiple-projectors-one-image\/"]}]},{"@type":"ImageObject","inLanguage":"it-IT","@id":"https:\/\/matrix-works.eu\/multiple-projectors-one-image\/#primaryimage","url":"https:\/\/matrix-works.eu\/wp-content\/uploads\/2020\/02\/IMG_6733-scaled.jpg","contentUrl":"https:\/\/matrix-works.eu\/wp-content\/uploads\/2020\/02\/IMG_6733-scaled.jpg"},{"@type":"BreadcrumbList","@id":"https:\/\/matrix-works.eu\/multiple-projectors-one-image\/#breadcrumb","itemListElement":[{"@type":"ListItem","position":1,"name":"Home","item":"https:\/\/matrix-works.eu\/"},{"@type":"ListItem","position":2,"name":"Multiple projectors one image"}]},{"@type":"WebSite","@id":"https:\/\/matrix-works.eu\/#website","url":"https:\/\/matrix-works.eu\/","name":"MatrixWorks Europa","description":"","publisher":{"@id":"https:\/\/matrix-works.eu\/#organization"},"alternateName":"GeoBox in Europe","potentialAction":[{"@type":"SearchAction","target":{"@type":"EntryPoint","urlTemplate":"https:\/\/matrix-works.eu\/?s={search_term_string}"},"query-input":{"@type":"PropertyValueSpecification","valueRequired":true,"valueName":"search_term_string"}}],"inLanguage":"it-IT"},{"@type":"Organization","@id":"https:\/\/matrix-works.eu\/#organization","name":"MatrixWorks Europe B.V.","alternateName":"MatrixWorks","url":"https:\/\/matrix-works.eu\/","logo":{"@type":"ImageObject","inLanguage":"it-IT","@id":"https:\/\/matrix-works.eu\/#\/schema\/logo\/image\/","url":"https:\/\/matrix-works.eu\/wp-content\/uploads\/2018\/09\/MTXWorks_Logo-2.jpg","contentUrl":"https:\/\/matrix-works.eu\/wp-content\/uploads\/2018\/09\/MTXWorks_Logo-2.jpg","width":681,"height":649,"caption":"MatrixWorks Europe B.V."},"image":{"@id":"https:\/\/matrix-works.eu\/#\/schema\/logo\/image\/"},"sameAs":["https:\/\/x.com\/MatrixWorksEU","https:\/\/www.linkedin.com\/company\/matrixworks-b-v\/","https:\/\/www.youtube.com\/channel\/UCxunCnAsepOa59_myEXfCyA?view_as=subscriber"],"foundingDate":"2018-11-01","vatID":"859250829B01"}]}},"_links":{"self":[{"href":"https:\/\/matrix-works.eu\/it\/wp-json\/wp\/v2\/pages\/1822","targetHints":{"allow":["GET"]}}],"collection":[{"href":"https:\/\/matrix-works.eu\/it\/wp-json\/wp\/v2\/pages"}],"about":[{"href":"https:\/\/matrix-works.eu\/it\/wp-json\/wp\/v2\/types\/page"}],"author":[{"embeddable":true,"href":"https:\/\/matrix-works.eu\/it\/wp-json\/wp\/v2\/users\/2"}],"replies":[{"embeddable":true,"href":"https:\/\/matrix-works.eu\/it\/wp-json\/wp\/v2\/comments?post=1822"}],"version-history":[{"count":31,"href":"https:\/\/matrix-works.eu\/it\/wp-json\/wp\/v2\/pages\/1822\/revisions"}],"predecessor-version":[{"id":23006,"href":"https:\/\/matrix-works.eu\/it\/wp-json\/wp\/v2\/pages\/1822\/revisions\/23006"}],"wp:attachment":[{"href":"https:\/\/matrix-works.eu\/it\/wp-json\/wp\/v2\/media?parent=1822"}],"curies":[{"name":"wp","href":"https:\/\/api.w.org\/{rel}","templated":true}]}}